{"id":5043,"date":"2026-01-15T10:01:59","date_gmt":"2026-01-15T07:01:59","guid":{"rendered":"https:\/\/fikadigital.com\/ttb2021\/?post_type=product&#038;p=5043"},"modified":"2026-04-08T19:30:15","modified_gmt":"2026-04-08T16:30:15","slug":"advanced-level-technical-test-analyst-2-katilim","status":"publish","type":"product","link":"https:\/\/www.turkishtestingboard.org\/en\/register\/advanced-level-technical-test-analyst-second-participation\/","title":{"rendered":"Certified Tester Advanced Level Technical Test Analyst (2nd Participation)"},"content":{"rendered":"<p><strong>After the registration form reaches us, the participant will be contacted to determine the exam date and other details.<\/strong><\/p>\n<ul>\n<li>In order to be eligible to take the Technical Test Analyst certification exam, candidates must first hold the ISTQB\u00ae Foundation Level certificate.<\/li>\n<li>The exam consists of 45 questions in total and the exam duration is 2 hours and 30 minutes.<\/li>\n<li>Exam language is English.<\/li>\n<li>The exam is conducted as per the 2019 version of Technical Test Analyts Syllabus.<\/li>\n<li>Ba\u015far\u0131l\u0131 olabilmek i\u00e7in toplam puan\u0131 76 olan s\u0131navda minimum 49 (%65\u2019i kadar) puan al\u0131nmas\u0131 gerekmektedir.<\/li>\n<li>The exam results are sent to the participant's email address within 2\u20134 days after the exam.<\/li>\n<\/ul>\n<p>**ISTQB\u00ae CTAL-TA exam version (v4.0) will be updated as of 16 May 2026.<\/p>","protected":false},"excerpt":{"rendered":"<p>It is suitable for those who have failed the first Advanced Level Technical Test Analyst exam and want to conduct again.<\/p>\n<p>The Advanced Technical Test Analyst certification is for individuals who identify and classify risks related to the performance, security, reliability, portability, and sustainability of software systems and are involved in the planning, design, and execution of tests to mitigate these risks.<\/p>","protected":false},"featured_media":6641,"template":"","meta":{"_acf_changed":false},"product_brand":[],"product_cat":[70],"product_tag":[],"class_list":{"0":"post-5043","1":"product","2":"type-product","3":"status-publish","4":"has-post-thumbnail","6":"product_cat-2-katilim","8":"first","9":"instock","10":"virtual","11":"taxable","12":"purchasable","13":"product-type-simple"},"acf":[],"yoast_head":"<!-- This site is optimized with the Yoast SEO plugin v27.3 - https:\/\/yoast.com\/product\/yoast-seo-wordpress\/ -->\n<title>Certified Tester Advanced Level Technical Test Analyst (2. KATILIM) - Turkish Testing Board<\/title>\n<meta name=\"robots\" content=\"index, follow, max-snippet:-1, max-image-preview:large, max-video-preview:-1\" \/>\n<link rel=\"canonical\" href=\"https:\/\/www.turkishtestingboard.org\/en\/register\/advanced-level-technical-test-analyst-second-participation\/\" \/>\n<meta property=\"og:locale\" content=\"en_US\" \/>\n<meta property=\"og:type\" content=\"article\" \/>\n<meta property=\"og:title\" content=\"Certified Tester Advanced Level Technical Test Analyst (2. KATILIM) - Turkish Testing Board\" \/>\n<meta property=\"og:description\" content=\"Advanced Level Technical Test Analyst ilk s\u0131navdan ba\u015far\u0131s\u0131z olup, tekrardan kat\u0131lmak isteyenler i\u00e7in uygundur.  \u0130leri Seviye Teknik Test Analisti sertifikasyonu yaz\u0131l\u0131m sistemlerinin performans\u0131, g\u00fcvenli\u011fi, g\u00fcvenirlili\u011fi, ta\u015f\u0131nabilirli\u011fi ve s\u00fcrd\u00fcrebilirli\u011fi ile ilgili riskleri tan\u0131mlayan ve s\u0131n\u0131fland\u0131ran ve bu riskleri azaltmak i\u00e7in testlerin planlanmas\u0131, tasar\u0131m\u0131 ve y\u00fcr\u00fct\u00fclmesi faaliyetlerinde yer alan ki\u015filere y\u00f6neliktir.\" \/>\n<meta property=\"og:url\" content=\"https:\/\/www.turkishtestingboard.org\/en\/register\/advanced-level-technical-test-analyst-second-participation\/\" \/>\n<meta property=\"og:site_name\" content=\"Turkish Testing Board\" \/>\n<meta property=\"article:modified_time\" content=\"2026-04-08T16:30:15+00:00\" \/>\n<meta property=\"og:image\" content=\"https:\/\/www.turkishtestingboard.org\/wp-content\/uploads\/2022\/04\/Sinav_urun_gorselleri-5.png\" \/>\n\t<meta property=\"og:image:width\" content=\"551\" \/>\n\t<meta property=\"og:image:height\" content=\"551\" \/>\n\t<meta property=\"og:image:type\" content=\"image\/png\" \/>\n<meta name=\"twitter:card\" content=\"summary_large_image\" \/>\n<meta name=\"twitter:label1\" content=\"Est. reading time\" \/>\n\t<meta name=\"twitter:data1\" content=\"1 minute\" \/>\n<script type=\"application\/ld+json\" class=\"yoast-schema-graph\">{\"@context\":\"https:\\\/\\\/schema.org\",\"@graph\":[{\"@type\":\"WebPage\",\"@id\":\"https:\\\/\\\/www.turkishtestingboard.org\\\/kayit\\\/advanced-level-technical-test-analyst-2-katilim\\\/\",\"url\":\"https:\\\/\\\/www.turkishtestingboard.org\\\/kayit\\\/advanced-level-technical-test-analyst-2-katilim\\\/\",\"name\":\"Certified Tester Advanced Level Technical Test Analyst (2. KATILIM) - Turkish Testing Board\",\"isPartOf\":{\"@id\":\"https:\\\/\\\/www.turkishtestingboard.org\\\/#website\"},\"primaryImageOfPage\":{\"@id\":\"https:\\\/\\\/www.turkishtestingboard.org\\\/kayit\\\/advanced-level-technical-test-analyst-2-katilim\\\/#primaryimage\"},\"image\":{\"@id\":\"https:\\\/\\\/www.turkishtestingboard.org\\\/kayit\\\/advanced-level-technical-test-analyst-2-katilim\\\/#primaryimage\"},\"thumbnailUrl\":\"https:\\\/\\\/www.turkishtestingboard.org\\\/wp-content\\\/uploads\\\/2022\\\/04\\\/Sinav_urun_gorselleri-5.png\",\"datePublished\":\"2026-01-15T07:01:59+00:00\",\"dateModified\":\"2026-04-08T16:30:15+00:00\",\"breadcrumb\":{\"@id\":\"https:\\\/\\\/www.turkishtestingboard.org\\\/kayit\\\/advanced-level-technical-test-analyst-2-katilim\\\/#breadcrumb\"},\"inLanguage\":\"en-US\",\"potentialAction\":[{\"@type\":\"ReadAction\",\"target\":[\"https:\\\/\\\/www.turkishtestingboard.org\\\/kayit\\\/advanced-level-technical-test-analyst-2-katilim\\\/\"]}]},{\"@type\":\"ImageObject\",\"inLanguage\":\"en-US\",\"@id\":\"https:\\\/\\\/www.turkishtestingboard.org\\\/kayit\\\/advanced-level-technical-test-analyst-2-katilim\\\/#primaryimage\",\"url\":\"https:\\\/\\\/www.turkishtestingboard.org\\\/wp-content\\\/uploads\\\/2022\\\/04\\\/Sinav_urun_gorselleri-5.png\",\"contentUrl\":\"https:\\\/\\\/www.turkishtestingboard.org\\\/wp-content\\\/uploads\\\/2022\\\/04\\\/Sinav_urun_gorselleri-5.png\",\"width\":551,\"height\":551},{\"@type\":\"BreadcrumbList\",\"@id\":\"https:\\\/\\\/www.turkishtestingboard.org\\\/kayit\\\/advanced-level-technical-test-analyst-2-katilim\\\/#breadcrumb\",\"itemListElement\":[{\"@type\":\"ListItem\",\"position\":1,\"name\":\"Anasayfa\",\"item\":\"https:\\\/\\\/www.turkishtestingboard.org\\\/\"},{\"@type\":\"ListItem\",\"position\":2,\"name\":\"\u00dcr\u00fcnler\",\"item\":\"https:\\\/\\\/www.turkishtestingboard.org\\\/shop\\\/\"},{\"@type\":\"ListItem\",\"position\":3,\"name\":\"Certified Tester Advanced Level Technical Test Analyst (2. KATILIM)\"}]},{\"@type\":\"WebSite\",\"@id\":\"https:\\\/\\\/www.turkishtestingboard.org\\\/#website\",\"url\":\"https:\\\/\\\/www.turkishtestingboard.org\\\/\",\"name\":\"Turkish Testing Board\",\"description\":\"Your gateway to global Software Testing community\",\"publisher\":{\"@id\":\"https:\\\/\\\/www.turkishtestingboard.org\\\/#organization\"},\"potentialAction\":[{\"@type\":\"SearchAction\",\"target\":{\"@type\":\"EntryPoint\",\"urlTemplate\":\"https:\\\/\\\/www.turkishtestingboard.org\\\/?s={search_term_string}\"},\"query-input\":{\"@type\":\"PropertyValueSpecification\",\"valueRequired\":true,\"valueName\":\"search_term_string\"}}],\"inLanguage\":\"en-US\"},{\"@type\":\"Organization\",\"@id\":\"https:\\\/\\\/www.turkishtestingboard.org\\\/#organization\",\"name\":\"Turkish Testing Board\",\"url\":\"https:\\\/\\\/www.turkishtestingboard.org\\\/\",\"logo\":{\"@type\":\"ImageObject\",\"inLanguage\":\"en-US\",\"@id\":\"https:\\\/\\\/www.turkishtestingboard.org\\\/#\\\/schema\\\/logo\\\/image\\\/\",\"url\":\"https:\\\/\\\/fikadigital.com\\\/ttb2021\\\/wp-content\\\/uploads\\\/2021\\\/08\\\/ttblogo2021.png\",\"contentUrl\":\"https:\\\/\\\/fikadigital.com\\\/ttb2021\\\/wp-content\\\/uploads\\\/2021\\\/08\\\/ttblogo2021.png\",\"width\":133,\"height\":100,\"caption\":\"Turkish Testing Board\"},\"image\":{\"@id\":\"https:\\\/\\\/www.turkishtestingboard.org\\\/#\\\/schema\\\/logo\\\/image\\\/\"}}]}<\/script>\n<!-- \/ Yoast SEO plugin. -->","yoast_head_json":{"title":"Certified Tester Advanced Level Technical Test Analyst (2nd Participation) - Turkish Testing Board","robots":{"index":"index","follow":"follow","max-snippet":"max-snippet:-1","max-image-preview":"max-image-preview:large","max-video-preview":"max-video-preview:-1"},"canonical":"https:\/\/www.turkishtestingboard.org\/en\/register\/advanced-level-technical-test-analyst-second-participation\/","og_locale":"en_US","og_type":"article","og_title":"Certified Tester Advanced Level Technical Test Analyst (2. KATILIM) - Turkish Testing Board","og_description":"Advanced Level Technical Test Analyst ilk s\u0131navdan ba\u015far\u0131s\u0131z olup, tekrardan kat\u0131lmak isteyenler i\u00e7in uygundur.  \u0130leri Seviye Teknik Test Analisti sertifikasyonu yaz\u0131l\u0131m sistemlerinin performans\u0131, g\u00fcvenli\u011fi, g\u00fcvenirlili\u011fi, ta\u015f\u0131nabilirli\u011fi ve s\u00fcrd\u00fcrebilirli\u011fi ile ilgili riskleri tan\u0131mlayan ve s\u0131n\u0131fland\u0131ran ve bu riskleri azaltmak i\u00e7in testlerin planlanmas\u0131, tasar\u0131m\u0131 ve y\u00fcr\u00fct\u00fclmesi faaliyetlerinde yer alan ki\u015filere y\u00f6neliktir.","og_url":"https:\/\/www.turkishtestingboard.org\/en\/register\/advanced-level-technical-test-analyst-second-participation\/","og_site_name":"Turkish Testing Board","article_modified_time":"2026-04-08T16:30:15+00:00","og_image":[{"width":551,"height":551,"url":"https:\/\/www.turkishtestingboard.org\/wp-content\/uploads\/2022\/04\/Sinav_urun_gorselleri-5.png","type":"image\/png"}],"twitter_card":"summary_large_image","twitter_misc":{"Est. reading time":"1 minute"},"schema":{"@context":"https:\/\/schema.org","@graph":[{"@type":"WebPage","@id":"https:\/\/www.turkishtestingboard.org\/kayit\/advanced-level-technical-test-analyst-2-katilim\/","url":"https:\/\/www.turkishtestingboard.org\/kayit\/advanced-level-technical-test-analyst-2-katilim\/","name":"Certified Tester Advanced Level Technical Test Analyst (2nd Participation) - Turkish Testing Board","isPartOf":{"@id":"https:\/\/www.turkishtestingboard.org\/#website"},"primaryImageOfPage":{"@id":"https:\/\/www.turkishtestingboard.org\/kayit\/advanced-level-technical-test-analyst-2-katilim\/#primaryimage"},"image":{"@id":"https:\/\/www.turkishtestingboard.org\/kayit\/advanced-level-technical-test-analyst-2-katilim\/#primaryimage"},"thumbnailUrl":"https:\/\/www.turkishtestingboard.org\/wp-content\/uploads\/2022\/04\/Sinav_urun_gorselleri-5.png","datePublished":"2026-01-15T07:01:59+00:00","dateModified":"2026-04-08T16:30:15+00:00","breadcrumb":{"@id":"https:\/\/www.turkishtestingboard.org\/kayit\/advanced-level-technical-test-analyst-2-katilim\/#breadcrumb"},"inLanguage":"en-US","potentialAction":[{"@type":"ReadAction","target":["https:\/\/www.turkishtestingboard.org\/kayit\/advanced-level-technical-test-analyst-2-katilim\/"]}]},{"@type":"ImageObject","inLanguage":"en-US","@id":"https:\/\/www.turkishtestingboard.org\/kayit\/advanced-level-technical-test-analyst-2-katilim\/#primaryimage","url":"https:\/\/www.turkishtestingboard.org\/wp-content\/uploads\/2022\/04\/Sinav_urun_gorselleri-5.png","contentUrl":"https:\/\/www.turkishtestingboard.org\/wp-content\/uploads\/2022\/04\/Sinav_urun_gorselleri-5.png","width":551,"height":551},{"@type":"BreadcrumbList","@id":"https:\/\/www.turkishtestingboard.org\/kayit\/advanced-level-technical-test-analyst-2-katilim\/#breadcrumb","itemListElement":[{"@type":"ListItem","position":1,"name":"Anasayfa","item":"https:\/\/www.turkishtestingboard.org\/"},{"@type":"ListItem","position":2,"name":"\u00dcr\u00fcnler","item":"https:\/\/www.turkishtestingboard.org\/shop\/"},{"@type":"ListItem","position":3,"name":"Certified Tester Advanced Level Technical Test Analyst (2. KATILIM)"}]},{"@type":"WebSite","@id":"https:\/\/www.turkishtestingboard.org\/#website","url":"https:\/\/www.turkishtestingboard.org\/","name":"Turkish Testing Board","description":"Your gateway to global Software Testing community","publisher":{"@id":"https:\/\/www.turkishtestingboard.org\/#organization"},"potentialAction":[{"@type":"SearchAction","target":{"@type":"EntryPoint","urlTemplate":"https:\/\/www.turkishtestingboard.org\/?s={search_term_string}"},"query-input":{"@type":"PropertyValueSpecification","valueRequired":true,"valueName":"search_term_string"}}],"inLanguage":"en-US"},{"@type":"Organization","@id":"https:\/\/www.turkishtestingboard.org\/#organization","name":"Turkish Testing Board","url":"https:\/\/www.turkishtestingboard.org\/","logo":{"@type":"ImageObject","inLanguage":"en-US","@id":"https:\/\/www.turkishtestingboard.org\/#\/schema\/logo\/image\/","url":"https:\/\/fikadigital.com\/ttb2021\/wp-content\/uploads\/2021\/08\/ttblogo2021.png","contentUrl":"https:\/\/fikadigital.com\/ttb2021\/wp-content\/uploads\/2021\/08\/ttblogo2021.png","width":133,"height":100,"caption":"Turkish Testing Board"},"image":{"@id":"https:\/\/www.turkishtestingboard.org\/#\/schema\/logo\/image\/"}}]}},"_links":{"self":[{"href":"https:\/\/www.turkishtestingboard.org\/en\/wp-json\/wp\/v2\/product\/5043","targetHints":{"allow":["GET"]}}],"collection":[{"href":"https:\/\/www.turkishtestingboard.org\/en\/wp-json\/wp\/v2\/product"}],"about":[{"href":"https:\/\/www.turkishtestingboard.org\/en\/wp-json\/wp\/v2\/types\/product"}],"wp:featuredmedia":[{"embeddable":true,"href":"https:\/\/www.turkishtestingboard.org\/en\/wp-json\/wp\/v2\/media\/6641"}],"wp:attachment":[{"href":"https:\/\/www.turkishtestingboard.org\/en\/wp-json\/wp\/v2\/media?parent=5043"}],"wp:term":[{"taxonomy":"product_brand","embeddable":true,"href":"https:\/\/www.turkishtestingboard.org\/en\/wp-json\/wp\/v2\/product_brand?post=5043"},{"taxonomy":"product_cat","embeddable":true,"href":"https:\/\/www.turkishtestingboard.org\/en\/wp-json\/wp\/v2\/product_cat?post=5043"},{"taxonomy":"product_tag","embeddable":true,"href":"https:\/\/www.turkishtestingboard.org\/en\/wp-json\/wp\/v2\/product_tag?post=5043"}],"curies":[{"name":"wp","href":"https:\/\/api.w.org\/{rel}","templated":true}]}}