{"id":5039,"date":"2026-01-15T09:05:34","date_gmt":"2026-01-15T06:05:34","guid":{"rendered":"https:\/\/fikadigital.com\/ttb2021\/?post_type=product&#038;p=5039"},"modified":"2026-01-15T20:08:32","modified_gmt":"2026-01-15T17:08:32","slug":"agile-tester-2-katilim","status":"publish","type":"product","link":"https:\/\/www.turkishtestingboard.org\/en\/register\/agile-tester-second-participation\/","title":{"rendered":"Certified Tester Foundation Level Agile Tester (2nd Participation)"},"content":{"rendered":"<p><strong>After the registration form reaches us, the participant will be contacted to determine the exam date and other details.<\/strong><\/p>\n<ul>\n<li>In order to be eligible to take the Agile Testing Specialist certification exam, candidates must first have the ISTQB\u00ae Foundation Level certificate.<\/li>\n<li>The exam consists of 40 questions in total and the exam duration is 1 hour and 15 minutes.<\/li>\n<li>Exam language is English.<\/li>\n<li>The exam is conducted as per the 2014 version of Agile Tester Syllabus.<\/li>\n<li>To be successful, a minimum of 26 questions must be answered correctly. Wrong answers does not cause correct answers be counted.<\/li>\n<li>The exam result is sent to the participant\u2019s email address on the same day after the online exam is completed.<\/li>\n<\/ul>","protected":false},"excerpt":{"rendered":"<p>It is suitable for those who have failed the first Agile Tester exam and want to conduct again.<\/p>\n<p>Foundation Level \u2013 Agile Tester is expected to have acquired the necessary skills to work effectively in an Agile team and environment.<\/p>\n<p>The Agile Tester Certification Exam is suitable for anyone who collaborates with an Agile team familiar with the principles and core practices of Agile software development, applies relevant methods and techniques to conduct testing in an Agile project, and assists the Agile team in test automation activities.<\/p>","protected":false},"featured_media":8626,"template":"","meta":{"_acf_changed":false},"product_brand":[],"product_cat":[70],"product_tag":[],"class_list":{"0":"post-5039","1":"product","2":"type-product","3":"status-publish","4":"has-post-thumbnail","6":"product_cat-2-katilim","8":"first","9":"instock","10":"virtual","11":"taxable","12":"purchasable","13":"product-type-simple"},"acf":[],"yoast_head":"<!-- This site is optimized with the Yoast SEO plugin v27.3 - https:\/\/yoast.com\/product\/yoast-seo-wordpress\/ -->\n<title>Certified Tester Foundation Level Agile Tester (2. KATILIM) - Turkish Testing Board<\/title>\n<meta name=\"robots\" content=\"index, follow, max-snippet:-1, max-image-preview:large, max-video-preview:-1\" \/>\n<link rel=\"canonical\" href=\"https:\/\/www.turkishtestingboard.org\/en\/register\/agile-tester-second-participation\/\" \/>\n<meta property=\"og:locale\" content=\"en_US\" \/>\n<meta property=\"og:type\" content=\"article\" \/>\n<meta property=\"og:title\" content=\"Certified Tester Foundation Level Agile Tester (2. KATILIM) - Turkish Testing Board\" \/>\n<meta property=\"og:description\" content=\"Agile Tester ilk s\u0131navdan ba\u015far\u0131s\u0131z olup, tekrardan kat\u0131lmak isteyenler i\u00e7in uygundur.  Foundation Level - Agile Test Uzman\u0131ndan \u00c7evik bir ekip ve ortamda etkin bir \u015fekilde \u00e7al\u0131\u015fmak i\u00e7in gerekli becerileri edinmi\u015f olmas\u0131 beklenmektedir.  Agile Test Uzman\u0131 Sertifikasyon S\u0131nav\u0131, \u00c7evik yaz\u0131l\u0131m geli\u015ftirmenin ilkelerine ve temel uygulamalar\u0131na a\u015fina bir \u00e7evik ekiple i\u015f birli\u011fi yapan, \u00c7evik bir projede test y\u00fcr\u00fctmek i\u00e7in ilgili y\u00f6ntem ve teknikleri uygulayan, \u00c7evik ekibe test otomasyon faaliyetlerinde yard\u0131mc\u0131 olan herkes i\u00e7in uygundur.\" \/>\n<meta property=\"og:url\" content=\"https:\/\/www.turkishtestingboard.org\/en\/register\/agile-tester-second-participation\/\" \/>\n<meta property=\"og:site_name\" content=\"Turkish Testing Board\" \/>\n<meta property=\"article:modified_time\" content=\"2026-01-15T17:08:32+00:00\" \/>\n<meta property=\"og:image\" content=\"https:\/\/www.turkishtestingboard.org\/wp-content\/uploads\/2022\/09\/Agile-Tester-Exam-2022.png\" \/>\n\t<meta property=\"og:image:width\" content=\"551\" \/>\n\t<meta property=\"og:image:height\" content=\"551\" \/>\n\t<meta property=\"og:image:type\" content=\"image\/png\" \/>\n<meta name=\"twitter:card\" content=\"summary_large_image\" \/>\n<meta name=\"twitter:label1\" content=\"Est. reading time\" \/>\n\t<meta name=\"twitter:data1\" content=\"1 minute\" \/>\n<script type=\"application\/ld+json\" class=\"yoast-schema-graph\">{\"@context\":\"https:\\\/\\\/schema.org\",\"@graph\":[{\"@type\":\"WebPage\",\"@id\":\"https:\\\/\\\/www.turkishtestingboard.org\\\/kayit\\\/agile-tester-2-katilim\\\/\",\"url\":\"https:\\\/\\\/www.turkishtestingboard.org\\\/kayit\\\/agile-tester-2-katilim\\\/\",\"name\":\"Certified Tester Foundation Level Agile Tester (2. KATILIM) - Turkish Testing Board\",\"isPartOf\":{\"@id\":\"https:\\\/\\\/www.turkishtestingboard.org\\\/#website\"},\"primaryImageOfPage\":{\"@id\":\"https:\\\/\\\/www.turkishtestingboard.org\\\/kayit\\\/agile-tester-2-katilim\\\/#primaryimage\"},\"image\":{\"@id\":\"https:\\\/\\\/www.turkishtestingboard.org\\\/kayit\\\/agile-tester-2-katilim\\\/#primaryimage\"},\"thumbnailUrl\":\"https:\\\/\\\/www.turkishtestingboard.org\\\/wp-content\\\/uploads\\\/2022\\\/09\\\/Agile-Tester-Exam-2022.png\",\"datePublished\":\"2026-01-15T06:05:34+00:00\",\"dateModified\":\"2026-01-15T17:08:32+00:00\",\"breadcrumb\":{\"@id\":\"https:\\\/\\\/www.turkishtestingboard.org\\\/kayit\\\/agile-tester-2-katilim\\\/#breadcrumb\"},\"inLanguage\":\"en-US\",\"potentialAction\":[{\"@type\":\"ReadAction\",\"target\":[\"https:\\\/\\\/www.turkishtestingboard.org\\\/kayit\\\/agile-tester-2-katilim\\\/\"]}]},{\"@type\":\"ImageObject\",\"inLanguage\":\"en-US\",\"@id\":\"https:\\\/\\\/www.turkishtestingboard.org\\\/kayit\\\/agile-tester-2-katilim\\\/#primaryimage\",\"url\":\"https:\\\/\\\/www.turkishtestingboard.org\\\/wp-content\\\/uploads\\\/2022\\\/09\\\/Agile-Tester-Exam-2022.png\",\"contentUrl\":\"https:\\\/\\\/www.turkishtestingboard.org\\\/wp-content\\\/uploads\\\/2022\\\/09\\\/Agile-Tester-Exam-2022.png\",\"width\":551,\"height\":551},{\"@type\":\"BreadcrumbList\",\"@id\":\"https:\\\/\\\/www.turkishtestingboard.org\\\/kayit\\\/agile-tester-2-katilim\\\/#breadcrumb\",\"itemListElement\":[{\"@type\":\"ListItem\",\"position\":1,\"name\":\"Anasayfa\",\"item\":\"https:\\\/\\\/www.turkishtestingboard.org\\\/\"},{\"@type\":\"ListItem\",\"position\":2,\"name\":\"\u00dcr\u00fcnler\",\"item\":\"https:\\\/\\\/www.turkishtestingboard.org\\\/shop\\\/\"},{\"@type\":\"ListItem\",\"position\":3,\"name\":\"Certified Tester Foundation Level Agile Tester (2. KATILIM)\"}]},{\"@type\":\"WebSite\",\"@id\":\"https:\\\/\\\/www.turkishtestingboard.org\\\/#website\",\"url\":\"https:\\\/\\\/www.turkishtestingboard.org\\\/\",\"name\":\"Turkish Testing Board\",\"description\":\"Your gateway to global Software Testing community\",\"publisher\":{\"@id\":\"https:\\\/\\\/www.turkishtestingboard.org\\\/#organization\"},\"potentialAction\":[{\"@type\":\"SearchAction\",\"target\":{\"@type\":\"EntryPoint\",\"urlTemplate\":\"https:\\\/\\\/www.turkishtestingboard.org\\\/?s={search_term_string}\"},\"query-input\":{\"@type\":\"PropertyValueSpecification\",\"valueRequired\":true,\"valueName\":\"search_term_string\"}}],\"inLanguage\":\"en-US\"},{\"@type\":\"Organization\",\"@id\":\"https:\\\/\\\/www.turkishtestingboard.org\\\/#organization\",\"name\":\"Turkish Testing Board\",\"url\":\"https:\\\/\\\/www.turkishtestingboard.org\\\/\",\"logo\":{\"@type\":\"ImageObject\",\"inLanguage\":\"en-US\",\"@id\":\"https:\\\/\\\/www.turkishtestingboard.org\\\/#\\\/schema\\\/logo\\\/image\\\/\",\"url\":\"https:\\\/\\\/fikadigital.com\\\/ttb2021\\\/wp-content\\\/uploads\\\/2021\\\/08\\\/ttblogo2021.png\",\"contentUrl\":\"https:\\\/\\\/fikadigital.com\\\/ttb2021\\\/wp-content\\\/uploads\\\/2021\\\/08\\\/ttblogo2021.png\",\"width\":133,\"height\":100,\"caption\":\"Turkish Testing Board\"},\"image\":{\"@id\":\"https:\\\/\\\/www.turkishtestingboard.org\\\/#\\\/schema\\\/logo\\\/image\\\/\"}}]}<\/script>\n<!-- \/ Yoast SEO plugin. -->","yoast_head_json":{"title":"Certified Tester Foundation Level Agile Tester (2nd Participation) - Turkish Testing Board","robots":{"index":"index","follow":"follow","max-snippet":"max-snippet:-1","max-image-preview":"max-image-preview:large","max-video-preview":"max-video-preview:-1"},"canonical":"https:\/\/www.turkishtestingboard.org\/en\/register\/agile-tester-second-participation\/","og_locale":"en_US","og_type":"article","og_title":"Certified Tester Foundation Level Agile Tester (2. KATILIM) - Turkish Testing Board","og_description":"Agile Tester ilk s\u0131navdan ba\u015far\u0131s\u0131z olup, tekrardan kat\u0131lmak isteyenler i\u00e7in uygundur.  Foundation Level - Agile Test Uzman\u0131ndan \u00c7evik bir ekip ve ortamda etkin bir \u015fekilde \u00e7al\u0131\u015fmak i\u00e7in gerekli becerileri edinmi\u015f olmas\u0131 beklenmektedir.  Agile Test Uzman\u0131 Sertifikasyon S\u0131nav\u0131, \u00c7evik yaz\u0131l\u0131m geli\u015ftirmenin ilkelerine ve temel uygulamalar\u0131na a\u015fina bir \u00e7evik ekiple i\u015f birli\u011fi yapan, \u00c7evik bir projede test y\u00fcr\u00fctmek i\u00e7in ilgili y\u00f6ntem ve teknikleri uygulayan, \u00c7evik ekibe test otomasyon faaliyetlerinde yard\u0131mc\u0131 olan herkes i\u00e7in uygundur.","og_url":"https:\/\/www.turkishtestingboard.org\/en\/register\/agile-tester-second-participation\/","og_site_name":"Turkish Testing Board","article_modified_time":"2026-01-15T17:08:32+00:00","og_image":[{"width":551,"height":551,"url":"https:\/\/www.turkishtestingboard.org\/wp-content\/uploads\/2022\/09\/Agile-Tester-Exam-2022.png","type":"image\/png"}],"twitter_card":"summary_large_image","twitter_misc":{"Est. reading time":"1 minute"},"schema":{"@context":"https:\/\/schema.org","@graph":[{"@type":"WebPage","@id":"https:\/\/www.turkishtestingboard.org\/kayit\/agile-tester-2-katilim\/","url":"https:\/\/www.turkishtestingboard.org\/kayit\/agile-tester-2-katilim\/","name":"Certified Tester Foundation Level Agile Tester (2nd Participation) - Turkish Testing Board","isPartOf":{"@id":"https:\/\/www.turkishtestingboard.org\/#website"},"primaryImageOfPage":{"@id":"https:\/\/www.turkishtestingboard.org\/kayit\/agile-tester-2-katilim\/#primaryimage"},"image":{"@id":"https:\/\/www.turkishtestingboard.org\/kayit\/agile-tester-2-katilim\/#primaryimage"},"thumbnailUrl":"https:\/\/www.turkishtestingboard.org\/wp-content\/uploads\/2022\/09\/Agile-Tester-Exam-2022.png","datePublished":"2026-01-15T06:05:34+00:00","dateModified":"2026-01-15T17:08:32+00:00","breadcrumb":{"@id":"https:\/\/www.turkishtestingboard.org\/kayit\/agile-tester-2-katilim\/#breadcrumb"},"inLanguage":"en-US","potentialAction":[{"@type":"ReadAction","target":["https:\/\/www.turkishtestingboard.org\/kayit\/agile-tester-2-katilim\/"]}]},{"@type":"ImageObject","inLanguage":"en-US","@id":"https:\/\/www.turkishtestingboard.org\/kayit\/agile-tester-2-katilim\/#primaryimage","url":"https:\/\/www.turkishtestingboard.org\/wp-content\/uploads\/2022\/09\/Agile-Tester-Exam-2022.png","contentUrl":"https:\/\/www.turkishtestingboard.org\/wp-content\/uploads\/2022\/09\/Agile-Tester-Exam-2022.png","width":551,"height":551},{"@type":"BreadcrumbList","@id":"https:\/\/www.turkishtestingboard.org\/kayit\/agile-tester-2-katilim\/#breadcrumb","itemListElement":[{"@type":"ListItem","position":1,"name":"Anasayfa","item":"https:\/\/www.turkishtestingboard.org\/"},{"@type":"ListItem","position":2,"name":"\u00dcr\u00fcnler","item":"https:\/\/www.turkishtestingboard.org\/shop\/"},{"@type":"ListItem","position":3,"name":"Certified Tester Foundation Level Agile Tester (2. KATILIM)"}]},{"@type":"WebSite","@id":"https:\/\/www.turkishtestingboard.org\/#website","url":"https:\/\/www.turkishtestingboard.org\/","name":"Turkish Testing Board","description":"Your gateway to global Software Testing community","publisher":{"@id":"https:\/\/www.turkishtestingboard.org\/#organization"},"potentialAction":[{"@type":"SearchAction","target":{"@type":"EntryPoint","urlTemplate":"https:\/\/www.turkishtestingboard.org\/?s={search_term_string}"},"query-input":{"@type":"PropertyValueSpecification","valueRequired":true,"valueName":"search_term_string"}}],"inLanguage":"en-US"},{"@type":"Organization","@id":"https:\/\/www.turkishtestingboard.org\/#organization","name":"Turkish Testing Board","url":"https:\/\/www.turkishtestingboard.org\/","logo":{"@type":"ImageObject","inLanguage":"en-US","@id":"https:\/\/www.turkishtestingboard.org\/#\/schema\/logo\/image\/","url":"https:\/\/fikadigital.com\/ttb2021\/wp-content\/uploads\/2021\/08\/ttblogo2021.png","contentUrl":"https:\/\/fikadigital.com\/ttb2021\/wp-content\/uploads\/2021\/08\/ttblogo2021.png","width":133,"height":100,"caption":"Turkish Testing Board"},"image":{"@id":"https:\/\/www.turkishtestingboard.org\/#\/schema\/logo\/image\/"}}]}},"_links":{"self":[{"href":"https:\/\/www.turkishtestingboard.org\/en\/wp-json\/wp\/v2\/product\/5039","targetHints":{"allow":["GET"]}}],"collection":[{"href":"https:\/\/www.turkishtestingboard.org\/en\/wp-json\/wp\/v2\/product"}],"about":[{"href":"https:\/\/www.turkishtestingboard.org\/en\/wp-json\/wp\/v2\/types\/product"}],"wp:featuredmedia":[{"embeddable":true,"href":"https:\/\/www.turkishtestingboard.org\/en\/wp-json\/wp\/v2\/media\/8626"}],"wp:attachment":[{"href":"https:\/\/www.turkishtestingboard.org\/en\/wp-json\/wp\/v2\/media?parent=5039"}],"wp:term":[{"taxonomy":"product_brand","embeddable":true,"href":"https:\/\/www.turkishtestingboard.org\/en\/wp-json\/wp\/v2\/product_brand?post=5039"},{"taxonomy":"product_cat","embeddable":true,"href":"https:\/\/www.turkishtestingboard.org\/en\/wp-json\/wp\/v2\/product_cat?post=5039"},{"taxonomy":"product_tag","embeddable":true,"href":"https:\/\/www.turkishtestingboard.org\/en\/wp-json\/wp\/v2\/product_tag?post=5039"}],"curies":[{"name":"wp","href":"https:\/\/api.w.org\/{rel}","templated":true}]}}