{"id":435,"date":"2025-12-24T18:43:51","date_gmt":"2025-12-24T15:43:51","guid":{"rendered":"https:\/\/fikadigital.com\/ttb2021\/?post_type=product&#038;p=435"},"modified":"2026-01-07T03:12:03","modified_gmt":"2026-01-07T00:12:03","slug":"advanced-level-technical-test-analyst","status":"publish","type":"product","link":"https:\/\/www.turkishtestingboard.org\/en\/register\/advanced-level-technical-test-analyst\/","title":{"rendered":"Certified Tester Advanced Level Technical Test Analyst"},"content":{"rendered":"<p><strong>After the registration form reaches us, the participant will be contacted to determine the exam date and other details.<\/strong><\/p>\n<ul>\n<li>In order to be eligible to take the Technical Test Analyst certification exam, candidates must first hold the ISTQB\u00ae Foundation Level certificate.<\/li>\n<li>The exam consists of 45 questions in total and the exam duration is 2 hours and 30 minutes.<\/li>\n<li>Exam language is English.<\/li>\n<li>The exam is conducted as per the 2019 version of Technical Test Analyts Syllabus.<\/li>\n<li>To be successful, a minimum of 51 (65% out of 78 point in total) questions must be answered correctly. Wrong answers does not cause correct answers be counted.<\/li>\n<li>The exam results are sent to the participant's email address within 2\u20134 days after the exam.<\/li>\n<\/ul>","protected":false},"excerpt":{"rendered":"<p>The Advanced Technical Test Analyst certification is for individuals who identify and classify risks related to the performance, security, reliability, portability, and sustainability of software systems and are involved in the planning, design, and execution of tests to mitigate these risks.<\/p>","protected":false},"featured_media":6641,"template":"","meta":{"_acf_changed":false},"product_brand":[],"product_cat":[49],"product_tag":[],"class_list":{"0":"post-435","1":"product","2":"type-product","3":"status-publish","4":"has-post-thumbnail","6":"product_cat-sinavlar","8":"first","9":"instock","10":"virtual","11":"taxable","12":"purchasable","13":"product-type-simple"},"acf":[],"yoast_head":"<!-- This site is optimized with the Yoast SEO plugin v27.5 - https:\/\/yoast.com\/product\/yoast-seo-wordpress\/ -->\n<title>Certified Tester Advanced Level Technical Test Analyst - Turkish Testing Board<\/title>\n<meta name=\"robots\" content=\"index, follow, max-snippet:-1, max-image-preview:large, max-video-preview:-1\" \/>\n<link rel=\"canonical\" href=\"https:\/\/www.turkishtestingboard.org\/en\/register\/advanced-level-technical-test-analyst\/\" \/>\n<meta property=\"og:locale\" content=\"en_US\" \/>\n<meta property=\"og:type\" content=\"article\" \/>\n<meta property=\"og:title\" content=\"Certified Tester Advanced Level Technical Test Analyst - Turkish Testing Board\" \/>\n<meta property=\"og:description\" content=\"\u0130leri Seviye Teknik Test Analisti sertifikasyonu yaz\u0131l\u0131m sistemlerinin performans\u0131, g\u00fcvenli\u011fi, g\u00fcvenirlili\u011fi, ta\u015f\u0131nabilirli\u011fi ve s\u00fcrd\u00fcrebilirli\u011fi ile ilgili riskleri tan\u0131mlayan ve s\u0131n\u0131fland\u0131ran ve bu riskleri azaltmak i\u00e7in testlerin planlanmas\u0131, tasar\u0131m\u0131 ve y\u00fcr\u00fct\u00fclmesi faaliyetlerinde yer alan ki\u015filere y\u00f6neliktir.\" \/>\n<meta property=\"og:url\" content=\"https:\/\/www.turkishtestingboard.org\/en\/register\/advanced-level-technical-test-analyst\/\" \/>\n<meta property=\"og:site_name\" content=\"Turkish Testing Board\" \/>\n<meta property=\"article:modified_time\" content=\"2026-01-07T00:12:03+00:00\" \/>\n<meta property=\"og:image\" content=\"https:\/\/www.turkishtestingboard.org\/wp-content\/uploads\/2022\/04\/Sinav_urun_gorselleri-5.png\" \/>\n\t<meta property=\"og:image:width\" content=\"551\" \/>\n\t<meta property=\"og:image:height\" content=\"551\" \/>\n\t<meta property=\"og:image:type\" content=\"image\/png\" \/>\n<meta name=\"twitter:card\" content=\"summary_large_image\" \/>\n<meta name=\"twitter:label1\" content=\"Est. reading time\" \/>\n\t<meta name=\"twitter:data1\" content=\"1 minute\" \/>\n<script type=\"application\/ld+json\" class=\"yoast-schema-graph\">{\"@context\":\"https:\\\/\\\/schema.org\",\"@graph\":[{\"@type\":\"WebPage\",\"@id\":\"https:\\\/\\\/www.turkishtestingboard.org\\\/kayit\\\/advanced-level-technical-test-analyst\\\/\",\"url\":\"https:\\\/\\\/www.turkishtestingboard.org\\\/kayit\\\/advanced-level-technical-test-analyst\\\/\",\"name\":\"Certified Tester Advanced Level Technical Test Analyst - Turkish Testing Board\",\"isPartOf\":{\"@id\":\"https:\\\/\\\/www.turkishtestingboard.org\\\/#website\"},\"primaryImageOfPage\":{\"@id\":\"https:\\\/\\\/www.turkishtestingboard.org\\\/kayit\\\/advanced-level-technical-test-analyst\\\/#primaryimage\"},\"image\":{\"@id\":\"https:\\\/\\\/www.turkishtestingboard.org\\\/kayit\\\/advanced-level-technical-test-analyst\\\/#primaryimage\"},\"thumbnailUrl\":\"https:\\\/\\\/www.turkishtestingboard.org\\\/wp-content\\\/uploads\\\/2022\\\/04\\\/Sinav_urun_gorselleri-5.png\",\"datePublished\":\"2025-12-24T15:43:51+00:00\",\"dateModified\":\"2026-01-07T00:12:03+00:00\",\"breadcrumb\":{\"@id\":\"https:\\\/\\\/www.turkishtestingboard.org\\\/kayit\\\/advanced-level-technical-test-analyst\\\/#breadcrumb\"},\"inLanguage\":\"en-US\",\"potentialAction\":[{\"@type\":\"ReadAction\",\"target\":[\"https:\\\/\\\/www.turkishtestingboard.org\\\/kayit\\\/advanced-level-technical-test-analyst\\\/\"]}]},{\"@type\":\"ImageObject\",\"inLanguage\":\"en-US\",\"@id\":\"https:\\\/\\\/www.turkishtestingboard.org\\\/kayit\\\/advanced-level-technical-test-analyst\\\/#primaryimage\",\"url\":\"https:\\\/\\\/www.turkishtestingboard.org\\\/wp-content\\\/uploads\\\/2022\\\/04\\\/Sinav_urun_gorselleri-5.png\",\"contentUrl\":\"https:\\\/\\\/www.turkishtestingboard.org\\\/wp-content\\\/uploads\\\/2022\\\/04\\\/Sinav_urun_gorselleri-5.png\",\"width\":551,\"height\":551},{\"@type\":\"BreadcrumbList\",\"@id\":\"https:\\\/\\\/www.turkishtestingboard.org\\\/kayit\\\/advanced-level-technical-test-analyst\\\/#breadcrumb\",\"itemListElement\":[{\"@type\":\"ListItem\",\"position\":1,\"name\":\"Anasayfa\",\"item\":\"https:\\\/\\\/www.turkishtestingboard.org\\\/\"},{\"@type\":\"ListItem\",\"position\":2,\"name\":\"\u00dcr\u00fcnler\",\"item\":\"https:\\\/\\\/www.turkishtestingboard.org\\\/shop\\\/\"},{\"@type\":\"ListItem\",\"position\":3,\"name\":\"Certified Tester Advanced Level Technical Test Analyst\"}]},{\"@type\":\"WebSite\",\"@id\":\"https:\\\/\\\/www.turkishtestingboard.org\\\/#website\",\"url\":\"https:\\\/\\\/www.turkishtestingboard.org\\\/\",\"name\":\"Turkish Testing Board\",\"description\":\"Your gateway to global Software Testing community\",\"publisher\":{\"@id\":\"https:\\\/\\\/www.turkishtestingboard.org\\\/#organization\"},\"potentialAction\":[{\"@type\":\"SearchAction\",\"target\":{\"@type\":\"EntryPoint\",\"urlTemplate\":\"https:\\\/\\\/www.turkishtestingboard.org\\\/?s={search_term_string}\"},\"query-input\":{\"@type\":\"PropertyValueSpecification\",\"valueRequired\":true,\"valueName\":\"search_term_string\"}}],\"inLanguage\":\"en-US\"},{\"@type\":\"Organization\",\"@id\":\"https:\\\/\\\/www.turkishtestingboard.org\\\/#organization\",\"name\":\"Turkish Testing Board\",\"url\":\"https:\\\/\\\/www.turkishtestingboard.org\\\/\",\"logo\":{\"@type\":\"ImageObject\",\"inLanguage\":\"en-US\",\"@id\":\"https:\\\/\\\/www.turkishtestingboard.org\\\/#\\\/schema\\\/logo\\\/image\\\/\",\"url\":\"https:\\\/\\\/fikadigital.com\\\/ttb2021\\\/wp-content\\\/uploads\\\/2021\\\/08\\\/ttblogo2021.png\",\"contentUrl\":\"https:\\\/\\\/fikadigital.com\\\/ttb2021\\\/wp-content\\\/uploads\\\/2021\\\/08\\\/ttblogo2021.png\",\"width\":133,\"height\":100,\"caption\":\"Turkish Testing Board\"},\"image\":{\"@id\":\"https:\\\/\\\/www.turkishtestingboard.org\\\/#\\\/schema\\\/logo\\\/image\\\/\"}}]}<\/script>\n<!-- \/ Yoast SEO plugin. -->","yoast_head_json":{"title":"Certified Tester Advanced Level Technical Test Analyst - Turkish Testing Board","robots":{"index":"index","follow":"follow","max-snippet":"max-snippet:-1","max-image-preview":"max-image-preview:large","max-video-preview":"max-video-preview:-1"},"canonical":"https:\/\/www.turkishtestingboard.org\/en\/register\/advanced-level-technical-test-analyst\/","og_locale":"en_US","og_type":"article","og_title":"Certified Tester Advanced Level Technical Test Analyst - Turkish Testing Board","og_description":"\u0130leri Seviye Teknik Test Analisti sertifikasyonu yaz\u0131l\u0131m sistemlerinin performans\u0131, g\u00fcvenli\u011fi, g\u00fcvenirlili\u011fi, ta\u015f\u0131nabilirli\u011fi ve s\u00fcrd\u00fcrebilirli\u011fi ile ilgili riskleri tan\u0131mlayan ve s\u0131n\u0131fland\u0131ran ve bu riskleri azaltmak i\u00e7in testlerin planlanmas\u0131, tasar\u0131m\u0131 ve y\u00fcr\u00fct\u00fclmesi faaliyetlerinde yer alan ki\u015filere y\u00f6neliktir.","og_url":"https:\/\/www.turkishtestingboard.org\/en\/register\/advanced-level-technical-test-analyst\/","og_site_name":"Turkish Testing Board","article_modified_time":"2026-01-07T00:12:03+00:00","og_image":[{"width":551,"height":551,"url":"https:\/\/www.turkishtestingboard.org\/wp-content\/uploads\/2022\/04\/Sinav_urun_gorselleri-5.png","type":"image\/png"}],"twitter_card":"summary_large_image","twitter_misc":{"Est. reading time":"1 minute"},"schema":{"@context":"https:\/\/schema.org","@graph":[{"@type":"WebPage","@id":"https:\/\/www.turkishtestingboard.org\/kayit\/advanced-level-technical-test-analyst\/","url":"https:\/\/www.turkishtestingboard.org\/kayit\/advanced-level-technical-test-analyst\/","name":"Certified Tester Advanced Level Technical Test Analyst - Turkish Testing Board","isPartOf":{"@id":"https:\/\/www.turkishtestingboard.org\/#website"},"primaryImageOfPage":{"@id":"https:\/\/www.turkishtestingboard.org\/kayit\/advanced-level-technical-test-analyst\/#primaryimage"},"image":{"@id":"https:\/\/www.turkishtestingboard.org\/kayit\/advanced-level-technical-test-analyst\/#primaryimage"},"thumbnailUrl":"https:\/\/www.turkishtestingboard.org\/wp-content\/uploads\/2022\/04\/Sinav_urun_gorselleri-5.png","datePublished":"2025-12-24T15:43:51+00:00","dateModified":"2026-01-07T00:12:03+00:00","breadcrumb":{"@id":"https:\/\/www.turkishtestingboard.org\/kayit\/advanced-level-technical-test-analyst\/#breadcrumb"},"inLanguage":"en-US","potentialAction":[{"@type":"ReadAction","target":["https:\/\/www.turkishtestingboard.org\/kayit\/advanced-level-technical-test-analyst\/"]}]},{"@type":"ImageObject","inLanguage":"en-US","@id":"https:\/\/www.turkishtestingboard.org\/kayit\/advanced-level-technical-test-analyst\/#primaryimage","url":"https:\/\/www.turkishtestingboard.org\/wp-content\/uploads\/2022\/04\/Sinav_urun_gorselleri-5.png","contentUrl":"https:\/\/www.turkishtestingboard.org\/wp-content\/uploads\/2022\/04\/Sinav_urun_gorselleri-5.png","width":551,"height":551},{"@type":"BreadcrumbList","@id":"https:\/\/www.turkishtestingboard.org\/kayit\/advanced-level-technical-test-analyst\/#breadcrumb","itemListElement":[{"@type":"ListItem","position":1,"name":"Anasayfa","item":"https:\/\/www.turkishtestingboard.org\/"},{"@type":"ListItem","position":2,"name":"\u00dcr\u00fcnler","item":"https:\/\/www.turkishtestingboard.org\/shop\/"},{"@type":"ListItem","position":3,"name":"Certified Tester Advanced Level Technical Test Analyst"}]},{"@type":"WebSite","@id":"https:\/\/www.turkishtestingboard.org\/#website","url":"https:\/\/www.turkishtestingboard.org\/","name":"Turkish Testing Board","description":"Your gateway to global Software Testing community","publisher":{"@id":"https:\/\/www.turkishtestingboard.org\/#organization"},"potentialAction":[{"@type":"SearchAction","target":{"@type":"EntryPoint","urlTemplate":"https:\/\/www.turkishtestingboard.org\/?s={search_term_string}"},"query-input":{"@type":"PropertyValueSpecification","valueRequired":true,"valueName":"search_term_string"}}],"inLanguage":"en-US"},{"@type":"Organization","@id":"https:\/\/www.turkishtestingboard.org\/#organization","name":"Turkish Testing Board","url":"https:\/\/www.turkishtestingboard.org\/","logo":{"@type":"ImageObject","inLanguage":"en-US","@id":"https:\/\/www.turkishtestingboard.org\/#\/schema\/logo\/image\/","url":"https:\/\/fikadigital.com\/ttb2021\/wp-content\/uploads\/2021\/08\/ttblogo2021.png","contentUrl":"https:\/\/fikadigital.com\/ttb2021\/wp-content\/uploads\/2021\/08\/ttblogo2021.png","width":133,"height":100,"caption":"Turkish Testing Board"},"image":{"@id":"https:\/\/www.turkishtestingboard.org\/#\/schema\/logo\/image\/"}}]}},"_links":{"self":[{"href":"https:\/\/www.turkishtestingboard.org\/en\/wp-json\/wp\/v2\/product\/435","targetHints":{"allow":["GET"]}}],"collection":[{"href":"https:\/\/www.turkishtestingboard.org\/en\/wp-json\/wp\/v2\/product"}],"about":[{"href":"https:\/\/www.turkishtestingboard.org\/en\/wp-json\/wp\/v2\/types\/product"}],"wp:featuredmedia":[{"embeddable":true,"href":"https:\/\/www.turkishtestingboard.org\/en\/wp-json\/wp\/v2\/media\/6641"}],"wp:attachment":[{"href":"https:\/\/www.turkishtestingboard.org\/en\/wp-json\/wp\/v2\/media?parent=435"}],"wp:term":[{"taxonomy":"product_brand","embeddable":true,"href":"https:\/\/www.turkishtestingboard.org\/en\/wp-json\/wp\/v2\/product_brand?post=435"},{"taxonomy":"product_cat","embeddable":true,"href":"https:\/\/www.turkishtestingboard.org\/en\/wp-json\/wp\/v2\/product_cat?post=435"},{"taxonomy":"product_tag","embeddable":true,"href":"https:\/\/www.turkishtestingboard.org\/en\/wp-json\/wp\/v2\/product_tag?post=435"}],"curies":[{"name":"wp","href":"https:\/\/api.w.org\/{rel}","templated":true}]}}