{"id":21998,"date":"2025-12-23T08:38:44","date_gmt":"2025-12-23T05:38:44","guid":{"rendered":"https:\/\/www.turkishtestingboard.org\/?post_type=product&#038;p=21998"},"modified":"2026-01-07T03:12:46","modified_gmt":"2026-01-07T00:12:46","slug":"certified-tester-testing-with-generative-ai","status":"publish","type":"product","link":"https:\/\/www.turkishtestingboard.org\/en\/register\/certified-tester-testing-with-generative-ai\/","title":{"rendered":"Certified Tester Testing with Generative AI"},"content":{"rendered":"<p><strong>After the registration form reaches us, the participant will be contacted to determine the exam date and other details.<\/strong><\/p>\n<ul>\n<li>In order to be eligible to take the CT-GenAI certification exam, candidates must first hold the ISTQB\u00ae Foundation Level certificate.<\/li>\n<li>The exam consists of 40 questions in total and the exam duration is 1 hour and 15 minutes.<\/li>\n<li>Exam language is English.<\/li>\n<li>The exam is conducted as per the v1.0 version of CT-GenAI Syllabus.<\/li>\n<li>To pass the exam, candidates must score at least 30 points (65%) out of a total of 46 points. Wrong answers does not cause correct answers be counted.<\/li>\n<li>The exam result is sent to the participant\u2019s email address on the same day after the online exam is completed.<\/li>\n<\/ul>","protected":false},"excerpt":{"rendered":"<p>The ISTQB\u00ae Certified Tester Testing with Generative AI (CT-GenAI) certification provides a structured, hands-on learning path for professionals working in the field of testing and quality engineering.<br \/>\nThis level teaches how, when, and why to use Large Language Models (LLMs) and other generative AI techniques throughout the entire testing process, from requirements analysis and test design to automation, reporting, and continuous improvement. It builds practical skills by covering the fundamentals of GenAI through real-world scenarios and hands-on testing use cases, and addresses the responsible integration of GenAI while considering key risks such as hallucinations, bias, security, privacy, and environmental impact.<br \/>\nThis level is suitable for anyone who wants to gain knowledge in the fields of GenAI and software testing.<\/p>","protected":false},"featured_media":21999,"template":"","meta":{"_acf_changed":false},"product_brand":[],"product_cat":[49],"product_tag":[],"class_list":{"0":"post-21998","1":"product","2":"type-product","3":"status-publish","4":"has-post-thumbnail","6":"product_cat-sinavlar","8":"first","9":"instock","10":"taxable","11":"shipping-taxable","12":"purchasable","13":"product-type-simple"},"acf":[],"yoast_head":"<!-- This site is optimized with the Yoast SEO plugin v27.4 - https:\/\/yoast.com\/product\/yoast-seo-wordpress\/ -->\n<title>Certified Tester Testing with Generative AI - Turkish Testing Board<\/title>\n<meta name=\"robots\" content=\"index, follow, max-snippet:-1, max-image-preview:large, max-video-preview:-1\" \/>\n<link rel=\"canonical\" href=\"https:\/\/www.turkishtestingboard.org\/en\/register\/certified-tester-testing-with-generative-ai\/\" \/>\n<meta property=\"og:locale\" content=\"en_US\" \/>\n<meta property=\"og:type\" content=\"article\" \/>\n<meta property=\"og:title\" content=\"Certified Tester Testing with Generative AI - Turkish Testing Board\" \/>\n<meta property=\"og:description\" content=\"ISTQB\u00ae \u00dcretken Yapay Zeka ile Test (CT-GenAI) sertifikas\u0131, test ve kalite m\u00fchendisli\u011fi alan\u0131nda \u00e7al\u0131\u015fan profesyoneller i\u00e7in yap\u0131land\u0131r\u0131lm\u0131\u015f, uygulamal\u0131 bir yol sunar.  Bu seviye; gereksinim analizinden test tasar\u0131m\u0131na, otomasyondan raporlamaya ve s\u00fcrekli iyile\u015ftirmeye kadar t\u00fcm test s\u00fcreci boyunca B\u00fcy\u00fck Dil Modelleri (LLM) ve di\u011fer \u00fcretken yapay zek\u00e2 tekniklerinin nas\u0131l, ne zaman ve neden kullan\u0131laca\u011f\u0131n\u0131 \u00f6\u011fretir. GenAI\u2019nin temellerini, ger\u00e7ek d\u00fcnya senaryolar\u0131 ve uygulamal\u0131 test kullan\u0131m \u00f6rnekleriyle destekleyerek pratik beceriler kazand\u0131r\u0131r ve hal\u00fcsinasyon, \u00f6nyarg\u0131, g\u00fcvenlik, gizlilik ve \u00e7evresel etki gibi riskleri g\u00f6zeterek GenAI\u2019nin sorumlu bir \u015fekilde entegrasyonunu ele al\u0131r.  Bu seviye, GenAI ve yaz\u0131l\u0131m testi alan\u0131nda bilgi sahibi olmak isteyen herkes i\u00e7in uygundur.\" \/>\n<meta property=\"og:url\" content=\"https:\/\/www.turkishtestingboard.org\/en\/register\/certified-tester-testing-with-generative-ai\/\" \/>\n<meta property=\"og:site_name\" content=\"Turkish Testing Board\" \/>\n<meta property=\"article:modified_time\" content=\"2026-01-07T00:12:46+00:00\" \/>\n<meta property=\"og:image\" content=\"https:\/\/www.turkishtestingboard.org\/wp-content\/uploads\/2025\/12\/CT-GenAI-register.jpg\" \/>\n\t<meta property=\"og:image:width\" content=\"551\" \/>\n\t<meta property=\"og:image:height\" content=\"551\" \/>\n\t<meta property=\"og:image:type\" content=\"image\/jpeg\" \/>\n<meta name=\"twitter:card\" content=\"summary_large_image\" \/>\n<meta name=\"twitter:label1\" content=\"Est. reading time\" \/>\n\t<meta name=\"twitter:data1\" content=\"1 minute\" \/>\n<script type=\"application\/ld+json\" class=\"yoast-schema-graph\">{\"@context\":\"https:\\\/\\\/schema.org\",\"@graph\":[{\"@type\":\"WebPage\",\"@id\":\"https:\\\/\\\/www.turkishtestingboard.org\\\/kayit\\\/certified-tester-testing-with-generative-ai\\\/\",\"url\":\"https:\\\/\\\/www.turkishtestingboard.org\\\/kayit\\\/certified-tester-testing-with-generative-ai\\\/\",\"name\":\"Certified Tester Testing with Generative AI - Turkish Testing Board\",\"isPartOf\":{\"@id\":\"https:\\\/\\\/www.turkishtestingboard.org\\\/#website\"},\"primaryImageOfPage\":{\"@id\":\"https:\\\/\\\/www.turkishtestingboard.org\\\/kayit\\\/certified-tester-testing-with-generative-ai\\\/#primaryimage\"},\"image\":{\"@id\":\"https:\\\/\\\/www.turkishtestingboard.org\\\/kayit\\\/certified-tester-testing-with-generative-ai\\\/#primaryimage\"},\"thumbnailUrl\":\"https:\\\/\\\/www.turkishtestingboard.org\\\/wp-content\\\/uploads\\\/2025\\\/12\\\/CT-GenAI-register.jpg\",\"datePublished\":\"2025-12-23T05:38:44+00:00\",\"dateModified\":\"2026-01-07T00:12:46+00:00\",\"breadcrumb\":{\"@id\":\"https:\\\/\\\/www.turkishtestingboard.org\\\/kayit\\\/certified-tester-testing-with-generative-ai\\\/#breadcrumb\"},\"inLanguage\":\"en-US\",\"potentialAction\":[{\"@type\":\"ReadAction\",\"target\":[\"https:\\\/\\\/www.turkishtestingboard.org\\\/kayit\\\/certified-tester-testing-with-generative-ai\\\/\"]}]},{\"@type\":\"ImageObject\",\"inLanguage\":\"en-US\",\"@id\":\"https:\\\/\\\/www.turkishtestingboard.org\\\/kayit\\\/certified-tester-testing-with-generative-ai\\\/#primaryimage\",\"url\":\"https:\\\/\\\/www.turkishtestingboard.org\\\/wp-content\\\/uploads\\\/2025\\\/12\\\/CT-GenAI-register.jpg\",\"contentUrl\":\"https:\\\/\\\/www.turkishtestingboard.org\\\/wp-content\\\/uploads\\\/2025\\\/12\\\/CT-GenAI-register.jpg\",\"width\":551,\"height\":551},{\"@type\":\"BreadcrumbList\",\"@id\":\"https:\\\/\\\/www.turkishtestingboard.org\\\/kayit\\\/certified-tester-testing-with-generative-ai\\\/#breadcrumb\",\"itemListElement\":[{\"@type\":\"ListItem\",\"position\":1,\"name\":\"Anasayfa\",\"item\":\"https:\\\/\\\/www.turkishtestingboard.org\\\/\"},{\"@type\":\"ListItem\",\"position\":2,\"name\":\"\u00dcr\u00fcnler\",\"item\":\"https:\\\/\\\/www.turkishtestingboard.org\\\/shop\\\/\"},{\"@type\":\"ListItem\",\"position\":3,\"name\":\"Certified Tester Testing with Generative AI\"}]},{\"@type\":\"WebSite\",\"@id\":\"https:\\\/\\\/www.turkishtestingboard.org\\\/#website\",\"url\":\"https:\\\/\\\/www.turkishtestingboard.org\\\/\",\"name\":\"Turkish Testing Board\",\"description\":\"Your gateway to global Software Testing community\",\"publisher\":{\"@id\":\"https:\\\/\\\/www.turkishtestingboard.org\\\/#organization\"},\"potentialAction\":[{\"@type\":\"SearchAction\",\"target\":{\"@type\":\"EntryPoint\",\"urlTemplate\":\"https:\\\/\\\/www.turkishtestingboard.org\\\/?s={search_term_string}\"},\"query-input\":{\"@type\":\"PropertyValueSpecification\",\"valueRequired\":true,\"valueName\":\"search_term_string\"}}],\"inLanguage\":\"en-US\"},{\"@type\":\"Organization\",\"@id\":\"https:\\\/\\\/www.turkishtestingboard.org\\\/#organization\",\"name\":\"Turkish Testing Board\",\"url\":\"https:\\\/\\\/www.turkishtestingboard.org\\\/\",\"logo\":{\"@type\":\"ImageObject\",\"inLanguage\":\"en-US\",\"@id\":\"https:\\\/\\\/www.turkishtestingboard.org\\\/#\\\/schema\\\/logo\\\/image\\\/\",\"url\":\"https:\\\/\\\/fikadigital.com\\\/ttb2021\\\/wp-content\\\/uploads\\\/2021\\\/08\\\/ttblogo2021.png\",\"contentUrl\":\"https:\\\/\\\/fikadigital.com\\\/ttb2021\\\/wp-content\\\/uploads\\\/2021\\\/08\\\/ttblogo2021.png\",\"width\":133,\"height\":100,\"caption\":\"Turkish Testing Board\"},\"image\":{\"@id\":\"https:\\\/\\\/www.turkishtestingboard.org\\\/#\\\/schema\\\/logo\\\/image\\\/\"}}]}<\/script>\n<!-- \/ Yoast SEO plugin. -->","yoast_head_json":{"title":"Certified Tester Testing with Generative AI - Turkish Testing Board","robots":{"index":"index","follow":"follow","max-snippet":"max-snippet:-1","max-image-preview":"max-image-preview:large","max-video-preview":"max-video-preview:-1"},"canonical":"https:\/\/www.turkishtestingboard.org\/en\/register\/certified-tester-testing-with-generative-ai\/","og_locale":"en_US","og_type":"article","og_title":"Certified Tester Testing with Generative AI - Turkish Testing Board","og_description":"ISTQB\u00ae \u00dcretken Yapay Zeka ile Test (CT-GenAI) sertifikas\u0131, test ve kalite m\u00fchendisli\u011fi alan\u0131nda \u00e7al\u0131\u015fan profesyoneller i\u00e7in yap\u0131land\u0131r\u0131lm\u0131\u015f, uygulamal\u0131 bir yol sunar.  Bu seviye; gereksinim analizinden test tasar\u0131m\u0131na, otomasyondan raporlamaya ve s\u00fcrekli iyile\u015ftirmeye kadar t\u00fcm test s\u00fcreci boyunca B\u00fcy\u00fck Dil Modelleri (LLM) ve di\u011fer \u00fcretken yapay zek\u00e2 tekniklerinin nas\u0131l, ne zaman ve neden kullan\u0131laca\u011f\u0131n\u0131 \u00f6\u011fretir. GenAI\u2019nin temellerini, ger\u00e7ek d\u00fcnya senaryolar\u0131 ve uygulamal\u0131 test kullan\u0131m \u00f6rnekleriyle destekleyerek pratik beceriler kazand\u0131r\u0131r ve hal\u00fcsinasyon, \u00f6nyarg\u0131, g\u00fcvenlik, gizlilik ve \u00e7evresel etki gibi riskleri g\u00f6zeterek GenAI\u2019nin sorumlu bir \u015fekilde entegrasyonunu ele al\u0131r.  Bu seviye, GenAI ve yaz\u0131l\u0131m testi alan\u0131nda bilgi sahibi olmak isteyen herkes i\u00e7in uygundur.","og_url":"https:\/\/www.turkishtestingboard.org\/en\/register\/certified-tester-testing-with-generative-ai\/","og_site_name":"Turkish Testing Board","article_modified_time":"2026-01-07T00:12:46+00:00","og_image":[{"width":551,"height":551,"url":"https:\/\/www.turkishtestingboard.org\/wp-content\/uploads\/2025\/12\/CT-GenAI-register.jpg","type":"image\/jpeg"}],"twitter_card":"summary_large_image","twitter_misc":{"Est. reading time":"1 minute"},"schema":{"@context":"https:\/\/schema.org","@graph":[{"@type":"WebPage","@id":"https:\/\/www.turkishtestingboard.org\/kayit\/certified-tester-testing-with-generative-ai\/","url":"https:\/\/www.turkishtestingboard.org\/kayit\/certified-tester-testing-with-generative-ai\/","name":"Certified Tester Testing with Generative AI - Turkish Testing Board","isPartOf":{"@id":"https:\/\/www.turkishtestingboard.org\/#website"},"primaryImageOfPage":{"@id":"https:\/\/www.turkishtestingboard.org\/kayit\/certified-tester-testing-with-generative-ai\/#primaryimage"},"image":{"@id":"https:\/\/www.turkishtestingboard.org\/kayit\/certified-tester-testing-with-generative-ai\/#primaryimage"},"thumbnailUrl":"https:\/\/www.turkishtestingboard.org\/wp-content\/uploads\/2025\/12\/CT-GenAI-register.jpg","datePublished":"2025-12-23T05:38:44+00:00","dateModified":"2026-01-07T00:12:46+00:00","breadcrumb":{"@id":"https:\/\/www.turkishtestingboard.org\/kayit\/certified-tester-testing-with-generative-ai\/#breadcrumb"},"inLanguage":"en-US","potentialAction":[{"@type":"ReadAction","target":["https:\/\/www.turkishtestingboard.org\/kayit\/certified-tester-testing-with-generative-ai\/"]}]},{"@type":"ImageObject","inLanguage":"en-US","@id":"https:\/\/www.turkishtestingboard.org\/kayit\/certified-tester-testing-with-generative-ai\/#primaryimage","url":"https:\/\/www.turkishtestingboard.org\/wp-content\/uploads\/2025\/12\/CT-GenAI-register.jpg","contentUrl":"https:\/\/www.turkishtestingboard.org\/wp-content\/uploads\/2025\/12\/CT-GenAI-register.jpg","width":551,"height":551},{"@type":"BreadcrumbList","@id":"https:\/\/www.turkishtestingboard.org\/kayit\/certified-tester-testing-with-generative-ai\/#breadcrumb","itemListElement":[{"@type":"ListItem","position":1,"name":"Anasayfa","item":"https:\/\/www.turkishtestingboard.org\/"},{"@type":"ListItem","position":2,"name":"\u00dcr\u00fcnler","item":"https:\/\/www.turkishtestingboard.org\/shop\/"},{"@type":"ListItem","position":3,"name":"Certified Tester Testing with Generative AI"}]},{"@type":"WebSite","@id":"https:\/\/www.turkishtestingboard.org\/#website","url":"https:\/\/www.turkishtestingboard.org\/","name":"Turkish Testing Board","description":"Your gateway to global Software Testing community","publisher":{"@id":"https:\/\/www.turkishtestingboard.org\/#organization"},"potentialAction":[{"@type":"SearchAction","target":{"@type":"EntryPoint","urlTemplate":"https:\/\/www.turkishtestingboard.org\/?s={search_term_string}"},"query-input":{"@type":"PropertyValueSpecification","valueRequired":true,"valueName":"search_term_string"}}],"inLanguage":"en-US"},{"@type":"Organization","@id":"https:\/\/www.turkishtestingboard.org\/#organization","name":"Turkish Testing Board","url":"https:\/\/www.turkishtestingboard.org\/","logo":{"@type":"ImageObject","inLanguage":"en-US","@id":"https:\/\/www.turkishtestingboard.org\/#\/schema\/logo\/image\/","url":"https:\/\/fikadigital.com\/ttb2021\/wp-content\/uploads\/2021\/08\/ttblogo2021.png","contentUrl":"https:\/\/fikadigital.com\/ttb2021\/wp-content\/uploads\/2021\/08\/ttblogo2021.png","width":133,"height":100,"caption":"Turkish Testing Board"},"image":{"@id":"https:\/\/www.turkishtestingboard.org\/#\/schema\/logo\/image\/"}}]}},"_links":{"self":[{"href":"https:\/\/www.turkishtestingboard.org\/en\/wp-json\/wp\/v2\/product\/21998","targetHints":{"allow":["GET"]}}],"collection":[{"href":"https:\/\/www.turkishtestingboard.org\/en\/wp-json\/wp\/v2\/product"}],"about":[{"href":"https:\/\/www.turkishtestingboard.org\/en\/wp-json\/wp\/v2\/types\/product"}],"wp:featuredmedia":[{"embeddable":true,"href":"https:\/\/www.turkishtestingboard.org\/en\/wp-json\/wp\/v2\/media\/21999"}],"wp:attachment":[{"href":"https:\/\/www.turkishtestingboard.org\/en\/wp-json\/wp\/v2\/media?parent=21998"}],"wp:term":[{"taxonomy":"product_brand","embeddable":true,"href":"https:\/\/www.turkishtestingboard.org\/en\/wp-json\/wp\/v2\/product_brand?post=21998"},{"taxonomy":"product_cat","embeddable":true,"href":"https:\/\/www.turkishtestingboard.org\/en\/wp-json\/wp\/v2\/product_cat?post=21998"},{"taxonomy":"product_tag","embeddable":true,"href":"https:\/\/www.turkishtestingboard.org\/en\/wp-json\/wp\/v2\/product_tag?post=21998"}],"curies":[{"name":"wp","href":"https:\/\/api.w.org\/{rel}","templated":true}]}}