{"id":19883,"date":"2024-08-02T18:41:23","date_gmt":"2024-08-02T15:41:23","guid":{"rendered":"https:\/\/www.turkishtestingboard.org\/?post_type=product&#038;p=19883"},"modified":"2026-01-29T18:14:43","modified_gmt":"2026-01-29T15:14:43","slug":"specialist-game-testing","status":"publish","type":"product","link":"https:\/\/www.turkishtestingboard.org\/en\/register\/specialist-game-testing\/","title":{"rendered":"Certified Tester Game Testing"},"content":{"rendered":"<p><strong>After the registration form reaches us, the participant will be contacted to determine the exam date and other details.<\/strong><\/p>\n<ul>\n<li>To be eligible to this exam, candidates must first hold the ISTQB\u00ae Foundation Certificate.<\/li>\n<li>The exam consists of 40 questions in total and the exam duration is 1 hour and 15 minutes.<\/li>\n<li>Exam language is English.<\/li>\n<li>To be entitled to receive a certificate, minimum 65% success is required. (Minimum 26 questions)<\/li>\n<li>The exam result is sent to the participant\u2019s email address on the same day after the online exam is completed.<\/li>\n<\/ul>","protected":false},"excerpt":{"rendered":"<p style=\"font-weight: 400;\">The Certified Tester Game Testing certification is aimed at professionals who have achieved in-depth testing experience and who would like to acquire specific competence for testing game software.<\/p>","protected":false},"featured_media":19906,"template":"","meta":{"_acf_changed":false},"product_brand":[],"product_cat":[49],"product_tag":[],"class_list":{"0":"post-19883","1":"product","2":"type-product","3":"status-publish","4":"has-post-thumbnail","6":"product_cat-sinavlar","8":"first","9":"instock","10":"virtual","11":"taxable","12":"purchasable","13":"product-type-simple"},"acf":[],"yoast_head":"<!-- This site is optimized with the Yoast SEO plugin v27.5 - https:\/\/yoast.com\/product\/yoast-seo-wordpress\/ -->\n<title>Certified Tester Game Testing - Turkish Testing Board<\/title>\n<meta name=\"robots\" content=\"index, follow, max-snippet:-1, max-image-preview:large, max-video-preview:-1\" \/>\n<link rel=\"canonical\" href=\"https:\/\/www.turkishtestingboard.org\/en\/register\/specialist-game-testing\/\" \/>\n<meta property=\"og:locale\" content=\"en_US\" \/>\n<meta property=\"og:type\" content=\"article\" \/>\n<meta property=\"og:title\" content=\"Certified Tester Game Testing - Turkish Testing Board\" \/>\n<meta property=\"og:description\" content=\"ISTQB\u00ae Certified Tester Game Testing sertifikas\u0131, oyun yaz\u0131l\u0131mlar\u0131n\u0131 test etme konusunda derinlemesine deneyim kazanm\u0131\u015f ve belirli bir yeterlilik kazanmak isteyen profesyonellere y\u00f6neliktir.\" \/>\n<meta property=\"og:url\" content=\"https:\/\/www.turkishtestingboard.org\/en\/register\/specialist-game-testing\/\" \/>\n<meta property=\"og:site_name\" content=\"Turkish Testing Board\" \/>\n<meta property=\"article:modified_time\" content=\"2026-01-29T15:14:43+00:00\" \/>\n<meta property=\"og:image\" content=\"https:\/\/www.turkishtestingboard.org\/wp-content\/uploads\/2024\/08\/game-testing-product-img.jpg\" \/>\n\t<meta property=\"og:image:width\" content=\"551\" \/>\n\t<meta property=\"og:image:height\" content=\"551\" \/>\n\t<meta property=\"og:image:type\" content=\"image\/jpeg\" \/>\n<meta name=\"twitter:card\" content=\"summary_large_image\" \/>\n<meta name=\"twitter:label1\" content=\"Est. reading time\" \/>\n\t<meta name=\"twitter:data1\" content=\"1 minute\" \/>\n<script type=\"application\/ld+json\" class=\"yoast-schema-graph\">{\"@context\":\"https:\\\/\\\/schema.org\",\"@graph\":[{\"@type\":\"WebPage\",\"@id\":\"https:\\\/\\\/www.turkishtestingboard.org\\\/kayit\\\/specialist-game-testing\\\/\",\"url\":\"https:\\\/\\\/www.turkishtestingboard.org\\\/kayit\\\/specialist-game-testing\\\/\",\"name\":\"Certified Tester Game Testing - Turkish Testing Board\",\"isPartOf\":{\"@id\":\"https:\\\/\\\/www.turkishtestingboard.org\\\/#website\"},\"primaryImageOfPage\":{\"@id\":\"https:\\\/\\\/www.turkishtestingboard.org\\\/kayit\\\/specialist-game-testing\\\/#primaryimage\"},\"image\":{\"@id\":\"https:\\\/\\\/www.turkishtestingboard.org\\\/kayit\\\/specialist-game-testing\\\/#primaryimage\"},\"thumbnailUrl\":\"https:\\\/\\\/www.turkishtestingboard.org\\\/wp-content\\\/uploads\\\/2024\\\/08\\\/game-testing-product-img.jpg\",\"datePublished\":\"2024-08-02T15:41:23+00:00\",\"dateModified\":\"2026-01-29T15:14:43+00:00\",\"breadcrumb\":{\"@id\":\"https:\\\/\\\/www.turkishtestingboard.org\\\/kayit\\\/specialist-game-testing\\\/#breadcrumb\"},\"inLanguage\":\"en-US\",\"potentialAction\":[{\"@type\":\"ReadAction\",\"target\":[\"https:\\\/\\\/www.turkishtestingboard.org\\\/kayit\\\/specialist-game-testing\\\/\"]}]},{\"@type\":\"ImageObject\",\"inLanguage\":\"en-US\",\"@id\":\"https:\\\/\\\/www.turkishtestingboard.org\\\/kayit\\\/specialist-game-testing\\\/#primaryimage\",\"url\":\"https:\\\/\\\/www.turkishtestingboard.org\\\/wp-content\\\/uploads\\\/2024\\\/08\\\/game-testing-product-img.jpg\",\"contentUrl\":\"https:\\\/\\\/www.turkishtestingboard.org\\\/wp-content\\\/uploads\\\/2024\\\/08\\\/game-testing-product-img.jpg\",\"width\":551,\"height\":551},{\"@type\":\"BreadcrumbList\",\"@id\":\"https:\\\/\\\/www.turkishtestingboard.org\\\/kayit\\\/specialist-game-testing\\\/#breadcrumb\",\"itemListElement\":[{\"@type\":\"ListItem\",\"position\":1,\"name\":\"Anasayfa\",\"item\":\"https:\\\/\\\/www.turkishtestingboard.org\\\/\"},{\"@type\":\"ListItem\",\"position\":2,\"name\":\"\u00dcr\u00fcnler\",\"item\":\"https:\\\/\\\/www.turkishtestingboard.org\\\/shop\\\/\"},{\"@type\":\"ListItem\",\"position\":3,\"name\":\"Certified Tester Game Testing\"}]},{\"@type\":\"WebSite\",\"@id\":\"https:\\\/\\\/www.turkishtestingboard.org\\\/#website\",\"url\":\"https:\\\/\\\/www.turkishtestingboard.org\\\/\",\"name\":\"Turkish Testing Board\",\"description\":\"Your gateway to global Software Testing community\",\"publisher\":{\"@id\":\"https:\\\/\\\/www.turkishtestingboard.org\\\/#organization\"},\"potentialAction\":[{\"@type\":\"SearchAction\",\"target\":{\"@type\":\"EntryPoint\",\"urlTemplate\":\"https:\\\/\\\/www.turkishtestingboard.org\\\/?s={search_term_string}\"},\"query-input\":{\"@type\":\"PropertyValueSpecification\",\"valueRequired\":true,\"valueName\":\"search_term_string\"}}],\"inLanguage\":\"en-US\"},{\"@type\":\"Organization\",\"@id\":\"https:\\\/\\\/www.turkishtestingboard.org\\\/#organization\",\"name\":\"Turkish Testing Board\",\"url\":\"https:\\\/\\\/www.turkishtestingboard.org\\\/\",\"logo\":{\"@type\":\"ImageObject\",\"inLanguage\":\"en-US\",\"@id\":\"https:\\\/\\\/www.turkishtestingboard.org\\\/#\\\/schema\\\/logo\\\/image\\\/\",\"url\":\"https:\\\/\\\/fikadigital.com\\\/ttb2021\\\/wp-content\\\/uploads\\\/2021\\\/08\\\/ttblogo2021.png\",\"contentUrl\":\"https:\\\/\\\/fikadigital.com\\\/ttb2021\\\/wp-content\\\/uploads\\\/2021\\\/08\\\/ttblogo2021.png\",\"width\":133,\"height\":100,\"caption\":\"Turkish Testing Board\"},\"image\":{\"@id\":\"https:\\\/\\\/www.turkishtestingboard.org\\\/#\\\/schema\\\/logo\\\/image\\\/\"}}]}<\/script>\n<!-- \/ Yoast SEO plugin. -->","yoast_head_json":{"title":"Certified Tester Game Testing - Turkish Testing Board","robots":{"index":"index","follow":"follow","max-snippet":"max-snippet:-1","max-image-preview":"max-image-preview:large","max-video-preview":"max-video-preview:-1"},"canonical":"https:\/\/www.turkishtestingboard.org\/en\/register\/specialist-game-testing\/","og_locale":"en_US","og_type":"article","og_title":"Certified Tester Game Testing - Turkish Testing Board","og_description":"ISTQB\u00ae Certified Tester Game Testing sertifikas\u0131, oyun yaz\u0131l\u0131mlar\u0131n\u0131 test etme konusunda derinlemesine deneyim kazanm\u0131\u015f ve belirli bir yeterlilik kazanmak isteyen profesyonellere y\u00f6neliktir.","og_url":"https:\/\/www.turkishtestingboard.org\/en\/register\/specialist-game-testing\/","og_site_name":"Turkish Testing Board","article_modified_time":"2026-01-29T15:14:43+00:00","og_image":[{"width":551,"height":551,"url":"https:\/\/www.turkishtestingboard.org\/wp-content\/uploads\/2024\/08\/game-testing-product-img.jpg","type":"image\/jpeg"}],"twitter_card":"summary_large_image","twitter_misc":{"Est. reading time":"1 minute"},"schema":{"@context":"https:\/\/schema.org","@graph":[{"@type":"WebPage","@id":"https:\/\/www.turkishtestingboard.org\/kayit\/specialist-game-testing\/","url":"https:\/\/www.turkishtestingboard.org\/kayit\/specialist-game-testing\/","name":"Certified Tester Game Testing - Turkish Testing Board","isPartOf":{"@id":"https:\/\/www.turkishtestingboard.org\/#website"},"primaryImageOfPage":{"@id":"https:\/\/www.turkishtestingboard.org\/kayit\/specialist-game-testing\/#primaryimage"},"image":{"@id":"https:\/\/www.turkishtestingboard.org\/kayit\/specialist-game-testing\/#primaryimage"},"thumbnailUrl":"https:\/\/www.turkishtestingboard.org\/wp-content\/uploads\/2024\/08\/game-testing-product-img.jpg","datePublished":"2024-08-02T15:41:23+00:00","dateModified":"2026-01-29T15:14:43+00:00","breadcrumb":{"@id":"https:\/\/www.turkishtestingboard.org\/kayit\/specialist-game-testing\/#breadcrumb"},"inLanguage":"en-US","potentialAction":[{"@type":"ReadAction","target":["https:\/\/www.turkishtestingboard.org\/kayit\/specialist-game-testing\/"]}]},{"@type":"ImageObject","inLanguage":"en-US","@id":"https:\/\/www.turkishtestingboard.org\/kayit\/specialist-game-testing\/#primaryimage","url":"https:\/\/www.turkishtestingboard.org\/wp-content\/uploads\/2024\/08\/game-testing-product-img.jpg","contentUrl":"https:\/\/www.turkishtestingboard.org\/wp-content\/uploads\/2024\/08\/game-testing-product-img.jpg","width":551,"height":551},{"@type":"BreadcrumbList","@id":"https:\/\/www.turkishtestingboard.org\/kayit\/specialist-game-testing\/#breadcrumb","itemListElement":[{"@type":"ListItem","position":1,"name":"Anasayfa","item":"https:\/\/www.turkishtestingboard.org\/"},{"@type":"ListItem","position":2,"name":"\u00dcr\u00fcnler","item":"https:\/\/www.turkishtestingboard.org\/shop\/"},{"@type":"ListItem","position":3,"name":"Certified Tester Game Testing"}]},{"@type":"WebSite","@id":"https:\/\/www.turkishtestingboard.org\/#website","url":"https:\/\/www.turkishtestingboard.org\/","name":"Turkish Testing Board","description":"Your gateway to global Software Testing community","publisher":{"@id":"https:\/\/www.turkishtestingboard.org\/#organization"},"potentialAction":[{"@type":"SearchAction","target":{"@type":"EntryPoint","urlTemplate":"https:\/\/www.turkishtestingboard.org\/?s={search_term_string}"},"query-input":{"@type":"PropertyValueSpecification","valueRequired":true,"valueName":"search_term_string"}}],"inLanguage":"en-US"},{"@type":"Organization","@id":"https:\/\/www.turkishtestingboard.org\/#organization","name":"Turkish Testing Board","url":"https:\/\/www.turkishtestingboard.org\/","logo":{"@type":"ImageObject","inLanguage":"en-US","@id":"https:\/\/www.turkishtestingboard.org\/#\/schema\/logo\/image\/","url":"https:\/\/fikadigital.com\/ttb2021\/wp-content\/uploads\/2021\/08\/ttblogo2021.png","contentUrl":"https:\/\/fikadigital.com\/ttb2021\/wp-content\/uploads\/2021\/08\/ttblogo2021.png","width":133,"height":100,"caption":"Turkish Testing Board"},"image":{"@id":"https:\/\/www.turkishtestingboard.org\/#\/schema\/logo\/image\/"}}]}},"_links":{"self":[{"href":"https:\/\/www.turkishtestingboard.org\/en\/wp-json\/wp\/v2\/product\/19883","targetHints":{"allow":["GET"]}}],"collection":[{"href":"https:\/\/www.turkishtestingboard.org\/en\/wp-json\/wp\/v2\/product"}],"about":[{"href":"https:\/\/www.turkishtestingboard.org\/en\/wp-json\/wp\/v2\/types\/product"}],"wp:featuredmedia":[{"embeddable":true,"href":"https:\/\/www.turkishtestingboard.org\/en\/wp-json\/wp\/v2\/media\/19906"}],"wp:attachment":[{"href":"https:\/\/www.turkishtestingboard.org\/en\/wp-json\/wp\/v2\/media?parent=19883"}],"wp:term":[{"taxonomy":"product_brand","embeddable":true,"href":"https:\/\/www.turkishtestingboard.org\/en\/wp-json\/wp\/v2\/product_brand?post=19883"},{"taxonomy":"product_cat","embeddable":true,"href":"https:\/\/www.turkishtestingboard.org\/en\/wp-json\/wp\/v2\/product_cat?post=19883"},{"taxonomy":"product_tag","embeddable":true,"href":"https:\/\/www.turkishtestingboard.org\/en\/wp-json\/wp\/v2\/product_tag?post=19883"}],"curies":[{"name":"wp","href":"https:\/\/api.w.org\/{rel}","templated":true}]}}