{"id":7554,"date":"2022-06-12T15:12:15","date_gmt":"2022-06-12T12:12:15","guid":{"rendered":"https:\/\/www.turkishtestingboard.org\/?page_id=7554"},"modified":"2022-06-12T15:18:39","modified_gmt":"2022-06-12T12:18:39","slug":"temel-seviye-sertifikali-test-uzmani-ders-programi-2018-turkce","status":"publish","type":"page","link":"https:\/\/www.turkishtestingboard.org\/en\/foundation-level-certified-tester-syllabus-2018-turkish\/","title":{"rendered":"Foundation Level Certified Tester Syllabus 2018 Turkish"},"content":{"rendered":"\t\t<div data-elementor-type=\"wp-page\" data-elementor-id=\"7554\" class=\"elementor elementor-7554\">\n\t\t\t\t\t\t<section class=\"elementor-section elementor-top-section elementor-element elementor-element-d84cf5a elementor-section-boxed elementor-section-height-default elementor-section-height-default\" data-id=\"d84cf5a\" data-element_type=\"section\" data-e-type=\"section\" data-settings=\"{&quot;jet_parallax_layout_list&quot;:[{&quot;jet_parallax_layout_image&quot;:{&quot;url&quot;:&quot;&quot;,&quot;id&quot;:&quot;&quot;,&quot;size&quot;:&quot;&quot;},&quot;_id&quot;:&quot;9f44894&quot;,&quot;jet_parallax_layout_image_tablet&quot;:{&quot;url&quot;:&quot;&quot;,&quot;id&quot;:&quot;&quot;,&quot;size&quot;:&quot;&quot;},&quot;jet_parallax_layout_image_mobile&quot;:{&quot;url&quot;:&quot;&quot;,&quot;id&quot;:&quot;&quot;,&quot;size&quot;:&quot;&quot;},&quot;jet_parallax_layout_speed&quot;:{&quot;unit&quot;:&quot;%&quot;,&quot;size&quot;:50,&quot;sizes&quot;:[]},&quot;jet_parallax_layout_type&quot;:&quot;scroll&quot;,&quot;jet_parallax_layout_direction&quot;:&quot;1&quot;,&quot;jet_parallax_layout_fx_direction&quot;:null,&quot;jet_parallax_layout_z_index&quot;:&quot;&quot;,&quot;jet_parallax_layout_bg_x&quot;:50,&quot;jet_parallax_layout_bg_x_tablet&quot;:&quot;&quot;,&quot;jet_parallax_layout_bg_x_mobile&quot;:&quot;&quot;,&quot;jet_parallax_layout_bg_y&quot;:50,&quot;jet_parallax_layout_bg_y_tablet&quot;:&quot;&quot;,&quot;jet_parallax_layout_bg_y_mobile&quot;:&quot;&quot;,&quot;jet_parallax_layout_bg_size&quot;:&quot;auto&quot;,&quot;jet_parallax_layout_bg_size_tablet&quot;:&quot;&quot;,&quot;jet_parallax_layout_bg_size_mobile&quot;:&quot;&quot;,&quot;jet_parallax_layout_animation_prop&quot;:&quot;transform&quot;,&quot;jet_parallax_layout_on&quot;:[&quot;desktop&quot;,&quot;tablet&quot;]}]}\">\n\t\t\t\t\t\t<div class=\"elementor-container elementor-column-gap-default\">\n\t\t\t\t\t<div class=\"elementor-column elementor-col-100 elementor-top-column elementor-element elementor-element-29960ad\" data-id=\"29960ad\" data-element_type=\"column\" data-e-type=\"column\">\n\t\t\t<div class=\"elementor-widget-wrap elementor-element-populated\">\n\t\t\t\t\t\t<div class=\"elementor-element elementor-element-3797169 elementor-widget elementor-widget-text-editor\" data-id=\"3797169\" data-element_type=\"widget\" data-e-type=\"widget\" data-widget_type=\"text-editor.default\">\n\t\t\t\t<div class=\"elementor-widget-container\">\n\t\t\t\t\t\t\t\t\t<p>ISTQB\u00ae Sertifikal\u0131 Test Uzman\u0131 Temel Seviye Ders Program\u0131n\u0131n 2011 T\u00fcrk\u00e7e versiyonunun yay\u0131nlamas\u0131n\u0131n \u00fczerinden 7 y\u0131ldan fazla zaman ge\u00e7ti. Bu s\u00fcre zarf\u0131nda hem yaz\u0131l\u0131m test sekt\u00f6r\u00fcnde \u00e7ok \u00f6nemli geli\u015fmeler oldu. ISTQB\u00ae Sertifikal\u0131 Test Uzman\u0131 Temel Seviye Ders Program\u0131 2018 versiyonu, de\u011fi\u015fen yaz\u0131l\u0131m ve yaz\u0131l\u0131m test d\u00fcnyas\u0131ndaki son geli\u015fmeleri yans\u0131tmak amac\u0131yla ISTQB\u00ae taraf\u0131ndan revize edilerek, Haziran 2018\u2019de bili\u015fim sekt\u00f6r\u00fcn\u00fcn hizmetine sunulmu\u015ftur. Dok\u00fcmanda \u00f6zellikle \u00c7evik yaz\u0131l\u0131m geli\u015ftirme \u00e7er\u00e7evelerinin teste etkisi g\u00f6ze \u00e7arpmaktad\u0131r. Bu de\u011ferli dok\u00fcman, Yaz\u0131l\u0131m Test ve Kalite Derne\u011fi \u00e7eviri \u00e7al\u0131\u015fma grubu taraf\u0131ndan, sekt\u00f6r profesyonellerine sunmak amac\u0131yla Aral\u0131k 2019 itibariyle yay\u0131mlanm\u0131\u015ft\u0131r.<\/p><p>Dok\u00fcmana a\u015fa\u011f\u0131daki butondan ula\u015fabilirsiniz. <\/p>\t\t\t\t\t\t\t\t<\/div>\n\t\t\t\t<\/div>\n\t\t\t\t<div class=\"elementor-element elementor-element-608bc03 elementor-align-center elementor-widget elementor-widget-raven-button\" data-id=\"608bc03\" data-element_type=\"widget\" data-e-type=\"widget\" data-settings=\"{&quot;turn_to_popup_action_button&quot;:&quot;no&quot;}\" data-widget_type=\"raven-button.default\">\n\t\t\t\t<div class=\"elementor-widget-container\">\n\t\t\t\t\t\t\t<div class=\"raven-widget-wrapper\">\n\t\t\t<a class=\"raven-button raven-button-widget-normal-effect-none  raven-button-text-align-center raven-button-link elementor-animation-grow\" href=\"https:\/\/www.turkishtestingboard.org\/wp-content\/uploads\/2020\/06\/Turkce-Foundation-Level-Syllabus-T%C3%BCrk%C3%A7e-2018_20200629.pdf\" target=\"_blank\">\t\t\t\t<div class=\"raven-button-overlay\" ><\/div>\n\t\t\t\t<span class=\"raven-button-content\">\n\t\t\t\t\t\n\t\t\t\t\t<div class=\"button-text-container\">\n\t\t\t\t\t\t\t\t\t<span class=\"raven-button-icon raven-button-icon-position-left\">\n\t\t\t\t<i aria-hidden=\"true\" class=\"far fa-check-circle\"><\/i>\t\t\t<\/span>\n\t\t\t\t\t\t\t\t<div class=\"raven-button-texts-wrapper\">\n\t\t\t\t\t\t\t<div class=\"button-text\">\n\t\t\t\t\t\t\t\t<span class=\"raven-button-text\">\n\t\t\t\t\t\t\t\t\tSyllabus\t\t\t\t\t\t\t\t<\/span>\n\t\t\t\t\t\t\t<\/div>\n\t\t\t\t\t\t\t\t\t\t\t\t\t<\/div>\n\t\t\t\t\t\t\t\t\t\t\t<\/div>\n\t\t\t\t\t\n\t\t\t\t\t\t\t\t\t<\/span>\n\t\t\t<\/a>\t\t<\/div>\n\t\t\t\t\t\t<\/div>\n\t\t\t\t<\/div>\n\t\t\t\t<div class=\"elementor-element elementor-element-6d12909 elementor-widget elementor-widget-image\" data-id=\"6d12909\" data-element_type=\"widget\" data-e-type=\"widget\" data-widget_type=\"image.default\">\n\t\t\t\t<div class=\"elementor-widget-container\">\n\t\t\t\t\t\t\t\t\t\t\t\t\t\t\t<img fetchpriority=\"high\" decoding=\"async\" width=\"1251\" height=\"657\" src=\"https:\/\/www.turkishtestingboard.org\/wp-content\/uploads\/2022\/06\/Foundation-Level-Syllabus-tr-en.png\" class=\"attachment-full size-full wp-image-7549\" alt=\"\" srcset=\"https:\/\/www.turkishtestingboard.org\/wp-content\/uploads\/2022\/06\/Foundation-Level-Syllabus-tr-en.png 1251w, https:\/\/www.turkishtestingboard.org\/wp-content\/uploads\/2022\/06\/Foundation-Level-Syllabus-tr-en-350x184.png 350w, https:\/\/www.turkishtestingboard.org\/wp-content\/uploads\/2022\/06\/Foundation-Level-Syllabus-tr-en-551x289.png 551w, https:\/\/www.turkishtestingboard.org\/wp-content\/uploads\/2022\/06\/Foundation-Level-Syllabus-tr-en-300x158.png 300w, https:\/\/www.turkishtestingboard.org\/wp-content\/uploads\/2022\/06\/Foundation-Level-Syllabus-tr-en-1024x538.png 1024w, https:\/\/www.turkishtestingboard.org\/wp-content\/uploads\/2022\/06\/Foundation-Level-Syllabus-tr-en-768x403.png 768w, https:\/\/www.turkishtestingboard.org\/wp-content\/uploads\/2022\/06\/Foundation-Level-Syllabus-tr-en-18x9.png 18w\" sizes=\"(max-width: 1251px) 100vw, 1251px\" \/>\t\t\t\t\t\t\t\t\t\t\t\t\t\t\t<\/div>\n\t\t\t\t<\/div>\n\t\t\t\t\t<\/div>\n\t\t<\/div>\n\t\t\t\t\t<\/div>\n\t\t<\/section>\n\t\t\t\t<\/div>\n\t\t","protected":false},"excerpt":{"rendered":"<p>ISTQB\u00ae Sertifikal\u0131 Test Uzman\u0131 Temel Seviye Ders Program\u0131n\u0131n 2011 T\u00fcrk\u00e7e versiyonunun yay\u0131nlamas\u0131n\u0131n \u00fczerinden 7 y\u0131ldan fazla zaman ge\u00e7ti. Bu s\u00fcre zarf\u0131nda hem yaz\u0131l\u0131m test sekt\u00f6r\u00fcnde \u00e7ok \u00f6nemli geli\u015fmeler oldu. ISTQB\u00ae Sertifikal\u0131 Test Uzman\u0131 Temel Seviye Ders Program\u0131 2018 versiyonu, de\u011fi\u015fen yaz\u0131l\u0131m ve yaz\u0131l\u0131m test d\u00fcnyas\u0131ndaki son geli\u015fmeleri yans\u0131tmak amac\u0131yla ISTQB\u00ae taraf\u0131ndan revize edilerek, Haziran 2018\u2019de [&hellip;]<\/p>\n","protected":false},"author":1,"featured_media":0,"parent":0,"menu_order":0,"comment_status":"closed","ping_status":"closed","template":"","meta":{"_acf_changed":false,"footnotes":""},"class_list":["post-7554","page","type-page","status-publish","hentry"],"acf":[],"yoast_head":"<!-- This site is optimized with the Yoast SEO plugin v27.4 - https:\/\/yoast.com\/product\/yoast-seo-wordpress\/ -->\n<title>Temel Seviye Sertifikal\u0131 Test Uzman\u0131 Ders Program\u0131 2018 T\u00fcrk\u00e7e - Turkish Testing Board<\/title>\n<meta name=\"robots\" content=\"index, follow, max-snippet:-1, max-image-preview:large, max-video-preview:-1\" \/>\n<link rel=\"canonical\" href=\"https:\/\/www.turkishtestingboard.org\/en\/foundation-level-certified-tester-syllabus-2018-turkish\/\" \/>\n<meta property=\"og:locale\" content=\"en_US\" \/>\n<meta property=\"og:type\" content=\"article\" \/>\n<meta property=\"og:title\" content=\"Temel Seviye Sertifikal\u0131 Test Uzman\u0131 Ders Program\u0131 2018 T\u00fcrk\u00e7e - Turkish Testing Board\" \/>\n<meta property=\"og:description\" content=\"ISTQB\u00ae Sertifikal\u0131 Test Uzman\u0131 Temel Seviye Ders Program\u0131n\u0131n 2011 T\u00fcrk\u00e7e versiyonunun yay\u0131nlamas\u0131n\u0131n \u00fczerinden 7 y\u0131ldan fazla zaman ge\u00e7ti. Bu s\u00fcre zarf\u0131nda hem yaz\u0131l\u0131m test sekt\u00f6r\u00fcnde \u00e7ok \u00f6nemli geli\u015fmeler oldu. ISTQB\u00ae Sertifikal\u0131 Test Uzman\u0131 Temel Seviye Ders Program\u0131 2018 versiyonu, de\u011fi\u015fen yaz\u0131l\u0131m ve yaz\u0131l\u0131m test d\u00fcnyas\u0131ndaki son geli\u015fmeleri yans\u0131tmak amac\u0131yla ISTQB\u00ae taraf\u0131ndan revize edilerek, Haziran 2018\u2019de [&hellip;]\" \/>\n<meta property=\"og:url\" content=\"https:\/\/www.turkishtestingboard.org\/en\/foundation-level-certified-tester-syllabus-2018-turkish\/\" \/>\n<meta property=\"og:site_name\" content=\"Turkish Testing Board\" \/>\n<meta property=\"article:modified_time\" content=\"2022-06-12T12:18:39+00:00\" \/>\n<meta property=\"og:image\" content=\"https:\/\/www.turkishtestingboard.org\/wp-content\/uploads\/2022\/06\/Foundation-Level-Syllabus-tr-en.png\" \/>\n<meta name=\"twitter:card\" content=\"summary_large_image\" \/>\n<meta name=\"twitter:label1\" content=\"Est. reading time\" \/>\n\t<meta name=\"twitter:data1\" content=\"1 minute\" \/>\n<script type=\"application\/ld+json\" class=\"yoast-schema-graph\">{\"@context\":\"https:\\\/\\\/schema.org\",\"@graph\":[{\"@type\":\"WebPage\",\"@id\":\"https:\\\/\\\/www.turkishtestingboard.org\\\/temel-seviye-sertifikali-test-uzmani-ders-programi-2018-turkce\\\/\",\"url\":\"https:\\\/\\\/www.turkishtestingboard.org\\\/temel-seviye-sertifikali-test-uzmani-ders-programi-2018-turkce\\\/\",\"name\":\"Temel Seviye Sertifikal\u0131 Test Uzman\u0131 Ders Program\u0131 2018 T\u00fcrk\u00e7e - Turkish Testing Board\",\"isPartOf\":{\"@id\":\"https:\\\/\\\/www.turkishtestingboard.org\\\/#website\"},\"primaryImageOfPage\":{\"@id\":\"https:\\\/\\\/www.turkishtestingboard.org\\\/temel-seviye-sertifikali-test-uzmani-ders-programi-2018-turkce\\\/#primaryimage\"},\"image\":{\"@id\":\"https:\\\/\\\/www.turkishtestingboard.org\\\/temel-seviye-sertifikali-test-uzmani-ders-programi-2018-turkce\\\/#primaryimage\"},\"thumbnailUrl\":\"https:\\\/\\\/www.turkishtestingboard.org\\\/wp-content\\\/uploads\\\/2022\\\/06\\\/Foundation-Level-Syllabus-tr-en.png\",\"datePublished\":\"2022-06-12T12:12:15+00:00\",\"dateModified\":\"2022-06-12T12:18:39+00:00\",\"breadcrumb\":{\"@id\":\"https:\\\/\\\/www.turkishtestingboard.org\\\/temel-seviye-sertifikali-test-uzmani-ders-programi-2018-turkce\\\/#breadcrumb\"},\"inLanguage\":\"en-US\",\"potentialAction\":[{\"@type\":\"ReadAction\",\"target\":[\"https:\\\/\\\/www.turkishtestingboard.org\\\/temel-seviye-sertifikali-test-uzmani-ders-programi-2018-turkce\\\/\"]}]},{\"@type\":\"ImageObject\",\"inLanguage\":\"en-US\",\"@id\":\"https:\\\/\\\/www.turkishtestingboard.org\\\/temel-seviye-sertifikali-test-uzmani-ders-programi-2018-turkce\\\/#primaryimage\",\"url\":\"https:\\\/\\\/www.turkishtestingboard.org\\\/wp-content\\\/uploads\\\/2022\\\/06\\\/Foundation-Level-Syllabus-tr-en.png\",\"contentUrl\":\"https:\\\/\\\/www.turkishtestingboard.org\\\/wp-content\\\/uploads\\\/2022\\\/06\\\/Foundation-Level-Syllabus-tr-en.png\"},{\"@type\":\"BreadcrumbList\",\"@id\":\"https:\\\/\\\/www.turkishtestingboard.org\\\/temel-seviye-sertifikali-test-uzmani-ders-programi-2018-turkce\\\/#breadcrumb\",\"itemListElement\":[{\"@type\":\"ListItem\",\"position\":1,\"name\":\"Anasayfa\",\"item\":\"https:\\\/\\\/www.turkishtestingboard.org\\\/\"},{\"@type\":\"ListItem\",\"position\":2,\"name\":\"Temel Seviye Sertifikal\u0131 Test Uzman\u0131 Ders Program\u0131 2018 T\u00fcrk\u00e7e\"}]},{\"@type\":\"WebSite\",\"@id\":\"https:\\\/\\\/www.turkishtestingboard.org\\\/#website\",\"url\":\"https:\\\/\\\/www.turkishtestingboard.org\\\/\",\"name\":\"Turkish Testing Board\",\"description\":\"Your gateway to global Software Testing community\",\"publisher\":{\"@id\":\"https:\\\/\\\/www.turkishtestingboard.org\\\/#organization\"},\"potentialAction\":[{\"@type\":\"SearchAction\",\"target\":{\"@type\":\"EntryPoint\",\"urlTemplate\":\"https:\\\/\\\/www.turkishtestingboard.org\\\/?s={search_term_string}\"},\"query-input\":{\"@type\":\"PropertyValueSpecification\",\"valueRequired\":true,\"valueName\":\"search_term_string\"}}],\"inLanguage\":\"en-US\"},{\"@type\":\"Organization\",\"@id\":\"https:\\\/\\\/www.turkishtestingboard.org\\\/#organization\",\"name\":\"Turkish Testing Board\",\"url\":\"https:\\\/\\\/www.turkishtestingboard.org\\\/\",\"logo\":{\"@type\":\"ImageObject\",\"inLanguage\":\"en-US\",\"@id\":\"https:\\\/\\\/www.turkishtestingboard.org\\\/#\\\/schema\\\/logo\\\/image\\\/\",\"url\":\"https:\\\/\\\/fikadigital.com\\\/ttb2021\\\/wp-content\\\/uploads\\\/2021\\\/08\\\/ttblogo2021.png\",\"contentUrl\":\"https:\\\/\\\/fikadigital.com\\\/ttb2021\\\/wp-content\\\/uploads\\\/2021\\\/08\\\/ttblogo2021.png\",\"width\":133,\"height\":100,\"caption\":\"Turkish Testing Board\"},\"image\":{\"@id\":\"https:\\\/\\\/www.turkishtestingboard.org\\\/#\\\/schema\\\/logo\\\/image\\\/\"}}]}<\/script>\n<!-- \/ Yoast SEO plugin. -->","yoast_head_json":{"title":"Foundation Level Certified Tester Syllabus 2018 Turkish - Turkish Testing Board","robots":{"index":"index","follow":"follow","max-snippet":"max-snippet:-1","max-image-preview":"max-image-preview:large","max-video-preview":"max-video-preview:-1"},"canonical":"https:\/\/www.turkishtestingboard.org\/en\/foundation-level-certified-tester-syllabus-2018-turkish\/","og_locale":"en_US","og_type":"article","og_title":"Temel Seviye Sertifikal\u0131 Test Uzman\u0131 Ders Program\u0131 2018 T\u00fcrk\u00e7e - Turkish Testing Board","og_description":"ISTQB\u00ae Sertifikal\u0131 Test Uzman\u0131 Temel Seviye Ders Program\u0131n\u0131n 2011 T\u00fcrk\u00e7e versiyonunun yay\u0131nlamas\u0131n\u0131n \u00fczerinden 7 y\u0131ldan fazla zaman ge\u00e7ti. Bu s\u00fcre zarf\u0131nda hem yaz\u0131l\u0131m test sekt\u00f6r\u00fcnde \u00e7ok \u00f6nemli geli\u015fmeler oldu. ISTQB\u00ae Sertifikal\u0131 Test Uzman\u0131 Temel Seviye Ders Program\u0131 2018 versiyonu, de\u011fi\u015fen yaz\u0131l\u0131m ve yaz\u0131l\u0131m test d\u00fcnyas\u0131ndaki son geli\u015fmeleri yans\u0131tmak amac\u0131yla ISTQB\u00ae taraf\u0131ndan revize edilerek, Haziran 2018\u2019de [&hellip;]","og_url":"https:\/\/www.turkishtestingboard.org\/en\/foundation-level-certified-tester-syllabus-2018-turkish\/","og_site_name":"Turkish Testing Board","article_modified_time":"2022-06-12T12:18:39+00:00","og_image":[{"url":"https:\/\/www.turkishtestingboard.org\/wp-content\/uploads\/2022\/06\/Foundation-Level-Syllabus-tr-en.png","type":"","width":"","height":""}],"twitter_card":"summary_large_image","twitter_misc":{"Est. reading time":"1 minute"},"schema":{"@context":"https:\/\/schema.org","@graph":[{"@type":"WebPage","@id":"https:\/\/www.turkishtestingboard.org\/temel-seviye-sertifikali-test-uzmani-ders-programi-2018-turkce\/","url":"https:\/\/www.turkishtestingboard.org\/temel-seviye-sertifikali-test-uzmani-ders-programi-2018-turkce\/","name":"Foundation Level Certified Tester Syllabus 2018 Turkish - Turkish Testing Board","isPartOf":{"@id":"https:\/\/www.turkishtestingboard.org\/#website"},"primaryImageOfPage":{"@id":"https:\/\/www.turkishtestingboard.org\/temel-seviye-sertifikali-test-uzmani-ders-programi-2018-turkce\/#primaryimage"},"image":{"@id":"https:\/\/www.turkishtestingboard.org\/temel-seviye-sertifikali-test-uzmani-ders-programi-2018-turkce\/#primaryimage"},"thumbnailUrl":"https:\/\/www.turkishtestingboard.org\/wp-content\/uploads\/2022\/06\/Foundation-Level-Syllabus-tr-en.png","datePublished":"2022-06-12T12:12:15+00:00","dateModified":"2022-06-12T12:18:39+00:00","breadcrumb":{"@id":"https:\/\/www.turkishtestingboard.org\/temel-seviye-sertifikali-test-uzmani-ders-programi-2018-turkce\/#breadcrumb"},"inLanguage":"en-US","potentialAction":[{"@type":"ReadAction","target":["https:\/\/www.turkishtestingboard.org\/temel-seviye-sertifikali-test-uzmani-ders-programi-2018-turkce\/"]}]},{"@type":"ImageObject","inLanguage":"en-US","@id":"https:\/\/www.turkishtestingboard.org\/temel-seviye-sertifikali-test-uzmani-ders-programi-2018-turkce\/#primaryimage","url":"https:\/\/www.turkishtestingboard.org\/wp-content\/uploads\/2022\/06\/Foundation-Level-Syllabus-tr-en.png","contentUrl":"https:\/\/www.turkishtestingboard.org\/wp-content\/uploads\/2022\/06\/Foundation-Level-Syllabus-tr-en.png"},{"@type":"BreadcrumbList","@id":"https:\/\/www.turkishtestingboard.org\/temel-seviye-sertifikali-test-uzmani-ders-programi-2018-turkce\/#breadcrumb","itemListElement":[{"@type":"ListItem","position":1,"name":"Anasayfa","item":"https:\/\/www.turkishtestingboard.org\/"},{"@type":"ListItem","position":2,"name":"Temel Seviye Sertifikal\u0131 Test Uzman\u0131 Ders Program\u0131 2018 T\u00fcrk\u00e7e"}]},{"@type":"WebSite","@id":"https:\/\/www.turkishtestingboard.org\/#website","url":"https:\/\/www.turkishtestingboard.org\/","name":"Turkish Testing Board","description":"Your gateway to global Software Testing community","publisher":{"@id":"https:\/\/www.turkishtestingboard.org\/#organization"},"potentialAction":[{"@type":"SearchAction","target":{"@type":"EntryPoint","urlTemplate":"https:\/\/www.turkishtestingboard.org\/?s={search_term_string}"},"query-input":{"@type":"PropertyValueSpecification","valueRequired":true,"valueName":"search_term_string"}}],"inLanguage":"en-US"},{"@type":"Organization","@id":"https:\/\/www.turkishtestingboard.org\/#organization","name":"Turkish Testing Board","url":"https:\/\/www.turkishtestingboard.org\/","logo":{"@type":"ImageObject","inLanguage":"en-US","@id":"https:\/\/www.turkishtestingboard.org\/#\/schema\/logo\/image\/","url":"https:\/\/fikadigital.com\/ttb2021\/wp-content\/uploads\/2021\/08\/ttblogo2021.png","contentUrl":"https:\/\/fikadigital.com\/ttb2021\/wp-content\/uploads\/2021\/08\/ttblogo2021.png","width":133,"height":100,"caption":"Turkish Testing Board"},"image":{"@id":"https:\/\/www.turkishtestingboard.org\/#\/schema\/logo\/image\/"}}]}},"_links":{"self":[{"href":"https:\/\/www.turkishtestingboard.org\/en\/wp-json\/wp\/v2\/pages\/7554","targetHints":{"allow":["GET"]}}],"collection":[{"href":"https:\/\/www.turkishtestingboard.org\/en\/wp-json\/wp\/v2\/pages"}],"about":[{"href":"https:\/\/www.turkishtestingboard.org\/en\/wp-json\/wp\/v2\/types\/page"}],"author":[{"embeddable":true,"href":"https:\/\/www.turkishtestingboard.org\/en\/wp-json\/wp\/v2\/users\/1"}],"replies":[{"embeddable":true,"href":"https:\/\/www.turkishtestingboard.org\/en\/wp-json\/wp\/v2\/comments?post=7554"}],"version-history":[{"count":0,"href":"https:\/\/www.turkishtestingboard.org\/en\/wp-json\/wp\/v2\/pages\/7554\/revisions"}],"wp:attachment":[{"href":"https:\/\/www.turkishtestingboard.org\/en\/wp-json\/wp\/v2\/media?parent=7554"}],"curies":[{"name":"wp","href":"https:\/\/api.w.org\/{rel}","templated":true}]}}