{"id":7539,"date":"2022-06-12T14:46:14","date_gmt":"2022-06-12T11:46:14","guid":{"rendered":"https:\/\/www.turkishtestingboard.org\/?page_id=7539"},"modified":"2025-04-23T07:11:08","modified_gmt":"2025-04-23T04:11:08","slug":"agile-cevik-test-uzmani-ders-programi-2014-ingilizce","status":"publish","type":"page","link":"https:\/\/www.turkishtestingboard.org\/en\/agile-tester-syllabus-2014-english\/","title":{"rendered":"Certified Tester Foundation Level Agile Tester (CT-AT) Syllabus - English"},"content":{"rendered":"\t\t<div data-elementor-type=\"wp-page\" data-elementor-id=\"7539\" class=\"elementor elementor-7539\">\n\t\t\t\t\t\t<section class=\"elementor-section elementor-top-section elementor-element elementor-element-d84cf5a elementor-section-boxed elementor-section-height-default elementor-section-height-default\" data-id=\"d84cf5a\" data-element_type=\"section\" data-e-type=\"section\" data-settings=\"{&quot;jet_parallax_layout_list&quot;:[{&quot;jet_parallax_layout_image&quot;:{&quot;url&quot;:&quot;&quot;,&quot;id&quot;:&quot;&quot;,&quot;size&quot;:&quot;&quot;},&quot;_id&quot;:&quot;9f44894&quot;,&quot;jet_parallax_layout_image_tablet&quot;:{&quot;url&quot;:&quot;&quot;,&quot;id&quot;:&quot;&quot;,&quot;size&quot;:&quot;&quot;},&quot;jet_parallax_layout_image_mobile&quot;:{&quot;url&quot;:&quot;&quot;,&quot;id&quot;:&quot;&quot;,&quot;size&quot;:&quot;&quot;},&quot;jet_parallax_layout_speed&quot;:{&quot;unit&quot;:&quot;%&quot;,&quot;size&quot;:50,&quot;sizes&quot;:[]},&quot;jet_parallax_layout_type&quot;:&quot;scroll&quot;,&quot;jet_parallax_layout_direction&quot;:&quot;1&quot;,&quot;jet_parallax_layout_fx_direction&quot;:null,&quot;jet_parallax_layout_z_index&quot;:&quot;&quot;,&quot;jet_parallax_layout_bg_x&quot;:50,&quot;jet_parallax_layout_bg_x_tablet&quot;:&quot;&quot;,&quot;jet_parallax_layout_bg_x_mobile&quot;:&quot;&quot;,&quot;jet_parallax_layout_bg_y&quot;:50,&quot;jet_parallax_layout_bg_y_tablet&quot;:&quot;&quot;,&quot;jet_parallax_layout_bg_y_mobile&quot;:&quot;&quot;,&quot;jet_parallax_layout_bg_size&quot;:&quot;auto&quot;,&quot;jet_parallax_layout_bg_size_tablet&quot;:&quot;&quot;,&quot;jet_parallax_layout_bg_size_mobile&quot;:&quot;&quot;,&quot;jet_parallax_layout_animation_prop&quot;:&quot;transform&quot;,&quot;jet_parallax_layout_on&quot;:[&quot;desktop&quot;,&quot;tablet&quot;]}]}\">\n\t\t\t\t\t\t<div class=\"elementor-container elementor-column-gap-default\">\n\t\t\t\t\t<div class=\"elementor-column elementor-col-100 elementor-top-column elementor-element elementor-element-29960ad\" data-id=\"29960ad\" data-element_type=\"column\" data-e-type=\"column\">\n\t\t\t<div class=\"elementor-widget-wrap elementor-element-populated\">\n\t\t\t\t\t\t<div class=\"elementor-element elementor-element-3797169 elementor-widget elementor-widget-text-editor\" data-id=\"3797169\" data-element_type=\"widget\" data-e-type=\"widget\" data-widget_type=\"text-editor.default\">\n\t\t\t\t<div class=\"elementor-widget-container\">\n\t\t\t\t\t\t\t\t\t<p>ISTQB\u00ae Genel Kurulu taraf\u0131ndan 2014&#8217;de yay\u0131mlanan Agile Tester Syllabus, yaz\u0131l\u0131m test sekt\u00f6r\u00fcnde \u00c7evik Test Uzman\u0131 olarak yer almak isteyen herkes i\u00e7in temel kavray\u0131\u015f ve bilgi sa\u011flayan \u00f6nemli bir kaynakt\u0131r.<\/p><p>Agile (\u00c7evik) test, \u00c7evik Manifesto\u2019da a\u00e7\u0131k\u00e7a belirtildi\u011fi gibi \u00e7evik yaz\u0131l\u0131m geli\u015ftirme ilkelerini izleyen, yaz\u0131l\u0131m sekt\u00f6r\u00fc i\u00e7in nispeten yeni bir yakla\u015f\u0131md\u0131r. ISTQB\u00ae, d\u00fcnyada geni\u015f \u00f6l\u00e7\u00fcde kabul g\u00f6ren \u00c7evik uygulamalar\u0131n \u00f6nemini kabul eder ve mevcut mod\u00fcl\u00fc ileri seviye mod\u00fcllerle tamamlar. Bu syllabus&#8217;ta Agile yaz\u0131l\u0131m testi i\u00e7in \u00f6zel \u00f6nemi olan faaliyetler daha derinlemesine ele al\u0131nmaktad\u0131r.<\/p><p>Dok\u00fcmana a\u015fa\u011f\u0131daki butondan ula\u015fabilirsiniz.<\/p>\t\t\t\t\t\t\t\t<\/div>\n\t\t\t\t<\/div>\n\t\t\t\t<div class=\"elementor-element elementor-element-608bc03 elementor-align-center elementor-widget elementor-widget-raven-button\" data-id=\"608bc03\" data-element_type=\"widget\" data-e-type=\"widget\" data-settings=\"{&quot;turn_to_popup_action_button&quot;:&quot;no&quot;}\" data-widget_type=\"raven-button.default\">\n\t\t\t\t<div class=\"elementor-widget-container\">\n\t\t\t\t\t\t\t<div class=\"raven-widget-wrapper\">\n\t\t\t<a class=\"raven-button raven-button-widget-normal-effect-none  raven-button-text-align-center raven-button-link elementor-animation-grow\" href=\"https:\/\/turkishtestingboard.org\/files\/Agile-Test-Syllabus.pdf\" target=\"_blank\">\t\t\t\t<div class=\"raven-button-overlay\" ><\/div>\n\t\t\t\t<span class=\"raven-button-content\">\n\t\t\t\t\t\n\t\t\t\t\t<div class=\"button-text-container\">\n\t\t\t\t\t\t\t\t\t<span class=\"raven-button-icon raven-button-icon-position-left\">\n\t\t\t\t<i aria-hidden=\"true\" class=\"far fa-check-circle\"><\/i>\t\t\t<\/span>\n\t\t\t\t\t\t\t\t<div class=\"raven-button-texts-wrapper\">\n\t\t\t\t\t\t\t<div class=\"button-text\">\n\t\t\t\t\t\t\t\t<span class=\"raven-button-text\">\n\t\t\t\t\t\t\t\t\tSyllabus\t\t\t\t\t\t\t\t<\/span>\n\t\t\t\t\t\t\t<\/div>\n\t\t\t\t\t\t\t\t\t\t\t\t\t<\/div>\n\t\t\t\t\t\t\t\t\t\t\t<\/div>\n\t\t\t\t\t\n\t\t\t\t\t\t\t\t\t<\/span>\n\t\t\t<\/a>\t\t<\/div>\n\t\t\t\t\t\t<\/div>\n\t\t\t\t<\/div>\n\t\t\t\t<div class=\"elementor-element elementor-element-6d12909 elementor-widget elementor-widget-image\" data-id=\"6d12909\" data-element_type=\"widget\" data-e-type=\"widget\" data-widget_type=\"image.default\">\n\t\t\t\t<div class=\"elementor-widget-container\">\n\t\t\t\t\t\t\t\t\t\t\t\t\t\t\t<img fetchpriority=\"high\" decoding=\"async\" width=\"1251\" height=\"497\" src=\"https:\/\/www.turkishtestingboard.org\/wp-content\/uploads\/2022\/06\/Agile-ders-programi.png\" class=\"attachment-full size-full wp-image-7541\" alt=\"\" srcset=\"https:\/\/www.turkishtestingboard.org\/wp-content\/uploads\/2022\/06\/Agile-ders-programi.png 1251w, https:\/\/www.turkishtestingboard.org\/wp-content\/uploads\/2022\/06\/Agile-ders-programi-350x139.png 350w, https:\/\/www.turkishtestingboard.org\/wp-content\/uploads\/2022\/06\/Agile-ders-programi-551x219.png 551w, https:\/\/www.turkishtestingboard.org\/wp-content\/uploads\/2022\/06\/Agile-ders-programi-300x119.png 300w, https:\/\/www.turkishtestingboard.org\/wp-content\/uploads\/2022\/06\/Agile-ders-programi-1024x407.png 1024w, https:\/\/www.turkishtestingboard.org\/wp-content\/uploads\/2022\/06\/Agile-ders-programi-768x305.png 768w, https:\/\/www.turkishtestingboard.org\/wp-content\/uploads\/2022\/06\/Agile-ders-programi-18x7.png 18w\" sizes=\"(max-width: 1251px) 100vw, 1251px\" \/>\t\t\t\t\t\t\t\t\t\t\t\t\t\t\t<\/div>\n\t\t\t\t<\/div>\n\t\t\t\t\t<\/div>\n\t\t<\/div>\n\t\t\t\t\t<\/div>\n\t\t<\/section>\n\t\t\t\t<\/div>\n\t\t","protected":false},"excerpt":{"rendered":"<p>ISTQB\u00ae Genel Kurulu taraf\u0131ndan 2014&#8217;de yay\u0131mlanan Agile Tester Syllabus, yaz\u0131l\u0131m test sekt\u00f6r\u00fcnde \u00c7evik Test Uzman\u0131 olarak yer almak isteyen herkes i\u00e7in temel kavray\u0131\u015f ve bilgi sa\u011flayan \u00f6nemli bir kaynakt\u0131r. Agile (\u00c7evik) test, \u00c7evik Manifesto\u2019da a\u00e7\u0131k\u00e7a belirtildi\u011fi gibi \u00e7evik yaz\u0131l\u0131m geli\u015ftirme ilkelerini izleyen, yaz\u0131l\u0131m sekt\u00f6r\u00fc i\u00e7in nispeten yeni bir yakla\u015f\u0131md\u0131r. ISTQB\u00ae, d\u00fcnyada geni\u015f \u00f6l\u00e7\u00fcde kabul g\u00f6ren [&hellip;]<\/p>\n","protected":false},"author":1,"featured_media":0,"parent":0,"menu_order":0,"comment_status":"closed","ping_status":"closed","template":"","meta":{"_acf_changed":false,"footnotes":""},"class_list":["post-7539","page","type-page","status-publish","hentry"],"acf":[],"yoast_head":"<!-- This site is optimized with the Yoast SEO plugin v27.4 - https:\/\/yoast.com\/product\/yoast-seo-wordpress\/ -->\n<title>Sertifikal\u0131 Test Uzman\u0131 Temel Seviye \u00c7evik Test Uzman\u0131 (CT-AT) M\u00fcfredat\u0131- \u0130ngilizce - Turkish Testing Board<\/title>\n<meta name=\"robots\" content=\"index, follow, max-snippet:-1, max-image-preview:large, max-video-preview:-1\" \/>\n<link rel=\"canonical\" href=\"https:\/\/www.turkishtestingboard.org\/en\/agile-tester-syllabus-2014-english\/\" \/>\n<meta property=\"og:locale\" content=\"en_US\" \/>\n<meta property=\"og:type\" content=\"article\" \/>\n<meta property=\"og:title\" content=\"Sertifikal\u0131 Test Uzman\u0131 Temel Seviye \u00c7evik Test Uzman\u0131 (CT-AT) M\u00fcfredat\u0131- \u0130ngilizce - Turkish Testing Board\" \/>\n<meta property=\"og:description\" content=\"ISTQB\u00ae Genel Kurulu taraf\u0131ndan 2014&#8217;de yay\u0131mlanan Agile Tester Syllabus, yaz\u0131l\u0131m test sekt\u00f6r\u00fcnde \u00c7evik Test Uzman\u0131 olarak yer almak isteyen herkes i\u00e7in temel kavray\u0131\u015f ve bilgi sa\u011flayan \u00f6nemli bir kaynakt\u0131r. Agile (\u00c7evik) test, \u00c7evik Manifesto\u2019da a\u00e7\u0131k\u00e7a belirtildi\u011fi gibi \u00e7evik yaz\u0131l\u0131m geli\u015ftirme ilkelerini izleyen, yaz\u0131l\u0131m sekt\u00f6r\u00fc i\u00e7in nispeten yeni bir yakla\u015f\u0131md\u0131r. ISTQB\u00ae, d\u00fcnyada geni\u015f \u00f6l\u00e7\u00fcde kabul g\u00f6ren [&hellip;]\" \/>\n<meta property=\"og:url\" content=\"https:\/\/www.turkishtestingboard.org\/en\/agile-tester-syllabus-2014-english\/\" \/>\n<meta property=\"og:site_name\" content=\"Turkish Testing Board\" \/>\n<meta property=\"article:modified_time\" content=\"2025-04-23T04:11:08+00:00\" \/>\n<meta property=\"og:image\" content=\"https:\/\/www.turkishtestingboard.org\/wp-content\/uploads\/2022\/06\/Agile-ders-programi.png\" \/>\n<meta name=\"twitter:card\" content=\"summary_large_image\" \/>\n<meta name=\"twitter:label1\" content=\"Est. reading time\" \/>\n\t<meta name=\"twitter:data1\" content=\"1 minute\" \/>\n<script type=\"application\/ld+json\" class=\"yoast-schema-graph\">{\"@context\":\"https:\\\/\\\/schema.org\",\"@graph\":[{\"@type\":\"WebPage\",\"@id\":\"https:\\\/\\\/www.turkishtestingboard.org\\\/agile-cevik-test-uzmani-ders-programi-2014-ingilizce\\\/\",\"url\":\"https:\\\/\\\/www.turkishtestingboard.org\\\/agile-cevik-test-uzmani-ders-programi-2014-ingilizce\\\/\",\"name\":\"Sertifikal\u0131 Test Uzman\u0131 Temel Seviye \u00c7evik Test Uzman\u0131 (CT-AT) M\u00fcfredat\u0131- \u0130ngilizce - Turkish Testing Board\",\"isPartOf\":{\"@id\":\"https:\\\/\\\/www.turkishtestingboard.org\\\/#website\"},\"primaryImageOfPage\":{\"@id\":\"https:\\\/\\\/www.turkishtestingboard.org\\\/agile-cevik-test-uzmani-ders-programi-2014-ingilizce\\\/#primaryimage\"},\"image\":{\"@id\":\"https:\\\/\\\/www.turkishtestingboard.org\\\/agile-cevik-test-uzmani-ders-programi-2014-ingilizce\\\/#primaryimage\"},\"thumbnailUrl\":\"https:\\\/\\\/www.turkishtestingboard.org\\\/wp-content\\\/uploads\\\/2022\\\/06\\\/Agile-ders-programi.png\",\"datePublished\":\"2022-06-12T11:46:14+00:00\",\"dateModified\":\"2025-04-23T04:11:08+00:00\",\"breadcrumb\":{\"@id\":\"https:\\\/\\\/www.turkishtestingboard.org\\\/agile-cevik-test-uzmani-ders-programi-2014-ingilizce\\\/#breadcrumb\"},\"inLanguage\":\"en-US\",\"potentialAction\":[{\"@type\":\"ReadAction\",\"target\":[\"https:\\\/\\\/www.turkishtestingboard.org\\\/agile-cevik-test-uzmani-ders-programi-2014-ingilizce\\\/\"]}]},{\"@type\":\"ImageObject\",\"inLanguage\":\"en-US\",\"@id\":\"https:\\\/\\\/www.turkishtestingboard.org\\\/agile-cevik-test-uzmani-ders-programi-2014-ingilizce\\\/#primaryimage\",\"url\":\"https:\\\/\\\/www.turkishtestingboard.org\\\/wp-content\\\/uploads\\\/2022\\\/06\\\/Agile-ders-programi.png\",\"contentUrl\":\"https:\\\/\\\/www.turkishtestingboard.org\\\/wp-content\\\/uploads\\\/2022\\\/06\\\/Agile-ders-programi.png\"},{\"@type\":\"BreadcrumbList\",\"@id\":\"https:\\\/\\\/www.turkishtestingboard.org\\\/agile-cevik-test-uzmani-ders-programi-2014-ingilizce\\\/#breadcrumb\",\"itemListElement\":[{\"@type\":\"ListItem\",\"position\":1,\"name\":\"Anasayfa\",\"item\":\"https:\\\/\\\/www.turkishtestingboard.org\\\/\"},{\"@type\":\"ListItem\",\"position\":2,\"name\":\"Sertifikal\u0131 Test Uzman\u0131 Temel Seviye \u00c7evik Test Uzman\u0131 (CT-AT) M\u00fcfredat\u0131- \u0130ngilizce\"}]},{\"@type\":\"WebSite\",\"@id\":\"https:\\\/\\\/www.turkishtestingboard.org\\\/#website\",\"url\":\"https:\\\/\\\/www.turkishtestingboard.org\\\/\",\"name\":\"Turkish Testing Board\",\"description\":\"Your gateway to global Software Testing community\",\"publisher\":{\"@id\":\"https:\\\/\\\/www.turkishtestingboard.org\\\/#organization\"},\"potentialAction\":[{\"@type\":\"SearchAction\",\"target\":{\"@type\":\"EntryPoint\",\"urlTemplate\":\"https:\\\/\\\/www.turkishtestingboard.org\\\/?s={search_term_string}\"},\"query-input\":{\"@type\":\"PropertyValueSpecification\",\"valueRequired\":true,\"valueName\":\"search_term_string\"}}],\"inLanguage\":\"en-US\"},{\"@type\":\"Organization\",\"@id\":\"https:\\\/\\\/www.turkishtestingboard.org\\\/#organization\",\"name\":\"Turkish Testing Board\",\"url\":\"https:\\\/\\\/www.turkishtestingboard.org\\\/\",\"logo\":{\"@type\":\"ImageObject\",\"inLanguage\":\"en-US\",\"@id\":\"https:\\\/\\\/www.turkishtestingboard.org\\\/#\\\/schema\\\/logo\\\/image\\\/\",\"url\":\"https:\\\/\\\/fikadigital.com\\\/ttb2021\\\/wp-content\\\/uploads\\\/2021\\\/08\\\/ttblogo2021.png\",\"contentUrl\":\"https:\\\/\\\/fikadigital.com\\\/ttb2021\\\/wp-content\\\/uploads\\\/2021\\\/08\\\/ttblogo2021.png\",\"width\":133,\"height\":100,\"caption\":\"Turkish Testing Board\"},\"image\":{\"@id\":\"https:\\\/\\\/www.turkishtestingboard.org\\\/#\\\/schema\\\/logo\\\/image\\\/\"}}]}<\/script>\n<!-- \/ Yoast SEO plugin. -->","yoast_head_json":{"title":"Sertifikal\u0131 Test Uzman\u0131 Temel Seviye \u00c7evik Test Uzman\u0131 (CT-AT) M\u00fcfredat\u0131- \u0130ngilizce - Turkish Testing Board","robots":{"index":"index","follow":"follow","max-snippet":"max-snippet:-1","max-image-preview":"max-image-preview:large","max-video-preview":"max-video-preview:-1"},"canonical":"https:\/\/www.turkishtestingboard.org\/en\/agile-tester-syllabus-2014-english\/","og_locale":"en_US","og_type":"article","og_title":"Sertifikal\u0131 Test Uzman\u0131 Temel Seviye \u00c7evik Test Uzman\u0131 (CT-AT) M\u00fcfredat\u0131- \u0130ngilizce - Turkish Testing Board","og_description":"ISTQB\u00ae Genel Kurulu taraf\u0131ndan 2014&#8217;de yay\u0131mlanan Agile Tester Syllabus, yaz\u0131l\u0131m test sekt\u00f6r\u00fcnde \u00c7evik Test Uzman\u0131 olarak yer almak isteyen herkes i\u00e7in temel kavray\u0131\u015f ve bilgi sa\u011flayan \u00f6nemli bir kaynakt\u0131r. Agile (\u00c7evik) test, \u00c7evik Manifesto\u2019da a\u00e7\u0131k\u00e7a belirtildi\u011fi gibi \u00e7evik yaz\u0131l\u0131m geli\u015ftirme ilkelerini izleyen, yaz\u0131l\u0131m sekt\u00f6r\u00fc i\u00e7in nispeten yeni bir yakla\u015f\u0131md\u0131r. ISTQB\u00ae, d\u00fcnyada geni\u015f \u00f6l\u00e7\u00fcde kabul g\u00f6ren [&hellip;]","og_url":"https:\/\/www.turkishtestingboard.org\/en\/agile-tester-syllabus-2014-english\/","og_site_name":"Turkish Testing Board","article_modified_time":"2025-04-23T04:11:08+00:00","og_image":[{"url":"https:\/\/www.turkishtestingboard.org\/wp-content\/uploads\/2022\/06\/Agile-ders-programi.png","type":"","width":"","height":""}],"twitter_card":"summary_large_image","twitter_misc":{"Est. reading time":"1 minute"},"schema":{"@context":"https:\/\/schema.org","@graph":[{"@type":"WebPage","@id":"https:\/\/www.turkishtestingboard.org\/agile-cevik-test-uzmani-ders-programi-2014-ingilizce\/","url":"https:\/\/www.turkishtestingboard.org\/agile-cevik-test-uzmani-ders-programi-2014-ingilizce\/","name":"Sertifikal\u0131 Test Uzman\u0131 Temel Seviye \u00c7evik Test Uzman\u0131 (CT-AT) M\u00fcfredat\u0131- \u0130ngilizce - Turkish Testing Board","isPartOf":{"@id":"https:\/\/www.turkishtestingboard.org\/#website"},"primaryImageOfPage":{"@id":"https:\/\/www.turkishtestingboard.org\/agile-cevik-test-uzmani-ders-programi-2014-ingilizce\/#primaryimage"},"image":{"@id":"https:\/\/www.turkishtestingboard.org\/agile-cevik-test-uzmani-ders-programi-2014-ingilizce\/#primaryimage"},"thumbnailUrl":"https:\/\/www.turkishtestingboard.org\/wp-content\/uploads\/2022\/06\/Agile-ders-programi.png","datePublished":"2022-06-12T11:46:14+00:00","dateModified":"2025-04-23T04:11:08+00:00","breadcrumb":{"@id":"https:\/\/www.turkishtestingboard.org\/agile-cevik-test-uzmani-ders-programi-2014-ingilizce\/#breadcrumb"},"inLanguage":"en-US","potentialAction":[{"@type":"ReadAction","target":["https:\/\/www.turkishtestingboard.org\/agile-cevik-test-uzmani-ders-programi-2014-ingilizce\/"]}]},{"@type":"ImageObject","inLanguage":"en-US","@id":"https:\/\/www.turkishtestingboard.org\/agile-cevik-test-uzmani-ders-programi-2014-ingilizce\/#primaryimage","url":"https:\/\/www.turkishtestingboard.org\/wp-content\/uploads\/2022\/06\/Agile-ders-programi.png","contentUrl":"https:\/\/www.turkishtestingboard.org\/wp-content\/uploads\/2022\/06\/Agile-ders-programi.png"},{"@type":"BreadcrumbList","@id":"https:\/\/www.turkishtestingboard.org\/agile-cevik-test-uzmani-ders-programi-2014-ingilizce\/#breadcrumb","itemListElement":[{"@type":"ListItem","position":1,"name":"Anasayfa","item":"https:\/\/www.turkishtestingboard.org\/"},{"@type":"ListItem","position":2,"name":"Sertifikal\u0131 Test Uzman\u0131 Temel Seviye \u00c7evik Test Uzman\u0131 (CT-AT) M\u00fcfredat\u0131- \u0130ngilizce"}]},{"@type":"WebSite","@id":"https:\/\/www.turkishtestingboard.org\/#website","url":"https:\/\/www.turkishtestingboard.org\/","name":"Turkish Testing Board","description":"Your gateway to global Software Testing community","publisher":{"@id":"https:\/\/www.turkishtestingboard.org\/#organization"},"potentialAction":[{"@type":"SearchAction","target":{"@type":"EntryPoint","urlTemplate":"https:\/\/www.turkishtestingboard.org\/?s={search_term_string}"},"query-input":{"@type":"PropertyValueSpecification","valueRequired":true,"valueName":"search_term_string"}}],"inLanguage":"en-US"},{"@type":"Organization","@id":"https:\/\/www.turkishtestingboard.org\/#organization","name":"Turkish Testing Board","url":"https:\/\/www.turkishtestingboard.org\/","logo":{"@type":"ImageObject","inLanguage":"en-US","@id":"https:\/\/www.turkishtestingboard.org\/#\/schema\/logo\/image\/","url":"https:\/\/fikadigital.com\/ttb2021\/wp-content\/uploads\/2021\/08\/ttblogo2021.png","contentUrl":"https:\/\/fikadigital.com\/ttb2021\/wp-content\/uploads\/2021\/08\/ttblogo2021.png","width":133,"height":100,"caption":"Turkish Testing Board"},"image":{"@id":"https:\/\/www.turkishtestingboard.org\/#\/schema\/logo\/image\/"}}]}},"_links":{"self":[{"href":"https:\/\/www.turkishtestingboard.org\/en\/wp-json\/wp\/v2\/pages\/7539","targetHints":{"allow":["GET"]}}],"collection":[{"href":"https:\/\/www.turkishtestingboard.org\/en\/wp-json\/wp\/v2\/pages"}],"about":[{"href":"https:\/\/www.turkishtestingboard.org\/en\/wp-json\/wp\/v2\/types\/page"}],"author":[{"embeddable":true,"href":"https:\/\/www.turkishtestingboard.org\/en\/wp-json\/wp\/v2\/users\/1"}],"replies":[{"embeddable":true,"href":"https:\/\/www.turkishtestingboard.org\/en\/wp-json\/wp\/v2\/comments?post=7539"}],"version-history":[{"count":0,"href":"https:\/\/www.turkishtestingboard.org\/en\/wp-json\/wp\/v2\/pages\/7539\/revisions"}],"wp:attachment":[{"href":"https:\/\/www.turkishtestingboard.org\/en\/wp-json\/wp\/v2\/media?parent=7539"}],"curies":[{"name":"wp","href":"https:\/\/api.w.org\/{rel}","templated":true}]}}