{"id":5279,"date":"2022-02-24T15:22:25","date_gmt":"2022-02-24T12:22:25","guid":{"rendered":"https:\/\/www.turkishtestingboard.org\/ttb2021\/?page_id=5279"},"modified":"2022-02-24T15:24:19","modified_gmt":"2022-02-24T12:24:19","slug":"kullanim-kosullari","status":"publish","type":"page","link":"https:\/\/www.turkishtestingboard.org\/en\/terms-of-use\/","title":{"rendered":"Kullan\u0131m Ko\u015fullar\u0131"},"content":{"rendered":"<p>www.turkishtestingboard.org ve alt alanlar\u0131n\u0131 veya Yaz\u0131l\u0131m Test ve Kalite Derne\u011fi\u2019nin zaman zaman belirledi\u011fi di\u011fer URL\u2019leri veya etki alanlar\u0131n\u0131 i\u00e7eren Hizmetlerimizi (topluca \u201cSite\u201d) kullanarak, bu \u015fartlar\u0131 kabul etmi\u015f olursunuz. L\u00fctfen bunlar\u0131 dikkatlice okuyunuz.<\/p>\n<p><strong>Hizmetlerimizin Kullan\u0131m\u0131<\/strong><\/p>\n<p>Siteye eri\u015ferek veya kullanarak, bu Kullan\u0131m Ko\u015fullar\u0131na ba\u011fl\u0131 kalmay\u0131 kabul etmi\u015f olursunuz. Kullan\u0131m Ko\u015fullar\u0131na tabi olmay\u0131 kabul etmiyorsan\u0131z, Siteye eri\u015femez ve\/veya Siteyi kullanamazs\u0131n\u0131z.<\/p>\n<p>(i)Kullan\u0131m Ko\u015fullar\u0131n\u0131 okudu\u011funuzu, anlad\u0131\u011f\u0131n\u0131z\u0131 ve kabul etti\u011finizi, (ii) Kullan\u0131m Ko\u015fullar\u0131n\u0131n Yaz\u0131l\u0131m Test ve Kalite Derne\u011fi ile yasal ve ba\u011flay\u0131c\u0131 bir anla\u015fma olu\u015fturdu\u011funu ve (iii) Kullan\u0131m Ko\u015fullar\u0131n\u0131n Siteye eri\u015fim ve\/veya Site kullan\u0131m\u0131na ili\u015fkin \u00f6nceki ve e\u015fzamanl\u0131 t\u00fcm s\u00f6zle\u015fmelerin yerine ge\u00e7ti\u011fini onaylam\u0131\u015f ve kabul etmi\u015f olursunuz.<\/p>\n<p><strong>Siteyi hi\u00e7bir \u015fekilde a\u015fa\u011f\u0131daki ama\u00e7larla kullanmay\u0131n:<\/strong><\/p>\n<ol>\n<li>Herhangi bir ki\u015fi veya varl\u0131\u011f\u0131n kimli\u011fine b\u00fcr\u00fcnmek; yanl\u0131\u015f beyanda bulunmak veya herhangi bir ki\u015fi veya kurulu\u015fla ba\u011flant\u0131n\u0131z\u0131 yanl\u0131\u015f beyan etmek; ba\u015fl\u0131klar, iade postalar\u0131 ve \u0130nternet protokol adresleri dahil olmak \u00fczere iletim bilgilerini kas\u0131tl\u0131 olarak atlamak, silmek, taklit etmek veya yanl\u0131\u015f beyan etmek; veya Site arac\u0131l\u0131\u011f\u0131yla g\u00f6nderdi\u011finiz veya aktard\u0131\u011f\u0131n\u0131z herhangi bir i\u00e7eri\u011fin kayna\u011f\u0131n\u0131 gizlemek i\u00e7in tan\u0131mlay\u0131c\u0131lar\u0131 ba\u015fka \u015fekilde manip\u00fcle etmek<\/li>\n<li>Siteye veya siteye ba\u011fl\u0131 sunuculara veya a\u011flara herhangi bir \u015fekilde m\u00fcdahale etmek, bozmak veya zarar vermek<\/li>\n<li>Y\u00fcr\u00fcrl\u00fckteki yasalar\u0131n izin verdi\u011fi durumlar d\u0131\u015f\u0131nda, di\u011fer kullan\u0131c\u0131lar hakk\u0131nda onlar\u0131n izni olmadan bilgi toplamak ve da\u011f\u0131tmak dahil ancak bununla s\u0131n\u0131rl\u0131 olmamak \u00fczere, ba\u015fkalar\u0131n\u0131n ki\u015fisel gizlilik haklar\u0131n\u0131 ihlal edecek herhangi bir faaliyette bulunmak<\/li>\n<li>Ge\u00e7erli yasalar\u0131 veya d\u00fczenlemeleri ya da Site ile ilgili olarak Yaz\u0131l\u0131m Test ve Kalite Derne\u011fi taraf\u0131ndan belirlenen herhangi bir kural veya y\u00f6nergeyi ihlal etmek<\/li>\n<\/ol>\n<p><strong>Ticari Markalar<\/strong><\/p>\n<p>Yaz\u0131l\u0131m Test ve Kalite Derne\u011fi, hizmet markalar\u0131 veya ticari adlar\u0131 (\u201cMarkalar\u201d) veya burada veya Sitede at\u0131fta bulunulan yay\u0131nlar\u0131, \u00fcr\u00fcnleri, i\u00e7eri\u011fi veya hizmetleri, Yaz\u0131l\u0131m Test ve Kalite Derne\u011fi\u2019nin m\u00fcnhas\u0131r ve\/veya arac\u0131l\u0131\u011f\u0131nda bulundu\u011fu kurulu\u015flar\u0131n Markalar\u0131d\u0131r. Sitede ad\u0131 ge\u00e7en di\u011fer \u00fcr\u00fcn ve \u015firket isimleri, ilgili sahiplerinin ticari markalar\u0131 olabilir. Yaz\u0131l\u0131m Test ve Kalite Derne\u011fi\u2019nin veya i\u015ftiraklerinin sahip oldu\u011fu ticari markalar\u0131, hizmet markalar\u0131n\u0131, logolar\u0131 veya tasar\u0131mlar\u0131 Yaz\u0131l\u0131m Test ve Kalite Derne\u011fi\u2019nin \u00f6nceden yaz\u0131l\u0131 izni olmadan kullanamaz veya g\u00f6r\u00fcnt\u00fcleyemezsiniz, bu izin Yaz\u0131l\u0131m Test ve Kalite Derne\u011fi\u2019nin tamamen ve mutlak takdirine ba\u011fl\u0131 olarak verilebilir.<\/p>\n<p><strong>Web Sitesine \u0130li\u015fkin Garantilerin Reddi<\/strong><\/p>\n<p>Siteye eri\u015ferek ve\/veya kullanarak, siteye ve internete eri\u015fiminizden ve\/veya kullan\u0131m\u0131n\u0131zdan kaynaklanan ilgili t\u00fcm sorumlulu\u011fu ve riski \u00fcstlenmeyi kabul etmi\u015f olursunuz. Yaz\u0131l\u0131m Test ve Kalite Derne\u011fi, sitenin ve sunucular\u0131n\u0131n k\u00f6t\u00fc ama\u00e7l\u0131 yaz\u0131l\u0131m veya di\u011fer zararl\u0131 mekanizmalar i\u00e7ermedi\u011fini garanti etmez. Siteyi kullanman\u0131z, ekipman veya veri servisine veya de\u011fi\u015ftirilmesine ihtiya\u00e7 duyman\u0131zla sonu\u00e7lan\u0131rsa, Yaz\u0131l\u0131m Test ve Kalite Derne\u011fi bu maliyetlerden sorumlu de\u011fildir.<\/p>\n<p>Yaz\u0131l\u0131m Test ve Kalite Derne\u011fi, siteyi ve i\u00e7eri\u011fi \u201coldu\u011fu gibi\u201d sa\u011flar ve site arac\u0131l\u0131\u011f\u0131yla veya genel olarak internet \u00fczerinden sa\u011flanan herhangi bir i\u00e7erik, mal, bilgi veya hizmetle ilgili olarak herhangi bir a\u00e7\u0131k veya z\u0131mni garanti, beyan veya onay vermez.<\/p>\n<p>Yaz\u0131l\u0131m Test ve Kalite Derne\u011fi, site ile ilgili veya site ile ilgili herhangi bir i\u015flemden do\u011frudan veya dolayl\u0131 olarak do\u011fabilecek hi\u00e7bir masraf veya zarardan sorumlu olmayacakt\u0131r. Site arac\u0131l\u0131\u011f\u0131yla veya genel olarak internette sa\u011flanan ve\/veya mevcut olan t\u00fcm i\u00e7erik, g\u00f6r\u00fc\u015f, tavsiye, hizmet, mal ve di\u011fer bilgilerin do\u011frulu\u011funu, eksiksizli\u011fini ve yararl\u0131l\u0131\u011f\u0131n\u0131 de\u011ferlendirmek tamamen sizin sorumlulu\u011funuzdad\u0131r. Yaz\u0131l\u0131m Test ve Kalite Derne\u011fi, sitenin kesintisiz veya hatas\u0131z olaca\u011f\u0131n\u0131 veya sitedeki kusurlar\u0131n giderilece\u011fini garanti etmez.<\/p>\n<p><strong>Web Sitesinin De\u011fi\u015ftirilmesi veya Ask\u0131ya Al\u0131nmas\u0131<\/strong><\/p>\n<p><strong>\u00a0<\/strong>Yaz\u0131l\u0131m Test ve Kalite Derne\u011fi, size herhangi bir bildirimde bulunmaks\u0131z\u0131n herhangi bir zamanda Site\u2019nin veya herhangi bir k\u0131sm\u0131n\u0131n i\u015fleyi\u015fini ge\u00e7ici veya kal\u0131c\u0131 olarak de\u011fi\u015ftirebilir, durdurabilir veya ask\u0131ya alabilir.<\/p>\n<p><strong>Sonland\u0131rma<\/strong><\/p>\n<p>Kullan\u0131m Ko\u015fullar\u0131 ve burada verilen t\u00fcm lisanslar Yaz\u0131l\u0131m Test ve Kalite Derne\u011fi taraf\u0131ndan herhangi bir zamanda herhangi bir nedenle ve herhangi bir ihbarda bulunmaks\u0131z\u0131n feshedilebilir. Kullan\u0131m Ko\u015fullar\u0131n\u0131n, i\u015fbu belge kapsam\u0131nda verilen t\u00fcm lisanslar ve Siteye eri\u015fiminiz ve\/veya kullan\u0131m\u0131n\u0131z\u0131n feshine ek olarak Kullan\u0131m Ko\u015fullar\u0131ndan herhangi birinin ihmali durumunda Yaz\u0131l\u0131m Test ve Kalite Derne\u011fi, tamamen kendi takdirine ba\u011fl\u0131 olarak, mevcut t\u00fcm hukuki yollara ba\u015fvurma hakk\u0131n\u0131 sakl\u0131 tutar. Bu kapsamda yap\u0131lan i\u015flemin \u00f6nceden haber verilmeksizin ge\u00e7erli olabilece\u011fini kabul etmi\u015f olursunuz.<\/p>\n<p>Ancak, fesih durumunda Kullan\u0131m Ko\u015fullar\u0131n\u0131n sizin taraf\u0131n\u0131zda devam eden y\u00fck\u00fcml\u00fcl\u00fckler sa\u011flayan ve\/veya do\u011fas\u0131 gere\u011fi Kullan\u0131m Ko\u015fullar\u0131n\u0131n feshinden sonra hayatta kalmas\u0131 ama\u00e7lanan Telif Hakk\u0131, Lisanlar ve Fikir Sunumlar\u0131, Sitenin Kullan\u0131m\u0131, \u0130\u00e7erik ve Bilgi Kullan\u0131m\u0131, Tazminat ve \u00dc\u00e7\u00fcnc\u00fc \u015eah\u0131s Haklar\u0131 gibi ve bunlarla s\u0131n\u0131rl\u0131 olmayan b\u00f6l\u00fcmleri tam olarak y\u00fcr\u00fcrl\u00fckte kalmaya devam edecektir.<\/p>\n<p><strong>B\u00f6l\u00fcnebilirlik<\/strong><\/p>\n<p>Kullan\u0131m Ko\u015fullar\u0131n\u0131n herhangi bir h\u00fckm\u00fcn\u00fcn bir mahkeme veya ba\u015fka bir ba\u011flay\u0131c\u0131 makam taraf\u0131ndan ge\u00e7ersiz oldu\u011fu tespit edilirse, taraflar\u0131n niyetlerini bu h\u00fck\u00fcmde yans\u0131t\u0131ld\u0131\u011f\u0131 \u015fekilde y\u00fcr\u00fcrl\u00fc\u011fe koymak i\u00e7in her giri\u015fimde bulunulaca\u011f\u0131n\u0131 ve burada yer alan di\u011fer h\u00fck\u00fcmlerin tam olarak y\u00fcr\u00fcrl\u00fckte kalmaya devam edece\u011fini kabul etmi\u015f olursunuz.<\/p>\n<p><strong>\u00c7ok Y\u00f6nl\u00fcl\u00fck<\/strong><\/p>\n<p>Yaln\u0131zca taraflardan birinin avukat\u0131 taraf\u0131ndan haz\u0131rlanm\u0131\u015f olabilece\u011finden Kullan\u0131m Ko\u015fullar\u0131n\u0131n bir tarafa kar\u015f\u0131 di\u011fer tarafa oldu\u011fundan daha kat\u0131 bir \u015fekilde uygulanmayaca\u011f\u0131n\u0131 kabul etmi\u015f olursunuz. Kullan\u0131m Ko\u015fullar\u0131n\u0131n herhangi bir \u015fart\u0131ndan feragat edilmesi, ba\u015fka veya devam eden bir feragat olarak kabul edilmeyecektir. Yaz\u0131l\u0131m Test ve Kalite Derne\u011fi, Kullan\u0131m Ko\u015fullar\u0131 kapsam\u0131ndaki hak ve y\u00fck\u00fcml\u00fcl\u00fcklerini herhangi bir zamanda ve \u00f6nceden bildirimde bulunmaks\u0131z\u0131n herhangi bir ki\u015fi veya kurulu\u015fa devredebilir.<\/p>","protected":false},"excerpt":{"rendered":"<p>www.turkishtestingboard.org ve alt alanlar\u0131n\u0131 veya Yaz\u0131l\u0131m Test ve Kalite Derne\u011fi\u2019nin zaman zaman belirledi\u011fi di\u011fer URL\u2019leri veya etki alanlar\u0131n\u0131 i\u00e7eren Hizmetlerimizi (topluca \u201cSite\u201d) kullanarak, bu \u015fartlar\u0131 kabul etmi\u015f olursunuz. L\u00fctfen bunlar\u0131 dikkatlice okuyunuz. Hizmetlerimizin Kullan\u0131m\u0131 Siteye eri\u015ferek veya kullanarak, bu Kullan\u0131m Ko\u015fullar\u0131na ba\u011fl\u0131 kalmay\u0131 kabul etmi\u015f olursunuz. Kullan\u0131m Ko\u015fullar\u0131na tabi olmay\u0131 kabul etmiyorsan\u0131z, Siteye eri\u015femez ve\/veya [&hellip;]<\/p>\n","protected":false},"author":1,"featured_media":0,"parent":0,"menu_order":0,"comment_status":"closed","ping_status":"closed","template":"","meta":{"_acf_changed":false,"footnotes":""},"class_list":["post-5279","page","type-page","status-publish","hentry"],"acf":[],"yoast_head":"<!-- This site is optimized with the Yoast SEO plugin v27.4 - https:\/\/yoast.com\/product\/yoast-seo-wordpress\/ -->\n<title>Kullan\u0131m Ko\u015fullar\u0131 - Turkish Testing Board<\/title>\n<meta name=\"robots\" content=\"index, follow, max-snippet:-1, max-image-preview:large, max-video-preview:-1\" \/>\n<link rel=\"canonical\" href=\"https:\/\/www.turkishtestingboard.org\/en\/terms-of-use\/\" \/>\n<meta property=\"og:locale\" content=\"en_US\" \/>\n<meta property=\"og:type\" content=\"article\" \/>\n<meta property=\"og:title\" content=\"Kullan\u0131m Ko\u015fullar\u0131 - Turkish Testing Board\" \/>\n<meta property=\"og:description\" content=\"www.turkishtestingboard.org ve alt alanlar\u0131n\u0131 veya Yaz\u0131l\u0131m Test ve Kalite Derne\u011fi\u2019nin zaman zaman belirledi\u011fi di\u011fer URL\u2019leri veya etki alanlar\u0131n\u0131 i\u00e7eren Hizmetlerimizi (topluca \u201cSite\u201d) kullanarak, bu \u015fartlar\u0131 kabul etmi\u015f olursunuz. L\u00fctfen bunlar\u0131 dikkatlice okuyunuz. Hizmetlerimizin Kullan\u0131m\u0131 Siteye eri\u015ferek veya kullanarak, bu Kullan\u0131m Ko\u015fullar\u0131na ba\u011fl\u0131 kalmay\u0131 kabul etmi\u015f olursunuz. Kullan\u0131m Ko\u015fullar\u0131na tabi olmay\u0131 kabul etmiyorsan\u0131z, Siteye eri\u015femez ve\/veya [&hellip;]\" \/>\n<meta property=\"og:url\" content=\"https:\/\/www.turkishtestingboard.org\/en\/terms-of-use\/\" \/>\n<meta property=\"og:site_name\" content=\"Turkish Testing Board\" \/>\n<meta property=\"article:modified_time\" content=\"2022-02-24T12:24:19+00:00\" \/>\n<meta name=\"twitter:card\" content=\"summary_large_image\" \/>\n<meta name=\"twitter:label1\" content=\"Est. reading time\" \/>\n\t<meta name=\"twitter:data1\" content=\"5 minutes\" \/>\n<script type=\"application\/ld+json\" class=\"yoast-schema-graph\">{\"@context\":\"https:\\\/\\\/schema.org\",\"@graph\":[{\"@type\":\"WebPage\",\"@id\":\"https:\\\/\\\/www.turkishtestingboard.org\\\/kullanim-kosullari\\\/\",\"url\":\"https:\\\/\\\/www.turkishtestingboard.org\\\/kullanim-kosullari\\\/\",\"name\":\"Kullan\u0131m Ko\u015fullar\u0131 - Turkish Testing Board\",\"isPartOf\":{\"@id\":\"https:\\\/\\\/www.turkishtestingboard.org\\\/#website\"},\"datePublished\":\"2022-02-24T12:22:25+00:00\",\"dateModified\":\"2022-02-24T12:24:19+00:00\",\"breadcrumb\":{\"@id\":\"https:\\\/\\\/www.turkishtestingboard.org\\\/kullanim-kosullari\\\/#breadcrumb\"},\"inLanguage\":\"en-US\",\"potentialAction\":[{\"@type\":\"ReadAction\",\"target\":[\"https:\\\/\\\/www.turkishtestingboard.org\\\/kullanim-kosullari\\\/\"]}]},{\"@type\":\"BreadcrumbList\",\"@id\":\"https:\\\/\\\/www.turkishtestingboard.org\\\/kullanim-kosullari\\\/#breadcrumb\",\"itemListElement\":[{\"@type\":\"ListItem\",\"position\":1,\"name\":\"Anasayfa\",\"item\":\"https:\\\/\\\/www.turkishtestingboard.org\\\/\"},{\"@type\":\"ListItem\",\"position\":2,\"name\":\"Kullan\u0131m Ko\u015fullar\u0131\"}]},{\"@type\":\"WebSite\",\"@id\":\"https:\\\/\\\/www.turkishtestingboard.org\\\/#website\",\"url\":\"https:\\\/\\\/www.turkishtestingboard.org\\\/\",\"name\":\"Turkish Testing Board\",\"description\":\"Your gateway to global Software Testing community\",\"publisher\":{\"@id\":\"https:\\\/\\\/www.turkishtestingboard.org\\\/#organization\"},\"potentialAction\":[{\"@type\":\"SearchAction\",\"target\":{\"@type\":\"EntryPoint\",\"urlTemplate\":\"https:\\\/\\\/www.turkishtestingboard.org\\\/?s={search_term_string}\"},\"query-input\":{\"@type\":\"PropertyValueSpecification\",\"valueRequired\":true,\"valueName\":\"search_term_string\"}}],\"inLanguage\":\"en-US\"},{\"@type\":\"Organization\",\"@id\":\"https:\\\/\\\/www.turkishtestingboard.org\\\/#organization\",\"name\":\"Turkish Testing Board\",\"url\":\"https:\\\/\\\/www.turkishtestingboard.org\\\/\",\"logo\":{\"@type\":\"ImageObject\",\"inLanguage\":\"en-US\",\"@id\":\"https:\\\/\\\/www.turkishtestingboard.org\\\/#\\\/schema\\\/logo\\\/image\\\/\",\"url\":\"https:\\\/\\\/fikadigital.com\\\/ttb2021\\\/wp-content\\\/uploads\\\/2021\\\/08\\\/ttblogo2021.png\",\"contentUrl\":\"https:\\\/\\\/fikadigital.com\\\/ttb2021\\\/wp-content\\\/uploads\\\/2021\\\/08\\\/ttblogo2021.png\",\"width\":133,\"height\":100,\"caption\":\"Turkish Testing Board\"},\"image\":{\"@id\":\"https:\\\/\\\/www.turkishtestingboard.org\\\/#\\\/schema\\\/logo\\\/image\\\/\"}}]}<\/script>\n<!-- \/ Yoast SEO plugin. -->","yoast_head_json":{"title":"Kullan\u0131m Ko\u015fullar\u0131 - Turkish Testing Board","robots":{"index":"index","follow":"follow","max-snippet":"max-snippet:-1","max-image-preview":"max-image-preview:large","max-video-preview":"max-video-preview:-1"},"canonical":"https:\/\/www.turkishtestingboard.org\/en\/terms-of-use\/","og_locale":"en_US","og_type":"article","og_title":"Kullan\u0131m Ko\u015fullar\u0131 - Turkish Testing Board","og_description":"www.turkishtestingboard.org ve alt alanlar\u0131n\u0131 veya Yaz\u0131l\u0131m Test ve Kalite Derne\u011fi\u2019nin zaman zaman belirledi\u011fi di\u011fer URL\u2019leri veya etki alanlar\u0131n\u0131 i\u00e7eren Hizmetlerimizi (topluca \u201cSite\u201d) kullanarak, bu \u015fartlar\u0131 kabul etmi\u015f olursunuz. L\u00fctfen bunlar\u0131 dikkatlice okuyunuz. Hizmetlerimizin Kullan\u0131m\u0131 Siteye eri\u015ferek veya kullanarak, bu Kullan\u0131m Ko\u015fullar\u0131na ba\u011fl\u0131 kalmay\u0131 kabul etmi\u015f olursunuz. Kullan\u0131m Ko\u015fullar\u0131na tabi olmay\u0131 kabul etmiyorsan\u0131z, Siteye eri\u015femez ve\/veya [&hellip;]","og_url":"https:\/\/www.turkishtestingboard.org\/en\/terms-of-use\/","og_site_name":"Turkish Testing Board","article_modified_time":"2022-02-24T12:24:19+00:00","twitter_card":"summary_large_image","twitter_misc":{"Est. reading time":"5 minutes"},"schema":{"@context":"https:\/\/schema.org","@graph":[{"@type":"WebPage","@id":"https:\/\/www.turkishtestingboard.org\/kullanim-kosullari\/","url":"https:\/\/www.turkishtestingboard.org\/kullanim-kosullari\/","name":"Kullan\u0131m Ko\u015fullar\u0131 - Turkish Testing Board","isPartOf":{"@id":"https:\/\/www.turkishtestingboard.org\/#website"},"datePublished":"2022-02-24T12:22:25+00:00","dateModified":"2022-02-24T12:24:19+00:00","breadcrumb":{"@id":"https:\/\/www.turkishtestingboard.org\/kullanim-kosullari\/#breadcrumb"},"inLanguage":"en-US","potentialAction":[{"@type":"ReadAction","target":["https:\/\/www.turkishtestingboard.org\/kullanim-kosullari\/"]}]},{"@type":"BreadcrumbList","@id":"https:\/\/www.turkishtestingboard.org\/kullanim-kosullari\/#breadcrumb","itemListElement":[{"@type":"ListItem","position":1,"name":"Anasayfa","item":"https:\/\/www.turkishtestingboard.org\/"},{"@type":"ListItem","position":2,"name":"Kullan\u0131m Ko\u015fullar\u0131"}]},{"@type":"WebSite","@id":"https:\/\/www.turkishtestingboard.org\/#website","url":"https:\/\/www.turkishtestingboard.org\/","name":"Turkish Testing Board","description":"Your gateway to global Software Testing community","publisher":{"@id":"https:\/\/www.turkishtestingboard.org\/#organization"},"potentialAction":[{"@type":"SearchAction","target":{"@type":"EntryPoint","urlTemplate":"https:\/\/www.turkishtestingboard.org\/?s={search_term_string}"},"query-input":{"@type":"PropertyValueSpecification","valueRequired":true,"valueName":"search_term_string"}}],"inLanguage":"en-US"},{"@type":"Organization","@id":"https:\/\/www.turkishtestingboard.org\/#organization","name":"Turkish Testing Board","url":"https:\/\/www.turkishtestingboard.org\/","logo":{"@type":"ImageObject","inLanguage":"en-US","@id":"https:\/\/www.turkishtestingboard.org\/#\/schema\/logo\/image\/","url":"https:\/\/fikadigital.com\/ttb2021\/wp-content\/uploads\/2021\/08\/ttblogo2021.png","contentUrl":"https:\/\/fikadigital.com\/ttb2021\/wp-content\/uploads\/2021\/08\/ttblogo2021.png","width":133,"height":100,"caption":"Turkish Testing Board"},"image":{"@id":"https:\/\/www.turkishtestingboard.org\/#\/schema\/logo\/image\/"}}]}},"_links":{"self":[{"href":"https:\/\/www.turkishtestingboard.org\/en\/wp-json\/wp\/v2\/pages\/5279","targetHints":{"allow":["GET"]}}],"collection":[{"href":"https:\/\/www.turkishtestingboard.org\/en\/wp-json\/wp\/v2\/pages"}],"about":[{"href":"https:\/\/www.turkishtestingboard.org\/en\/wp-json\/wp\/v2\/types\/page"}],"author":[{"embeddable":true,"href":"https:\/\/www.turkishtestingboard.org\/en\/wp-json\/wp\/v2\/users\/1"}],"replies":[{"embeddable":true,"href":"https:\/\/www.turkishtestingboard.org\/en\/wp-json\/wp\/v2\/comments?post=5279"}],"version-history":[{"count":0,"href":"https:\/\/www.turkishtestingboard.org\/en\/wp-json\/wp\/v2\/pages\/5279\/revisions"}],"wp:attachment":[{"href":"https:\/\/www.turkishtestingboard.org\/en\/wp-json\/wp\/v2\/media?parent=5279"}],"curies":[{"name":"wp","href":"https:\/\/api.w.org\/{rel}","templated":true}]}}