{"id":425,"date":"2021-08-01T17:31:52","date_gmt":"2021-08-01T14:31:52","guid":{"rendered":"https:\/\/fikadigital.com\/ttb2021\/?page_id=425"},"modified":"2021-08-14T21:14:14","modified_gmt":"2021-08-14T18:14:14","slug":"odeme-kosullari","status":"publish","type":"page","link":"https:\/\/www.turkishtestingboard.org\/en\/terms-of-payment\/","title":{"rendered":"\u00d6deme Ko\u015fullar\u0131"},"content":{"rendered":"<p><strong>Kay\u0131t \u00dccretleri<\/strong><\/p>\n<p>A\u015fa\u011f\u0131daki \u00f6deme y\u00f6ntemleri kabul edilmektedir:<\/p>\n<p>Banka havalesi: Banka bilgileri i\u00e7in l\u00fctfen taraf\u0131n\u0131za iletilen kay\u0131t formuna bak\u0131n. Havale i\u015fleminde kat\u0131l\u0131mc\u0131n\u0131n ad\u0131 ve s\u0131nav ad\u0131 \u00f6deme referans\u0131na dahil edilmelidir. S\u0131nav kay\u0131t \u00fccretleri, s\u0131nav kay\u0131t formunda belirtilen para birimi cinsinden (TRY) \u00f6denmelidir.<\/p>\n<p>Kredi kart\u0131: Visa, Mastercard ve Amex kartlar\u0131 ge\u00e7erlidir. Kredi kart\u0131 \u00f6demeleri s\u0131nav\u0131n para birimi cinsinden tahsil edilecek ve bu maliyet kredi kart\u0131 \u015firketiniz taraf\u0131ndan kredi kart\u0131n\u0131z\u0131n para birimine \u00e7evrilecektir.<\/p>\n<p><strong>Register<\/strong><\/p>\n<p>A\u015fa\u011f\u0131da ve kay\u0131t formunda belirtilen iptal \u015fart ve ko\u015fullar\u0131n\u0131n kabul\u00fc olarak doldurulmu\u015f kay\u0131t formunu (bas\u0131l\u0131 kopya veya \u00e7evrimi\u00e7i olarak) dikkate al\u0131nmaktad\u0131r.<\/p>\n<p><strong>\u0130ptal<\/strong><\/p>\n<p>Kat\u0131l\u0131m \u00fccretinin iade edilebilmesi i\u00e7in kat\u0131l\u0131mc\u0131n\u0131n yaz\u0131l\u0131 iptalinin son iptal tarihinden (s\u0131nav kay\u0131t formunda belirtilmektedir) \u00f6nce Yaz\u0131l\u0131m Test ve Kalite Derne\u011fi\u2019ne ula\u015fm\u0131\u015f olmas\u0131 gerekmektedir. Geri \u00f6demeler m\u00fcmk\u00fcnse kat\u0131l\u0131mc\u0131n\u0131n \u00f6deme y\u00f6ntemi ile yap\u0131lacakt\u0131r. M\u00fcmk\u00fcn de\u011filse en uygun se\u00e7enek ile ilerlenecektir.<\/p>\n<p><strong>Feragatname<\/strong><\/p>\n<p>Dernek, herhangi bir zamanda, bildirimde bulunarak veya bulunmaks\u0131z\u0131n, mutlak takdir yetkisi dahilinde ve herhangi bir sebep g\u00f6stermeksizin, s\u0131nav\u0131 iptal edebilir veya erteleyebilir, yerini veya yay\u0131nlanan di\u011fer ayr\u0131nt\u0131lardan herhangi birini de\u011fi\u015ftirebilir veya herhangi bir kat\u0131l\u0131m davetini geri \u00e7ekebilir.<\/p>\n<p>Her durumda ne organizat\u00f6rler ne de onlar\u0131n g\u00f6revlileri, \u00e7al\u0131\u015fanlar\u0131, temsilcileri veya \u00fcyeleri, herhangi bir ki\u015finin u\u011frad\u0131\u011f\u0131 veya maruz kald\u0131\u011f\u0131 herhangi bir kay\u0131p, sorumluluk, zarar veya masraftan sorumlu olmayacak ve bunlarla ba\u011flant\u0131l\u0131 olarak kendilerine \u00f6denen paray\u0131 s\u00f6z konusu paran\u0131n kendi kontrollerinde oldu\u011fundan ve ayn\u0131 zamanda \u00f6deyen ki\u015finin haks\u0131zl\u0131\u011fa u\u011frad\u0131\u011f\u0131ndan emin olmad\u0131k\u00e7a (ki bu karar tamamen kendi takdirine ba\u011fl\u0131 olup ilan edildi\u011finde nihai ve kesin olacakt\u0131r) iade etmeyeceklerdir.<\/p>","protected":false},"excerpt":{"rendered":"<p>Kay\u0131t \u00dccretleri A\u015fa\u011f\u0131daki \u00f6deme y\u00f6ntemleri kabul edilmektedir: Banka havalesi: Banka bilgileri i\u00e7in l\u00fctfen taraf\u0131n\u0131za iletilen kay\u0131t formuna bak\u0131n. Havale i\u015fleminde kat\u0131l\u0131mc\u0131n\u0131n ad\u0131 ve s\u0131nav ad\u0131 \u00f6deme referans\u0131na dahil edilmelidir. S\u0131nav kay\u0131t \u00fccretleri, s\u0131nav kay\u0131t formunda belirtilen para birimi cinsinden (TRY) \u00f6denmelidir. Kredi kart\u0131: Visa, Mastercard ve Amex kartlar\u0131 ge\u00e7erlidir. Kredi kart\u0131 \u00f6demeleri s\u0131nav\u0131n para birimi [&hellip;]<\/p>\n","protected":false},"author":1,"featured_media":0,"parent":0,"menu_order":0,"comment_status":"closed","ping_status":"closed","template":"","meta":{"_acf_changed":false,"footnotes":""},"class_list":["post-425","page","type-page","status-publish","hentry"],"acf":[],"yoast_head":"<!-- This site is optimized with the Yoast SEO plugin v27.4 - https:\/\/yoast.com\/product\/yoast-seo-wordpress\/ -->\n<title>\u00d6deme Ko\u015fullar\u0131 - Turkish Testing Board<\/title>\n<meta name=\"robots\" content=\"index, follow, max-snippet:-1, max-image-preview:large, max-video-preview:-1\" \/>\n<link rel=\"canonical\" href=\"https:\/\/www.turkishtestingboard.org\/en\/terms-of-payment\/\" \/>\n<meta property=\"og:locale\" content=\"en_US\" \/>\n<meta property=\"og:type\" content=\"article\" \/>\n<meta property=\"og:title\" content=\"\u00d6deme Ko\u015fullar\u0131 - Turkish Testing Board\" \/>\n<meta property=\"og:description\" content=\"Kay\u0131t \u00dccretleri A\u015fa\u011f\u0131daki \u00f6deme y\u00f6ntemleri kabul edilmektedir: Banka havalesi: Banka bilgileri i\u00e7in l\u00fctfen taraf\u0131n\u0131za iletilen kay\u0131t formuna bak\u0131n. Havale i\u015fleminde kat\u0131l\u0131mc\u0131n\u0131n ad\u0131 ve s\u0131nav ad\u0131 \u00f6deme referans\u0131na dahil edilmelidir. S\u0131nav kay\u0131t \u00fccretleri, s\u0131nav kay\u0131t formunda belirtilen para birimi cinsinden (TRY) \u00f6denmelidir. Kredi kart\u0131: Visa, Mastercard ve Amex kartlar\u0131 ge\u00e7erlidir. Kredi kart\u0131 \u00f6demeleri s\u0131nav\u0131n para birimi [&hellip;]\" \/>\n<meta property=\"og:url\" content=\"https:\/\/www.turkishtestingboard.org\/en\/terms-of-payment\/\" \/>\n<meta property=\"og:site_name\" content=\"Turkish Testing Board\" \/>\n<meta property=\"article:modified_time\" content=\"2021-08-14T18:14:14+00:00\" \/>\n<meta name=\"twitter:card\" content=\"summary_large_image\" \/>\n<meta name=\"twitter:label1\" content=\"Est. reading time\" \/>\n\t<meta name=\"twitter:data1\" content=\"2 minutes\" \/>\n<script type=\"application\/ld+json\" class=\"yoast-schema-graph\">{\"@context\":\"https:\\\/\\\/schema.org\",\"@graph\":[{\"@type\":\"WebPage\",\"@id\":\"https:\\\/\\\/www.turkishtestingboard.org\\\/odeme-kosullari\\\/\",\"url\":\"https:\\\/\\\/www.turkishtestingboard.org\\\/odeme-kosullari\\\/\",\"name\":\"\u00d6deme Ko\u015fullar\u0131 - Turkish Testing Board\",\"isPartOf\":{\"@id\":\"https:\\\/\\\/www.turkishtestingboard.org\\\/#website\"},\"datePublished\":\"2021-08-01T14:31:52+00:00\",\"dateModified\":\"2021-08-14T18:14:14+00:00\",\"breadcrumb\":{\"@id\":\"https:\\\/\\\/www.turkishtestingboard.org\\\/odeme-kosullari\\\/#breadcrumb\"},\"inLanguage\":\"en-US\",\"potentialAction\":[{\"@type\":\"ReadAction\",\"target\":[\"https:\\\/\\\/www.turkishtestingboard.org\\\/odeme-kosullari\\\/\"]}]},{\"@type\":\"BreadcrumbList\",\"@id\":\"https:\\\/\\\/www.turkishtestingboard.org\\\/odeme-kosullari\\\/#breadcrumb\",\"itemListElement\":[{\"@type\":\"ListItem\",\"position\":1,\"name\":\"Anasayfa\",\"item\":\"https:\\\/\\\/www.turkishtestingboard.org\\\/\"},{\"@type\":\"ListItem\",\"position\":2,\"name\":\"\u00d6deme Ko\u015fullar\u0131\"}]},{\"@type\":\"WebSite\",\"@id\":\"https:\\\/\\\/www.turkishtestingboard.org\\\/#website\",\"url\":\"https:\\\/\\\/www.turkishtestingboard.org\\\/\",\"name\":\"Turkish Testing Board\",\"description\":\"Your gateway to global Software Testing community\",\"publisher\":{\"@id\":\"https:\\\/\\\/www.turkishtestingboard.org\\\/#organization\"},\"potentialAction\":[{\"@type\":\"SearchAction\",\"target\":{\"@type\":\"EntryPoint\",\"urlTemplate\":\"https:\\\/\\\/www.turkishtestingboard.org\\\/?s={search_term_string}\"},\"query-input\":{\"@type\":\"PropertyValueSpecification\",\"valueRequired\":true,\"valueName\":\"search_term_string\"}}],\"inLanguage\":\"en-US\"},{\"@type\":\"Organization\",\"@id\":\"https:\\\/\\\/www.turkishtestingboard.org\\\/#organization\",\"name\":\"Turkish Testing Board\",\"url\":\"https:\\\/\\\/www.turkishtestingboard.org\\\/\",\"logo\":{\"@type\":\"ImageObject\",\"inLanguage\":\"en-US\",\"@id\":\"https:\\\/\\\/www.turkishtestingboard.org\\\/#\\\/schema\\\/logo\\\/image\\\/\",\"url\":\"https:\\\/\\\/fikadigital.com\\\/ttb2021\\\/wp-content\\\/uploads\\\/2021\\\/08\\\/ttblogo2021.png\",\"contentUrl\":\"https:\\\/\\\/fikadigital.com\\\/ttb2021\\\/wp-content\\\/uploads\\\/2021\\\/08\\\/ttblogo2021.png\",\"width\":133,\"height\":100,\"caption\":\"Turkish Testing Board\"},\"image\":{\"@id\":\"https:\\\/\\\/www.turkishtestingboard.org\\\/#\\\/schema\\\/logo\\\/image\\\/\"}}]}<\/script>\n<!-- \/ Yoast SEO plugin. -->","yoast_head_json":{"title":"\u00d6deme Ko\u015fullar\u0131 - Turkish Testing Board","robots":{"index":"index","follow":"follow","max-snippet":"max-snippet:-1","max-image-preview":"max-image-preview:large","max-video-preview":"max-video-preview:-1"},"canonical":"https:\/\/www.turkishtestingboard.org\/en\/terms-of-payment\/","og_locale":"en_US","og_type":"article","og_title":"\u00d6deme Ko\u015fullar\u0131 - Turkish Testing Board","og_description":"Kay\u0131t \u00dccretleri A\u015fa\u011f\u0131daki \u00f6deme y\u00f6ntemleri kabul edilmektedir: Banka havalesi: Banka bilgileri i\u00e7in l\u00fctfen taraf\u0131n\u0131za iletilen kay\u0131t formuna bak\u0131n. Havale i\u015fleminde kat\u0131l\u0131mc\u0131n\u0131n ad\u0131 ve s\u0131nav ad\u0131 \u00f6deme referans\u0131na dahil edilmelidir. S\u0131nav kay\u0131t \u00fccretleri, s\u0131nav kay\u0131t formunda belirtilen para birimi cinsinden (TRY) \u00f6denmelidir. Kredi kart\u0131: Visa, Mastercard ve Amex kartlar\u0131 ge\u00e7erlidir. Kredi kart\u0131 \u00f6demeleri s\u0131nav\u0131n para birimi [&hellip;]","og_url":"https:\/\/www.turkishtestingboard.org\/en\/terms-of-payment\/","og_site_name":"Turkish Testing Board","article_modified_time":"2021-08-14T18:14:14+00:00","twitter_card":"summary_large_image","twitter_misc":{"Est. reading time":"2 minutes"},"schema":{"@context":"https:\/\/schema.org","@graph":[{"@type":"WebPage","@id":"https:\/\/www.turkishtestingboard.org\/odeme-kosullari\/","url":"https:\/\/www.turkishtestingboard.org\/odeme-kosullari\/","name":"\u00d6deme Ko\u015fullar\u0131 - Turkish Testing Board","isPartOf":{"@id":"https:\/\/www.turkishtestingboard.org\/#website"},"datePublished":"2021-08-01T14:31:52+00:00","dateModified":"2021-08-14T18:14:14+00:00","breadcrumb":{"@id":"https:\/\/www.turkishtestingboard.org\/odeme-kosullari\/#breadcrumb"},"inLanguage":"en-US","potentialAction":[{"@type":"ReadAction","target":["https:\/\/www.turkishtestingboard.org\/odeme-kosullari\/"]}]},{"@type":"BreadcrumbList","@id":"https:\/\/www.turkishtestingboard.org\/odeme-kosullari\/#breadcrumb","itemListElement":[{"@type":"ListItem","position":1,"name":"Anasayfa","item":"https:\/\/www.turkishtestingboard.org\/"},{"@type":"ListItem","position":2,"name":"\u00d6deme Ko\u015fullar\u0131"}]},{"@type":"WebSite","@id":"https:\/\/www.turkishtestingboard.org\/#website","url":"https:\/\/www.turkishtestingboard.org\/","name":"Turkish Testing Board","description":"Your gateway to global Software Testing community","publisher":{"@id":"https:\/\/www.turkishtestingboard.org\/#organization"},"potentialAction":[{"@type":"SearchAction","target":{"@type":"EntryPoint","urlTemplate":"https:\/\/www.turkishtestingboard.org\/?s={search_term_string}"},"query-input":{"@type":"PropertyValueSpecification","valueRequired":true,"valueName":"search_term_string"}}],"inLanguage":"en-US"},{"@type":"Organization","@id":"https:\/\/www.turkishtestingboard.org\/#organization","name":"Turkish Testing Board","url":"https:\/\/www.turkishtestingboard.org\/","logo":{"@type":"ImageObject","inLanguage":"en-US","@id":"https:\/\/www.turkishtestingboard.org\/#\/schema\/logo\/image\/","url":"https:\/\/fikadigital.com\/ttb2021\/wp-content\/uploads\/2021\/08\/ttblogo2021.png","contentUrl":"https:\/\/fikadigital.com\/ttb2021\/wp-content\/uploads\/2021\/08\/ttblogo2021.png","width":133,"height":100,"caption":"Turkish Testing Board"},"image":{"@id":"https:\/\/www.turkishtestingboard.org\/#\/schema\/logo\/image\/"}}]}},"_links":{"self":[{"href":"https:\/\/www.turkishtestingboard.org\/en\/wp-json\/wp\/v2\/pages\/425","targetHints":{"allow":["GET"]}}],"collection":[{"href":"https:\/\/www.turkishtestingboard.org\/en\/wp-json\/wp\/v2\/pages"}],"about":[{"href":"https:\/\/www.turkishtestingboard.org\/en\/wp-json\/wp\/v2\/types\/page"}],"author":[{"embeddable":true,"href":"https:\/\/www.turkishtestingboard.org\/en\/wp-json\/wp\/v2\/users\/1"}],"replies":[{"embeddable":true,"href":"https:\/\/www.turkishtestingboard.org\/en\/wp-json\/wp\/v2\/comments?post=425"}],"version-history":[{"count":0,"href":"https:\/\/www.turkishtestingboard.org\/en\/wp-json\/wp\/v2\/pages\/425\/revisions"}],"wp:attachment":[{"href":"https:\/\/www.turkishtestingboard.org\/en\/wp-json\/wp\/v2\/media?parent=425"}],"curies":[{"name":"wp","href":"https:\/\/api.w.org\/{rel}","templated":true}]}}