{"id":420,"date":"2021-08-01T17:29:15","date_gmt":"2021-08-01T14:29:15","guid":{"rendered":"https:\/\/fikadigital.com\/ttb2021\/?page_id=420"},"modified":"2022-01-22T23:19:03","modified_gmt":"2022-01-22T20:19:03","slug":"gizlilik-politikasi","status":"publish","type":"page","link":"https:\/\/www.turkishtestingboard.org\/en\/privacy-policy\/","title":{"rendered":"Gizlilik Politikas\u0131"},"content":{"rendered":"<p>Gizlili\u011finizi korumak bizim i\u00e7in \u00f6nemlidir. Yaz\u0131l\u0131m Test ve Kalite Derne\u011fi Gizlilik Politikas\u0131, m\u00fc\u015fterilerimizden, kullan\u0131c\u0131lar\u0131m\u0131zdan ve i\u015f ortaklar\u0131m\u0131zdan toplad\u0131\u011f\u0131m\u0131z ki\u015fisel bilgileri nas\u0131l y\u00f6netti\u011fimize ili\u015fkin k\u0131lavuzumuzdur. Yaz\u0131l\u0131m Test ve Kalite Derne\u011fi Gizlilik Politikas\u0131 sizi bizimle payla\u015ft\u0131\u011f\u0131n\u0131z ki\u015fisel bilgilerin k\u00f6t\u00fcye kullan\u0131lmas\u0131na kar\u015f\u0131 korumaktad\u0131r. Bu politika, ad\u0131n\u0131z, adresiniz, e-posta adresiniz ve telefon numaran\u0131z dahil olmak \u00fczere ki\u015fisel bilgilerinizin nerede ve nas\u0131l kullan\u0131laca\u011f\u0131n\u0131 anlaman\u0131z i\u00e7in olu\u015fturulmu\u015ftur.<\/p>\n<p>Ad\u0131n\u0131z ve adresiniz gibi ki\u015fisel bilgiler, size hizmet vermek ve \u00fcr\u00fcnlerimiz ile hizmetlerimizdeki g\u00fcncellemeler hakk\u0131nda sizi bilgilendirmek i\u00e7in kullan\u0131lmaktad\u0131r. Bu bilgileri ayr\u0131ca sizi ilginizi \u00e7ekebilece\u011fine inand\u0131\u011f\u0131m\u0131z Yaz\u0131l\u0131m Test ve Kalite Derne\u011fi, i\u015ftiraklerimiz ve \u00fc\u00e7\u00fcnc\u00fc \u015fah\u0131slar taraf\u0131ndan sunulan yeni \u00fcr\u00fcn ve hizmetlerden haberdar etmek i\u00e7in de kullanabiliriz.<\/p>\n<p>Daha \u00f6ncesinde gizlilik politikam\u0131zda a\u00e7\u0131klanmayan yeni ve \u00f6ng\u00f6r\u00fclmeyen kullan\u0131mlar i\u00e7in m\u00fc\u015fteri bilgilerini kullanabiliriz. Bilgi i\u015fleme uygulamalar\u0131m\u0131z\u0131n de\u011fi\u015fmesi durumunda politika de\u011fi\u015fiklikleri web sitemizde yay\u0131nlanacakt\u0131r. M\u00fc\u015fterilerimiz ve kullan\u0131c\u0131lar\u0131m\u0131z bu yeni kullan\u0131mlardan vazge\u00e7me hakk\u0131na her zaman sahip olacakt\u0131r.<\/p>\n<p>Yaz\u0131l\u0131m Test ve Kalite Derne\u011fi, kullan\u0131c\u0131lar\u0131n bilgilerini izinsiz kullan\u0131mdan korumak i\u00e7in her t\u00fcrl\u00fc \u00f6nlemi almaktad\u0131r. Kullan\u0131c\u0131lar web sitemiz arac\u0131l\u0131\u011f\u0131yla hassas bilgiler g\u00f6nderdiklerinde, bilgiler hem \u00e7evrimi\u00e7i hem de \u00e7evrimd\u0131\u015f\u0131 olarak korunmaktad\u0131r. Kay\u0131t formumuz bir kredi kart\u0131 numaras\u0131 veya di\u011fer hassas bilgiler istedi\u011finde, bu bilgiler \u015fifrelenmekte ve g\u00fcvence alt\u0131na al\u0131nmaktad\u0131r. Bu sitenin s\u00f6z konusu gizlilik politikas\u0131na uymad\u0131\u011f\u0131n\u0131 d\u00fc\u015f\u00fcn\u00fcyorsan\u0131z veya ba\u015fka sorular\u0131n\u0131z varsa, l\u00fctfen bizimle ileti\u015fime ge\u00e7in:<\/p>\n<p>Yaz\u0131l\u0131m Test ve Kalite Derne\u011fi \u0130ktisadi \u0130\u015fletmesi<\/p>\n<p>Maslak Mah. AOS 55.Sokak 42 Maslak,<br \/>\nB Blok Sitesi No:4\/542 Sar\u0131yer, \u0130stanbul<\/p>\n<p>info@turkishtestingboard.org<\/p>\n<p>+90 212 276 06 48<\/p>","protected":false},"excerpt":{"rendered":"<p>Gizlili\u011finizi korumak bizim i\u00e7in \u00f6nemlidir. Yaz\u0131l\u0131m Test ve Kalite Derne\u011fi Gizlilik Politikas\u0131, m\u00fc\u015fterilerimizden, kullan\u0131c\u0131lar\u0131m\u0131zdan ve i\u015f ortaklar\u0131m\u0131zdan toplad\u0131\u011f\u0131m\u0131z ki\u015fisel bilgileri nas\u0131l y\u00f6netti\u011fimize ili\u015fkin k\u0131lavuzumuzdur. Yaz\u0131l\u0131m Test ve Kalite Derne\u011fi Gizlilik Politikas\u0131 sizi bizimle payla\u015ft\u0131\u011f\u0131n\u0131z ki\u015fisel bilgilerin k\u00f6t\u00fcye kullan\u0131lmas\u0131na kar\u015f\u0131 korumaktad\u0131r. Bu politika, ad\u0131n\u0131z, adresiniz, e-posta adresiniz ve telefon numaran\u0131z dahil olmak \u00fczere ki\u015fisel bilgilerinizin nerede [&hellip;]<\/p>\n","protected":false},"author":1,"featured_media":0,"parent":0,"menu_order":0,"comment_status":"closed","ping_status":"closed","template":"","meta":{"_acf_changed":false,"footnotes":""},"class_list":["post-420","page","type-page","status-publish","hentry"],"acf":[],"yoast_head":"<!-- This site is optimized with the Yoast SEO plugin v27.4 - https:\/\/yoast.com\/product\/yoast-seo-wordpress\/ -->\n<title>Gizlilik Politikas\u0131 - Turkish Testing Board<\/title>\n<meta name=\"robots\" content=\"index, follow, max-snippet:-1, max-image-preview:large, max-video-preview:-1\" \/>\n<link rel=\"canonical\" href=\"https:\/\/www.turkishtestingboard.org\/en\/privacy-policy\/\" \/>\n<meta property=\"og:locale\" content=\"en_US\" \/>\n<meta property=\"og:type\" content=\"article\" \/>\n<meta property=\"og:title\" content=\"Gizlilik Politikas\u0131 - Turkish Testing Board\" \/>\n<meta property=\"og:description\" content=\"Gizlili\u011finizi korumak bizim i\u00e7in \u00f6nemlidir. Yaz\u0131l\u0131m Test ve Kalite Derne\u011fi Gizlilik Politikas\u0131, m\u00fc\u015fterilerimizden, kullan\u0131c\u0131lar\u0131m\u0131zdan ve i\u015f ortaklar\u0131m\u0131zdan toplad\u0131\u011f\u0131m\u0131z ki\u015fisel bilgileri nas\u0131l y\u00f6netti\u011fimize ili\u015fkin k\u0131lavuzumuzdur. Yaz\u0131l\u0131m Test ve Kalite Derne\u011fi Gizlilik Politikas\u0131 sizi bizimle payla\u015ft\u0131\u011f\u0131n\u0131z ki\u015fisel bilgilerin k\u00f6t\u00fcye kullan\u0131lmas\u0131na kar\u015f\u0131 korumaktad\u0131r. Bu politika, ad\u0131n\u0131z, adresiniz, e-posta adresiniz ve telefon numaran\u0131z dahil olmak \u00fczere ki\u015fisel bilgilerinizin nerede [&hellip;]\" \/>\n<meta property=\"og:url\" content=\"https:\/\/www.turkishtestingboard.org\/en\/privacy-policy\/\" \/>\n<meta property=\"og:site_name\" content=\"Turkish Testing Board\" \/>\n<meta property=\"article:modified_time\" content=\"2022-01-22T20:19:03+00:00\" \/>\n<meta name=\"twitter:card\" content=\"summary_large_image\" \/>\n<meta name=\"twitter:label1\" content=\"Est. reading time\" \/>\n\t<meta name=\"twitter:data1\" content=\"2 minutes\" \/>\n<script type=\"application\/ld+json\" class=\"yoast-schema-graph\">{\"@context\":\"https:\\\/\\\/schema.org\",\"@graph\":[{\"@type\":\"WebPage\",\"@id\":\"https:\\\/\\\/www.turkishtestingboard.org\\\/gizlilik-politikasi\\\/\",\"url\":\"https:\\\/\\\/www.turkishtestingboard.org\\\/gizlilik-politikasi\\\/\",\"name\":\"Gizlilik Politikas\u0131 - Turkish Testing Board\",\"isPartOf\":{\"@id\":\"https:\\\/\\\/www.turkishtestingboard.org\\\/#website\"},\"datePublished\":\"2021-08-01T14:29:15+00:00\",\"dateModified\":\"2022-01-22T20:19:03+00:00\",\"breadcrumb\":{\"@id\":\"https:\\\/\\\/www.turkishtestingboard.org\\\/gizlilik-politikasi\\\/#breadcrumb\"},\"inLanguage\":\"en-US\",\"potentialAction\":[{\"@type\":\"ReadAction\",\"target\":[\"https:\\\/\\\/www.turkishtestingboard.org\\\/gizlilik-politikasi\\\/\"]}]},{\"@type\":\"BreadcrumbList\",\"@id\":\"https:\\\/\\\/www.turkishtestingboard.org\\\/gizlilik-politikasi\\\/#breadcrumb\",\"itemListElement\":[{\"@type\":\"ListItem\",\"position\":1,\"name\":\"Anasayfa\",\"item\":\"https:\\\/\\\/www.turkishtestingboard.org\\\/\"},{\"@type\":\"ListItem\",\"position\":2,\"name\":\"Gizlilik Politikas\u0131\"}]},{\"@type\":\"WebSite\",\"@id\":\"https:\\\/\\\/www.turkishtestingboard.org\\\/#website\",\"url\":\"https:\\\/\\\/www.turkishtestingboard.org\\\/\",\"name\":\"Turkish Testing Board\",\"description\":\"Your gateway to global Software Testing community\",\"publisher\":{\"@id\":\"https:\\\/\\\/www.turkishtestingboard.org\\\/#organization\"},\"potentialAction\":[{\"@type\":\"SearchAction\",\"target\":{\"@type\":\"EntryPoint\",\"urlTemplate\":\"https:\\\/\\\/www.turkishtestingboard.org\\\/?s={search_term_string}\"},\"query-input\":{\"@type\":\"PropertyValueSpecification\",\"valueRequired\":true,\"valueName\":\"search_term_string\"}}],\"inLanguage\":\"en-US\"},{\"@type\":\"Organization\",\"@id\":\"https:\\\/\\\/www.turkishtestingboard.org\\\/#organization\",\"name\":\"Turkish Testing Board\",\"url\":\"https:\\\/\\\/www.turkishtestingboard.org\\\/\",\"logo\":{\"@type\":\"ImageObject\",\"inLanguage\":\"en-US\",\"@id\":\"https:\\\/\\\/www.turkishtestingboard.org\\\/#\\\/schema\\\/logo\\\/image\\\/\",\"url\":\"https:\\\/\\\/fikadigital.com\\\/ttb2021\\\/wp-content\\\/uploads\\\/2021\\\/08\\\/ttblogo2021.png\",\"contentUrl\":\"https:\\\/\\\/fikadigital.com\\\/ttb2021\\\/wp-content\\\/uploads\\\/2021\\\/08\\\/ttblogo2021.png\",\"width\":133,\"height\":100,\"caption\":\"Turkish Testing Board\"},\"image\":{\"@id\":\"https:\\\/\\\/www.turkishtestingboard.org\\\/#\\\/schema\\\/logo\\\/image\\\/\"}}]}<\/script>\n<!-- \/ Yoast SEO plugin. -->","yoast_head_json":{"title":"Gizlilik Politikas\u0131 - Turkish Testing Board","robots":{"index":"index","follow":"follow","max-snippet":"max-snippet:-1","max-image-preview":"max-image-preview:large","max-video-preview":"max-video-preview:-1"},"canonical":"https:\/\/www.turkishtestingboard.org\/en\/privacy-policy\/","og_locale":"en_US","og_type":"article","og_title":"Gizlilik Politikas\u0131 - Turkish Testing Board","og_description":"Gizlili\u011finizi korumak bizim i\u00e7in \u00f6nemlidir. Yaz\u0131l\u0131m Test ve Kalite Derne\u011fi Gizlilik Politikas\u0131, m\u00fc\u015fterilerimizden, kullan\u0131c\u0131lar\u0131m\u0131zdan ve i\u015f ortaklar\u0131m\u0131zdan toplad\u0131\u011f\u0131m\u0131z ki\u015fisel bilgileri nas\u0131l y\u00f6netti\u011fimize ili\u015fkin k\u0131lavuzumuzdur. Yaz\u0131l\u0131m Test ve Kalite Derne\u011fi Gizlilik Politikas\u0131 sizi bizimle payla\u015ft\u0131\u011f\u0131n\u0131z ki\u015fisel bilgilerin k\u00f6t\u00fcye kullan\u0131lmas\u0131na kar\u015f\u0131 korumaktad\u0131r. Bu politika, ad\u0131n\u0131z, adresiniz, e-posta adresiniz ve telefon numaran\u0131z dahil olmak \u00fczere ki\u015fisel bilgilerinizin nerede [&hellip;]","og_url":"https:\/\/www.turkishtestingboard.org\/en\/privacy-policy\/","og_site_name":"Turkish Testing Board","article_modified_time":"2022-01-22T20:19:03+00:00","twitter_card":"summary_large_image","twitter_misc":{"Est. reading time":"2 minutes"},"schema":{"@context":"https:\/\/schema.org","@graph":[{"@type":"WebPage","@id":"https:\/\/www.turkishtestingboard.org\/gizlilik-politikasi\/","url":"https:\/\/www.turkishtestingboard.org\/gizlilik-politikasi\/","name":"Gizlilik Politikas\u0131 - Turkish Testing Board","isPartOf":{"@id":"https:\/\/www.turkishtestingboard.org\/#website"},"datePublished":"2021-08-01T14:29:15+00:00","dateModified":"2022-01-22T20:19:03+00:00","breadcrumb":{"@id":"https:\/\/www.turkishtestingboard.org\/gizlilik-politikasi\/#breadcrumb"},"inLanguage":"en-US","potentialAction":[{"@type":"ReadAction","target":["https:\/\/www.turkishtestingboard.org\/gizlilik-politikasi\/"]}]},{"@type":"BreadcrumbList","@id":"https:\/\/www.turkishtestingboard.org\/gizlilik-politikasi\/#breadcrumb","itemListElement":[{"@type":"ListItem","position":1,"name":"Anasayfa","item":"https:\/\/www.turkishtestingboard.org\/"},{"@type":"ListItem","position":2,"name":"Gizlilik Politikas\u0131"}]},{"@type":"WebSite","@id":"https:\/\/www.turkishtestingboard.org\/#website","url":"https:\/\/www.turkishtestingboard.org\/","name":"Turkish Testing Board","description":"Your gateway to global Software Testing community","publisher":{"@id":"https:\/\/www.turkishtestingboard.org\/#organization"},"potentialAction":[{"@type":"SearchAction","target":{"@type":"EntryPoint","urlTemplate":"https:\/\/www.turkishtestingboard.org\/?s={search_term_string}"},"query-input":{"@type":"PropertyValueSpecification","valueRequired":true,"valueName":"search_term_string"}}],"inLanguage":"en-US"},{"@type":"Organization","@id":"https:\/\/www.turkishtestingboard.org\/#organization","name":"Turkish Testing Board","url":"https:\/\/www.turkishtestingboard.org\/","logo":{"@type":"ImageObject","inLanguage":"en-US","@id":"https:\/\/www.turkishtestingboard.org\/#\/schema\/logo\/image\/","url":"https:\/\/fikadigital.com\/ttb2021\/wp-content\/uploads\/2021\/08\/ttblogo2021.png","contentUrl":"https:\/\/fikadigital.com\/ttb2021\/wp-content\/uploads\/2021\/08\/ttblogo2021.png","width":133,"height":100,"caption":"Turkish Testing Board"},"image":{"@id":"https:\/\/www.turkishtestingboard.org\/#\/schema\/logo\/image\/"}}]}},"_links":{"self":[{"href":"https:\/\/www.turkishtestingboard.org\/en\/wp-json\/wp\/v2\/pages\/420","targetHints":{"allow":["GET"]}}],"collection":[{"href":"https:\/\/www.turkishtestingboard.org\/en\/wp-json\/wp\/v2\/pages"}],"about":[{"href":"https:\/\/www.turkishtestingboard.org\/en\/wp-json\/wp\/v2\/types\/page"}],"author":[{"embeddable":true,"href":"https:\/\/www.turkishtestingboard.org\/en\/wp-json\/wp\/v2\/users\/1"}],"replies":[{"embeddable":true,"href":"https:\/\/www.turkishtestingboard.org\/en\/wp-json\/wp\/v2\/comments?post=420"}],"version-history":[{"count":0,"href":"https:\/\/www.turkishtestingboard.org\/en\/wp-json\/wp\/v2\/pages\/420\/revisions"}],"wp:attachment":[{"href":"https:\/\/www.turkishtestingboard.org\/en\/wp-json\/wp\/v2\/media?parent=420"}],"curies":[{"name":"wp","href":"https:\/\/api.w.org\/{rel}","templated":true}]}}