{"id":22728,"date":"2026-04-18T02:22:53","date_gmt":"2026-04-17T23:22:53","guid":{"rendered":"https:\/\/www.turkishtestingboard.org\/?page_id=22728"},"modified":"2026-04-18T02:38:10","modified_gmt":"2026-04-17T23:38:10","slug":"agentic-yaklasim-nesne-yonelimli-yaklasim-ve-is-sureci-yaklasimi-arasindaki-temel-mantiksal-fark","status":"publish","type":"page","link":"https:\/\/www.turkishtestingboard.org\/en\/main-logical-difference-between-the-agentic-approach-the-object-oriented-approach-and-the-business-process-approach\/","title":{"rendered":"The Main Logical Difference Between the Agentic Approach, the Object-Oriented Approach, and the Business Process Approach"},"content":{"rendered":"\t\t<div data-elementor-type=\"wp-page\" data-elementor-id=\"22728\" class=\"elementor elementor-22728\">\n\t\t\t\t\t\t<section class=\"elementor-section elementor-top-section elementor-element elementor-element-d84cf5a elementor-section-boxed elementor-section-height-default elementor-section-height-default\" data-id=\"d84cf5a\" data-element_type=\"section\" data-e-type=\"section\" data-settings=\"{&quot;jet_parallax_layout_list&quot;:[{&quot;jet_parallax_layout_image&quot;:{&quot;url&quot;:&quot;&quot;,&quot;id&quot;:&quot;&quot;,&quot;size&quot;:&quot;&quot;},&quot;_id&quot;:&quot;9f44894&quot;,&quot;jet_parallax_layout_image_tablet&quot;:{&quot;url&quot;:&quot;&quot;,&quot;id&quot;:&quot;&quot;,&quot;size&quot;:&quot;&quot;},&quot;jet_parallax_layout_image_mobile&quot;:{&quot;url&quot;:&quot;&quot;,&quot;id&quot;:&quot;&quot;,&quot;size&quot;:&quot;&quot;},&quot;jet_parallax_layout_speed&quot;:{&quot;unit&quot;:&quot;%&quot;,&quot;size&quot;:50,&quot;sizes&quot;:[]},&quot;jet_parallax_layout_type&quot;:&quot;scroll&quot;,&quot;jet_parallax_layout_direction&quot;:&quot;1&quot;,&quot;jet_parallax_layout_fx_direction&quot;:null,&quot;jet_parallax_layout_z_index&quot;:&quot;&quot;,&quot;jet_parallax_layout_bg_x&quot;:50,&quot;jet_parallax_layout_bg_x_tablet&quot;:&quot;&quot;,&quot;jet_parallax_layout_bg_x_mobile&quot;:&quot;&quot;,&quot;jet_parallax_layout_bg_y&quot;:50,&quot;jet_parallax_layout_bg_y_tablet&quot;:&quot;&quot;,&quot;jet_parallax_layout_bg_y_mobile&quot;:&quot;&quot;,&quot;jet_parallax_layout_bg_size&quot;:&quot;auto&quot;,&quot;jet_parallax_layout_bg_size_tablet&quot;:&quot;&quot;,&quot;jet_parallax_layout_bg_size_mobile&quot;:&quot;&quot;,&quot;jet_parallax_layout_animation_prop&quot;:&quot;transform&quot;,&quot;jet_parallax_layout_on&quot;:[&quot;desktop&quot;,&quot;tablet&quot;]}]}\">\n\t\t\t\t\t\t<div class=\"elementor-container elementor-column-gap-default\">\n\t\t\t\t\t<div class=\"elementor-column elementor-col-100 elementor-top-column elementor-element elementor-element-29960ad\" data-id=\"29960ad\" data-element_type=\"column\" data-e-type=\"column\">\n\t\t\t<div class=\"elementor-widget-wrap elementor-element-populated\">\n\t\t\t\t\t\t<div class=\"elementor-element elementor-element-6d12909 elementor-widget elementor-widget-image\" data-id=\"6d12909\" data-element_type=\"widget\" data-e-type=\"widget\" data-widget_type=\"image.default\">\n\t\t\t\t<div class=\"elementor-widget-container\">\n\t\t\t\t\t\t\t\t\t\t\t\t\t\t\t<img fetchpriority=\"high\" decoding=\"async\" width=\"1536\" height=\"569\" src=\"https:\/\/www.turkishtestingboard.org\/wp-content\/uploads\/2026\/04\/Quality-Matters.jpg\" class=\"attachment-full size-full wp-image-22730\" alt=\"\" srcset=\"https:\/\/www.turkishtestingboard.org\/wp-content\/uploads\/2026\/04\/Quality-Matters.jpg 1536w, https:\/\/www.turkishtestingboard.org\/wp-content\/uploads\/2026\/04\/Quality-Matters-300x111.jpg 300w, https:\/\/www.turkishtestingboard.org\/wp-content\/uploads\/2026\/04\/Quality-Matters-1024x379.jpg 1024w, https:\/\/www.turkishtestingboard.org\/wp-content\/uploads\/2026\/04\/Quality-Matters-768x285.jpg 768w, https:\/\/www.turkishtestingboard.org\/wp-content\/uploads\/2026\/04\/Quality-Matters-18x7.jpg 18w, https:\/\/www.turkishtestingboard.org\/wp-content\/uploads\/2026\/04\/Quality-Matters-350x130.jpg 350w, https:\/\/www.turkishtestingboard.org\/wp-content\/uploads\/2026\/04\/Quality-Matters-551x204.jpg 551w\" sizes=\"(max-width: 1536px) 100vw, 1536px\" \/>\t\t\t\t\t\t\t\t\t\t\t\t\t\t\t<\/div>\n\t\t\t\t<\/div>\n\t\t\t\t<div class=\"elementor-element elementor-element-3797169 elementor-widget elementor-widget-text-editor\" data-id=\"3797169\" data-element_type=\"widget\" data-e-type=\"widget\" data-widget_type=\"text-editor.default\">\n\t\t\t\t<div class=\"elementor-widget-container\">\n\t\t\t\t\t\t\t\t\t<p>Agentic Yakla\u015f\u0131m, Nesne Y\u00f6nelimli Yakla\u015f\u0131m ve \u0130\u015f S\u00fcreci Yakla\u015f\u0131m\u0131 Aras\u0131ndaki Temel Fark Nedir?<br \/>Quality Matters dergisinin son say\u0131s\u0131nda yay\u0131mlanan makalede, i\u015f analizini ve kaliteyi do\u011fru metodolojik temeller \u00fczerine in\u015fa etmenin teknik boyutlar\u0131 ele al\u0131n\u0131yor.<\/p><p>Kritik soru \u015fu:<br \/>Agentic yakla\u015f\u0131m, nesne y\u00f6nelimli yakla\u015f\u0131m ve i\u015f s\u00fcreci yakla\u015f\u0131m\u0131 aras\u0131ndaki temel, mant\u0131ksal ve felsefi fark nedir?<\/p><p>a) Fonksiyonel gereksinimlere olan yakla\u015f\u0131mlar\u0131<br \/>b) Fonksiyonel olmayan gereksinimlere olan yakla\u015f\u0131mlar\u0131<br \/>c) Sistem gereksinimlerine olan yakla\u015f\u0131mlar\u0131<br \/>d) Kullan\u0131c\u0131 gereksinimlerine olan yakla\u015f\u0131mlar\u0131<br \/>e) Aralar\u0131nda herhangi bir fark yoktur<\/p><p>Makale; Business, User, Functional ve System Requirements aras\u0131ndaki hiyerar\u015finin yaln\u0131zca bir dok\u00fcmantasyon yap\u0131s\u0131 olmad\u0131\u011f\u0131n\u0131; sistemin y\u00f6n\u00fcn\u00fc ve \u201cruhunu\u201d belirleyen temel unsur oldu\u011funu vurguluyor.<\/p><p>Ayr\u0131ca makale \u015fu temel soruya odaklan\u0131yor: Tasarlanan mimarinin mant\u0131ksal temeli ger\u00e7ekten neye dayan\u0131yor?<\/p><p>\u0130\u00e7erikte \u00fc\u00e7 farkl\u0131 yakla\u015f\u0131m detayl\u0131 \u015fekilde inceleniyor:<\/p><ul><li>\u0130\u015f S\u00fcreci Yakla\u015f\u0131m\u0131 (Business Process Approach)<\/li><li>Nesne Y\u00f6nelimli Yakla\u015f\u0131m (Object-Oriented Approach)<\/li><li>Agentic Yakla\u015f\u0131m (Agentic Approach)<\/li><\/ul><p>Bu yakla\u015f\u0131mlar\u0131n her biri, gereksinimlere ve sistem tasar\u0131m\u0131na farkl\u0131 perspektifler sunarken; \u00f6zellikle kullan\u0131c\u0131 odakl\u0131 bak\u0131\u015f a\u00e7\u0131s\u0131n\u0131n fonksiyonel gereksinim modellemesini nas\u0131l d\u00f6n\u00fc\u015ft\u00fcrd\u00fc\u011f\u00fc \u00f6ne \u00e7\u0131k\u0131yor.<br \/>Makale, proje ekipleri i\u00e7in kritik bir karar noktas\u0131n\u0131 da g\u00fcndeme getiriyor:<\/p><p>\u201cMetodoloji se\u00e7imi yap\u0131l\u0131rken \u00f6ncelik fonksiyonel gereksinimlerde mi, yoksa sistem gereksinimlerinde mi olmal\u0131?, AI-First m\u00fc yoksa User-First m\u00fc?\u201d<\/p><p>Makaleye a\u015fa\u011f\u0131daki buton \u00fczerinden ula\u015fabilirsiniz.<\/p>\t\t\t\t\t\t\t\t<\/div>\n\t\t\t\t<\/div>\n\t\t\t\t<div class=\"elementor-element elementor-element-608bc03 elementor-align-center elementor-widget elementor-widget-raven-button\" data-id=\"608bc03\" data-element_type=\"widget\" data-e-type=\"widget\" data-settings=\"{&quot;turn_to_popup_action_button&quot;:&quot;no&quot;}\" data-widget_type=\"raven-button.default\">\n\t\t\t\t<div class=\"elementor-widget-container\">\n\t\t\t\t\t\t\t<div class=\"raven-widget-wrapper\">\n\t\t\t<a class=\"raven-button raven-button-widget-normal-effect-none  raven-button-text-align-center raven-button-link elementor-animation-grow\" href=\"https:\/\/www.turkishtestingboard.org\/files\/pdfs\/Quality_Matters-26.pdf\" target=\"_blank\">\t\t\t\t<div class=\"raven-button-overlay\" ><\/div>\n\t\t\t\t<span class=\"raven-button-content\">\n\t\t\t\t\t\n\t\t\t\t\t<div class=\"button-text-container\">\n\t\t\t\t\t\t\t\t\t<span class=\"raven-button-icon raven-button-icon-position-left\">\n\t\t\t\t<i aria-hidden=\"true\" class=\"far fa-check-circle\"><\/i>\t\t\t<\/span>\n\t\t\t\t\t\t\t\t<div class=\"raven-button-texts-wrapper\">\n\t\t\t\t\t\t\t<div class=\"button-text\">\n\t\t\t\t\t\t\t\t<span class=\"raven-button-text\">\n\t\t\t\t\t\t\t\t\tDok\u00fcman\u0131 \u0130ndir\t\t\t\t\t\t\t\t<\/span>\n\t\t\t\t\t\t\t<\/div>\n\t\t\t\t\t\t\t\t\t\t\t\t\t<\/div>\n\t\t\t\t\t\t\t\t\t\t\t<\/div>\n\t\t\t\t\t\n\t\t\t\t\t\t\t\t\t<\/span>\n\t\t\t<\/a>\t\t<\/div>\n\t\t\t\t\t\t<\/div>\n\t\t\t\t<\/div>\n\t\t\t\t\t<\/div>\n\t\t<\/div>\n\t\t\t\t\t<\/div>\n\t\t<\/section>\n\t\t\t\t<\/div>\n\t\t","protected":false},"excerpt":{"rendered":"<p>Agentic Yakla\u015f\u0131m, Nesne Y\u00f6nelimli Yakla\u015f\u0131m ve \u0130\u015f S\u00fcreci Yakla\u015f\u0131m\u0131 Aras\u0131ndaki Temel Fark Nedir?Quality Matters dergisinin son say\u0131s\u0131nda yay\u0131mlanan makalede, i\u015f analizini ve kaliteyi do\u011fru metodolojik temeller \u00fczerine in\u015fa etmenin teknik boyutlar\u0131 ele al\u0131n\u0131yor. Kritik soru \u015fu:Agentic yakla\u015f\u0131m, nesne y\u00f6nelimli yakla\u015f\u0131m ve i\u015f s\u00fcreci yakla\u015f\u0131m\u0131 aras\u0131ndaki temel, mant\u0131ksal ve felsefi fark nedir? a) Fonksiyonel gereksinimlere olan [&hellip;]<\/p>\n","protected":false},"author":1,"featured_media":0,"parent":0,"menu_order":0,"comment_status":"closed","ping_status":"closed","template":"","meta":{"_acf_changed":false,"footnotes":""},"class_list":["post-22728","page","type-page","status-publish","hentry"],"acf":[],"yoast_head":"<!-- This site is optimized with the Yoast SEO plugin v27.3 - https:\/\/yoast.com\/product\/yoast-seo-wordpress\/ -->\n<title>Agentic Yakla\u015f\u0131m, Nesne Y\u00f6nelimli Yakla\u015f\u0131m ve \u0130\u015f S\u00fcreci Yakla\u015f\u0131m\u0131 Aras\u0131ndaki Temel Mant\u0131ksal Fark - Turkish Testing Board<\/title>\n<meta name=\"robots\" content=\"index, follow, max-snippet:-1, max-image-preview:large, max-video-preview:-1\" \/>\n<link rel=\"canonical\" href=\"https:\/\/www.turkishtestingboard.org\/en\/main-logical-difference-between-the-agentic-approach-the-object-oriented-approach-and-the-business-process-approach\/\" \/>\n<meta property=\"og:locale\" content=\"en_US\" \/>\n<meta property=\"og:type\" content=\"article\" \/>\n<meta property=\"og:title\" content=\"Agentic Yakla\u015f\u0131m, Nesne Y\u00f6nelimli Yakla\u015f\u0131m ve \u0130\u015f S\u00fcreci Yakla\u015f\u0131m\u0131 Aras\u0131ndaki Temel Mant\u0131ksal Fark - Turkish Testing Board\" \/>\n<meta property=\"og:description\" content=\"Agentic Yakla\u015f\u0131m, Nesne Y\u00f6nelimli Yakla\u015f\u0131m ve \u0130\u015f S\u00fcreci Yakla\u015f\u0131m\u0131 Aras\u0131ndaki Temel Fark Nedir?Quality Matters dergisinin son say\u0131s\u0131nda yay\u0131mlanan makalede, i\u015f analizini ve kaliteyi do\u011fru metodolojik temeller \u00fczerine in\u015fa etmenin teknik boyutlar\u0131 ele al\u0131n\u0131yor. Kritik soru \u015fu:Agentic yakla\u015f\u0131m, nesne y\u00f6nelimli yakla\u015f\u0131m ve i\u015f s\u00fcreci yakla\u015f\u0131m\u0131 aras\u0131ndaki temel, mant\u0131ksal ve felsefi fark nedir? a) Fonksiyonel gereksinimlere olan [&hellip;]\" \/>\n<meta property=\"og:url\" content=\"https:\/\/www.turkishtestingboard.org\/en\/main-logical-difference-between-the-agentic-approach-the-object-oriented-approach-and-the-business-process-approach\/\" \/>\n<meta property=\"og:site_name\" content=\"Turkish Testing Board\" \/>\n<meta property=\"article:modified_time\" content=\"2026-04-17T23:38:10+00:00\" \/>\n<meta property=\"og:image\" content=\"https:\/\/www.turkishtestingboard.org\/wp-content\/uploads\/2026\/04\/Quality-Matters.jpg\" \/>\n\t<meta property=\"og:image:width\" content=\"1536\" \/>\n\t<meta property=\"og:image:height\" content=\"569\" \/>\n\t<meta property=\"og:image:type\" content=\"image\/jpeg\" \/>\n<meta name=\"twitter:card\" content=\"summary_large_image\" \/>\n<meta name=\"twitter:label1\" content=\"Est. reading time\" \/>\n\t<meta name=\"twitter:data1\" content=\"2 minutes\" \/>\n<script type=\"application\/ld+json\" class=\"yoast-schema-graph\">{\"@context\":\"https:\\\/\\\/schema.org\",\"@graph\":[{\"@type\":\"WebPage\",\"@id\":\"https:\\\/\\\/www.turkishtestingboard.org\\\/agentic-yaklasim-nesne-yonelimli-yaklasim-ve-is-sureci-yaklasimi-arasindaki-temel-mantiksal-fark\\\/\",\"url\":\"https:\\\/\\\/www.turkishtestingboard.org\\\/agentic-yaklasim-nesne-yonelimli-yaklasim-ve-is-sureci-yaklasimi-arasindaki-temel-mantiksal-fark\\\/\",\"name\":\"Agentic Yakla\u015f\u0131m, Nesne Y\u00f6nelimli Yakla\u015f\u0131m ve \u0130\u015f S\u00fcreci Yakla\u015f\u0131m\u0131 Aras\u0131ndaki Temel Mant\u0131ksal Fark - Turkish Testing Board\",\"isPartOf\":{\"@id\":\"https:\\\/\\\/www.turkishtestingboard.org\\\/#website\"},\"primaryImageOfPage\":{\"@id\":\"https:\\\/\\\/www.turkishtestingboard.org\\\/agentic-yaklasim-nesne-yonelimli-yaklasim-ve-is-sureci-yaklasimi-arasindaki-temel-mantiksal-fark\\\/#primaryimage\"},\"image\":{\"@id\":\"https:\\\/\\\/www.turkishtestingboard.org\\\/agentic-yaklasim-nesne-yonelimli-yaklasim-ve-is-sureci-yaklasimi-arasindaki-temel-mantiksal-fark\\\/#primaryimage\"},\"thumbnailUrl\":\"https:\\\/\\\/www.turkishtestingboard.org\\\/wp-content\\\/uploads\\\/2026\\\/04\\\/Quality-Matters.jpg\",\"datePublished\":\"2026-04-17T23:22:53+00:00\",\"dateModified\":\"2026-04-17T23:38:10+00:00\",\"breadcrumb\":{\"@id\":\"https:\\\/\\\/www.turkishtestingboard.org\\\/agentic-yaklasim-nesne-yonelimli-yaklasim-ve-is-sureci-yaklasimi-arasindaki-temel-mantiksal-fark\\\/#breadcrumb\"},\"inLanguage\":\"en-US\",\"potentialAction\":[{\"@type\":\"ReadAction\",\"target\":[\"https:\\\/\\\/www.turkishtestingboard.org\\\/agentic-yaklasim-nesne-yonelimli-yaklasim-ve-is-sureci-yaklasimi-arasindaki-temel-mantiksal-fark\\\/\"]}]},{\"@type\":\"ImageObject\",\"inLanguage\":\"en-US\",\"@id\":\"https:\\\/\\\/www.turkishtestingboard.org\\\/agentic-yaklasim-nesne-yonelimli-yaklasim-ve-is-sureci-yaklasimi-arasindaki-temel-mantiksal-fark\\\/#primaryimage\",\"url\":\"https:\\\/\\\/www.turkishtestingboard.org\\\/wp-content\\\/uploads\\\/2026\\\/04\\\/Quality-Matters.jpg\",\"contentUrl\":\"https:\\\/\\\/www.turkishtestingboard.org\\\/wp-content\\\/uploads\\\/2026\\\/04\\\/Quality-Matters.jpg\"},{\"@type\":\"BreadcrumbList\",\"@id\":\"https:\\\/\\\/www.turkishtestingboard.org\\\/agentic-yaklasim-nesne-yonelimli-yaklasim-ve-is-sureci-yaklasimi-arasindaki-temel-mantiksal-fark\\\/#breadcrumb\",\"itemListElement\":[{\"@type\":\"ListItem\",\"position\":1,\"name\":\"Anasayfa\",\"item\":\"https:\\\/\\\/www.turkishtestingboard.org\\\/\"},{\"@type\":\"ListItem\",\"position\":2,\"name\":\"Agentic Yakla\u015f\u0131m, Nesne Y\u00f6nelimli Yakla\u015f\u0131m ve \u0130\u015f S\u00fcreci Yakla\u015f\u0131m\u0131 Aras\u0131ndaki Temel Mant\u0131ksal Fark\"}]},{\"@type\":\"WebSite\",\"@id\":\"https:\\\/\\\/www.turkishtestingboard.org\\\/#website\",\"url\":\"https:\\\/\\\/www.turkishtestingboard.org\\\/\",\"name\":\"Turkish Testing Board\",\"description\":\"Your gateway to global Software Testing community\",\"publisher\":{\"@id\":\"https:\\\/\\\/www.turkishtestingboard.org\\\/#organization\"},\"potentialAction\":[{\"@type\":\"SearchAction\",\"target\":{\"@type\":\"EntryPoint\",\"urlTemplate\":\"https:\\\/\\\/www.turkishtestingboard.org\\\/?s={search_term_string}\"},\"query-input\":{\"@type\":\"PropertyValueSpecification\",\"valueRequired\":true,\"valueName\":\"search_term_string\"}}],\"inLanguage\":\"en-US\"},{\"@type\":\"Organization\",\"@id\":\"https:\\\/\\\/www.turkishtestingboard.org\\\/#organization\",\"name\":\"Turkish Testing Board\",\"url\":\"https:\\\/\\\/www.turkishtestingboard.org\\\/\",\"logo\":{\"@type\":\"ImageObject\",\"inLanguage\":\"en-US\",\"@id\":\"https:\\\/\\\/www.turkishtestingboard.org\\\/#\\\/schema\\\/logo\\\/image\\\/\",\"url\":\"https:\\\/\\\/fikadigital.com\\\/ttb2021\\\/wp-content\\\/uploads\\\/2021\\\/08\\\/ttblogo2021.png\",\"contentUrl\":\"https:\\\/\\\/fikadigital.com\\\/ttb2021\\\/wp-content\\\/uploads\\\/2021\\\/08\\\/ttblogo2021.png\",\"width\":133,\"height\":100,\"caption\":\"Turkish Testing Board\"},\"image\":{\"@id\":\"https:\\\/\\\/www.turkishtestingboard.org\\\/#\\\/schema\\\/logo\\\/image\\\/\"}}]}<\/script>\n<!-- \/ Yoast SEO plugin. -->","yoast_head_json":{"title":"The Main Logical Difference Between the Agentic Approach, the Object-Oriented Approach, and the Business Process Approach - Turkish Testing Board","robots":{"index":"index","follow":"follow","max-snippet":"max-snippet:-1","max-image-preview":"max-image-preview:large","max-video-preview":"max-video-preview:-1"},"canonical":"https:\/\/www.turkishtestingboard.org\/en\/main-logical-difference-between-the-agentic-approach-the-object-oriented-approach-and-the-business-process-approach\/","og_locale":"en_US","og_type":"article","og_title":"Agentic Yakla\u015f\u0131m, Nesne Y\u00f6nelimli Yakla\u015f\u0131m ve \u0130\u015f S\u00fcreci Yakla\u015f\u0131m\u0131 Aras\u0131ndaki Temel Mant\u0131ksal Fark - Turkish Testing Board","og_description":"Agentic Yakla\u015f\u0131m, Nesne Y\u00f6nelimli Yakla\u015f\u0131m ve \u0130\u015f S\u00fcreci Yakla\u015f\u0131m\u0131 Aras\u0131ndaki Temel Fark Nedir?Quality Matters dergisinin son say\u0131s\u0131nda yay\u0131mlanan makalede, i\u015f analizini ve kaliteyi do\u011fru metodolojik temeller \u00fczerine in\u015fa etmenin teknik boyutlar\u0131 ele al\u0131n\u0131yor. Kritik soru \u015fu:Agentic yakla\u015f\u0131m, nesne y\u00f6nelimli yakla\u015f\u0131m ve i\u015f s\u00fcreci yakla\u015f\u0131m\u0131 aras\u0131ndaki temel, mant\u0131ksal ve felsefi fark nedir? a) Fonksiyonel gereksinimlere olan [&hellip;]","og_url":"https:\/\/www.turkishtestingboard.org\/en\/main-logical-difference-between-the-agentic-approach-the-object-oriented-approach-and-the-business-process-approach\/","og_site_name":"Turkish Testing Board","article_modified_time":"2026-04-17T23:38:10+00:00","og_image":[{"width":1536,"height":569,"url":"https:\/\/www.turkishtestingboard.org\/wp-content\/uploads\/2026\/04\/Quality-Matters.jpg","type":"image\/jpeg"}],"twitter_card":"summary_large_image","twitter_misc":{"Est. reading time":"2 minutes"},"schema":{"@context":"https:\/\/schema.org","@graph":[{"@type":"WebPage","@id":"https:\/\/www.turkishtestingboard.org\/agentic-yaklasim-nesne-yonelimli-yaklasim-ve-is-sureci-yaklasimi-arasindaki-temel-mantiksal-fark\/","url":"https:\/\/www.turkishtestingboard.org\/agentic-yaklasim-nesne-yonelimli-yaklasim-ve-is-sureci-yaklasimi-arasindaki-temel-mantiksal-fark\/","name":"The Main Logical Difference Between the Agentic Approach, the Object-Oriented Approach, and the Business Process Approach - Turkish Testing Board","isPartOf":{"@id":"https:\/\/www.turkishtestingboard.org\/#website"},"primaryImageOfPage":{"@id":"https:\/\/www.turkishtestingboard.org\/agentic-yaklasim-nesne-yonelimli-yaklasim-ve-is-sureci-yaklasimi-arasindaki-temel-mantiksal-fark\/#primaryimage"},"image":{"@id":"https:\/\/www.turkishtestingboard.org\/agentic-yaklasim-nesne-yonelimli-yaklasim-ve-is-sureci-yaklasimi-arasindaki-temel-mantiksal-fark\/#primaryimage"},"thumbnailUrl":"https:\/\/www.turkishtestingboard.org\/wp-content\/uploads\/2026\/04\/Quality-Matters.jpg","datePublished":"2026-04-17T23:22:53+00:00","dateModified":"2026-04-17T23:38:10+00:00","breadcrumb":{"@id":"https:\/\/www.turkishtestingboard.org\/agentic-yaklasim-nesne-yonelimli-yaklasim-ve-is-sureci-yaklasimi-arasindaki-temel-mantiksal-fark\/#breadcrumb"},"inLanguage":"en-US","potentialAction":[{"@type":"ReadAction","target":["https:\/\/www.turkishtestingboard.org\/agentic-yaklasim-nesne-yonelimli-yaklasim-ve-is-sureci-yaklasimi-arasindaki-temel-mantiksal-fark\/"]}]},{"@type":"ImageObject","inLanguage":"en-US","@id":"https:\/\/www.turkishtestingboard.org\/agentic-yaklasim-nesne-yonelimli-yaklasim-ve-is-sureci-yaklasimi-arasindaki-temel-mantiksal-fark\/#primaryimage","url":"https:\/\/www.turkishtestingboard.org\/wp-content\/uploads\/2026\/04\/Quality-Matters.jpg","contentUrl":"https:\/\/www.turkishtestingboard.org\/wp-content\/uploads\/2026\/04\/Quality-Matters.jpg"},{"@type":"BreadcrumbList","@id":"https:\/\/www.turkishtestingboard.org\/agentic-yaklasim-nesne-yonelimli-yaklasim-ve-is-sureci-yaklasimi-arasindaki-temel-mantiksal-fark\/#breadcrumb","itemListElement":[{"@type":"ListItem","position":1,"name":"Anasayfa","item":"https:\/\/www.turkishtestingboard.org\/"},{"@type":"ListItem","position":2,"name":"Agentic Yakla\u015f\u0131m, Nesne Y\u00f6nelimli Yakla\u015f\u0131m ve \u0130\u015f S\u00fcreci Yakla\u015f\u0131m\u0131 Aras\u0131ndaki Temel Mant\u0131ksal Fark"}]},{"@type":"WebSite","@id":"https:\/\/www.turkishtestingboard.org\/#website","url":"https:\/\/www.turkishtestingboard.org\/","name":"Turkish Testing Board","description":"Your gateway to global Software Testing community","publisher":{"@id":"https:\/\/www.turkishtestingboard.org\/#organization"},"potentialAction":[{"@type":"SearchAction","target":{"@type":"EntryPoint","urlTemplate":"https:\/\/www.turkishtestingboard.org\/?s={search_term_string}"},"query-input":{"@type":"PropertyValueSpecification","valueRequired":true,"valueName":"search_term_string"}}],"inLanguage":"en-US"},{"@type":"Organization","@id":"https:\/\/www.turkishtestingboard.org\/#organization","name":"Turkish Testing Board","url":"https:\/\/www.turkishtestingboard.org\/","logo":{"@type":"ImageObject","inLanguage":"en-US","@id":"https:\/\/www.turkishtestingboard.org\/#\/schema\/logo\/image\/","url":"https:\/\/fikadigital.com\/ttb2021\/wp-content\/uploads\/2021\/08\/ttblogo2021.png","contentUrl":"https:\/\/fikadigital.com\/ttb2021\/wp-content\/uploads\/2021\/08\/ttblogo2021.png","width":133,"height":100,"caption":"Turkish Testing Board"},"image":{"@id":"https:\/\/www.turkishtestingboard.org\/#\/schema\/logo\/image\/"}}]}},"_links":{"self":[{"href":"https:\/\/www.turkishtestingboard.org\/en\/wp-json\/wp\/v2\/pages\/22728","targetHints":{"allow":["GET"]}}],"collection":[{"href":"https:\/\/www.turkishtestingboard.org\/en\/wp-json\/wp\/v2\/pages"}],"about":[{"href":"https:\/\/www.turkishtestingboard.org\/en\/wp-json\/wp\/v2\/types\/page"}],"author":[{"embeddable":true,"href":"https:\/\/www.turkishtestingboard.org\/en\/wp-json\/wp\/v2\/users\/1"}],"replies":[{"embeddable":true,"href":"https:\/\/www.turkishtestingboard.org\/en\/wp-json\/wp\/v2\/comments?post=22728"}],"version-history":[{"count":10,"href":"https:\/\/www.turkishtestingboard.org\/en\/wp-json\/wp\/v2\/pages\/22728\/revisions"}],"predecessor-version":[{"id":22741,"href":"https:\/\/www.turkishtestingboard.org\/en\/wp-json\/wp\/v2\/pages\/22728\/revisions\/22741"}],"wp:attachment":[{"href":"https:\/\/www.turkishtestingboard.org\/en\/wp-json\/wp\/v2\/media?parent=22728"}],"curies":[{"name":"wp","href":"https:\/\/api.w.org\/{rel}","templated":true}]}}