{"id":22672,"date":"2026-04-08T19:24:02","date_gmt":"2026-04-08T16:24:02","guid":{"rendered":"https:\/\/www.turkishtestingboard.org\/?page_id=22672"},"modified":"2026-04-08T19:25:27","modified_gmt":"2026-04-08T16:25:27","slug":"sertifikali-test-uzmani-ileri-seviye-test-analisti-ctal-ta-mufredati-v4-0-ingilizce","status":"publish","type":"page","link":"https:\/\/www.turkishtestingboard.org\/en\/test-analyst-syllabus-english-40\/","title":{"rendered":"Certified Tester Advanced Level Test Analyst (CTAL-TA) Syllabus V4.0 - English"},"content":{"rendered":"\t\t<div data-elementor-type=\"wp-page\" data-elementor-id=\"22672\" class=\"elementor elementor-22672\">\n\t\t\t\t\t\t<section class=\"elementor-section elementor-top-section elementor-element elementor-element-d84cf5a elementor-section-boxed elementor-section-height-default elementor-section-height-default\" data-id=\"d84cf5a\" data-element_type=\"section\" data-e-type=\"section\" data-settings=\"{&quot;jet_parallax_layout_list&quot;:[{&quot;jet_parallax_layout_image&quot;:{&quot;url&quot;:&quot;&quot;,&quot;id&quot;:&quot;&quot;,&quot;size&quot;:&quot;&quot;},&quot;_id&quot;:&quot;9f44894&quot;,&quot;jet_parallax_layout_image_tablet&quot;:{&quot;url&quot;:&quot;&quot;,&quot;id&quot;:&quot;&quot;,&quot;size&quot;:&quot;&quot;},&quot;jet_parallax_layout_image_mobile&quot;:{&quot;url&quot;:&quot;&quot;,&quot;id&quot;:&quot;&quot;,&quot;size&quot;:&quot;&quot;},&quot;jet_parallax_layout_speed&quot;:{&quot;unit&quot;:&quot;%&quot;,&quot;size&quot;:50,&quot;sizes&quot;:[]},&quot;jet_parallax_layout_type&quot;:&quot;scroll&quot;,&quot;jet_parallax_layout_direction&quot;:&quot;1&quot;,&quot;jet_parallax_layout_fx_direction&quot;:null,&quot;jet_parallax_layout_z_index&quot;:&quot;&quot;,&quot;jet_parallax_layout_bg_x&quot;:50,&quot;jet_parallax_layout_bg_x_tablet&quot;:&quot;&quot;,&quot;jet_parallax_layout_bg_x_mobile&quot;:&quot;&quot;,&quot;jet_parallax_layout_bg_y&quot;:50,&quot;jet_parallax_layout_bg_y_tablet&quot;:&quot;&quot;,&quot;jet_parallax_layout_bg_y_mobile&quot;:&quot;&quot;,&quot;jet_parallax_layout_bg_size&quot;:&quot;auto&quot;,&quot;jet_parallax_layout_bg_size_tablet&quot;:&quot;&quot;,&quot;jet_parallax_layout_bg_size_mobile&quot;:&quot;&quot;,&quot;jet_parallax_layout_animation_prop&quot;:&quot;transform&quot;,&quot;jet_parallax_layout_on&quot;:[&quot;desktop&quot;,&quot;tablet&quot;]}]}\">\n\t\t\t\t\t\t<div class=\"elementor-container elementor-column-gap-default\">\n\t\t\t\t\t<div class=\"elementor-column elementor-col-100 elementor-top-column elementor-element elementor-element-29960ad\" data-id=\"29960ad\" data-element_type=\"column\" data-e-type=\"column\">\n\t\t\t<div class=\"elementor-widget-wrap elementor-element-populated\">\n\t\t\t\t\t\t<div class=\"elementor-element elementor-element-3797169 elementor-widget elementor-widget-text-editor\" data-id=\"3797169\" data-element_type=\"widget\" data-e-type=\"widget\" data-widget_type=\"text-editor.default\">\n\t\t\t\t<div class=\"elementor-widget-container\">\n\t\t\t\t\t\t\t\t\t<p>\u0130leri Seviye Test Analisti sertifikasyonu, yaz\u0131l\u0131m testi s\u00fcre\u00e7lerinde yap\u0131land\u0131r\u0131lm\u0131\u015f ve kapsaml\u0131 testler ger\u00e7ekle\u015ftirme becerilerini geli\u015ftirmek isteyen profesyonellere y\u00f6neliktir. Bu syllabus, Test Analisti\u2019nin standart bir test s\u00fcrecindeki rol ve sorumluluklar\u0131n\u0131 detayland\u0131rmakta ve \u00f6nemli test tekniklerini daha derinlemesine ele almaktad\u0131r. \u00d6zellikle fonksiyonel testlere odaklanmakla birlikte, kullan\u0131c\u0131 odakl\u0131 ve fonksiyonel olmayan test yakla\u015f\u0131mlar\u0131 da incelenmektedir.<\/p><p>Dok\u00fcmana a\u015fa\u011f\u0131daki butondan ula\u015fabilirsiniz.<\/p>\t\t\t\t\t\t\t\t<\/div>\n\t\t\t\t<\/div>\n\t\t\t\t<div class=\"elementor-element elementor-element-608bc03 elementor-align-center elementor-widget elementor-widget-raven-button\" data-id=\"608bc03\" data-element_type=\"widget\" data-e-type=\"widget\" data-settings=\"{&quot;turn_to_popup_action_button&quot;:&quot;no&quot;}\" data-widget_type=\"raven-button.default\">\n\t\t\t\t<div class=\"elementor-widget-container\">\n\t\t\t\t\t\t\t<div class=\"raven-widget-wrapper\">\n\t\t\t<a class=\"raven-button raven-button-widget-normal-effect-none  raven-button-text-align-center raven-button-link elementor-animation-grow\" href=\"https:\/\/www.turkishtestingboard.org\/files\/ISTQB-CTAL-TA-Syllabusv4-EN.pdf\" target=\"_blank\">\t\t\t\t<div class=\"raven-button-overlay\" ><\/div>\n\t\t\t\t<span class=\"raven-button-content\">\n\t\t\t\t\t\n\t\t\t\t\t<div class=\"button-text-container\">\n\t\t\t\t\t\t\t\t\t<span class=\"raven-button-icon raven-button-icon-position-left\">\n\t\t\t\t<i aria-hidden=\"true\" class=\"far fa-check-circle\"><\/i>\t\t\t<\/span>\n\t\t\t\t\t\t\t\t<div class=\"raven-button-texts-wrapper\">\n\t\t\t\t\t\t\t<div class=\"button-text\">\n\t\t\t\t\t\t\t\t<span class=\"raven-button-text\">\n\t\t\t\t\t\t\t\t\tSyllabus\t\t\t\t\t\t\t\t<\/span>\n\t\t\t\t\t\t\t<\/div>\n\t\t\t\t\t\t\t\t\t\t\t\t\t<\/div>\n\t\t\t\t\t\t\t\t\t\t\t<\/div>\n\t\t\t\t\t\n\t\t\t\t\t\t\t\t\t<\/span>\n\t\t\t<\/a>\t\t<\/div>\n\t\t\t\t\t\t<\/div>\n\t\t\t\t<\/div>\n\t\t\t\t<div class=\"elementor-element elementor-element-6d12909 elementor-widget elementor-widget-image\" data-id=\"6d12909\" data-element_type=\"widget\" data-e-type=\"widget\" data-widget_type=\"image.default\">\n\t\t\t\t<div class=\"elementor-widget-container\">\n\t\t\t\t\t\t\t\t\t\t\t\t\t\t\t<img fetchpriority=\"high\" decoding=\"async\" width=\"1319\" height=\"691\" src=\"https:\/\/www.turkishtestingboard.org\/wp-content\/uploads\/2026\/04\/ta-40table.png\" class=\"attachment-full size-full wp-image-22674\" alt=\"\" srcset=\"https:\/\/www.turkishtestingboard.org\/wp-content\/uploads\/2026\/04\/ta-40table.png 1319w, https:\/\/www.turkishtestingboard.org\/wp-content\/uploads\/2026\/04\/ta-40table-300x157.png 300w, https:\/\/www.turkishtestingboard.org\/wp-content\/uploads\/2026\/04\/ta-40table-1024x536.png 1024w, https:\/\/www.turkishtestingboard.org\/wp-content\/uploads\/2026\/04\/ta-40table-768x402.png 768w, https:\/\/www.turkishtestingboard.org\/wp-content\/uploads\/2026\/04\/ta-40table-18x9.png 18w, https:\/\/www.turkishtestingboard.org\/wp-content\/uploads\/2026\/04\/ta-40table-350x183.png 350w, https:\/\/www.turkishtestingboard.org\/wp-content\/uploads\/2026\/04\/ta-40table-551x289.png 551w\" sizes=\"(max-width: 1319px) 100vw, 1319px\" \/>\t\t\t\t\t\t\t\t\t\t\t\t\t\t\t<\/div>\n\t\t\t\t<\/div>\n\t\t\t\t\t<\/div>\n\t\t<\/div>\n\t\t\t\t\t<\/div>\n\t\t<\/section>\n\t\t\t\t<\/div>\n\t\t","protected":false},"excerpt":{"rendered":"<p>\u0130leri Seviye Test Analisti sertifikasyonu, yaz\u0131l\u0131m testi s\u00fcre\u00e7lerinde yap\u0131land\u0131r\u0131lm\u0131\u015f ve kapsaml\u0131 testler ger\u00e7ekle\u015ftirme becerilerini geli\u015ftirmek isteyen profesyonellere y\u00f6neliktir. Bu syllabus, Test Analisti\u2019nin standart bir test s\u00fcrecindeki rol ve sorumluluklar\u0131n\u0131 detayland\u0131rmakta ve \u00f6nemli test tekniklerini daha derinlemesine ele almaktad\u0131r. \u00d6zellikle fonksiyonel testlere odaklanmakla birlikte, kullan\u0131c\u0131 odakl\u0131 ve fonksiyonel olmayan test yakla\u015f\u0131mlar\u0131 da incelenmektedir. Dok\u00fcmana a\u015fa\u011f\u0131daki butondan [&hellip;]<\/p>\n","protected":false},"author":1,"featured_media":0,"parent":0,"menu_order":0,"comment_status":"closed","ping_status":"closed","template":"","meta":{"_acf_changed":false,"footnotes":""},"class_list":["post-22672","page","type-page","status-publish","hentry"],"acf":[],"yoast_head":"<!-- This site is optimized with the Yoast SEO plugin v27.5 - https:\/\/yoast.com\/product\/yoast-seo-wordpress\/ -->\n<title>Sertifikal\u0131 Test Uzman\u0131 \u0130leri Seviye Test Analisti (CTAL-TA) M\u00fcfredat\u0131 V4.0 - \u0130ngilizce - Turkish Testing Board<\/title>\n<meta name=\"robots\" content=\"index, follow, max-snippet:-1, max-image-preview:large, max-video-preview:-1\" \/>\n<link rel=\"canonical\" href=\"https:\/\/www.turkishtestingboard.org\/en\/test-analyst-syllabus-english-40\/\" \/>\n<meta property=\"og:locale\" content=\"en_US\" \/>\n<meta property=\"og:type\" content=\"article\" \/>\n<meta property=\"og:title\" content=\"Sertifikal\u0131 Test Uzman\u0131 \u0130leri Seviye Test Analisti (CTAL-TA) M\u00fcfredat\u0131 V4.0 - \u0130ngilizce - Turkish Testing Board\" \/>\n<meta property=\"og:description\" content=\"\u0130leri Seviye Test Analisti sertifikasyonu, yaz\u0131l\u0131m testi s\u00fcre\u00e7lerinde yap\u0131land\u0131r\u0131lm\u0131\u015f ve kapsaml\u0131 testler ger\u00e7ekle\u015ftirme becerilerini geli\u015ftirmek isteyen profesyonellere y\u00f6neliktir. Bu syllabus, Test Analisti\u2019nin standart bir test s\u00fcrecindeki rol ve sorumluluklar\u0131n\u0131 detayland\u0131rmakta ve \u00f6nemli test tekniklerini daha derinlemesine ele almaktad\u0131r. \u00d6zellikle fonksiyonel testlere odaklanmakla birlikte, kullan\u0131c\u0131 odakl\u0131 ve fonksiyonel olmayan test yakla\u015f\u0131mlar\u0131 da incelenmektedir. Dok\u00fcmana a\u015fa\u011f\u0131daki butondan [&hellip;]\" \/>\n<meta property=\"og:url\" content=\"https:\/\/www.turkishtestingboard.org\/en\/test-analyst-syllabus-english-40\/\" \/>\n<meta property=\"og:site_name\" content=\"Turkish Testing Board\" \/>\n<meta property=\"article:modified_time\" content=\"2026-04-08T16:25:27+00:00\" \/>\n<meta property=\"og:image\" content=\"https:\/\/www.turkishtestingboard.org\/wp-content\/uploads\/2026\/04\/ta-40table.png\" \/>\n\t<meta property=\"og:image:width\" content=\"1319\" \/>\n\t<meta property=\"og:image:height\" content=\"691\" \/>\n\t<meta property=\"og:image:type\" content=\"image\/png\" \/>\n<meta name=\"twitter:card\" content=\"summary_large_image\" \/>\n<meta name=\"twitter:label1\" content=\"Est. reading time\" \/>\n\t<meta name=\"twitter:data1\" content=\"1 minute\" \/>\n<script type=\"application\/ld+json\" class=\"yoast-schema-graph\">{\"@context\":\"https:\\\/\\\/schema.org\",\"@graph\":[{\"@type\":\"WebPage\",\"@id\":\"https:\\\/\\\/www.turkishtestingboard.org\\\/sertifikali-test-uzmani-ileri-seviye-test-analisti-ctal-ta-mufredati-v4-0-ingilizce\\\/\",\"url\":\"https:\\\/\\\/www.turkishtestingboard.org\\\/sertifikali-test-uzmani-ileri-seviye-test-analisti-ctal-ta-mufredati-v4-0-ingilizce\\\/\",\"name\":\"Sertifikal\u0131 Test Uzman\u0131 \u0130leri Seviye Test Analisti (CTAL-TA) M\u00fcfredat\u0131 V4.0 - \u0130ngilizce - Turkish Testing Board\",\"isPartOf\":{\"@id\":\"https:\\\/\\\/www.turkishtestingboard.org\\\/#website\"},\"primaryImageOfPage\":{\"@id\":\"https:\\\/\\\/www.turkishtestingboard.org\\\/sertifikali-test-uzmani-ileri-seviye-test-analisti-ctal-ta-mufredati-v4-0-ingilizce\\\/#primaryimage\"},\"image\":{\"@id\":\"https:\\\/\\\/www.turkishtestingboard.org\\\/sertifikali-test-uzmani-ileri-seviye-test-analisti-ctal-ta-mufredati-v4-0-ingilizce\\\/#primaryimage\"},\"thumbnailUrl\":\"https:\\\/\\\/www.turkishtestingboard.org\\\/wp-content\\\/uploads\\\/2026\\\/04\\\/ta-40table.png\",\"datePublished\":\"2026-04-08T16:24:02+00:00\",\"dateModified\":\"2026-04-08T16:25:27+00:00\",\"breadcrumb\":{\"@id\":\"https:\\\/\\\/www.turkishtestingboard.org\\\/sertifikali-test-uzmani-ileri-seviye-test-analisti-ctal-ta-mufredati-v4-0-ingilizce\\\/#breadcrumb\"},\"inLanguage\":\"en-US\",\"potentialAction\":[{\"@type\":\"ReadAction\",\"target\":[\"https:\\\/\\\/www.turkishtestingboard.org\\\/sertifikali-test-uzmani-ileri-seviye-test-analisti-ctal-ta-mufredati-v4-0-ingilizce\\\/\"]}]},{\"@type\":\"ImageObject\",\"inLanguage\":\"en-US\",\"@id\":\"https:\\\/\\\/www.turkishtestingboard.org\\\/sertifikali-test-uzmani-ileri-seviye-test-analisti-ctal-ta-mufredati-v4-0-ingilizce\\\/#primaryimage\",\"url\":\"https:\\\/\\\/www.turkishtestingboard.org\\\/wp-content\\\/uploads\\\/2026\\\/04\\\/ta-40table.png\",\"contentUrl\":\"https:\\\/\\\/www.turkishtestingboard.org\\\/wp-content\\\/uploads\\\/2026\\\/04\\\/ta-40table.png\"},{\"@type\":\"BreadcrumbList\",\"@id\":\"https:\\\/\\\/www.turkishtestingboard.org\\\/sertifikali-test-uzmani-ileri-seviye-test-analisti-ctal-ta-mufredati-v4-0-ingilizce\\\/#breadcrumb\",\"itemListElement\":[{\"@type\":\"ListItem\",\"position\":1,\"name\":\"Anasayfa\",\"item\":\"https:\\\/\\\/www.turkishtestingboard.org\\\/\"},{\"@type\":\"ListItem\",\"position\":2,\"name\":\"Sertifikal\u0131 Test Uzman\u0131 \u0130leri Seviye Test Analisti (CTAL-TA) M\u00fcfredat\u0131 V4.0 &#8211; \u0130ngilizce\"}]},{\"@type\":\"WebSite\",\"@id\":\"https:\\\/\\\/www.turkishtestingboard.org\\\/#website\",\"url\":\"https:\\\/\\\/www.turkishtestingboard.org\\\/\",\"name\":\"Turkish Testing Board\",\"description\":\"Your gateway to global Software Testing community\",\"publisher\":{\"@id\":\"https:\\\/\\\/www.turkishtestingboard.org\\\/#organization\"},\"potentialAction\":[{\"@type\":\"SearchAction\",\"target\":{\"@type\":\"EntryPoint\",\"urlTemplate\":\"https:\\\/\\\/www.turkishtestingboard.org\\\/?s={search_term_string}\"},\"query-input\":{\"@type\":\"PropertyValueSpecification\",\"valueRequired\":true,\"valueName\":\"search_term_string\"}}],\"inLanguage\":\"en-US\"},{\"@type\":\"Organization\",\"@id\":\"https:\\\/\\\/www.turkishtestingboard.org\\\/#organization\",\"name\":\"Turkish Testing Board\",\"url\":\"https:\\\/\\\/www.turkishtestingboard.org\\\/\",\"logo\":{\"@type\":\"ImageObject\",\"inLanguage\":\"en-US\",\"@id\":\"https:\\\/\\\/www.turkishtestingboard.org\\\/#\\\/schema\\\/logo\\\/image\\\/\",\"url\":\"https:\\\/\\\/fikadigital.com\\\/ttb2021\\\/wp-content\\\/uploads\\\/2021\\\/08\\\/ttblogo2021.png\",\"contentUrl\":\"https:\\\/\\\/fikadigital.com\\\/ttb2021\\\/wp-content\\\/uploads\\\/2021\\\/08\\\/ttblogo2021.png\",\"width\":133,\"height\":100,\"caption\":\"Turkish Testing Board\"},\"image\":{\"@id\":\"https:\\\/\\\/www.turkishtestingboard.org\\\/#\\\/schema\\\/logo\\\/image\\\/\"}}]}<\/script>\n<!-- \/ Yoast SEO plugin. -->","yoast_head_json":{"title":"Certified Tester Advanced Level Test Analyst (CTAL-TA) Syllabus V4.0 - English - Turkish Testing Board","robots":{"index":"index","follow":"follow","max-snippet":"max-snippet:-1","max-image-preview":"max-image-preview:large","max-video-preview":"max-video-preview:-1"},"canonical":"https:\/\/www.turkishtestingboard.org\/en\/test-analyst-syllabus-english-40\/","og_locale":"en_US","og_type":"article","og_title":"Sertifikal\u0131 Test Uzman\u0131 \u0130leri Seviye Test Analisti (CTAL-TA) M\u00fcfredat\u0131 V4.0 - \u0130ngilizce - Turkish Testing Board","og_description":"\u0130leri Seviye Test Analisti sertifikasyonu, yaz\u0131l\u0131m testi s\u00fcre\u00e7lerinde yap\u0131land\u0131r\u0131lm\u0131\u015f ve kapsaml\u0131 testler ger\u00e7ekle\u015ftirme becerilerini geli\u015ftirmek isteyen profesyonellere y\u00f6neliktir. Bu syllabus, Test Analisti\u2019nin standart bir test s\u00fcrecindeki rol ve sorumluluklar\u0131n\u0131 detayland\u0131rmakta ve \u00f6nemli test tekniklerini daha derinlemesine ele almaktad\u0131r. \u00d6zellikle fonksiyonel testlere odaklanmakla birlikte, kullan\u0131c\u0131 odakl\u0131 ve fonksiyonel olmayan test yakla\u015f\u0131mlar\u0131 da incelenmektedir. Dok\u00fcmana a\u015fa\u011f\u0131daki butondan [&hellip;]","og_url":"https:\/\/www.turkishtestingboard.org\/en\/test-analyst-syllabus-english-40\/","og_site_name":"Turkish Testing Board","article_modified_time":"2026-04-08T16:25:27+00:00","og_image":[{"width":1319,"height":691,"url":"https:\/\/www.turkishtestingboard.org\/wp-content\/uploads\/2026\/04\/ta-40table.png","type":"image\/png"}],"twitter_card":"summary_large_image","twitter_misc":{"Est. reading time":"1 minute"},"schema":{"@context":"https:\/\/schema.org","@graph":[{"@type":"WebPage","@id":"https:\/\/www.turkishtestingboard.org\/sertifikali-test-uzmani-ileri-seviye-test-analisti-ctal-ta-mufredati-v4-0-ingilizce\/","url":"https:\/\/www.turkishtestingboard.org\/sertifikali-test-uzmani-ileri-seviye-test-analisti-ctal-ta-mufredati-v4-0-ingilizce\/","name":"Certified Tester Advanced Level Test Analyst (CTAL-TA) Syllabus V4.0 - English - Turkish Testing Board","isPartOf":{"@id":"https:\/\/www.turkishtestingboard.org\/#website"},"primaryImageOfPage":{"@id":"https:\/\/www.turkishtestingboard.org\/sertifikali-test-uzmani-ileri-seviye-test-analisti-ctal-ta-mufredati-v4-0-ingilizce\/#primaryimage"},"image":{"@id":"https:\/\/www.turkishtestingboard.org\/sertifikali-test-uzmani-ileri-seviye-test-analisti-ctal-ta-mufredati-v4-0-ingilizce\/#primaryimage"},"thumbnailUrl":"https:\/\/www.turkishtestingboard.org\/wp-content\/uploads\/2026\/04\/ta-40table.png","datePublished":"2026-04-08T16:24:02+00:00","dateModified":"2026-04-08T16:25:27+00:00","breadcrumb":{"@id":"https:\/\/www.turkishtestingboard.org\/sertifikali-test-uzmani-ileri-seviye-test-analisti-ctal-ta-mufredati-v4-0-ingilizce\/#breadcrumb"},"inLanguage":"en-US","potentialAction":[{"@type":"ReadAction","target":["https:\/\/www.turkishtestingboard.org\/sertifikali-test-uzmani-ileri-seviye-test-analisti-ctal-ta-mufredati-v4-0-ingilizce\/"]}]},{"@type":"ImageObject","inLanguage":"en-US","@id":"https:\/\/www.turkishtestingboard.org\/sertifikali-test-uzmani-ileri-seviye-test-analisti-ctal-ta-mufredati-v4-0-ingilizce\/#primaryimage","url":"https:\/\/www.turkishtestingboard.org\/wp-content\/uploads\/2026\/04\/ta-40table.png","contentUrl":"https:\/\/www.turkishtestingboard.org\/wp-content\/uploads\/2026\/04\/ta-40table.png"},{"@type":"BreadcrumbList","@id":"https:\/\/www.turkishtestingboard.org\/sertifikali-test-uzmani-ileri-seviye-test-analisti-ctal-ta-mufredati-v4-0-ingilizce\/#breadcrumb","itemListElement":[{"@type":"ListItem","position":1,"name":"Anasayfa","item":"https:\/\/www.turkishtestingboard.org\/"},{"@type":"ListItem","position":2,"name":"Sertifikal\u0131 Test Uzman\u0131 \u0130leri Seviye Test Analisti (CTAL-TA) M\u00fcfredat\u0131 V4.0 &#8211; \u0130ngilizce"}]},{"@type":"WebSite","@id":"https:\/\/www.turkishtestingboard.org\/#website","url":"https:\/\/www.turkishtestingboard.org\/","name":"Turkish Testing Board","description":"Your gateway to global Software Testing community","publisher":{"@id":"https:\/\/www.turkishtestingboard.org\/#organization"},"potentialAction":[{"@type":"SearchAction","target":{"@type":"EntryPoint","urlTemplate":"https:\/\/www.turkishtestingboard.org\/?s={search_term_string}"},"query-input":{"@type":"PropertyValueSpecification","valueRequired":true,"valueName":"search_term_string"}}],"inLanguage":"en-US"},{"@type":"Organization","@id":"https:\/\/www.turkishtestingboard.org\/#organization","name":"Turkish Testing Board","url":"https:\/\/www.turkishtestingboard.org\/","logo":{"@type":"ImageObject","inLanguage":"en-US","@id":"https:\/\/www.turkishtestingboard.org\/#\/schema\/logo\/image\/","url":"https:\/\/fikadigital.com\/ttb2021\/wp-content\/uploads\/2021\/08\/ttblogo2021.png","contentUrl":"https:\/\/fikadigital.com\/ttb2021\/wp-content\/uploads\/2021\/08\/ttblogo2021.png","width":133,"height":100,"caption":"Turkish Testing Board"},"image":{"@id":"https:\/\/www.turkishtestingboard.org\/#\/schema\/logo\/image\/"}}]}},"_links":{"self":[{"href":"https:\/\/www.turkishtestingboard.org\/en\/wp-json\/wp\/v2\/pages\/22672","targetHints":{"allow":["GET"]}}],"collection":[{"href":"https:\/\/www.turkishtestingboard.org\/en\/wp-json\/wp\/v2\/pages"}],"about":[{"href":"https:\/\/www.turkishtestingboard.org\/en\/wp-json\/wp\/v2\/types\/page"}],"author":[{"embeddable":true,"href":"https:\/\/www.turkishtestingboard.org\/en\/wp-json\/wp\/v2\/users\/1"}],"replies":[{"embeddable":true,"href":"https:\/\/www.turkishtestingboard.org\/en\/wp-json\/wp\/v2\/comments?post=22672"}],"version-history":[{"count":0,"href":"https:\/\/www.turkishtestingboard.org\/en\/wp-json\/wp\/v2\/pages\/22672\/revisions"}],"wp:attachment":[{"href":"https:\/\/www.turkishtestingboard.org\/en\/wp-json\/wp\/v2\/media?parent=22672"}],"curies":[{"name":"wp","href":"https:\/\/api.w.org\/{rel}","templated":true}]}}