{"id":2243,"date":"2021-11-21T23:07:39","date_gmt":"2021-11-21T20:07:39","guid":{"rendered":"https:\/\/fikadigital.com\/ttb2021\/?page_id=2243"},"modified":"2021-11-24T23:36:31","modified_gmt":"2021-11-24T20:36:31","slug":"tested-in-turkey","status":"publish","type":"page","link":"https:\/\/www.turkishtestingboard.org\/en\/tested-in-turkey\/","title":{"rendered":"Tested in Turkey"},"content":{"rendered":"\t\t<div data-elementor-type=\"wp-page\" data-elementor-id=\"2243\" class=\"elementor elementor-2243\">\n\t\t\t\t\t\t<section class=\"elementor-section elementor-top-section elementor-element elementor-element-d84cf5a elementor-section-boxed elementor-section-height-default elementor-section-height-default\" data-id=\"d84cf5a\" data-element_type=\"section\" data-e-type=\"section\" data-settings=\"{&quot;jet_parallax_layout_list&quot;:[{&quot;jet_parallax_layout_image&quot;:{&quot;url&quot;:&quot;&quot;,&quot;id&quot;:&quot;&quot;,&quot;size&quot;:&quot;&quot;},&quot;_id&quot;:&quot;9f44894&quot;,&quot;jet_parallax_layout_image_tablet&quot;:{&quot;url&quot;:&quot;&quot;,&quot;id&quot;:&quot;&quot;,&quot;size&quot;:&quot;&quot;},&quot;jet_parallax_layout_image_mobile&quot;:{&quot;url&quot;:&quot;&quot;,&quot;id&quot;:&quot;&quot;,&quot;size&quot;:&quot;&quot;},&quot;jet_parallax_layout_speed&quot;:{&quot;unit&quot;:&quot;%&quot;,&quot;size&quot;:50,&quot;sizes&quot;:[]},&quot;jet_parallax_layout_type&quot;:&quot;scroll&quot;,&quot;jet_parallax_layout_direction&quot;:&quot;1&quot;,&quot;jet_parallax_layout_fx_direction&quot;:null,&quot;jet_parallax_layout_z_index&quot;:&quot;&quot;,&quot;jet_parallax_layout_bg_x&quot;:50,&quot;jet_parallax_layout_bg_x_tablet&quot;:&quot;&quot;,&quot;jet_parallax_layout_bg_x_mobile&quot;:&quot;&quot;,&quot;jet_parallax_layout_bg_y&quot;:50,&quot;jet_parallax_layout_bg_y_tablet&quot;:&quot;&quot;,&quot;jet_parallax_layout_bg_y_mobile&quot;:&quot;&quot;,&quot;jet_parallax_layout_bg_size&quot;:&quot;auto&quot;,&quot;jet_parallax_layout_bg_size_tablet&quot;:&quot;&quot;,&quot;jet_parallax_layout_bg_size_mobile&quot;:&quot;&quot;,&quot;jet_parallax_layout_animation_prop&quot;:&quot;transform&quot;,&quot;jet_parallax_layout_on&quot;:[&quot;desktop&quot;,&quot;tablet&quot;]}]}\">\n\t\t\t\t\t\t<div class=\"elementor-container elementor-column-gap-default\">\n\t\t\t\t\t<div class=\"elementor-column elementor-col-100 elementor-top-column elementor-element elementor-element-29960ad\" data-id=\"29960ad\" data-element_type=\"column\" data-e-type=\"column\">\n\t\t\t<div class=\"elementor-widget-wrap elementor-element-populated\">\n\t\t\t\t\t\t<div class=\"elementor-element elementor-element-3797169 elementor-widget elementor-widget-text-editor\" data-id=\"3797169\" data-element_type=\"widget\" data-e-type=\"widget\" data-widget_type=\"text-editor.default\">\n\t\t\t\t<div class=\"elementor-widget-container\">\n\t\t\t\t\t\t\t\t\t<p>buraya i\u00e7erik gelecekburaya i\u00e7erik gelecekburaya i\u00e7erik gelecekburaya i\u00e7erik gelecekburaya i\u00e7erik gelecekburaya i\u00e7erik gelecekburaya i\u00e7erik gelecekburaya i\u00e7erik gelecekburaya i\u00e7erik gelecekburaya i\u00e7erik gelecekburaya i\u00e7erik gelecekburaya i\u00e7erik gelecekburaya i\u00e7erik gelecekburaya i\u00e7erik gelecekburaya i\u00e7erik gelecekburaya i\u00e7erik gelecekburaya i\u00e7erik gelecekburaya i\u00e7erik gelecekburaya i\u00e7erik gelecekburaya i\u00e7erik gelecekburaya i\u00e7erik gelecekburaya i\u00e7erik gelecekburaya i\u00e7erik gelecekburaya i\u00e7erik gelecekburaya i\u00e7erik gelecekburaya i\u00e7erik gelecekburaya i\u00e7erik gelecekburaya i\u00e7erik gelecekburaya i\u00e7erik gelecekburaya i\u00e7erik gelecekburaya i\u00e7erik gelecekburaya i\u00e7erik gelecekburaya i\u00e7erik gelecekburaya i\u00e7erik gelecekburaya i\u00e7erik gelecekburaya i\u00e7erik gelecekburaya i\u00e7erik gelecekburaya i\u00e7erik gelecekburaya i\u00e7erik gelecekburaya i\u00e7erik gelecekburaya i\u00e7erik gelecekburaya i\u00e7erik gelecekburaya i\u00e7erik gelecekburaya i\u00e7erik gelecekburaya i\u00e7erik gelecekburaya i\u00e7erik gelecekburaya i\u00e7erik gelecekburaya i\u00e7erik gelecekburaya i\u00e7erik gelecekburaya i\u00e7erik gelecekburaya i\u00e7erik gelecekburaya i\u00e7erik gelecekburaya i\u00e7erik gelecekburaya i\u00e7erik gelecekburaya i\u00e7erik gelecekburaya i\u00e7erik gelecekburaya i\u00e7erik gelecekburaya i\u00e7erik gelecekburaya i\u00e7erik gelecekburaya i\u00e7erik gelecekburaya i\u00e7erik gelecekburaya i\u00e7erik gelecekburaya i\u00e7erik gelecekburaya i\u00e7erik gelecekburaya i\u00e7erik gelecekburaya i\u00e7erik gelecek<\/p>\t\t\t\t\t\t\t\t<\/div>\n\t\t\t\t<\/div>\n\t\t\t\t\t<\/div>\n\t\t<\/div>\n\t\t\t\t\t<\/div>\n\t\t<\/section>\n\t\t\t\t<\/div>\n\t\t","protected":false},"excerpt":{"rendered":"<p>buraya i\u00e7erik gelecekburaya i\u00e7erik gelecekburaya i\u00e7erik gelecekburaya i\u00e7erik gelecekburaya i\u00e7erik gelecekburaya i\u00e7erik gelecekburaya i\u00e7erik gelecekburaya i\u00e7erik gelecekburaya i\u00e7erik gelecekburaya i\u00e7erik gelecekburaya i\u00e7erik gelecekburaya i\u00e7erik gelecekburaya i\u00e7erik gelecekburaya i\u00e7erik gelecekburaya i\u00e7erik gelecekburaya i\u00e7erik gelecekburaya i\u00e7erik gelecekburaya i\u00e7erik gelecekburaya i\u00e7erik gelecekburaya i\u00e7erik gelecekburaya i\u00e7erik gelecekburaya i\u00e7erik gelecekburaya i\u00e7erik gelecekburaya i\u00e7erik gelecekburaya i\u00e7erik gelecekburaya i\u00e7erik gelecekburaya i\u00e7erik gelecekburaya [&hellip;]<\/p>\n","protected":false},"author":1,"featured_media":0,"parent":0,"menu_order":0,"comment_status":"closed","ping_status":"closed","template":"","meta":{"_acf_changed":false,"footnotes":""},"class_list":["post-2243","page","type-page","status-publish","hentry"],"acf":[],"yoast_head":"<!-- This site is optimized with the Yoast SEO plugin v27.4 - https:\/\/yoast.com\/product\/yoast-seo-wordpress\/ -->\n<title>Tested in Turkey - Turkish Testing Board<\/title>\n<meta name=\"robots\" content=\"index, follow, max-snippet:-1, max-image-preview:large, max-video-preview:-1\" \/>\n<link rel=\"canonical\" href=\"https:\/\/www.turkishtestingboard.org\/en\/tested-in-turkey\/\" \/>\n<meta property=\"og:locale\" content=\"en_US\" \/>\n<meta property=\"og:type\" content=\"article\" \/>\n<meta property=\"og:title\" content=\"Tested in Turkey - Turkish Testing Board\" \/>\n<meta property=\"og:description\" content=\"buraya i\u00e7erik gelecekburaya i\u00e7erik gelecekburaya i\u00e7erik gelecekburaya i\u00e7erik gelecekburaya i\u00e7erik gelecekburaya i\u00e7erik gelecekburaya i\u00e7erik gelecekburaya i\u00e7erik gelecekburaya i\u00e7erik gelecekburaya i\u00e7erik gelecekburaya i\u00e7erik gelecekburaya i\u00e7erik gelecekburaya i\u00e7erik gelecekburaya i\u00e7erik gelecekburaya i\u00e7erik gelecekburaya i\u00e7erik gelecekburaya i\u00e7erik gelecekburaya i\u00e7erik gelecekburaya i\u00e7erik gelecekburaya i\u00e7erik gelecekburaya i\u00e7erik gelecekburaya i\u00e7erik gelecekburaya i\u00e7erik gelecekburaya i\u00e7erik gelecekburaya i\u00e7erik gelecekburaya i\u00e7erik gelecekburaya i\u00e7erik gelecekburaya [&hellip;]\" \/>\n<meta property=\"og:url\" content=\"https:\/\/www.turkishtestingboard.org\/en\/tested-in-turkey\/\" \/>\n<meta property=\"og:site_name\" content=\"Turkish Testing Board\" \/>\n<meta property=\"article:modified_time\" content=\"2021-11-24T20:36:31+00:00\" \/>\n<meta name=\"twitter:card\" content=\"summary_large_image\" \/>\n<meta name=\"twitter:label1\" content=\"Est. reading time\" \/>\n\t<meta name=\"twitter:data1\" content=\"2 minutes\" \/>\n<script type=\"application\/ld+json\" class=\"yoast-schema-graph\">{\"@context\":\"https:\\\/\\\/schema.org\",\"@graph\":[{\"@type\":\"WebPage\",\"@id\":\"https:\\\/\\\/www.turkishtestingboard.org\\\/tested-in-turkey\\\/\",\"url\":\"https:\\\/\\\/www.turkishtestingboard.org\\\/tested-in-turkey\\\/\",\"name\":\"Tested in Turkey - Turkish Testing Board\",\"isPartOf\":{\"@id\":\"https:\\\/\\\/www.turkishtestingboard.org\\\/#website\"},\"datePublished\":\"2021-11-21T20:07:39+00:00\",\"dateModified\":\"2021-11-24T20:36:31+00:00\",\"breadcrumb\":{\"@id\":\"https:\\\/\\\/www.turkishtestingboard.org\\\/tested-in-turkey\\\/#breadcrumb\"},\"inLanguage\":\"en-US\",\"potentialAction\":[{\"@type\":\"ReadAction\",\"target\":[\"https:\\\/\\\/www.turkishtestingboard.org\\\/tested-in-turkey\\\/\"]}]},{\"@type\":\"BreadcrumbList\",\"@id\":\"https:\\\/\\\/www.turkishtestingboard.org\\\/tested-in-turkey\\\/#breadcrumb\",\"itemListElement\":[{\"@type\":\"ListItem\",\"position\":1,\"name\":\"Anasayfa\",\"item\":\"https:\\\/\\\/www.turkishtestingboard.org\\\/\"},{\"@type\":\"ListItem\",\"position\":2,\"name\":\"Tested in Turkey\"}]},{\"@type\":\"WebSite\",\"@id\":\"https:\\\/\\\/www.turkishtestingboard.org\\\/#website\",\"url\":\"https:\\\/\\\/www.turkishtestingboard.org\\\/\",\"name\":\"Turkish Testing Board\",\"description\":\"Your gateway to global Software Testing community\",\"publisher\":{\"@id\":\"https:\\\/\\\/www.turkishtestingboard.org\\\/#organization\"},\"potentialAction\":[{\"@type\":\"SearchAction\",\"target\":{\"@type\":\"EntryPoint\",\"urlTemplate\":\"https:\\\/\\\/www.turkishtestingboard.org\\\/?s={search_term_string}\"},\"query-input\":{\"@type\":\"PropertyValueSpecification\",\"valueRequired\":true,\"valueName\":\"search_term_string\"}}],\"inLanguage\":\"en-US\"},{\"@type\":\"Organization\",\"@id\":\"https:\\\/\\\/www.turkishtestingboard.org\\\/#organization\",\"name\":\"Turkish Testing Board\",\"url\":\"https:\\\/\\\/www.turkishtestingboard.org\\\/\",\"logo\":{\"@type\":\"ImageObject\",\"inLanguage\":\"en-US\",\"@id\":\"https:\\\/\\\/www.turkishtestingboard.org\\\/#\\\/schema\\\/logo\\\/image\\\/\",\"url\":\"https:\\\/\\\/fikadigital.com\\\/ttb2021\\\/wp-content\\\/uploads\\\/2021\\\/08\\\/ttblogo2021.png\",\"contentUrl\":\"https:\\\/\\\/fikadigital.com\\\/ttb2021\\\/wp-content\\\/uploads\\\/2021\\\/08\\\/ttblogo2021.png\",\"width\":133,\"height\":100,\"caption\":\"Turkish Testing Board\"},\"image\":{\"@id\":\"https:\\\/\\\/www.turkishtestingboard.org\\\/#\\\/schema\\\/logo\\\/image\\\/\"}}]}<\/script>\n<!-- \/ Yoast SEO plugin. -->","yoast_head_json":{"title":"Tested in Turkey - Turkish Testing Board","robots":{"index":"index","follow":"follow","max-snippet":"max-snippet:-1","max-image-preview":"max-image-preview:large","max-video-preview":"max-video-preview:-1"},"canonical":"https:\/\/www.turkishtestingboard.org\/en\/tested-in-turkey\/","og_locale":"en_US","og_type":"article","og_title":"Tested in Turkey - Turkish Testing Board","og_description":"buraya i\u00e7erik gelecekburaya i\u00e7erik gelecekburaya i\u00e7erik gelecekburaya i\u00e7erik gelecekburaya i\u00e7erik gelecekburaya i\u00e7erik gelecekburaya i\u00e7erik gelecekburaya i\u00e7erik gelecekburaya i\u00e7erik gelecekburaya i\u00e7erik gelecekburaya i\u00e7erik gelecekburaya i\u00e7erik gelecekburaya i\u00e7erik gelecekburaya i\u00e7erik gelecekburaya i\u00e7erik gelecekburaya i\u00e7erik gelecekburaya i\u00e7erik gelecekburaya i\u00e7erik gelecekburaya i\u00e7erik gelecekburaya i\u00e7erik gelecekburaya i\u00e7erik gelecekburaya i\u00e7erik gelecekburaya i\u00e7erik gelecekburaya i\u00e7erik gelecekburaya i\u00e7erik gelecekburaya i\u00e7erik gelecekburaya i\u00e7erik gelecekburaya [&hellip;]","og_url":"https:\/\/www.turkishtestingboard.org\/en\/tested-in-turkey\/","og_site_name":"Turkish Testing Board","article_modified_time":"2021-11-24T20:36:31+00:00","twitter_card":"summary_large_image","twitter_misc":{"Est. reading time":"2 minutes"},"schema":{"@context":"https:\/\/schema.org","@graph":[{"@type":"WebPage","@id":"https:\/\/www.turkishtestingboard.org\/tested-in-turkey\/","url":"https:\/\/www.turkishtestingboard.org\/tested-in-turkey\/","name":"Tested in Turkey - Turkish Testing Board","isPartOf":{"@id":"https:\/\/www.turkishtestingboard.org\/#website"},"datePublished":"2021-11-21T20:07:39+00:00","dateModified":"2021-11-24T20:36:31+00:00","breadcrumb":{"@id":"https:\/\/www.turkishtestingboard.org\/tested-in-turkey\/#breadcrumb"},"inLanguage":"en-US","potentialAction":[{"@type":"ReadAction","target":["https:\/\/www.turkishtestingboard.org\/tested-in-turkey\/"]}]},{"@type":"BreadcrumbList","@id":"https:\/\/www.turkishtestingboard.org\/tested-in-turkey\/#breadcrumb","itemListElement":[{"@type":"ListItem","position":1,"name":"Anasayfa","item":"https:\/\/www.turkishtestingboard.org\/"},{"@type":"ListItem","position":2,"name":"Tested in Turkey"}]},{"@type":"WebSite","@id":"https:\/\/www.turkishtestingboard.org\/#website","url":"https:\/\/www.turkishtestingboard.org\/","name":"Turkish Testing Board","description":"Your gateway to global Software Testing community","publisher":{"@id":"https:\/\/www.turkishtestingboard.org\/#organization"},"potentialAction":[{"@type":"SearchAction","target":{"@type":"EntryPoint","urlTemplate":"https:\/\/www.turkishtestingboard.org\/?s={search_term_string}"},"query-input":{"@type":"PropertyValueSpecification","valueRequired":true,"valueName":"search_term_string"}}],"inLanguage":"en-US"},{"@type":"Organization","@id":"https:\/\/www.turkishtestingboard.org\/#organization","name":"Turkish Testing Board","url":"https:\/\/www.turkishtestingboard.org\/","logo":{"@type":"ImageObject","inLanguage":"en-US","@id":"https:\/\/www.turkishtestingboard.org\/#\/schema\/logo\/image\/","url":"https:\/\/fikadigital.com\/ttb2021\/wp-content\/uploads\/2021\/08\/ttblogo2021.png","contentUrl":"https:\/\/fikadigital.com\/ttb2021\/wp-content\/uploads\/2021\/08\/ttblogo2021.png","width":133,"height":100,"caption":"Turkish Testing Board"},"image":{"@id":"https:\/\/www.turkishtestingboard.org\/#\/schema\/logo\/image\/"}}]}},"_links":{"self":[{"href":"https:\/\/www.turkishtestingboard.org\/en\/wp-json\/wp\/v2\/pages\/2243","targetHints":{"allow":["GET"]}}],"collection":[{"href":"https:\/\/www.turkishtestingboard.org\/en\/wp-json\/wp\/v2\/pages"}],"about":[{"href":"https:\/\/www.turkishtestingboard.org\/en\/wp-json\/wp\/v2\/types\/page"}],"author":[{"embeddable":true,"href":"https:\/\/www.turkishtestingboard.org\/en\/wp-json\/wp\/v2\/users\/1"}],"replies":[{"embeddable":true,"href":"https:\/\/www.turkishtestingboard.org\/en\/wp-json\/wp\/v2\/comments?post=2243"}],"version-history":[{"count":0,"href":"https:\/\/www.turkishtestingboard.org\/en\/wp-json\/wp\/v2\/pages\/2243\/revisions"}],"wp:attachment":[{"href":"https:\/\/www.turkishtestingboard.org\/en\/wp-json\/wp\/v2\/media?parent=2243"}],"curies":[{"name":"wp","href":"https:\/\/api.w.org\/{rel}","templated":true}]}}