{"id":22197,"date":"2026-01-12T06:50:44","date_gmt":"2026-01-12T03:50:44","guid":{"rendered":"https:\/\/www.turkishtestingboard.org\/?page_id=22197"},"modified":"2026-01-12T06:51:41","modified_gmt":"2026-01-12T03:51:41","slug":"tmmi-kariyer-yolu-brosuru-turkce","status":"publish","type":"page","link":"https:\/\/www.turkishtestingboard.org\/en\/tmmi-career-path-brochure-turkish\/","title":{"rendered":"TMMi\u00ae Career Path Brochure \u2013 Turkish"},"content":{"rendered":"\t\t<div data-elementor-type=\"wp-page\" data-elementor-id=\"22197\" class=\"elementor elementor-22197\">\n\t\t\t\t\t\t<section class=\"elementor-section elementor-top-section elementor-element elementor-element-d84cf5a elementor-section-boxed elementor-section-height-default elementor-section-height-default\" data-id=\"d84cf5a\" data-element_type=\"section\" data-e-type=\"section\" data-settings=\"{&quot;jet_parallax_layout_list&quot;:[{&quot;jet_parallax_layout_image&quot;:{&quot;url&quot;:&quot;&quot;,&quot;id&quot;:&quot;&quot;,&quot;size&quot;:&quot;&quot;},&quot;_id&quot;:&quot;9f44894&quot;,&quot;jet_parallax_layout_image_tablet&quot;:{&quot;url&quot;:&quot;&quot;,&quot;id&quot;:&quot;&quot;,&quot;size&quot;:&quot;&quot;},&quot;jet_parallax_layout_image_mobile&quot;:{&quot;url&quot;:&quot;&quot;,&quot;id&quot;:&quot;&quot;,&quot;size&quot;:&quot;&quot;},&quot;jet_parallax_layout_speed&quot;:{&quot;unit&quot;:&quot;%&quot;,&quot;size&quot;:50,&quot;sizes&quot;:[]},&quot;jet_parallax_layout_type&quot;:&quot;scroll&quot;,&quot;jet_parallax_layout_direction&quot;:&quot;1&quot;,&quot;jet_parallax_layout_fx_direction&quot;:null,&quot;jet_parallax_layout_z_index&quot;:&quot;&quot;,&quot;jet_parallax_layout_bg_x&quot;:50,&quot;jet_parallax_layout_bg_x_tablet&quot;:&quot;&quot;,&quot;jet_parallax_layout_bg_x_mobile&quot;:&quot;&quot;,&quot;jet_parallax_layout_bg_y&quot;:50,&quot;jet_parallax_layout_bg_y_tablet&quot;:&quot;&quot;,&quot;jet_parallax_layout_bg_y_mobile&quot;:&quot;&quot;,&quot;jet_parallax_layout_bg_size&quot;:&quot;auto&quot;,&quot;jet_parallax_layout_bg_size_tablet&quot;:&quot;&quot;,&quot;jet_parallax_layout_bg_size_mobile&quot;:&quot;&quot;,&quot;jet_parallax_layout_animation_prop&quot;:&quot;transform&quot;,&quot;jet_parallax_layout_on&quot;:[&quot;desktop&quot;,&quot;tablet&quot;]}]}\">\n\t\t\t\t\t\t<div class=\"elementor-container elementor-column-gap-default\">\n\t\t\t\t\t<div class=\"elementor-column elementor-col-100 elementor-top-column elementor-element elementor-element-29960ad\" data-id=\"29960ad\" data-element_type=\"column\" data-e-type=\"column\">\n\t\t\t<div class=\"elementor-widget-wrap elementor-element-populated\">\n\t\t\t\t\t\t<div class=\"elementor-element elementor-element-6d12909 elementor-widget elementor-widget-image\" data-id=\"6d12909\" data-element_type=\"widget\" data-e-type=\"widget\" data-widget_type=\"image.default\">\n\t\t\t\t<div class=\"elementor-widget-container\">\n\t\t\t\t\t\t\t\t\t\t\t\t\t\t\t<img fetchpriority=\"high\" decoding=\"async\" width=\"1536\" height=\"569\" src=\"https:\/\/www.turkishtestingboard.org\/wp-content\/uploads\/2026\/01\/tmmi-kariyer-yolu-banner.jpg\" class=\"attachment-full size-full wp-image-22199\" alt=\"\" srcset=\"https:\/\/www.turkishtestingboard.org\/wp-content\/uploads\/2026\/01\/tmmi-kariyer-yolu-banner.jpg 1536w, https:\/\/www.turkishtestingboard.org\/wp-content\/uploads\/2026\/01\/tmmi-kariyer-yolu-banner-300x111.jpg 300w, https:\/\/www.turkishtestingboard.org\/wp-content\/uploads\/2026\/01\/tmmi-kariyer-yolu-banner-1024x379.jpg 1024w, https:\/\/www.turkishtestingboard.org\/wp-content\/uploads\/2026\/01\/tmmi-kariyer-yolu-banner-768x285.jpg 768w, https:\/\/www.turkishtestingboard.org\/wp-content\/uploads\/2026\/01\/tmmi-kariyer-yolu-banner-18x7.jpg 18w, https:\/\/www.turkishtestingboard.org\/wp-content\/uploads\/2026\/01\/tmmi-kariyer-yolu-banner-350x130.jpg 350w, https:\/\/www.turkishtestingboard.org\/wp-content\/uploads\/2026\/01\/tmmi-kariyer-yolu-banner-551x204.jpg 551w\" sizes=\"(max-width: 1536px) 100vw, 1536px\" \/>\t\t\t\t\t\t\t\t\t\t\t\t\t\t\t<\/div>\n\t\t\t\t<\/div>\n\t\t\t\t<div class=\"elementor-element elementor-element-3797169 elementor-widget elementor-widget-text-editor\" data-id=\"3797169\" data-element_type=\"widget\" data-e-type=\"widget\" data-widget_type=\"text-editor.default\">\n\t\t\t\t<div class=\"elementor-widget-container\">\n\t\t\t\t\t\t\t\t\tTMMi\u00ae Kariyer Yolu Bro\u015f\u00fcr\u00fc, test profesyonelleri i\u00e7in TMMi\u00ae ekosistemindeki kariyer ad\u0131mlar\u0131n\u0131, sertifikasyon ve akreditasyon seviyelerini ve bu rollerin organizasyonlara nas\u0131l de\u011fer katt\u0131\u011f\u0131n\u0131 \u00f6zet \u015fekilde a\u00e7\u0131klamaktad\u0131r; TMMi\u00ae ve ISTQB\u00ae i\u015f birli\u011fi ile \u015fekillenen bu yap\u0131 sayesinde, test iyile\u015ftirme \u00e7al\u0131\u015fmalar\u0131 hem insan hem de s\u00fcre\u00e7 boyutlar\u0131yla ele al\u0131nmakta ve profesyoneller i\u00e7in uluslararas\u0131 ge\u00e7erlili\u011fe sahip bir geli\u015fim yolu sunulmaktad\u0131r. Bu dok\u00fcmana a\u015fa\u011f\u0131daki buton arac\u0131l\u0131\u011f\u0131yla ula\u015fabilirsiniz.\t\t\t\t\t\t\t\t<\/div>\n\t\t\t\t<\/div>\n\t\t\t\t<div class=\"elementor-element elementor-element-608bc03 elementor-align-center elementor-widget elementor-widget-raven-button\" data-id=\"608bc03\" data-element_type=\"widget\" data-e-type=\"widget\" data-settings=\"{&quot;turn_to_popup_action_button&quot;:&quot;no&quot;}\" data-widget_type=\"raven-button.default\">\n\t\t\t\t<div class=\"elementor-widget-container\">\n\t\t\t\t\t\t\t<div class=\"raven-widget-wrapper\">\n\t\t\t<a class=\"raven-button raven-button-widget-normal-effect-none  raven-button-text-align-center raven-button-link elementor-animation-grow\" href=\"https:\/\/www.turkishtestingboard.org\/files\/TMMi-Career-Path-Brochure-Turkish.pdf\" target=\"_blank\">\t\t\t\t<div class=\"raven-button-overlay\" ><\/div>\n\t\t\t\t<span class=\"raven-button-content\">\n\t\t\t\t\t\n\t\t\t\t\t<div class=\"button-text-container\">\n\t\t\t\t\t\t\t\t\t<span class=\"raven-button-icon raven-button-icon-position-left\">\n\t\t\t\t<i aria-hidden=\"true\" class=\"far fa-check-circle\"><\/i>\t\t\t<\/span>\n\t\t\t\t\t\t\t\t<div class=\"raven-button-texts-wrapper\">\n\t\t\t\t\t\t\t<div class=\"button-text\">\n\t\t\t\t\t\t\t\t<span class=\"raven-button-text\">\n\t\t\t\t\t\t\t\t\tDok\u00fcman\u0131 \u0130ndir\t\t\t\t\t\t\t\t<\/span>\n\t\t\t\t\t\t\t<\/div>\n\t\t\t\t\t\t\t\t\t\t\t\t\t<\/div>\n\t\t\t\t\t\t\t\t\t\t\t<\/div>\n\t\t\t\t\t\n\t\t\t\t\t\t\t\t\t<\/span>\n\t\t\t<\/a>\t\t<\/div>\n\t\t\t\t\t\t<\/div>\n\t\t\t\t<\/div>\n\t\t\t\t\t<\/div>\n\t\t<\/div>\n\t\t\t\t\t<\/div>\n\t\t<\/section>\n\t\t\t\t<\/div>\n\t\t","protected":false},"excerpt":{"rendered":"<p>TMMi\u00ae Kariyer Yolu Bro\u015f\u00fcr\u00fc, test profesyonelleri i\u00e7in TMMi\u00ae ekosistemindeki kariyer ad\u0131mlar\u0131n\u0131, sertifikasyon ve akreditasyon seviyelerini ve bu rollerin organizasyonlara nas\u0131l de\u011fer katt\u0131\u011f\u0131n\u0131 \u00f6zet \u015fekilde a\u00e7\u0131klamaktad\u0131r; TMMi\u00ae ve ISTQB\u00ae i\u015f birli\u011fi ile \u015fekillenen bu yap\u0131 sayesinde, test iyile\u015ftirme \u00e7al\u0131\u015fmalar\u0131 hem insan hem de s\u00fcre\u00e7 boyutlar\u0131yla ele al\u0131nmakta ve profesyoneller i\u00e7in uluslararas\u0131 ge\u00e7erlili\u011fe sahip bir geli\u015fim yolu [&hellip;]<\/p>\n","protected":false},"author":1,"featured_media":0,"parent":0,"menu_order":0,"comment_status":"closed","ping_status":"closed","template":"","meta":{"_acf_changed":false,"footnotes":""},"class_list":["post-22197","page","type-page","status-publish","hentry"],"acf":[],"yoast_head":"<!-- This site is optimized with the Yoast SEO plugin v27.4 - https:\/\/yoast.com\/product\/yoast-seo-wordpress\/ -->\n<title>TMMi\u00ae Kariyer Yolu Bro\u015f\u00fcr\u00fc - T\u00fcrk\u00e7e - Turkish Testing Board<\/title>\n<meta name=\"robots\" content=\"index, follow, max-snippet:-1, max-image-preview:large, max-video-preview:-1\" \/>\n<link rel=\"canonical\" href=\"https:\/\/www.turkishtestingboard.org\/en\/tmmi-career-path-brochure-turkish\/\" \/>\n<meta property=\"og:locale\" content=\"en_US\" \/>\n<meta property=\"og:type\" content=\"article\" \/>\n<meta property=\"og:title\" content=\"TMMi\u00ae Kariyer Yolu Bro\u015f\u00fcr\u00fc - T\u00fcrk\u00e7e - Turkish Testing Board\" \/>\n<meta property=\"og:description\" content=\"TMMi\u00ae Kariyer Yolu Bro\u015f\u00fcr\u00fc, test profesyonelleri i\u00e7in TMMi\u00ae ekosistemindeki kariyer ad\u0131mlar\u0131n\u0131, sertifikasyon ve akreditasyon seviyelerini ve bu rollerin organizasyonlara nas\u0131l de\u011fer katt\u0131\u011f\u0131n\u0131 \u00f6zet \u015fekilde a\u00e7\u0131klamaktad\u0131r; TMMi\u00ae ve ISTQB\u00ae i\u015f birli\u011fi ile \u015fekillenen bu yap\u0131 sayesinde, test iyile\u015ftirme \u00e7al\u0131\u015fmalar\u0131 hem insan hem de s\u00fcre\u00e7 boyutlar\u0131yla ele al\u0131nmakta ve profesyoneller i\u00e7in uluslararas\u0131 ge\u00e7erlili\u011fe sahip bir geli\u015fim yolu [&hellip;]\" \/>\n<meta property=\"og:url\" content=\"https:\/\/www.turkishtestingboard.org\/en\/tmmi-career-path-brochure-turkish\/\" \/>\n<meta property=\"og:site_name\" content=\"Turkish Testing Board\" \/>\n<meta property=\"article:modified_time\" content=\"2026-01-12T03:51:41+00:00\" \/>\n<meta property=\"og:image\" content=\"https:\/\/www.turkishtestingboard.org\/wp-content\/uploads\/2026\/01\/tmmi-kariyer-yolu-banner.jpg\" \/>\n\t<meta property=\"og:image:width\" content=\"1536\" \/>\n\t<meta property=\"og:image:height\" content=\"569\" \/>\n\t<meta property=\"og:image:type\" content=\"image\/jpeg\" \/>\n<meta name=\"twitter:card\" content=\"summary_large_image\" \/>\n<meta name=\"twitter:label1\" content=\"Est. reading time\" \/>\n\t<meta name=\"twitter:data1\" content=\"1 minute\" \/>\n<script type=\"application\/ld+json\" class=\"yoast-schema-graph\">{\"@context\":\"https:\\\/\\\/schema.org\",\"@graph\":[{\"@type\":\"WebPage\",\"@id\":\"https:\\\/\\\/www.turkishtestingboard.org\\\/tmmi-kariyer-yolu-brosuru-turkce\\\/\",\"url\":\"https:\\\/\\\/www.turkishtestingboard.org\\\/tmmi-kariyer-yolu-brosuru-turkce\\\/\",\"name\":\"TMMi\u00ae Kariyer Yolu Bro\u015f\u00fcr\u00fc - T\u00fcrk\u00e7e - Turkish Testing Board\",\"isPartOf\":{\"@id\":\"https:\\\/\\\/www.turkishtestingboard.org\\\/#website\"},\"primaryImageOfPage\":{\"@id\":\"https:\\\/\\\/www.turkishtestingboard.org\\\/tmmi-kariyer-yolu-brosuru-turkce\\\/#primaryimage\"},\"image\":{\"@id\":\"https:\\\/\\\/www.turkishtestingboard.org\\\/tmmi-kariyer-yolu-brosuru-turkce\\\/#primaryimage\"},\"thumbnailUrl\":\"https:\\\/\\\/www.turkishtestingboard.org\\\/wp-content\\\/uploads\\\/2026\\\/01\\\/tmmi-kariyer-yolu-banner.jpg\",\"datePublished\":\"2026-01-12T03:50:44+00:00\",\"dateModified\":\"2026-01-12T03:51:41+00:00\",\"breadcrumb\":{\"@id\":\"https:\\\/\\\/www.turkishtestingboard.org\\\/tmmi-kariyer-yolu-brosuru-turkce\\\/#breadcrumb\"},\"inLanguage\":\"en-US\",\"potentialAction\":[{\"@type\":\"ReadAction\",\"target\":[\"https:\\\/\\\/www.turkishtestingboard.org\\\/tmmi-kariyer-yolu-brosuru-turkce\\\/\"]}]},{\"@type\":\"ImageObject\",\"inLanguage\":\"en-US\",\"@id\":\"https:\\\/\\\/www.turkishtestingboard.org\\\/tmmi-kariyer-yolu-brosuru-turkce\\\/#primaryimage\",\"url\":\"https:\\\/\\\/www.turkishtestingboard.org\\\/wp-content\\\/uploads\\\/2026\\\/01\\\/tmmi-kariyer-yolu-banner.jpg\",\"contentUrl\":\"https:\\\/\\\/www.turkishtestingboard.org\\\/wp-content\\\/uploads\\\/2026\\\/01\\\/tmmi-kariyer-yolu-banner.jpg\"},{\"@type\":\"BreadcrumbList\",\"@id\":\"https:\\\/\\\/www.turkishtestingboard.org\\\/tmmi-kariyer-yolu-brosuru-turkce\\\/#breadcrumb\",\"itemListElement\":[{\"@type\":\"ListItem\",\"position\":1,\"name\":\"Anasayfa\",\"item\":\"https:\\\/\\\/www.turkishtestingboard.org\\\/\"},{\"@type\":\"ListItem\",\"position\":2,\"name\":\"TMMi\u00ae Kariyer Yolu Bro\u015f\u00fcr\u00fc &#8211; T\u00fcrk\u00e7e\"}]},{\"@type\":\"WebSite\",\"@id\":\"https:\\\/\\\/www.turkishtestingboard.org\\\/#website\",\"url\":\"https:\\\/\\\/www.turkishtestingboard.org\\\/\",\"name\":\"Turkish Testing Board\",\"description\":\"Your gateway to global Software Testing community\",\"publisher\":{\"@id\":\"https:\\\/\\\/www.turkishtestingboard.org\\\/#organization\"},\"potentialAction\":[{\"@type\":\"SearchAction\",\"target\":{\"@type\":\"EntryPoint\",\"urlTemplate\":\"https:\\\/\\\/www.turkishtestingboard.org\\\/?s={search_term_string}\"},\"query-input\":{\"@type\":\"PropertyValueSpecification\",\"valueRequired\":true,\"valueName\":\"search_term_string\"}}],\"inLanguage\":\"en-US\"},{\"@type\":\"Organization\",\"@id\":\"https:\\\/\\\/www.turkishtestingboard.org\\\/#organization\",\"name\":\"Turkish Testing Board\",\"url\":\"https:\\\/\\\/www.turkishtestingboard.org\\\/\",\"logo\":{\"@type\":\"ImageObject\",\"inLanguage\":\"en-US\",\"@id\":\"https:\\\/\\\/www.turkishtestingboard.org\\\/#\\\/schema\\\/logo\\\/image\\\/\",\"url\":\"https:\\\/\\\/fikadigital.com\\\/ttb2021\\\/wp-content\\\/uploads\\\/2021\\\/08\\\/ttblogo2021.png\",\"contentUrl\":\"https:\\\/\\\/fikadigital.com\\\/ttb2021\\\/wp-content\\\/uploads\\\/2021\\\/08\\\/ttblogo2021.png\",\"width\":133,\"height\":100,\"caption\":\"Turkish Testing Board\"},\"image\":{\"@id\":\"https:\\\/\\\/www.turkishtestingboard.org\\\/#\\\/schema\\\/logo\\\/image\\\/\"}}]}<\/script>\n<!-- \/ Yoast SEO plugin. -->","yoast_head_json":{"title":"TMMi\u00ae Career Path Brochure \u2013 Turkish - Turkish Testing Board","robots":{"index":"index","follow":"follow","max-snippet":"max-snippet:-1","max-image-preview":"max-image-preview:large","max-video-preview":"max-video-preview:-1"},"canonical":"https:\/\/www.turkishtestingboard.org\/en\/tmmi-career-path-brochure-turkish\/","og_locale":"en_US","og_type":"article","og_title":"TMMi\u00ae Kariyer Yolu Bro\u015f\u00fcr\u00fc - T\u00fcrk\u00e7e - Turkish Testing Board","og_description":"TMMi\u00ae Kariyer Yolu Bro\u015f\u00fcr\u00fc, test profesyonelleri i\u00e7in TMMi\u00ae ekosistemindeki kariyer ad\u0131mlar\u0131n\u0131, sertifikasyon ve akreditasyon seviyelerini ve bu rollerin organizasyonlara nas\u0131l de\u011fer katt\u0131\u011f\u0131n\u0131 \u00f6zet \u015fekilde a\u00e7\u0131klamaktad\u0131r; TMMi\u00ae ve ISTQB\u00ae i\u015f birli\u011fi ile \u015fekillenen bu yap\u0131 sayesinde, test iyile\u015ftirme \u00e7al\u0131\u015fmalar\u0131 hem insan hem de s\u00fcre\u00e7 boyutlar\u0131yla ele al\u0131nmakta ve profesyoneller i\u00e7in uluslararas\u0131 ge\u00e7erlili\u011fe sahip bir geli\u015fim yolu [&hellip;]","og_url":"https:\/\/www.turkishtestingboard.org\/en\/tmmi-career-path-brochure-turkish\/","og_site_name":"Turkish Testing Board","article_modified_time":"2026-01-12T03:51:41+00:00","og_image":[{"width":1536,"height":569,"url":"https:\/\/www.turkishtestingboard.org\/wp-content\/uploads\/2026\/01\/tmmi-kariyer-yolu-banner.jpg","type":"image\/jpeg"}],"twitter_card":"summary_large_image","twitter_misc":{"Est. reading time":"1 minute"},"schema":{"@context":"https:\/\/schema.org","@graph":[{"@type":"WebPage","@id":"https:\/\/www.turkishtestingboard.org\/tmmi-kariyer-yolu-brosuru-turkce\/","url":"https:\/\/www.turkishtestingboard.org\/tmmi-kariyer-yolu-brosuru-turkce\/","name":"TMMi\u00ae Career Path Brochure \u2013 Turkish - Turkish Testing Board","isPartOf":{"@id":"https:\/\/www.turkishtestingboard.org\/#website"},"primaryImageOfPage":{"@id":"https:\/\/www.turkishtestingboard.org\/tmmi-kariyer-yolu-brosuru-turkce\/#primaryimage"},"image":{"@id":"https:\/\/www.turkishtestingboard.org\/tmmi-kariyer-yolu-brosuru-turkce\/#primaryimage"},"thumbnailUrl":"https:\/\/www.turkishtestingboard.org\/wp-content\/uploads\/2026\/01\/tmmi-kariyer-yolu-banner.jpg","datePublished":"2026-01-12T03:50:44+00:00","dateModified":"2026-01-12T03:51:41+00:00","breadcrumb":{"@id":"https:\/\/www.turkishtestingboard.org\/tmmi-kariyer-yolu-brosuru-turkce\/#breadcrumb"},"inLanguage":"en-US","potentialAction":[{"@type":"ReadAction","target":["https:\/\/www.turkishtestingboard.org\/tmmi-kariyer-yolu-brosuru-turkce\/"]}]},{"@type":"ImageObject","inLanguage":"en-US","@id":"https:\/\/www.turkishtestingboard.org\/tmmi-kariyer-yolu-brosuru-turkce\/#primaryimage","url":"https:\/\/www.turkishtestingboard.org\/wp-content\/uploads\/2026\/01\/tmmi-kariyer-yolu-banner.jpg","contentUrl":"https:\/\/www.turkishtestingboard.org\/wp-content\/uploads\/2026\/01\/tmmi-kariyer-yolu-banner.jpg"},{"@type":"BreadcrumbList","@id":"https:\/\/www.turkishtestingboard.org\/tmmi-kariyer-yolu-brosuru-turkce\/#breadcrumb","itemListElement":[{"@type":"ListItem","position":1,"name":"Anasayfa","item":"https:\/\/www.turkishtestingboard.org\/"},{"@type":"ListItem","position":2,"name":"TMMi\u00ae Kariyer Yolu Bro\u015f\u00fcr\u00fc &#8211; T\u00fcrk\u00e7e"}]},{"@type":"WebSite","@id":"https:\/\/www.turkishtestingboard.org\/#website","url":"https:\/\/www.turkishtestingboard.org\/","name":"Turkish Testing Board","description":"Your gateway to global Software Testing community","publisher":{"@id":"https:\/\/www.turkishtestingboard.org\/#organization"},"potentialAction":[{"@type":"SearchAction","target":{"@type":"EntryPoint","urlTemplate":"https:\/\/www.turkishtestingboard.org\/?s={search_term_string}"},"query-input":{"@type":"PropertyValueSpecification","valueRequired":true,"valueName":"search_term_string"}}],"inLanguage":"en-US"},{"@type":"Organization","@id":"https:\/\/www.turkishtestingboard.org\/#organization","name":"Turkish Testing Board","url":"https:\/\/www.turkishtestingboard.org\/","logo":{"@type":"ImageObject","inLanguage":"en-US","@id":"https:\/\/www.turkishtestingboard.org\/#\/schema\/logo\/image\/","url":"https:\/\/fikadigital.com\/ttb2021\/wp-content\/uploads\/2021\/08\/ttblogo2021.png","contentUrl":"https:\/\/fikadigital.com\/ttb2021\/wp-content\/uploads\/2021\/08\/ttblogo2021.png","width":133,"height":100,"caption":"Turkish Testing Board"},"image":{"@id":"https:\/\/www.turkishtestingboard.org\/#\/schema\/logo\/image\/"}}]}},"_links":{"self":[{"href":"https:\/\/www.turkishtestingboard.org\/en\/wp-json\/wp\/v2\/pages\/22197","targetHints":{"allow":["GET"]}}],"collection":[{"href":"https:\/\/www.turkishtestingboard.org\/en\/wp-json\/wp\/v2\/pages"}],"about":[{"href":"https:\/\/www.turkishtestingboard.org\/en\/wp-json\/wp\/v2\/types\/page"}],"author":[{"embeddable":true,"href":"https:\/\/www.turkishtestingboard.org\/en\/wp-json\/wp\/v2\/users\/1"}],"replies":[{"embeddable":true,"href":"https:\/\/www.turkishtestingboard.org\/en\/wp-json\/wp\/v2\/comments?post=22197"}],"version-history":[{"count":0,"href":"https:\/\/www.turkishtestingboard.org\/en\/wp-json\/wp\/v2\/pages\/22197\/revisions"}],"wp:attachment":[{"href":"https:\/\/www.turkishtestingboard.org\/en\/wp-json\/wp\/v2\/media?parent=22197"}],"curies":[{"name":"wp","href":"https:\/\/api.w.org\/{rel}","templated":true}]}}