{"id":21212,"date":"2025-08-14T13:29:18","date_gmt":"2025-08-14T10:29:18","guid":{"rendered":"https:\/\/www.turkishtestingboard.org\/?page_id=21212"},"modified":"2025-08-14T13:30:50","modified_gmt":"2025-08-14T10:30:50","slug":"sertifikali-test-uzmani-otomotiv-yazilimi-test-uzmani-ct-aut-mufredati-turkce","status":"publish","type":"page","link":"https:\/\/www.turkishtestingboard.org\/en\/certified-tester-automotive-software-tester-syllabus-turkish\/","title":{"rendered":"Certified Tester Automotive Software Tester (CT-AuT) Syllabus - Turkish"},"content":{"rendered":"\t\t<div data-elementor-type=\"wp-page\" data-elementor-id=\"21212\" class=\"elementor elementor-21212\">\n\t\t\t\t\t\t<section class=\"elementor-section elementor-top-section elementor-element elementor-element-d84cf5a elementor-section-boxed elementor-section-height-default elementor-section-height-default\" data-id=\"d84cf5a\" data-element_type=\"section\" data-e-type=\"section\" data-settings=\"{&quot;jet_parallax_layout_list&quot;:[{&quot;jet_parallax_layout_image&quot;:{&quot;url&quot;:&quot;&quot;,&quot;id&quot;:&quot;&quot;,&quot;size&quot;:&quot;&quot;},&quot;_id&quot;:&quot;9f44894&quot;,&quot;jet_parallax_layout_image_tablet&quot;:{&quot;url&quot;:&quot;&quot;,&quot;id&quot;:&quot;&quot;,&quot;size&quot;:&quot;&quot;},&quot;jet_parallax_layout_image_mobile&quot;:{&quot;url&quot;:&quot;&quot;,&quot;id&quot;:&quot;&quot;,&quot;size&quot;:&quot;&quot;},&quot;jet_parallax_layout_speed&quot;:{&quot;unit&quot;:&quot;%&quot;,&quot;size&quot;:50,&quot;sizes&quot;:[]},&quot;jet_parallax_layout_type&quot;:&quot;scroll&quot;,&quot;jet_parallax_layout_direction&quot;:&quot;1&quot;,&quot;jet_parallax_layout_fx_direction&quot;:null,&quot;jet_parallax_layout_z_index&quot;:&quot;&quot;,&quot;jet_parallax_layout_bg_x&quot;:50,&quot;jet_parallax_layout_bg_x_tablet&quot;:&quot;&quot;,&quot;jet_parallax_layout_bg_x_mobile&quot;:&quot;&quot;,&quot;jet_parallax_layout_bg_y&quot;:50,&quot;jet_parallax_layout_bg_y_tablet&quot;:&quot;&quot;,&quot;jet_parallax_layout_bg_y_mobile&quot;:&quot;&quot;,&quot;jet_parallax_layout_bg_size&quot;:&quot;auto&quot;,&quot;jet_parallax_layout_bg_size_tablet&quot;:&quot;&quot;,&quot;jet_parallax_layout_bg_size_mobile&quot;:&quot;&quot;,&quot;jet_parallax_layout_animation_prop&quot;:&quot;transform&quot;,&quot;jet_parallax_layout_on&quot;:[&quot;desktop&quot;,&quot;tablet&quot;]}]}\">\n\t\t\t\t\t\t<div class=\"elementor-container elementor-column-gap-default\">\n\t\t\t\t\t<div class=\"elementor-column elementor-col-100 elementor-top-column elementor-element elementor-element-29960ad\" data-id=\"29960ad\" data-element_type=\"column\" data-e-type=\"column\">\n\t\t\t<div class=\"elementor-widget-wrap elementor-element-populated\">\n\t\t\t\t\t\t<div class=\"elementor-element elementor-element-3797169 elementor-widget elementor-widget-text-editor\" data-id=\"3797169\" data-element_type=\"widget\" data-e-type=\"widget\" data-widget_type=\"text-editor.default\">\n\t\t\t\t<div class=\"elementor-widget-container\">\n\t\t\t\t\t\t\t\t\t<p>CT-AuT sertifikas\u0131, otomotiv yaz\u0131l\u0131m testine \u00f6zel uluslararas\u0131 standartlar\u0131 temel al\u0131r. Automotive SPICE\u00ae, ISO 26262, AUTOSAR\u00ae gibi sekt\u00f6re \u00f6zg\u00fc \u00e7er\u00e7eveler do\u011frultusunda, Elektrik\/Elektronik (E\/E) sistemlerin test edilmesine y\u00f6nelik \u00f6zel gereksinimleri ele al\u0131r. Sanal test ortamlar\u0131 (\u00f6r. XiL) ile birlikte, otomotive \u00f6zg\u00fc statik ve dinamik test tekniklerini de kapsamaktad\u0131r.<\/p><p>\u00a0<br \/>Bu sertifika; test uzmanlar\u0131, m\u00fchendisleri, analistleri, dan\u0131\u015fmanlar\u0131 ve y\u00f6neticilerinin yan\u0131 s\u0131ra, s\u00fcr\u00fcm testiyle ilgilenen profesyoneller ve yaz\u0131l\u0131m geli\u015ftiriciler i\u00e7in \u00f6zel olarak destek sunar. Ayr\u0131ca otomotiv sekt\u00f6r\u00fcnde g\u00f6rev yapan proje y\u00f6neticileri, kalite y\u00f6neticileri, sistem analistleri ve BT y\u00f6neticileri gibi yaz\u0131l\u0131m testi hakk\u0131nda temel bilgi edinmek isteyen t\u00fcm payda\u015flar i\u00e7in de faydal\u0131 bir kaynakt\u0131r.<\/p><p><br \/>Dok\u00fcmana a\u015fa\u011f\u0131daki butondan ula\u015fabilirsiniz.<\/p>\t\t\t\t\t\t\t\t<\/div>\n\t\t\t\t<\/div>\n\t\t\t\t<div class=\"elementor-element elementor-element-a9dce67 elementor-align-center elementor-widget elementor-widget-raven-button\" data-id=\"a9dce67\" data-element_type=\"widget\" data-e-type=\"widget\" data-settings=\"{&quot;turn_to_popup_action_button&quot;:&quot;no&quot;}\" data-widget_type=\"raven-button.default\">\n\t\t\t\t<div class=\"elementor-widget-container\">\n\t\t\t\t\t\t\t<div class=\"raven-widget-wrapper\">\n\t\t\t<a class=\"raven-button raven-button-widget-normal-effect-none  raven-button-text-align-center raven-button-link elementor-animation-grow\" href=\"https:\/\/www.turkishtestingboard.org\/files\/AutomotiveSoftwareTester-2018-Syllabus-TR.pdf\" target=\"_blank\">\t\t\t\t<div class=\"raven-button-overlay\" ><\/div>\n\t\t\t\t<span class=\"raven-button-content\">\n\t\t\t\t\t\n\t\t\t\t\t<div class=\"button-text-container\">\n\t\t\t\t\t\t\t\t\t<span class=\"raven-button-icon raven-button-icon-position-left\">\n\t\t\t\t<i aria-hidden=\"true\" class=\"far fa-check-circle\"><\/i>\t\t\t<\/span>\n\t\t\t\t\t\t\t\t<div class=\"raven-button-texts-wrapper\">\n\t\t\t\t\t\t\t<div class=\"button-text\">\n\t\t\t\t\t\t\t\t<span class=\"raven-button-text\">\n\t\t\t\t\t\t\t\t\tSyllabus\t\t\t\t\t\t\t\t<\/span>\n\t\t\t\t\t\t\t<\/div>\n\t\t\t\t\t\t\t\t\t\t\t\t\t<\/div>\n\t\t\t\t\t\t\t\t\t\t\t<\/div>\n\t\t\t\t\t\n\t\t\t\t\t\t\t\t\t<\/span>\n\t\t\t<\/a>\t\t<\/div>\n\t\t\t\t\t\t<\/div>\n\t\t\t\t<\/div>\n\t\t\t\t<div class=\"elementor-element elementor-element-6d12909 elementor-widget elementor-widget-image\" data-id=\"6d12909\" data-element_type=\"widget\" data-e-type=\"widget\" data-widget_type=\"image.default\">\n\t\t\t\t<div class=\"elementor-widget-container\">\n\t\t\t\t\t\t\t\t\t\t\t\t\t\t\t<img fetchpriority=\"high\" decoding=\"async\" width=\"1352\" height=\"722\" src=\"https:\/\/www.turkishtestingboard.org\/wp-content\/uploads\/2025\/08\/aut-tr-table.png\" class=\"attachment-full size-full wp-image-21214\" alt=\"\" srcset=\"https:\/\/www.turkishtestingboard.org\/wp-content\/uploads\/2025\/08\/aut-tr-table.png 1352w, https:\/\/www.turkishtestingboard.org\/wp-content\/uploads\/2025\/08\/aut-tr-table-300x160.png 300w, https:\/\/www.turkishtestingboard.org\/wp-content\/uploads\/2025\/08\/aut-tr-table-1024x547.png 1024w, https:\/\/www.turkishtestingboard.org\/wp-content\/uploads\/2025\/08\/aut-tr-table-768x410.png 768w, https:\/\/www.turkishtestingboard.org\/wp-content\/uploads\/2025\/08\/aut-tr-table-18x10.png 18w, https:\/\/www.turkishtestingboard.org\/wp-content\/uploads\/2025\/08\/aut-tr-table-350x187.png 350w, https:\/\/www.turkishtestingboard.org\/wp-content\/uploads\/2025\/08\/aut-tr-table-551x294.png 551w\" sizes=\"(max-width: 1352px) 100vw, 1352px\" \/>\t\t\t\t\t\t\t\t\t\t\t\t\t\t\t<\/div>\n\t\t\t\t<\/div>\n\t\t\t\t\t<\/div>\n\t\t<\/div>\n\t\t\t\t\t<\/div>\n\t\t<\/section>\n\t\t\t\t<\/div>\n\t\t","protected":false},"excerpt":{"rendered":"<p>CT-AuT sertifikas\u0131, otomotiv yaz\u0131l\u0131m testine \u00f6zel uluslararas\u0131 standartlar\u0131 temel al\u0131r. Automotive SPICE\u00ae, ISO 26262, AUTOSAR\u00ae gibi sekt\u00f6re \u00f6zg\u00fc \u00e7er\u00e7eveler do\u011frultusunda, Elektrik\/Elektronik (E\/E) sistemlerin test edilmesine y\u00f6nelik \u00f6zel gereksinimleri ele al\u0131r. Sanal test ortamlar\u0131 (\u00f6r. XiL) ile birlikte, otomotive \u00f6zg\u00fc statik ve dinamik test tekniklerini de kapsamaktad\u0131r. \u00a0Bu sertifika; test uzmanlar\u0131, m\u00fchendisleri, analistleri, dan\u0131\u015fmanlar\u0131 ve y\u00f6neticilerinin [&hellip;]<\/p>\n","protected":false},"author":1,"featured_media":0,"parent":0,"menu_order":0,"comment_status":"closed","ping_status":"closed","template":"","meta":{"_acf_changed":false,"footnotes":""},"class_list":["post-21212","page","type-page","status-publish","hentry"],"acf":[],"yoast_head":"<!-- This site is optimized with the Yoast SEO plugin v27.4 - https:\/\/yoast.com\/product\/yoast-seo-wordpress\/ -->\n<title>Sertifikal\u0131 Test Uzman\u0131 Otomotiv Yaz\u0131l\u0131m\u0131 Test Uzman\u0131 (CT-AuT) M\u00fcfredat\u0131 - T\u00fcrk\u00e7e - Turkish Testing Board<\/title>\n<meta name=\"robots\" content=\"index, follow, max-snippet:-1, max-image-preview:large, max-video-preview:-1\" \/>\n<link rel=\"canonical\" href=\"https:\/\/www.turkishtestingboard.org\/en\/certified-tester-automotive-software-tester-syllabus-turkish\/\" \/>\n<meta property=\"og:locale\" content=\"en_US\" \/>\n<meta property=\"og:type\" content=\"article\" \/>\n<meta property=\"og:title\" content=\"Sertifikal\u0131 Test Uzman\u0131 Otomotiv Yaz\u0131l\u0131m\u0131 Test Uzman\u0131 (CT-AuT) M\u00fcfredat\u0131 - T\u00fcrk\u00e7e - Turkish Testing Board\" \/>\n<meta property=\"og:description\" content=\"CT-AuT sertifikas\u0131, otomotiv yaz\u0131l\u0131m testine \u00f6zel uluslararas\u0131 standartlar\u0131 temel al\u0131r. Automotive SPICE\u00ae, ISO 26262, AUTOSAR\u00ae gibi sekt\u00f6re \u00f6zg\u00fc \u00e7er\u00e7eveler do\u011frultusunda, Elektrik\/Elektronik (E\/E) sistemlerin test edilmesine y\u00f6nelik \u00f6zel gereksinimleri ele al\u0131r. Sanal test ortamlar\u0131 (\u00f6r. XiL) ile birlikte, otomotive \u00f6zg\u00fc statik ve dinamik test tekniklerini de kapsamaktad\u0131r. \u00a0Bu sertifika; test uzmanlar\u0131, m\u00fchendisleri, analistleri, dan\u0131\u015fmanlar\u0131 ve y\u00f6neticilerinin [&hellip;]\" \/>\n<meta property=\"og:url\" content=\"https:\/\/www.turkishtestingboard.org\/en\/certified-tester-automotive-software-tester-syllabus-turkish\/\" \/>\n<meta property=\"og:site_name\" content=\"Turkish Testing Board\" \/>\n<meta property=\"article:modified_time\" content=\"2025-08-14T10:30:50+00:00\" \/>\n<meta property=\"og:image\" content=\"https:\/\/www.turkishtestingboard.org\/wp-content\/uploads\/2025\/08\/aut-tr-table.png\" \/>\n\t<meta property=\"og:image:width\" content=\"1352\" \/>\n\t<meta property=\"og:image:height\" content=\"722\" \/>\n\t<meta property=\"og:image:type\" content=\"image\/png\" \/>\n<meta name=\"twitter:card\" content=\"summary_large_image\" \/>\n<meta name=\"twitter:label1\" content=\"Est. reading time\" \/>\n\t<meta name=\"twitter:data1\" content=\"1 minute\" \/>\n<script type=\"application\/ld+json\" class=\"yoast-schema-graph\">{\"@context\":\"https:\\\/\\\/schema.org\",\"@graph\":[{\"@type\":\"WebPage\",\"@id\":\"https:\\\/\\\/www.turkishtestingboard.org\\\/sertifikali-test-uzmani-otomotiv-yazilimi-test-uzmani-ct-aut-mufredati-turkce\\\/\",\"url\":\"https:\\\/\\\/www.turkishtestingboard.org\\\/sertifikali-test-uzmani-otomotiv-yazilimi-test-uzmani-ct-aut-mufredati-turkce\\\/\",\"name\":\"Sertifikal\u0131 Test Uzman\u0131 Otomotiv Yaz\u0131l\u0131m\u0131 Test Uzman\u0131 (CT-AuT) M\u00fcfredat\u0131 - T\u00fcrk\u00e7e - Turkish Testing Board\",\"isPartOf\":{\"@id\":\"https:\\\/\\\/www.turkishtestingboard.org\\\/#website\"},\"primaryImageOfPage\":{\"@id\":\"https:\\\/\\\/www.turkishtestingboard.org\\\/sertifikali-test-uzmani-otomotiv-yazilimi-test-uzmani-ct-aut-mufredati-turkce\\\/#primaryimage\"},\"image\":{\"@id\":\"https:\\\/\\\/www.turkishtestingboard.org\\\/sertifikali-test-uzmani-otomotiv-yazilimi-test-uzmani-ct-aut-mufredati-turkce\\\/#primaryimage\"},\"thumbnailUrl\":\"https:\\\/\\\/www.turkishtestingboard.org\\\/wp-content\\\/uploads\\\/2025\\\/08\\\/aut-tr-table.png\",\"datePublished\":\"2025-08-14T10:29:18+00:00\",\"dateModified\":\"2025-08-14T10:30:50+00:00\",\"breadcrumb\":{\"@id\":\"https:\\\/\\\/www.turkishtestingboard.org\\\/sertifikali-test-uzmani-otomotiv-yazilimi-test-uzmani-ct-aut-mufredati-turkce\\\/#breadcrumb\"},\"inLanguage\":\"en-US\",\"potentialAction\":[{\"@type\":\"ReadAction\",\"target\":[\"https:\\\/\\\/www.turkishtestingboard.org\\\/sertifikali-test-uzmani-otomotiv-yazilimi-test-uzmani-ct-aut-mufredati-turkce\\\/\"]}]},{\"@type\":\"ImageObject\",\"inLanguage\":\"en-US\",\"@id\":\"https:\\\/\\\/www.turkishtestingboard.org\\\/sertifikali-test-uzmani-otomotiv-yazilimi-test-uzmani-ct-aut-mufredati-turkce\\\/#primaryimage\",\"url\":\"https:\\\/\\\/www.turkishtestingboard.org\\\/wp-content\\\/uploads\\\/2025\\\/08\\\/aut-tr-table.png\",\"contentUrl\":\"https:\\\/\\\/www.turkishtestingboard.org\\\/wp-content\\\/uploads\\\/2025\\\/08\\\/aut-tr-table.png\"},{\"@type\":\"BreadcrumbList\",\"@id\":\"https:\\\/\\\/www.turkishtestingboard.org\\\/sertifikali-test-uzmani-otomotiv-yazilimi-test-uzmani-ct-aut-mufredati-turkce\\\/#breadcrumb\",\"itemListElement\":[{\"@type\":\"ListItem\",\"position\":1,\"name\":\"Anasayfa\",\"item\":\"https:\\\/\\\/www.turkishtestingboard.org\\\/\"},{\"@type\":\"ListItem\",\"position\":2,\"name\":\"Sertifikal\u0131 Test Uzman\u0131 Otomotiv Yaz\u0131l\u0131m\u0131 Test Uzman\u0131 (CT-AuT) M\u00fcfredat\u0131 &#8211; T\u00fcrk\u00e7e\"}]},{\"@type\":\"WebSite\",\"@id\":\"https:\\\/\\\/www.turkishtestingboard.org\\\/#website\",\"url\":\"https:\\\/\\\/www.turkishtestingboard.org\\\/\",\"name\":\"Turkish Testing Board\",\"description\":\"Your gateway to global Software Testing community\",\"publisher\":{\"@id\":\"https:\\\/\\\/www.turkishtestingboard.org\\\/#organization\"},\"potentialAction\":[{\"@type\":\"SearchAction\",\"target\":{\"@type\":\"EntryPoint\",\"urlTemplate\":\"https:\\\/\\\/www.turkishtestingboard.org\\\/?s={search_term_string}\"},\"query-input\":{\"@type\":\"PropertyValueSpecification\",\"valueRequired\":true,\"valueName\":\"search_term_string\"}}],\"inLanguage\":\"en-US\"},{\"@type\":\"Organization\",\"@id\":\"https:\\\/\\\/www.turkishtestingboard.org\\\/#organization\",\"name\":\"Turkish Testing Board\",\"url\":\"https:\\\/\\\/www.turkishtestingboard.org\\\/\",\"logo\":{\"@type\":\"ImageObject\",\"inLanguage\":\"en-US\",\"@id\":\"https:\\\/\\\/www.turkishtestingboard.org\\\/#\\\/schema\\\/logo\\\/image\\\/\",\"url\":\"https:\\\/\\\/fikadigital.com\\\/ttb2021\\\/wp-content\\\/uploads\\\/2021\\\/08\\\/ttblogo2021.png\",\"contentUrl\":\"https:\\\/\\\/fikadigital.com\\\/ttb2021\\\/wp-content\\\/uploads\\\/2021\\\/08\\\/ttblogo2021.png\",\"width\":133,\"height\":100,\"caption\":\"Turkish Testing Board\"},\"image\":{\"@id\":\"https:\\\/\\\/www.turkishtestingboard.org\\\/#\\\/schema\\\/logo\\\/image\\\/\"}}]}<\/script>\n<!-- \/ Yoast SEO plugin. -->","yoast_head_json":{"title":"Certified Tester Automotive Software Tester (CT-AuT) Syllabus - Turkish - Turkish Testing Board","robots":{"index":"index","follow":"follow","max-snippet":"max-snippet:-1","max-image-preview":"max-image-preview:large","max-video-preview":"max-video-preview:-1"},"canonical":"https:\/\/www.turkishtestingboard.org\/en\/certified-tester-automotive-software-tester-syllabus-turkish\/","og_locale":"en_US","og_type":"article","og_title":"Sertifikal\u0131 Test Uzman\u0131 Otomotiv Yaz\u0131l\u0131m\u0131 Test Uzman\u0131 (CT-AuT) M\u00fcfredat\u0131 - T\u00fcrk\u00e7e - Turkish Testing Board","og_description":"CT-AuT sertifikas\u0131, otomotiv yaz\u0131l\u0131m testine \u00f6zel uluslararas\u0131 standartlar\u0131 temel al\u0131r. Automotive SPICE\u00ae, ISO 26262, AUTOSAR\u00ae gibi sekt\u00f6re \u00f6zg\u00fc \u00e7er\u00e7eveler do\u011frultusunda, Elektrik\/Elektronik (E\/E) sistemlerin test edilmesine y\u00f6nelik \u00f6zel gereksinimleri ele al\u0131r. Sanal test ortamlar\u0131 (\u00f6r. XiL) ile birlikte, otomotive \u00f6zg\u00fc statik ve dinamik test tekniklerini de kapsamaktad\u0131r. \u00a0Bu sertifika; test uzmanlar\u0131, m\u00fchendisleri, analistleri, dan\u0131\u015fmanlar\u0131 ve y\u00f6neticilerinin [&hellip;]","og_url":"https:\/\/www.turkishtestingboard.org\/en\/certified-tester-automotive-software-tester-syllabus-turkish\/","og_site_name":"Turkish Testing Board","article_modified_time":"2025-08-14T10:30:50+00:00","og_image":[{"width":1352,"height":722,"url":"https:\/\/www.turkishtestingboard.org\/wp-content\/uploads\/2025\/08\/aut-tr-table.png","type":"image\/png"}],"twitter_card":"summary_large_image","twitter_misc":{"Est. reading time":"1 minute"},"schema":{"@context":"https:\/\/schema.org","@graph":[{"@type":"WebPage","@id":"https:\/\/www.turkishtestingboard.org\/sertifikali-test-uzmani-otomotiv-yazilimi-test-uzmani-ct-aut-mufredati-turkce\/","url":"https:\/\/www.turkishtestingboard.org\/sertifikali-test-uzmani-otomotiv-yazilimi-test-uzmani-ct-aut-mufredati-turkce\/","name":"Certified Tester Automotive Software Tester (CT-AuT) Syllabus - Turkish - Turkish Testing Board","isPartOf":{"@id":"https:\/\/www.turkishtestingboard.org\/#website"},"primaryImageOfPage":{"@id":"https:\/\/www.turkishtestingboard.org\/sertifikali-test-uzmani-otomotiv-yazilimi-test-uzmani-ct-aut-mufredati-turkce\/#primaryimage"},"image":{"@id":"https:\/\/www.turkishtestingboard.org\/sertifikali-test-uzmani-otomotiv-yazilimi-test-uzmani-ct-aut-mufredati-turkce\/#primaryimage"},"thumbnailUrl":"https:\/\/www.turkishtestingboard.org\/wp-content\/uploads\/2025\/08\/aut-tr-table.png","datePublished":"2025-08-14T10:29:18+00:00","dateModified":"2025-08-14T10:30:50+00:00","breadcrumb":{"@id":"https:\/\/www.turkishtestingboard.org\/sertifikali-test-uzmani-otomotiv-yazilimi-test-uzmani-ct-aut-mufredati-turkce\/#breadcrumb"},"inLanguage":"en-US","potentialAction":[{"@type":"ReadAction","target":["https:\/\/www.turkishtestingboard.org\/sertifikali-test-uzmani-otomotiv-yazilimi-test-uzmani-ct-aut-mufredati-turkce\/"]}]},{"@type":"ImageObject","inLanguage":"en-US","@id":"https:\/\/www.turkishtestingboard.org\/sertifikali-test-uzmani-otomotiv-yazilimi-test-uzmani-ct-aut-mufredati-turkce\/#primaryimage","url":"https:\/\/www.turkishtestingboard.org\/wp-content\/uploads\/2025\/08\/aut-tr-table.png","contentUrl":"https:\/\/www.turkishtestingboard.org\/wp-content\/uploads\/2025\/08\/aut-tr-table.png"},{"@type":"BreadcrumbList","@id":"https:\/\/www.turkishtestingboard.org\/sertifikali-test-uzmani-otomotiv-yazilimi-test-uzmani-ct-aut-mufredati-turkce\/#breadcrumb","itemListElement":[{"@type":"ListItem","position":1,"name":"Anasayfa","item":"https:\/\/www.turkishtestingboard.org\/"},{"@type":"ListItem","position":2,"name":"Sertifikal\u0131 Test Uzman\u0131 Otomotiv Yaz\u0131l\u0131m\u0131 Test Uzman\u0131 (CT-AuT) M\u00fcfredat\u0131 &#8211; T\u00fcrk\u00e7e"}]},{"@type":"WebSite","@id":"https:\/\/www.turkishtestingboard.org\/#website","url":"https:\/\/www.turkishtestingboard.org\/","name":"Turkish Testing Board","description":"Your gateway to global Software Testing community","publisher":{"@id":"https:\/\/www.turkishtestingboard.org\/#organization"},"potentialAction":[{"@type":"SearchAction","target":{"@type":"EntryPoint","urlTemplate":"https:\/\/www.turkishtestingboard.org\/?s={search_term_string}"},"query-input":{"@type":"PropertyValueSpecification","valueRequired":true,"valueName":"search_term_string"}}],"inLanguage":"en-US"},{"@type":"Organization","@id":"https:\/\/www.turkishtestingboard.org\/#organization","name":"Turkish Testing Board","url":"https:\/\/www.turkishtestingboard.org\/","logo":{"@type":"ImageObject","inLanguage":"en-US","@id":"https:\/\/www.turkishtestingboard.org\/#\/schema\/logo\/image\/","url":"https:\/\/fikadigital.com\/ttb2021\/wp-content\/uploads\/2021\/08\/ttblogo2021.png","contentUrl":"https:\/\/fikadigital.com\/ttb2021\/wp-content\/uploads\/2021\/08\/ttblogo2021.png","width":133,"height":100,"caption":"Turkish Testing Board"},"image":{"@id":"https:\/\/www.turkishtestingboard.org\/#\/schema\/logo\/image\/"}}]}},"_links":{"self":[{"href":"https:\/\/www.turkishtestingboard.org\/en\/wp-json\/wp\/v2\/pages\/21212","targetHints":{"allow":["GET"]}}],"collection":[{"href":"https:\/\/www.turkishtestingboard.org\/en\/wp-json\/wp\/v2\/pages"}],"about":[{"href":"https:\/\/www.turkishtestingboard.org\/en\/wp-json\/wp\/v2\/types\/page"}],"author":[{"embeddable":true,"href":"https:\/\/www.turkishtestingboard.org\/en\/wp-json\/wp\/v2\/users\/1"}],"replies":[{"embeddable":true,"href":"https:\/\/www.turkishtestingboard.org\/en\/wp-json\/wp\/v2\/comments?post=21212"}],"version-history":[{"count":0,"href":"https:\/\/www.turkishtestingboard.org\/en\/wp-json\/wp\/v2\/pages\/21212\/revisions"}],"wp:attachment":[{"href":"https:\/\/www.turkishtestingboard.org\/en\/wp-json\/wp\/v2\/media?parent=21212"}],"curies":[{"name":"wp","href":"https:\/\/api.w.org\/{rel}","templated":true}]}}