{"id":20729,"date":"2025-06-11T07:27:52","date_gmt":"2025-06-11T04:27:52","guid":{"rendered":"https:\/\/www.turkishtestingboard.org\/?page_id=20729"},"modified":"2026-02-05T08:52:47","modified_gmt":"2026-02-05T05:52:47","slug":"sertifikali-test-uzmani-ai-yapay-zeka-testi-ct-ai-mufredati-2021-turkce","status":"publish","type":"page","link":"https:\/\/www.turkishtestingboard.org\/en\/sertifikali-test-uzmani-ai-yapay-zeka-testi-ct-ai-mufredati-2021-turkce\/","title":{"rendered":"Certified Tester AI Testing (CT-AI) Syllabus 2021 \u2013 Turkish"},"content":{"rendered":"\t\t<div data-elementor-type=\"wp-page\" data-elementor-id=\"20729\" class=\"elementor elementor-20729\">\n\t\t\t\t\t\t<section class=\"elementor-section elementor-top-section elementor-element elementor-element-d84cf5a elementor-section-boxed elementor-section-height-default elementor-section-height-default\" data-id=\"d84cf5a\" data-element_type=\"section\" data-e-type=\"section\" data-settings=\"{&quot;jet_parallax_layout_list&quot;:[{&quot;jet_parallax_layout_image&quot;:{&quot;url&quot;:&quot;&quot;,&quot;id&quot;:&quot;&quot;,&quot;size&quot;:&quot;&quot;},&quot;_id&quot;:&quot;9f44894&quot;,&quot;jet_parallax_layout_image_tablet&quot;:{&quot;url&quot;:&quot;&quot;,&quot;id&quot;:&quot;&quot;,&quot;size&quot;:&quot;&quot;},&quot;jet_parallax_layout_image_mobile&quot;:{&quot;url&quot;:&quot;&quot;,&quot;id&quot;:&quot;&quot;,&quot;size&quot;:&quot;&quot;},&quot;jet_parallax_layout_speed&quot;:{&quot;unit&quot;:&quot;%&quot;,&quot;size&quot;:50,&quot;sizes&quot;:[]},&quot;jet_parallax_layout_type&quot;:&quot;scroll&quot;,&quot;jet_parallax_layout_direction&quot;:&quot;1&quot;,&quot;jet_parallax_layout_fx_direction&quot;:null,&quot;jet_parallax_layout_z_index&quot;:&quot;&quot;,&quot;jet_parallax_layout_bg_x&quot;:50,&quot;jet_parallax_layout_bg_x_tablet&quot;:&quot;&quot;,&quot;jet_parallax_layout_bg_x_mobile&quot;:&quot;&quot;,&quot;jet_parallax_layout_bg_y&quot;:50,&quot;jet_parallax_layout_bg_y_tablet&quot;:&quot;&quot;,&quot;jet_parallax_layout_bg_y_mobile&quot;:&quot;&quot;,&quot;jet_parallax_layout_bg_size&quot;:&quot;auto&quot;,&quot;jet_parallax_layout_bg_size_tablet&quot;:&quot;&quot;,&quot;jet_parallax_layout_bg_size_mobile&quot;:&quot;&quot;,&quot;jet_parallax_layout_animation_prop&quot;:&quot;transform&quot;,&quot;jet_parallax_layout_on&quot;:[&quot;desktop&quot;,&quot;tablet&quot;]}]}\">\n\t\t\t\t\t\t<div class=\"elementor-container elementor-column-gap-default\">\n\t\t\t\t\t<div class=\"elementor-column elementor-col-100 elementor-top-column elementor-element elementor-element-29960ad\" data-id=\"29960ad\" data-element_type=\"column\" data-e-type=\"column\">\n\t\t\t<div class=\"elementor-widget-wrap elementor-element-populated\">\n\t\t\t\t\t\t<div class=\"elementor-element elementor-element-3797169 elementor-widget elementor-widget-text-editor\" data-id=\"3797169\" data-element_type=\"widget\" data-e-type=\"widget\" data-widget_type=\"text-editor.default\">\n\t\t\t\t<div class=\"elementor-widget-container\">\n\t\t\t\t\t\t\t\t\t<p>ISTQB\u00ae Certified Tester \u2013 AI Testing sertifikas\u0131, yapay zeka (AI) tabanl\u0131 sistemleri test eden ya da test s\u00fcre\u00e7lerinde AI teknolojilerinden faydalanmak isteyen profesyonellere y\u00f6neliktir. Bu program, test uzmanlar\u0131, veri analistleri, yaz\u0131l\u0131m geli\u015ftiricileri, test y\u00f6neticileri ve dan\u0131\u015fmanlar ba\u015fta olmak \u00fczere, Al ile \u00e7al\u0131\u015fan farkl\u0131 rollerden kat\u0131l\u0131mc\u0131lar i\u00e7in uygundur. Ayr\u0131ca proje y\u00f6neticileri, kalite y\u00f6neticileri, i\u015f analistleri ve operasyon ekipleri gibi, AI sistemlerini ve AI destekli testleri daha iyi anlamak isteyen profesyoneller de bu sertifikadan fayda sa\u011flayabilir.<\/p><p>Syllabus kapsam\u0131nda kat\u0131l\u0131mc\u0131lar, AI sistemlerinin mevcut durumu, makine \u00f6\u011frenimi modellerinin geli\u015ftirilmesi ve test edilmesi s\u00fcre\u00e7leri ile AI\u2019n\u0131n yaz\u0131l\u0131m testinde nas\u0131l etkin \u015fekilde kullan\u0131labilece\u011fine dair kapsaml\u0131 bilgi edinirler. Yapay zeka ve yaz\u0131l\u0131m testinin kesi\u015fim noktas\u0131nda bilgi ve becerilerini geli\u015ftirmek isteyen profesyoneller i\u00e7in bu syllabus de\u011ferli bir kaynak olacakt\u0131r.<\/p><p>Dok\u00fcmana a\u015fa\u011f\u0131daki butondan ula\u015fabilirsiniz.<\/p>\t\t\t\t\t\t\t\t<\/div>\n\t\t\t\t<\/div>\n\t\t\t\t<div class=\"elementor-element elementor-element-608bc03 elementor-align-center elementor-widget elementor-widget-raven-button\" data-id=\"608bc03\" data-element_type=\"widget\" data-e-type=\"widget\" data-settings=\"{&quot;turn_to_popup_action_button&quot;:&quot;no&quot;}\" data-widget_type=\"raven-button.default\">\n\t\t\t\t<div class=\"elementor-widget-container\">\n\t\t\t\t\t\t\t<div class=\"raven-widget-wrapper\">\n\t\t\t<a class=\"raven-button raven-button-widget-normal-effect-none  raven-button-text-align-center raven-button-link elementor-animation-grow\" href=\"https:\/\/www.turkishtestingboard.org\/files\/ISTQB-CT-AI-Syllabus-v1-TR.pdf\" target=\"_blank\">\t\t\t\t<div class=\"raven-button-overlay\" ><\/div>\n\t\t\t\t<span class=\"raven-button-content\">\n\t\t\t\t\t\n\t\t\t\t\t<div class=\"button-text-container\">\n\t\t\t\t\t\t\t\t\t<span class=\"raven-button-icon raven-button-icon-position-left\">\n\t\t\t\t<i aria-hidden=\"true\" class=\"far fa-check-circle\"><\/i>\t\t\t<\/span>\n\t\t\t\t\t\t\t\t<div class=\"raven-button-texts-wrapper\">\n\t\t\t\t\t\t\t<div class=\"button-text\">\n\t\t\t\t\t\t\t\t<span class=\"raven-button-text\">\n\t\t\t\t\t\t\t\t\tSyllabus\t\t\t\t\t\t\t\t<\/span>\n\t\t\t\t\t\t\t<\/div>\n\t\t\t\t\t\t\t\t\t\t\t\t\t<\/div>\n\t\t\t\t\t\t\t\t\t\t\t<\/div>\n\t\t\t\t\t\n\t\t\t\t\t\t\t\t\t<\/span>\n\t\t\t<\/a>\t\t<\/div>\n\t\t\t\t\t\t<\/div>\n\t\t\t\t<\/div>\n\t\t\t\t<div class=\"elementor-element elementor-element-6d12909 elementor-widget elementor-widget-image\" data-id=\"6d12909\" data-element_type=\"widget\" data-e-type=\"widget\" data-widget_type=\"image.default\">\n\t\t\t\t<div class=\"elementor-widget-container\">\n\t\t\t\t\t\t\t\t\t\t\t\t\t\t\t<img fetchpriority=\"high\" decoding=\"async\" width=\"1000\" height=\"741\" src=\"https:\/\/www.turkishtestingboard.org\/wp-content\/uploads\/2026\/02\/ai-testing-tablo.png\" class=\"attachment-full size-full wp-image-22346\" alt=\"\" srcset=\"https:\/\/www.turkishtestingboard.org\/wp-content\/uploads\/2026\/02\/ai-testing-tablo.png 1000w, https:\/\/www.turkishtestingboard.org\/wp-content\/uploads\/2026\/02\/ai-testing-tablo-300x222.png 300w, https:\/\/www.turkishtestingboard.org\/wp-content\/uploads\/2026\/02\/ai-testing-tablo-768x569.png 768w, https:\/\/www.turkishtestingboard.org\/wp-content\/uploads\/2026\/02\/ai-testing-tablo-16x12.png 16w, https:\/\/www.turkishtestingboard.org\/wp-content\/uploads\/2026\/02\/ai-testing-tablo-350x259.png 350w, https:\/\/www.turkishtestingboard.org\/wp-content\/uploads\/2026\/02\/ai-testing-tablo-551x408.png 551w\" sizes=\"(max-width: 1000px) 100vw, 1000px\" \/>\t\t\t\t\t\t\t\t\t\t\t\t\t\t\t<\/div>\n\t\t\t\t<\/div>\n\t\t\t\t\t<\/div>\n\t\t<\/div>\n\t\t\t\t\t<\/div>\n\t\t<\/section>\n\t\t\t\t<\/div>\n\t\t","protected":false},"excerpt":{"rendered":"<p>ISTQB\u00ae Certified Tester \u2013 AI Testing sertifikas\u0131, yapay zeka (AI) tabanl\u0131 sistemleri test eden ya da test s\u00fcre\u00e7lerinde AI teknolojilerinden faydalanmak isteyen profesyonellere y\u00f6neliktir. Bu program, test uzmanlar\u0131, veri analistleri, yaz\u0131l\u0131m geli\u015ftiricileri, test y\u00f6neticileri ve dan\u0131\u015fmanlar ba\u015fta olmak \u00fczere, Al ile \u00e7al\u0131\u015fan farkl\u0131 rollerden kat\u0131l\u0131mc\u0131lar i\u00e7in uygundur. Ayr\u0131ca proje y\u00f6neticileri, kalite y\u00f6neticileri, i\u015f analistleri ve [&hellip;]<\/p>\n","protected":false},"author":1,"featured_media":0,"parent":0,"menu_order":0,"comment_status":"closed","ping_status":"closed","template":"","meta":{"_acf_changed":false,"footnotes":""},"class_list":["post-20729","page","type-page","status-publish","hentry"],"acf":[],"yoast_head":"<!-- This site is optimized with the Yoast SEO plugin v27.4 - https:\/\/yoast.com\/product\/yoast-seo-wordpress\/ -->\n<title>Sertifikal\u0131 Test Uzman\u0131 AI (Yapay Zek\u00e2) Testi (CT-AI) M\u00fcfredat\u0131 2021 - T\u00fcrk\u00e7e - Turkish Testing Board<\/title>\n<meta name=\"robots\" content=\"index, follow, max-snippet:-1, max-image-preview:large, max-video-preview:-1\" \/>\n<link rel=\"canonical\" href=\"https:\/\/www.turkishtestingboard.org\/en\/sertifikali-test-uzmani-ai-yapay-zeka-testi-ct-ai-mufredati-2021-turkce\/\" \/>\n<meta property=\"og:locale\" content=\"en_US\" \/>\n<meta property=\"og:type\" content=\"article\" \/>\n<meta property=\"og:title\" content=\"Sertifikal\u0131 Test Uzman\u0131 AI (Yapay Zek\u00e2) Testi (CT-AI) M\u00fcfredat\u0131 2021 - T\u00fcrk\u00e7e - Turkish Testing Board\" \/>\n<meta property=\"og:description\" content=\"ISTQB\u00ae Certified Tester \u2013 AI Testing sertifikas\u0131, yapay zeka (AI) tabanl\u0131 sistemleri test eden ya da test s\u00fcre\u00e7lerinde AI teknolojilerinden faydalanmak isteyen profesyonellere y\u00f6neliktir. Bu program, test uzmanlar\u0131, veri analistleri, yaz\u0131l\u0131m geli\u015ftiricileri, test y\u00f6neticileri ve dan\u0131\u015fmanlar ba\u015fta olmak \u00fczere, Al ile \u00e7al\u0131\u015fan farkl\u0131 rollerden kat\u0131l\u0131mc\u0131lar i\u00e7in uygundur. Ayr\u0131ca proje y\u00f6neticileri, kalite y\u00f6neticileri, i\u015f analistleri ve [&hellip;]\" \/>\n<meta property=\"og:url\" content=\"https:\/\/www.turkishtestingboard.org\/en\/sertifikali-test-uzmani-ai-yapay-zeka-testi-ct-ai-mufredati-2021-turkce\/\" \/>\n<meta property=\"og:site_name\" content=\"Turkish Testing Board\" \/>\n<meta property=\"article:modified_time\" content=\"2026-02-05T05:52:47+00:00\" \/>\n<meta property=\"og:image\" content=\"https:\/\/www.turkishtestingboard.org\/wp-content\/uploads\/2026\/02\/ai-testing-tablo.png\" \/>\n<meta name=\"twitter:card\" content=\"summary_large_image\" \/>\n<meta name=\"twitter:label1\" content=\"Est. reading time\" \/>\n\t<meta name=\"twitter:data1\" content=\"1 minute\" \/>\n<script type=\"application\/ld+json\" class=\"yoast-schema-graph\">{\"@context\":\"https:\\\/\\\/schema.org\",\"@graph\":[{\"@type\":\"WebPage\",\"@id\":\"https:\\\/\\\/www.turkishtestingboard.org\\\/sertifikali-test-uzmani-ai-yapay-zeka-testi-ct-ai-mufredati-2021-turkce\\\/\",\"url\":\"https:\\\/\\\/www.turkishtestingboard.org\\\/sertifikali-test-uzmani-ai-yapay-zeka-testi-ct-ai-mufredati-2021-turkce\\\/\",\"name\":\"Sertifikal\u0131 Test Uzman\u0131 AI (Yapay Zek\u00e2) Testi (CT-AI) M\u00fcfredat\u0131 2021 - T\u00fcrk\u00e7e - Turkish Testing Board\",\"isPartOf\":{\"@id\":\"https:\\\/\\\/www.turkishtestingboard.org\\\/#website\"},\"primaryImageOfPage\":{\"@id\":\"https:\\\/\\\/www.turkishtestingboard.org\\\/sertifikali-test-uzmani-ai-yapay-zeka-testi-ct-ai-mufredati-2021-turkce\\\/#primaryimage\"},\"image\":{\"@id\":\"https:\\\/\\\/www.turkishtestingboard.org\\\/sertifikali-test-uzmani-ai-yapay-zeka-testi-ct-ai-mufredati-2021-turkce\\\/#primaryimage\"},\"thumbnailUrl\":\"https:\\\/\\\/www.turkishtestingboard.org\\\/wp-content\\\/uploads\\\/2026\\\/02\\\/ai-testing-tablo.png\",\"datePublished\":\"2025-06-11T04:27:52+00:00\",\"dateModified\":\"2026-02-05T05:52:47+00:00\",\"breadcrumb\":{\"@id\":\"https:\\\/\\\/www.turkishtestingboard.org\\\/sertifikali-test-uzmani-ai-yapay-zeka-testi-ct-ai-mufredati-2021-turkce\\\/#breadcrumb\"},\"inLanguage\":\"en-US\",\"potentialAction\":[{\"@type\":\"ReadAction\",\"target\":[\"https:\\\/\\\/www.turkishtestingboard.org\\\/sertifikali-test-uzmani-ai-yapay-zeka-testi-ct-ai-mufredati-2021-turkce\\\/\"]}]},{\"@type\":\"ImageObject\",\"inLanguage\":\"en-US\",\"@id\":\"https:\\\/\\\/www.turkishtestingboard.org\\\/sertifikali-test-uzmani-ai-yapay-zeka-testi-ct-ai-mufredati-2021-turkce\\\/#primaryimage\",\"url\":\"https:\\\/\\\/www.turkishtestingboard.org\\\/wp-content\\\/uploads\\\/2026\\\/02\\\/ai-testing-tablo.png\",\"contentUrl\":\"https:\\\/\\\/www.turkishtestingboard.org\\\/wp-content\\\/uploads\\\/2026\\\/02\\\/ai-testing-tablo.png\"},{\"@type\":\"BreadcrumbList\",\"@id\":\"https:\\\/\\\/www.turkishtestingboard.org\\\/sertifikali-test-uzmani-ai-yapay-zeka-testi-ct-ai-mufredati-2021-turkce\\\/#breadcrumb\",\"itemListElement\":[{\"@type\":\"ListItem\",\"position\":1,\"name\":\"Anasayfa\",\"item\":\"https:\\\/\\\/www.turkishtestingboard.org\\\/\"},{\"@type\":\"ListItem\",\"position\":2,\"name\":\"Sertifikal\u0131 Test Uzman\u0131 AI (Yapay Zek\u00e2) Testi (CT-AI) M\u00fcfredat\u0131 2021 &#8211; T\u00fcrk\u00e7e\"}]},{\"@type\":\"WebSite\",\"@id\":\"https:\\\/\\\/www.turkishtestingboard.org\\\/#website\",\"url\":\"https:\\\/\\\/www.turkishtestingboard.org\\\/\",\"name\":\"Turkish Testing Board\",\"description\":\"Your gateway to global Software Testing community\",\"publisher\":{\"@id\":\"https:\\\/\\\/www.turkishtestingboard.org\\\/#organization\"},\"potentialAction\":[{\"@type\":\"SearchAction\",\"target\":{\"@type\":\"EntryPoint\",\"urlTemplate\":\"https:\\\/\\\/www.turkishtestingboard.org\\\/?s={search_term_string}\"},\"query-input\":{\"@type\":\"PropertyValueSpecification\",\"valueRequired\":true,\"valueName\":\"search_term_string\"}}],\"inLanguage\":\"en-US\"},{\"@type\":\"Organization\",\"@id\":\"https:\\\/\\\/www.turkishtestingboard.org\\\/#organization\",\"name\":\"Turkish Testing Board\",\"url\":\"https:\\\/\\\/www.turkishtestingboard.org\\\/\",\"logo\":{\"@type\":\"ImageObject\",\"inLanguage\":\"en-US\",\"@id\":\"https:\\\/\\\/www.turkishtestingboard.org\\\/#\\\/schema\\\/logo\\\/image\\\/\",\"url\":\"https:\\\/\\\/fikadigital.com\\\/ttb2021\\\/wp-content\\\/uploads\\\/2021\\\/08\\\/ttblogo2021.png\",\"contentUrl\":\"https:\\\/\\\/fikadigital.com\\\/ttb2021\\\/wp-content\\\/uploads\\\/2021\\\/08\\\/ttblogo2021.png\",\"width\":133,\"height\":100,\"caption\":\"Turkish Testing Board\"},\"image\":{\"@id\":\"https:\\\/\\\/www.turkishtestingboard.org\\\/#\\\/schema\\\/logo\\\/image\\\/\"}}]}<\/script>\n<!-- \/ Yoast SEO plugin. -->","yoast_head_json":{"title":"Sertifikal\u0131 Test Uzman\u0131 AI (Yapay Zek\u00e2) Testi (CT-AI) M\u00fcfredat\u0131 2021 - T\u00fcrk\u00e7e - Turkish Testing Board","robots":{"index":"index","follow":"follow","max-snippet":"max-snippet:-1","max-image-preview":"max-image-preview:large","max-video-preview":"max-video-preview:-1"},"canonical":"https:\/\/www.turkishtestingboard.org\/en\/sertifikali-test-uzmani-ai-yapay-zeka-testi-ct-ai-mufredati-2021-turkce\/","og_locale":"en_US","og_type":"article","og_title":"Sertifikal\u0131 Test Uzman\u0131 AI (Yapay Zek\u00e2) Testi (CT-AI) M\u00fcfredat\u0131 2021 - T\u00fcrk\u00e7e - Turkish Testing Board","og_description":"ISTQB\u00ae Certified Tester \u2013 AI Testing sertifikas\u0131, yapay zeka (AI) tabanl\u0131 sistemleri test eden ya da test s\u00fcre\u00e7lerinde AI teknolojilerinden faydalanmak isteyen profesyonellere y\u00f6neliktir. Bu program, test uzmanlar\u0131, veri analistleri, yaz\u0131l\u0131m geli\u015ftiricileri, test y\u00f6neticileri ve dan\u0131\u015fmanlar ba\u015fta olmak \u00fczere, Al ile \u00e7al\u0131\u015fan farkl\u0131 rollerden kat\u0131l\u0131mc\u0131lar i\u00e7in uygundur. Ayr\u0131ca proje y\u00f6neticileri, kalite y\u00f6neticileri, i\u015f analistleri ve [&hellip;]","og_url":"https:\/\/www.turkishtestingboard.org\/en\/sertifikali-test-uzmani-ai-yapay-zeka-testi-ct-ai-mufredati-2021-turkce\/","og_site_name":"Turkish Testing Board","article_modified_time":"2026-02-05T05:52:47+00:00","og_image":[{"url":"https:\/\/www.turkishtestingboard.org\/wp-content\/uploads\/2026\/02\/ai-testing-tablo.png","type":"","width":"","height":""}],"twitter_card":"summary_large_image","twitter_misc":{"Est. reading time":"1 minute"},"schema":{"@context":"https:\/\/schema.org","@graph":[{"@type":"WebPage","@id":"https:\/\/www.turkishtestingboard.org\/sertifikali-test-uzmani-ai-yapay-zeka-testi-ct-ai-mufredati-2021-turkce\/","url":"https:\/\/www.turkishtestingboard.org\/sertifikali-test-uzmani-ai-yapay-zeka-testi-ct-ai-mufredati-2021-turkce\/","name":"Sertifikal\u0131 Test Uzman\u0131 AI (Yapay Zek\u00e2) Testi (CT-AI) M\u00fcfredat\u0131 2021 - T\u00fcrk\u00e7e - Turkish Testing Board","isPartOf":{"@id":"https:\/\/www.turkishtestingboard.org\/#website"},"primaryImageOfPage":{"@id":"https:\/\/www.turkishtestingboard.org\/sertifikali-test-uzmani-ai-yapay-zeka-testi-ct-ai-mufredati-2021-turkce\/#primaryimage"},"image":{"@id":"https:\/\/www.turkishtestingboard.org\/sertifikali-test-uzmani-ai-yapay-zeka-testi-ct-ai-mufredati-2021-turkce\/#primaryimage"},"thumbnailUrl":"https:\/\/www.turkishtestingboard.org\/wp-content\/uploads\/2026\/02\/ai-testing-tablo.png","datePublished":"2025-06-11T04:27:52+00:00","dateModified":"2026-02-05T05:52:47+00:00","breadcrumb":{"@id":"https:\/\/www.turkishtestingboard.org\/sertifikali-test-uzmani-ai-yapay-zeka-testi-ct-ai-mufredati-2021-turkce\/#breadcrumb"},"inLanguage":"en-US","potentialAction":[{"@type":"ReadAction","target":["https:\/\/www.turkishtestingboard.org\/sertifikali-test-uzmani-ai-yapay-zeka-testi-ct-ai-mufredati-2021-turkce\/"]}]},{"@type":"ImageObject","inLanguage":"en-US","@id":"https:\/\/www.turkishtestingboard.org\/sertifikali-test-uzmani-ai-yapay-zeka-testi-ct-ai-mufredati-2021-turkce\/#primaryimage","url":"https:\/\/www.turkishtestingboard.org\/wp-content\/uploads\/2026\/02\/ai-testing-tablo.png","contentUrl":"https:\/\/www.turkishtestingboard.org\/wp-content\/uploads\/2026\/02\/ai-testing-tablo.png"},{"@type":"BreadcrumbList","@id":"https:\/\/www.turkishtestingboard.org\/sertifikali-test-uzmani-ai-yapay-zeka-testi-ct-ai-mufredati-2021-turkce\/#breadcrumb","itemListElement":[{"@type":"ListItem","position":1,"name":"Anasayfa","item":"https:\/\/www.turkishtestingboard.org\/"},{"@type":"ListItem","position":2,"name":"Sertifikal\u0131 Test Uzman\u0131 AI (Yapay Zek\u00e2) Testi (CT-AI) M\u00fcfredat\u0131 2021 &#8211; T\u00fcrk\u00e7e"}]},{"@type":"WebSite","@id":"https:\/\/www.turkishtestingboard.org\/#website","url":"https:\/\/www.turkishtestingboard.org\/","name":"Turkish Testing Board","description":"Your gateway to global Software Testing community","publisher":{"@id":"https:\/\/www.turkishtestingboard.org\/#organization"},"potentialAction":[{"@type":"SearchAction","target":{"@type":"EntryPoint","urlTemplate":"https:\/\/www.turkishtestingboard.org\/?s={search_term_string}"},"query-input":{"@type":"PropertyValueSpecification","valueRequired":true,"valueName":"search_term_string"}}],"inLanguage":"en-US"},{"@type":"Organization","@id":"https:\/\/www.turkishtestingboard.org\/#organization","name":"Turkish Testing Board","url":"https:\/\/www.turkishtestingboard.org\/","logo":{"@type":"ImageObject","inLanguage":"en-US","@id":"https:\/\/www.turkishtestingboard.org\/#\/schema\/logo\/image\/","url":"https:\/\/fikadigital.com\/ttb2021\/wp-content\/uploads\/2021\/08\/ttblogo2021.png","contentUrl":"https:\/\/fikadigital.com\/ttb2021\/wp-content\/uploads\/2021\/08\/ttblogo2021.png","width":133,"height":100,"caption":"Turkish Testing Board"},"image":{"@id":"https:\/\/www.turkishtestingboard.org\/#\/schema\/logo\/image\/"}}]}},"_links":{"self":[{"href":"https:\/\/www.turkishtestingboard.org\/en\/wp-json\/wp\/v2\/pages\/20729","targetHints":{"allow":["GET"]}}],"collection":[{"href":"https:\/\/www.turkishtestingboard.org\/en\/wp-json\/wp\/v2\/pages"}],"about":[{"href":"https:\/\/www.turkishtestingboard.org\/en\/wp-json\/wp\/v2\/types\/page"}],"author":[{"embeddable":true,"href":"https:\/\/www.turkishtestingboard.org\/en\/wp-json\/wp\/v2\/users\/1"}],"replies":[{"embeddable":true,"href":"https:\/\/www.turkishtestingboard.org\/en\/wp-json\/wp\/v2\/comments?post=20729"}],"version-history":[{"count":3,"href":"https:\/\/www.turkishtestingboard.org\/en\/wp-json\/wp\/v2\/pages\/20729\/revisions"}],"predecessor-version":[{"id":22349,"href":"https:\/\/www.turkishtestingboard.org\/en\/wp-json\/wp\/v2\/pages\/20729\/revisions\/22349"}],"wp:attachment":[{"href":"https:\/\/www.turkishtestingboard.org\/en\/wp-json\/wp\/v2\/media?parent=20729"}],"curies":[{"name":"wp","href":"https:\/\/api.w.org\/{rel}","templated":true}]}}