{"id":1771,"date":"2021-08-18T15:25:23","date_gmt":"2021-08-18T12:25:23","guid":{"rendered":"https:\/\/fikadigital.com\/ttb2021\/?page_id=1771"},"modified":"2022-01-01T15:55:43","modified_gmt":"2022-01-01T12:55:43","slug":"effectiveness-survey","status":"publish","type":"page","link":"https:\/\/www.turkishtestingboard.org\/en\/effectiveness-survey\/","title":{"rendered":"ISTQB\u00ae Effectiveness Survey"},"content":{"rendered":"\t\t<div data-elementor-type=\"wp-page\" data-elementor-id=\"1771\" class=\"elementor elementor-1771\">\n\t\t\t\t\t\t<section class=\"elementor-section elementor-top-section elementor-element elementor-element-29281ec elementor-section-boxed elementor-section-height-default elementor-section-height-default\" data-id=\"29281ec\" data-element_type=\"section\" data-e-type=\"section\" data-settings=\"{&quot;jet_parallax_layout_list&quot;:[{&quot;jet_parallax_layout_image&quot;:{&quot;url&quot;:&quot;&quot;,&quot;id&quot;:&quot;&quot;,&quot;size&quot;:&quot;&quot;},&quot;_id&quot;:&quot;72cd14e&quot;,&quot;jet_parallax_layout_speed&quot;:{&quot;unit&quot;:&quot;%&quot;,&quot;size&quot;:&quot;50&quot;,&quot;sizes&quot;:[]},&quot;jet_parallax_layout_bg_x&quot;:&quot;50&quot;,&quot;jet_parallax_layout_bg_y&quot;:&quot;50&quot;,&quot;jet_parallax_layout_image_tablet&quot;:{&quot;url&quot;:&quot;&quot;,&quot;id&quot;:&quot;&quot;,&quot;size&quot;:&quot;&quot;},&quot;jet_parallax_layout_image_mobile&quot;:{&quot;url&quot;:&quot;&quot;,&quot;id&quot;:&quot;&quot;,&quot;size&quot;:&quot;&quot;},&quot;jet_parallax_layout_type&quot;:&quot;scroll&quot;,&quot;jet_parallax_layout_direction&quot;:&quot;1&quot;,&quot;jet_parallax_layout_fx_direction&quot;:null,&quot;jet_parallax_layout_z_index&quot;:&quot;&quot;,&quot;jet_parallax_layout_bg_x_tablet&quot;:&quot;&quot;,&quot;jet_parallax_layout_bg_x_mobile&quot;:&quot;&quot;,&quot;jet_parallax_layout_bg_y_tablet&quot;:&quot;&quot;,&quot;jet_parallax_layout_bg_y_mobile&quot;:&quot;&quot;,&quot;jet_parallax_layout_bg_size&quot;:&quot;auto&quot;,&quot;jet_parallax_layout_bg_size_tablet&quot;:&quot;&quot;,&quot;jet_parallax_layout_bg_size_mobile&quot;:&quot;&quot;,&quot;jet_parallax_layout_animation_prop&quot;:&quot;transform&quot;,&quot;jet_parallax_layout_on&quot;:[&quot;desktop&quot;,&quot;tablet&quot;]}],&quot;background_background&quot;:&quot;classic&quot;}\">\n\t\t\t\t\t\t<div class=\"elementor-container elementor-column-gap-no\">\n\t\t\t\t\t<div class=\"elementor-column elementor-col-100 elementor-top-column elementor-element elementor-element-f175338\" data-id=\"f175338\" data-element_type=\"column\" data-e-type=\"column\">\n\t\t\t<div class=\"elementor-widget-wrap elementor-element-populated\">\n\t\t\t\t\t\t<div class=\"elementor-element elementor-element-10e4f59 elementor-widget elementor-widget-heading\" data-id=\"10e4f59\" data-element_type=\"widget\" data-e-type=\"widget\" data-widget_type=\"heading.default\">\n\t\t\t\t<div class=\"elementor-widget-container\">\n\t\t\t\t\t<h1 class=\"elementor-heading-title elementor-size-default\">ISTQB\u00ae Effectiveness Survey<\/h1>\t\t\t\t<\/div>\n\t\t\t\t<\/div>\n\t\t\t\t\t<\/div>\n\t\t<\/div>\n\t\t\t\t\t<\/div>\n\t\t<\/section>\n\t\t\t\t<section class=\"elementor-section elementor-top-section elementor-element elementor-element-1e9fc60 elementor-section-boxed elementor-section-height-default elementor-section-height-default\" data-id=\"1e9fc60\" data-element_type=\"section\" data-e-type=\"section\" data-settings=\"{&quot;jet_parallax_layout_list&quot;:[{&quot;jet_parallax_layout_image&quot;:{&quot;url&quot;:&quot;&quot;,&quot;id&quot;:&quot;&quot;,&quot;size&quot;:&quot;&quot;},&quot;_id&quot;:&quot;bb15059&quot;,&quot;jet_parallax_layout_image_tablet&quot;:{&quot;url&quot;:&quot;&quot;,&quot;id&quot;:&quot;&quot;,&quot;size&quot;:&quot;&quot;},&quot;jet_parallax_layout_image_mobile&quot;:{&quot;url&quot;:&quot;&quot;,&quot;id&quot;:&quot;&quot;,&quot;size&quot;:&quot;&quot;},&quot;jet_parallax_layout_speed&quot;:{&quot;unit&quot;:&quot;%&quot;,&quot;size&quot;:50,&quot;sizes&quot;:[]},&quot;jet_parallax_layout_type&quot;:&quot;scroll&quot;,&quot;jet_parallax_layout_direction&quot;:&quot;1&quot;,&quot;jet_parallax_layout_fx_direction&quot;:null,&quot;jet_parallax_layout_z_index&quot;:&quot;&quot;,&quot;jet_parallax_layout_bg_x&quot;:50,&quot;jet_parallax_layout_bg_x_tablet&quot;:&quot;&quot;,&quot;jet_parallax_layout_bg_x_mobile&quot;:&quot;&quot;,&quot;jet_parallax_layout_bg_y&quot;:50,&quot;jet_parallax_layout_bg_y_tablet&quot;:&quot;&quot;,&quot;jet_parallax_layout_bg_y_mobile&quot;:&quot;&quot;,&quot;jet_parallax_layout_bg_size&quot;:&quot;auto&quot;,&quot;jet_parallax_layout_bg_size_tablet&quot;:&quot;&quot;,&quot;jet_parallax_layout_bg_size_mobile&quot;:&quot;&quot;,&quot;jet_parallax_layout_animation_prop&quot;:&quot;transform&quot;,&quot;jet_parallax_layout_on&quot;:[&quot;desktop&quot;,&quot;tablet&quot;]}]}\">\n\t\t\t\t\t\t<div class=\"elementor-container elementor-column-gap-default\">\n\t\t\t\t\t<div class=\"elementor-column elementor-col-50 elementor-top-column elementor-element elementor-element-3bbd86b\" data-id=\"3bbd86b\" data-element_type=\"column\" data-e-type=\"column\">\n\t\t\t<div class=\"elementor-widget-wrap elementor-element-populated\">\n\t\t\t\t\t\t<div class=\"elementor-element elementor-element-011f4f0 elementor-widget elementor-widget-text-editor\" data-id=\"011f4f0\" data-element_type=\"widget\" data-e-type=\"widget\" data-widget_type=\"text-editor.default\">\n\t\t\t\t<div class=\"elementor-widget-container\">\n\t\t\t\t\t\t\t\t\t<p>ISTQB\u00ae\u2019nin kurulu\u015f ama\u00e7lar\u0131ndan biri olan yaz\u0131l\u0131m testi pazar ve trendlerinin izlenmesi ilkesi do\u011frultusunda her 2 y\u0131lda bir d\u00fcnya genelinde uygulanan ve Yaz\u0131l\u0131m Test ve Kalite Derne\u011fi\u2019nin \u00f6nemli katk\u0131lar\u0131 ile ger\u00e7ekle\u015ftirilen \u201cEffectiveness Survey\u201d \u00e7al\u0131\u015fmas\u0131n\u0131n 2019-2020 edisyonu, 89 \u00fclkeden 2.000\u2019i a\u015fk\u0131n say\u0131da profesyonelin kat\u0131l\u0131m\u0131 ile tamamland\u0131. Anket, e\u011fitim ve sertifikasyon \u015femas\u0131n\u0131n daha da geli\u015ftirilmesine katk\u0131 sa\u011flayarak, ISTQB\u00ae\u2019nin de\u011fi\u015fen test uygulamalar\u0131n\u0131 yans\u0131tmak ve pazar taleplerini kar\u015f\u0131lamak i\u00e7in m\u00fcfredat\u0131 geli\u015ftirmesine yard\u0131mc\u0131 oluyor.<\/p><p>Test sekt\u00f6r\u00fcyle ilgilenen herkes i\u00e7in yararl\u0131 bilgiler sa\u011flayan anket \u00e7al\u0131\u015fmas\u0131n\u0131 a\u015fa\u011f\u0131daki butona t\u0131klayarak indirebilirsiniz.<\/p>\t\t\t\t\t\t\t\t<\/div>\n\t\t\t\t<\/div>\n\t\t\t\t<div class=\"elementor-element elementor-element-c0fd51e elementor-align-left elementor-widget elementor-widget-raven-button\" data-id=\"c0fd51e\" data-element_type=\"widget\" data-e-type=\"widget\" data-settings=\"{&quot;turn_to_popup_action_button&quot;:&quot;no&quot;}\" data-widget_type=\"raven-button.default\">\n\t\t\t\t<div class=\"elementor-widget-container\">\n\t\t\t\t\t\t\t<div class=\"raven-widget-wrapper\">\n\t\t\t<a class=\"raven-button raven-button-widget-normal-effect-none  raven-button-text-align-center raven-button-link elementor-animation-none\" href=\"https:\/\/www.turkishtestingboard.org\/wp-content\/uploads\/2020\/11\/ISTQB-Effectiveness-Survey-2019-2020_Last_Spreads.pdf\">\t\t\t\t<div class=\"raven-button-overlay\" ><\/div>\n\t\t\t\t<span class=\"raven-button-content\">\n\t\t\t\t\t\n\t\t\t\t\t<div class=\"button-text-container\">\n\t\t\t\t\t\t\t\t\t\t\t\t<div class=\"raven-button-texts-wrapper\">\n\t\t\t\t\t\t\t<div class=\"button-text\">\n\t\t\t\t\t\t\t\t<span class=\"raven-button-text\">\n\t\t\t\t\t\t\t\t\tRaporu \u0130ndir\t\t\t\t\t\t\t\t<\/span>\n\t\t\t\t\t\t\t<\/div>\n\t\t\t\t\t\t\t\t\t\t\t\t\t<\/div>\n\t\t\t\t\t\t\t\t\t\t\t<\/div>\n\t\t\t\t\t\n\t\t\t\t\t\t\t\t\t<\/span>\n\t\t\t<\/a>\t\t<\/div>\n\t\t\t\t\t\t<\/div>\n\t\t\t\t<\/div>\n\t\t\t\t\t<\/div>\n\t\t<\/div>\n\t\t\t\t<div class=\"elementor-column elementor-col-50 elementor-top-column elementor-element elementor-element-b17a2b9\" data-id=\"b17a2b9\" data-element_type=\"column\" data-e-type=\"column\">\n\t\t\t<div class=\"elementor-widget-wrap elementor-element-populated\">\n\t\t\t\t\t\t<div class=\"elementor-element elementor-element-031f6ec elementor-widget elementor-widget-raven-image\" data-id=\"031f6ec\" data-element_type=\"widget\" data-e-type=\"widget\" data-widget_type=\"raven-image.default\">\n\t\t\t\t<div class=\"elementor-widget-container\">\n\t\t\t\t\t\t\t<div class=\"raven-image\">\n\t\t\n\t\t\n\t\t<img fetchpriority=\"high\" decoding=\"async\" width=\"250\" height=\"450\" src=\"https:\/\/www.turkishtestingboard.org\/wp-content\/uploads\/2021\/08\/ISTQB_effectiveness_surve.jpg\" class=\"attachment-full size-full wp-image-1774\" alt=\"\" srcset=\"https:\/\/www.turkishtestingboard.org\/wp-content\/uploads\/2021\/08\/ISTQB_effectiveness_surve.jpg 250w, https:\/\/www.turkishtestingboard.org\/wp-content\/uploads\/2021\/08\/ISTQB_effectiveness_surve-167x300.jpg 167w, https:\/\/www.turkishtestingboard.org\/wp-content\/uploads\/2021\/08\/ISTQB_effectiveness_surve-7x12.jpg 7w\" sizes=\"(max-width: 250px) 100vw, 250px\" \/>\t\t<\/div>\n\t\t\t\t\t\t<\/div>\n\t\t\t\t<\/div>\n\t\t\t\t\t<\/div>\n\t\t<\/div>\n\t\t\t\t\t<\/div>\n\t\t<\/section>\n\t\t\t\t<\/div>\n\t\t","protected":false},"excerpt":{"rendered":"<p>ISTQB\u00ae Effectiveness Survey ISTQB\u00ae\u2019nin kurulu\u015f ama\u00e7lar\u0131ndan biri olan yaz\u0131l\u0131m testi pazar ve trendlerinin izlenmesi ilkesi do\u011frultusunda her 2 y\u0131lda bir d\u00fcnya genelinde uygulanan ve Yaz\u0131l\u0131m Test ve Kalite Derne\u011fi\u2019nin \u00f6nemli katk\u0131lar\u0131 ile ger\u00e7ekle\u015ftirilen \u201cEffectiveness Survey\u201d \u00e7al\u0131\u015fmas\u0131n\u0131n 2019-2020 edisyonu, 89 \u00fclkeden 2.000\u2019i a\u015fk\u0131n say\u0131da profesyonelin kat\u0131l\u0131m\u0131 ile tamamland\u0131. Anket, e\u011fitim ve sertifikasyon \u015femas\u0131n\u0131n daha da geli\u015ftirilmesine [&hellip;]<\/p>\n","protected":false},"author":1,"featured_media":0,"parent":0,"menu_order":0,"comment_status":"closed","ping_status":"closed","template":"full-width.php","meta":{"_acf_changed":false,"footnotes":""},"class_list":["post-1771","page","type-page","status-publish","hentry"],"acf":[],"yoast_head":"<!-- This site is optimized with the Yoast SEO plugin v27.3 - https:\/\/yoast.com\/product\/yoast-seo-wordpress\/ -->\n<title>ISTQB\u00ae Effectiveness Survey - Turkish Testing Board<\/title>\n<meta name=\"robots\" content=\"index, follow, max-snippet:-1, max-image-preview:large, max-video-preview:-1\" \/>\n<link rel=\"canonical\" href=\"https:\/\/www.turkishtestingboard.org\/en\/effectiveness-survey\/\" \/>\n<meta property=\"og:locale\" content=\"en_US\" \/>\n<meta property=\"og:type\" content=\"article\" \/>\n<meta property=\"og:title\" content=\"ISTQB\u00ae Effectiveness Survey - Turkish Testing Board\" \/>\n<meta property=\"og:description\" content=\"ISTQB\u00ae Effectiveness Survey ISTQB\u00ae\u2019nin kurulu\u015f ama\u00e7lar\u0131ndan biri olan yaz\u0131l\u0131m testi pazar ve trendlerinin izlenmesi ilkesi do\u011frultusunda her 2 y\u0131lda bir d\u00fcnya genelinde uygulanan ve Yaz\u0131l\u0131m Test ve Kalite Derne\u011fi\u2019nin \u00f6nemli katk\u0131lar\u0131 ile ger\u00e7ekle\u015ftirilen \u201cEffectiveness Survey\u201d \u00e7al\u0131\u015fmas\u0131n\u0131n 2019-2020 edisyonu, 89 \u00fclkeden 2.000\u2019i a\u015fk\u0131n say\u0131da profesyonelin kat\u0131l\u0131m\u0131 ile tamamland\u0131. Anket, e\u011fitim ve sertifikasyon \u015femas\u0131n\u0131n daha da geli\u015ftirilmesine [&hellip;]\" \/>\n<meta property=\"og:url\" content=\"https:\/\/www.turkishtestingboard.org\/en\/effectiveness-survey\/\" \/>\n<meta property=\"og:site_name\" content=\"Turkish Testing Board\" \/>\n<meta property=\"article:modified_time\" content=\"2022-01-01T12:55:43+00:00\" \/>\n<meta property=\"og:image\" content=\"https:\/\/fikadigital.com\/ttb2021\/wp-content\/uploads\/2021\/08\/ISTQB_effectiveness_surve.jpg\" \/>\n<meta name=\"twitter:card\" content=\"summary_large_image\" \/>\n<meta name=\"twitter:label1\" content=\"Est. reading time\" \/>\n\t<meta name=\"twitter:data1\" content=\"1 minute\" \/>\n<script type=\"application\/ld+json\" class=\"yoast-schema-graph\">{\"@context\":\"https:\\\/\\\/schema.org\",\"@graph\":[{\"@type\":\"WebPage\",\"@id\":\"https:\\\/\\\/www.turkishtestingboard.org\\\/effectiveness-survey\\\/\",\"url\":\"https:\\\/\\\/www.turkishtestingboard.org\\\/effectiveness-survey\\\/\",\"name\":\"ISTQB\u00ae Effectiveness Survey - Turkish Testing Board\",\"isPartOf\":{\"@id\":\"https:\\\/\\\/www.turkishtestingboard.org\\\/#website\"},\"primaryImageOfPage\":{\"@id\":\"https:\\\/\\\/www.turkishtestingboard.org\\\/effectiveness-survey\\\/#primaryimage\"},\"image\":{\"@id\":\"https:\\\/\\\/www.turkishtestingboard.org\\\/effectiveness-survey\\\/#primaryimage\"},\"thumbnailUrl\":\"https:\\\/\\\/fikadigital.com\\\/ttb2021\\\/wp-content\\\/uploads\\\/2021\\\/08\\\/ISTQB_effectiveness_surve.jpg\",\"datePublished\":\"2021-08-18T12:25:23+00:00\",\"dateModified\":\"2022-01-01T12:55:43+00:00\",\"breadcrumb\":{\"@id\":\"https:\\\/\\\/www.turkishtestingboard.org\\\/effectiveness-survey\\\/#breadcrumb\"},\"inLanguage\":\"en-US\",\"potentialAction\":[{\"@type\":\"ReadAction\",\"target\":[\"https:\\\/\\\/www.turkishtestingboard.org\\\/effectiveness-survey\\\/\"]}]},{\"@type\":\"ImageObject\",\"inLanguage\":\"en-US\",\"@id\":\"https:\\\/\\\/www.turkishtestingboard.org\\\/effectiveness-survey\\\/#primaryimage\",\"url\":\"https:\\\/\\\/fikadigital.com\\\/ttb2021\\\/wp-content\\\/uploads\\\/2021\\\/08\\\/ISTQB_effectiveness_surve.jpg\",\"contentUrl\":\"https:\\\/\\\/fikadigital.com\\\/ttb2021\\\/wp-content\\\/uploads\\\/2021\\\/08\\\/ISTQB_effectiveness_surve.jpg\"},{\"@type\":\"BreadcrumbList\",\"@id\":\"https:\\\/\\\/www.turkishtestingboard.org\\\/effectiveness-survey\\\/#breadcrumb\",\"itemListElement\":[{\"@type\":\"ListItem\",\"position\":1,\"name\":\"Anasayfa\",\"item\":\"https:\\\/\\\/www.turkishtestingboard.org\\\/\"},{\"@type\":\"ListItem\",\"position\":2,\"name\":\"ISTQB\u00ae Effectiveness Survey\"}]},{\"@type\":\"WebSite\",\"@id\":\"https:\\\/\\\/www.turkishtestingboard.org\\\/#website\",\"url\":\"https:\\\/\\\/www.turkishtestingboard.org\\\/\",\"name\":\"Turkish Testing Board\",\"description\":\"Your gateway to global Software Testing community\",\"publisher\":{\"@id\":\"https:\\\/\\\/www.turkishtestingboard.org\\\/#organization\"},\"potentialAction\":[{\"@type\":\"SearchAction\",\"target\":{\"@type\":\"EntryPoint\",\"urlTemplate\":\"https:\\\/\\\/www.turkishtestingboard.org\\\/?s={search_term_string}\"},\"query-input\":{\"@type\":\"PropertyValueSpecification\",\"valueRequired\":true,\"valueName\":\"search_term_string\"}}],\"inLanguage\":\"en-US\"},{\"@type\":\"Organization\",\"@id\":\"https:\\\/\\\/www.turkishtestingboard.org\\\/#organization\",\"name\":\"Turkish Testing Board\",\"url\":\"https:\\\/\\\/www.turkishtestingboard.org\\\/\",\"logo\":{\"@type\":\"ImageObject\",\"inLanguage\":\"en-US\",\"@id\":\"https:\\\/\\\/www.turkishtestingboard.org\\\/#\\\/schema\\\/logo\\\/image\\\/\",\"url\":\"https:\\\/\\\/fikadigital.com\\\/ttb2021\\\/wp-content\\\/uploads\\\/2021\\\/08\\\/ttblogo2021.png\",\"contentUrl\":\"https:\\\/\\\/fikadigital.com\\\/ttb2021\\\/wp-content\\\/uploads\\\/2021\\\/08\\\/ttblogo2021.png\",\"width\":133,\"height\":100,\"caption\":\"Turkish Testing Board\"},\"image\":{\"@id\":\"https:\\\/\\\/www.turkishtestingboard.org\\\/#\\\/schema\\\/logo\\\/image\\\/\"}}]}<\/script>\n<!-- \/ Yoast SEO plugin. -->","yoast_head_json":{"title":"ISTQB\u00ae Effectiveness Survey - Turkish Testing Board","robots":{"index":"index","follow":"follow","max-snippet":"max-snippet:-1","max-image-preview":"max-image-preview:large","max-video-preview":"max-video-preview:-1"},"canonical":"https:\/\/www.turkishtestingboard.org\/en\/effectiveness-survey\/","og_locale":"en_US","og_type":"article","og_title":"ISTQB\u00ae Effectiveness Survey - Turkish Testing Board","og_description":"ISTQB\u00ae Effectiveness Survey ISTQB\u00ae\u2019nin kurulu\u015f ama\u00e7lar\u0131ndan biri olan yaz\u0131l\u0131m testi pazar ve trendlerinin izlenmesi ilkesi do\u011frultusunda her 2 y\u0131lda bir d\u00fcnya genelinde uygulanan ve Yaz\u0131l\u0131m Test ve Kalite Derne\u011fi\u2019nin \u00f6nemli katk\u0131lar\u0131 ile ger\u00e7ekle\u015ftirilen \u201cEffectiveness Survey\u201d \u00e7al\u0131\u015fmas\u0131n\u0131n 2019-2020 edisyonu, 89 \u00fclkeden 2.000\u2019i a\u015fk\u0131n say\u0131da profesyonelin kat\u0131l\u0131m\u0131 ile tamamland\u0131. Anket, e\u011fitim ve sertifikasyon \u015femas\u0131n\u0131n daha da geli\u015ftirilmesine [&hellip;]","og_url":"https:\/\/www.turkishtestingboard.org\/en\/effectiveness-survey\/","og_site_name":"Turkish Testing Board","article_modified_time":"2022-01-01T12:55:43+00:00","og_image":[{"url":"https:\/\/fikadigital.com\/ttb2021\/wp-content\/uploads\/2021\/08\/ISTQB_effectiveness_surve.jpg","type":"","width":"","height":""}],"twitter_card":"summary_large_image","twitter_misc":{"Est. reading time":"1 minute"},"schema":{"@context":"https:\/\/schema.org","@graph":[{"@type":"WebPage","@id":"https:\/\/www.turkishtestingboard.org\/effectiveness-survey\/","url":"https:\/\/www.turkishtestingboard.org\/effectiveness-survey\/","name":"ISTQB\u00ae Effectiveness Survey - Turkish Testing Board","isPartOf":{"@id":"https:\/\/www.turkishtestingboard.org\/#website"},"primaryImageOfPage":{"@id":"https:\/\/www.turkishtestingboard.org\/effectiveness-survey\/#primaryimage"},"image":{"@id":"https:\/\/www.turkishtestingboard.org\/effectiveness-survey\/#primaryimage"},"thumbnailUrl":"https:\/\/fikadigital.com\/ttb2021\/wp-content\/uploads\/2021\/08\/ISTQB_effectiveness_surve.jpg","datePublished":"2021-08-18T12:25:23+00:00","dateModified":"2022-01-01T12:55:43+00:00","breadcrumb":{"@id":"https:\/\/www.turkishtestingboard.org\/effectiveness-survey\/#breadcrumb"},"inLanguage":"en-US","potentialAction":[{"@type":"ReadAction","target":["https:\/\/www.turkishtestingboard.org\/effectiveness-survey\/"]}]},{"@type":"ImageObject","inLanguage":"en-US","@id":"https:\/\/www.turkishtestingboard.org\/effectiveness-survey\/#primaryimage","url":"https:\/\/fikadigital.com\/ttb2021\/wp-content\/uploads\/2021\/08\/ISTQB_effectiveness_surve.jpg","contentUrl":"https:\/\/fikadigital.com\/ttb2021\/wp-content\/uploads\/2021\/08\/ISTQB_effectiveness_surve.jpg"},{"@type":"BreadcrumbList","@id":"https:\/\/www.turkishtestingboard.org\/effectiveness-survey\/#breadcrumb","itemListElement":[{"@type":"ListItem","position":1,"name":"Anasayfa","item":"https:\/\/www.turkishtestingboard.org\/"},{"@type":"ListItem","position":2,"name":"ISTQB\u00ae Effectiveness Survey"}]},{"@type":"WebSite","@id":"https:\/\/www.turkishtestingboard.org\/#website","url":"https:\/\/www.turkishtestingboard.org\/","name":"Turkish Testing Board","description":"Your gateway to global Software Testing community","publisher":{"@id":"https:\/\/www.turkishtestingboard.org\/#organization"},"potentialAction":[{"@type":"SearchAction","target":{"@type":"EntryPoint","urlTemplate":"https:\/\/www.turkishtestingboard.org\/?s={search_term_string}"},"query-input":{"@type":"PropertyValueSpecification","valueRequired":true,"valueName":"search_term_string"}}],"inLanguage":"en-US"},{"@type":"Organization","@id":"https:\/\/www.turkishtestingboard.org\/#organization","name":"Turkish Testing Board","url":"https:\/\/www.turkishtestingboard.org\/","logo":{"@type":"ImageObject","inLanguage":"en-US","@id":"https:\/\/www.turkishtestingboard.org\/#\/schema\/logo\/image\/","url":"https:\/\/fikadigital.com\/ttb2021\/wp-content\/uploads\/2021\/08\/ttblogo2021.png","contentUrl":"https:\/\/fikadigital.com\/ttb2021\/wp-content\/uploads\/2021\/08\/ttblogo2021.png","width":133,"height":100,"caption":"Turkish Testing Board"},"image":{"@id":"https:\/\/www.turkishtestingboard.org\/#\/schema\/logo\/image\/"}}]}},"_links":{"self":[{"href":"https:\/\/www.turkishtestingboard.org\/en\/wp-json\/wp\/v2\/pages\/1771","targetHints":{"allow":["GET"]}}],"collection":[{"href":"https:\/\/www.turkishtestingboard.org\/en\/wp-json\/wp\/v2\/pages"}],"about":[{"href":"https:\/\/www.turkishtestingboard.org\/en\/wp-json\/wp\/v2\/types\/page"}],"author":[{"embeddable":true,"href":"https:\/\/www.turkishtestingboard.org\/en\/wp-json\/wp\/v2\/users\/1"}],"replies":[{"embeddable":true,"href":"https:\/\/www.turkishtestingboard.org\/en\/wp-json\/wp\/v2\/comments?post=1771"}],"version-history":[{"count":0,"href":"https:\/\/www.turkishtestingboard.org\/en\/wp-json\/wp\/v2\/pages\/1771\/revisions"}],"wp:attachment":[{"href":"https:\/\/www.turkishtestingboard.org\/en\/wp-json\/wp\/v2\/media?parent=1771"}],"curies":[{"name":"wp","href":"https:\/\/api.w.org\/{rel}","templated":true}]}}