{"id":17461,"date":"2024-05-24T04:02:47","date_gmt":"2024-05-24T01:02:47","guid":{"rendered":"https:\/\/www.turkishtestingboard.org\/?page_id=17461"},"modified":"2024-05-24T04:03:24","modified_gmt":"2024-05-24T01:03:24","slug":"tarafsizlik-ve-gizlilik-beyani","status":"publish","type":"page","link":"https:\/\/www.turkishtestingboard.org\/en\/tarafsizlik-ve-gizlilik-beyani\/","title":{"rendered":"Declaration of Impartiality and Confidentiality"},"content":{"rendered":"\t\t<div data-elementor-type=\"wp-page\" data-elementor-id=\"17461\" class=\"elementor elementor-17461\">\n\t\t\t\t\t\t<section class=\"elementor-section elementor-top-section elementor-element elementor-element-c57c444 elementor-section-stretched elementor-section-boxed elementor-section-height-default elementor-section-height-default\" data-id=\"c57c444\" data-element_type=\"section\" data-e-type=\"section\" data-settings=\"{&quot;jet_parallax_layout_list&quot;:[{&quot;jet_parallax_layout_image&quot;:{&quot;url&quot;:&quot;&quot;,&quot;id&quot;:&quot;&quot;,&quot;size&quot;:&quot;&quot;},&quot;_id&quot;:&quot;aca7df7&quot;,&quot;jet_parallax_layout_image_tablet&quot;:{&quot;url&quot;:&quot;&quot;,&quot;id&quot;:&quot;&quot;,&quot;size&quot;:&quot;&quot;},&quot;jet_parallax_layout_image_mobile&quot;:{&quot;url&quot;:&quot;&quot;,&quot;id&quot;:&quot;&quot;,&quot;size&quot;:&quot;&quot;},&quot;jet_parallax_layout_speed&quot;:{&quot;unit&quot;:&quot;%&quot;,&quot;size&quot;:50,&quot;sizes&quot;:[]},&quot;jet_parallax_layout_type&quot;:&quot;scroll&quot;,&quot;jet_parallax_layout_direction&quot;:&quot;1&quot;,&quot;jet_parallax_layout_fx_direction&quot;:null,&quot;jet_parallax_layout_z_index&quot;:&quot;&quot;,&quot;jet_parallax_layout_bg_x&quot;:50,&quot;jet_parallax_layout_bg_x_tablet&quot;:&quot;&quot;,&quot;jet_parallax_layout_bg_x_mobile&quot;:&quot;&quot;,&quot;jet_parallax_layout_bg_y&quot;:50,&quot;jet_parallax_layout_bg_y_tablet&quot;:&quot;&quot;,&quot;jet_parallax_layout_bg_y_mobile&quot;:&quot;&quot;,&quot;jet_parallax_layout_bg_size&quot;:&quot;auto&quot;,&quot;jet_parallax_layout_bg_size_tablet&quot;:&quot;&quot;,&quot;jet_parallax_layout_bg_size_mobile&quot;:&quot;&quot;,&quot;jet_parallax_layout_animation_prop&quot;:&quot;transform&quot;,&quot;jet_parallax_layout_on&quot;:[&quot;desktop&quot;,&quot;tablet&quot;]}],&quot;stretch_section&quot;:&quot;section-stretched&quot;}\">\n\t\t\t\t\t\t<div class=\"elementor-container elementor-column-gap-default\">\n\t\t\t\t\t<div class=\"elementor-column elementor-col-100 elementor-top-column elementor-element elementor-element-ec23737\" data-id=\"ec23737\" data-element_type=\"column\" data-e-type=\"column\">\n\t\t\t<div class=\"elementor-widget-wrap elementor-element-populated\">\n\t\t\t\t\t\t<div class=\"elementor-element elementor-element-af44597 elementor-widget elementor-widget-text-editor\" data-id=\"af44597\" data-element_type=\"widget\" data-e-type=\"widget\" data-widget_type=\"text-editor.default\">\n\t\t\t\t<div class=\"elementor-widget-container\">\n\t\t\t\t\t\t\t\t\t<p>Personel Belgelendirme Mevzuatlar\u0131 kapsam\u0131nda ger\u00e7ekle\u015ftirilen faaliyetler kapsam\u0131nda;<\/p><p>Ba\u015fvuru sahipleri, adaylar ve belgelendirilmi\u015f ki\u015filere kar\u015f\u0131 din, dil, \u0131rk ve cinsiyet fark\u0131 g\u00f6zetmeksizin tarafs\u0131z, adil ve e\u015fit hizmet sunulmas\u0131 i\u00e7in gerekli t\u00fcm \u00f6nlemlerin al\u0131nmas\u0131n\u0131 sa\u011flayaca\u011f\u0131m\u0131z\u0131,<\/p><p>Ba\u015fvuru sahipleri, adaylar ve belgelendirilmi\u015f ki\u015filerin belgelendirme hizmetlerine ula\u015fmas\u0131n\u0131n herhangi bir y\u00f6ntemle engellemeyece\u011fimizi, haks\u0131z rekabet olu\u015fmas\u0131n\u0131 \u00f6nleyece\u011fimizi ve tarafs\u0131zl\u0131\u011f\u0131n garantiye al\u0131nmas\u0131n\u0131 sa\u011flayaca\u011f\u0131m\u0131z\u0131,<\/p><p>Personel belgelendirme faaliyetlerinin, kurum personeli ile ba\u011f\u0131ms\u0131zl\u0131k, tarafs\u0131zl\u0131k, g\u00fcvenilirlik ve gizlilik prensipleri temel al\u0131narak ger\u00e7ekle\u015ftirilece\u011fini,<\/p><p>Belgelendirme faaliyetlerini etkileyecek her t\u00fcrl\u00fc ticari, mali, \u00e7\u0131kar \u00e7at\u0131\u015fmalar\u0131ndan ve bask\u0131lardan uzak y\u00f6netece\u011fimizi, hi\u00e7bir \u015fekilde belgelendirme faaliyetinde g\u00f6rev alan personele bask\u0131 uygulamayaca\u011f\u0131m\u0131z\u0131,<\/p><p>Kurumda verilen t\u00fcm hizmetlerle ilgili elde etmi\u015f oldu\u011fum bilgilerin, dok\u00fcmanlar\u0131n gizlili\u011fini sa\u011flayaca\u011f\u0131m\u0131z\u0131 ve kurum personeli taraf\u0131ndan gizlili\u011fin sa\u011flanmas\u0131 i\u00e7in t\u00fcm \u00f6nlemleri alaca\u011f\u0131m\u0131z\u0131,<\/p><p>Ki\u015fi ve \u00e7al\u0131\u015ft\u0131klar\u0131 firmalar ile ilgili bilgileri, ilgili ki\u015fi ve firmalar\u0131n yaz\u0131l\u0131 izni olmaks\u0131z\u0131n 3. taraflara vermeyece\u011fimizi; e\u011fer kanun, y\u00f6netmelik ve tebli\u011f gere\u011fi bu bilgilerin verilmesi gerekirse, belgelendirilen ki\u015fi ve \u00e7al\u0131\u015ft\u0131klar\u0131 firmalar\u0131n konu ile ilgili bilgilendirilece\u011fini,<\/p><p>S\u0131nav ve belgelendirme faaliyetlerinin s\u00fcrd\u00fcr\u00fclebilirli\u011fi i\u00e7in gerekli mali kaynaklar\u0131n sa\u011flanaca\u011f\u0131n\u0131,<\/p><p>Belgelendirme faaliyetlerinde elde etmi\u015f oldu\u011fum t\u00fcm bilgileri ve dok\u00fcmanlar\u0131n \u00fc\u00e7\u00fcnc\u00fc ki\u015fi ve kurum-kurulu\u015flarla payla\u015fmayaca\u011f\u0131m\u0131z\u0131 ve yasal olmayan hi\u00e7bir \u00fc\u00e7\u00fcnc\u00fc ki\u015fi ve kurum-kurulu\u015flar ile payla\u015fmayaca\u011f\u0131m\u0131z\u0131,<\/p><p>Reklam d\u00e2hil sa\u011flanan bilgilerin do\u011fru ve yan\u0131lt\u0131c\u0131 olmamas\u0131 i\u00e7in t\u00fcm \u00f6nemleri alaca\u011f\u0131m\u0131z\u0131,<\/p><p>Kurumunda verilen hizmetlerle ilgili tarafs\u0131zl\u0131\u011f\u0131 ve gizlili\u011fi etkileyecek hi\u00e7bir ba\u011flant\u0131 i\u00e7erisinde olmayaca\u011f\u0131m\u0131z\u0131 kabul ve taahh\u00fct ederiz.<\/p><p><em><strong>Y\u00f6netim Kurulu<\/strong><\/em><\/p>\t\t\t\t\t\t\t\t<\/div>\n\t\t\t\t<\/div>\n\t\t\t\t\t<\/div>\n\t\t<\/div>\n\t\t\t\t\t<\/div>\n\t\t<\/section>\n\t\t\t\t<\/div>\n\t\t","protected":false},"excerpt":{"rendered":"<p>Personel Belgelendirme Mevzuatlar\u0131 kapsam\u0131nda ger\u00e7ekle\u015ftirilen faaliyetler kapsam\u0131nda; Ba\u015fvuru sahipleri, adaylar ve belgelendirilmi\u015f ki\u015filere kar\u015f\u0131 din, dil, \u0131rk ve cinsiyet fark\u0131 g\u00f6zetmeksizin tarafs\u0131z, adil ve e\u015fit hizmet sunulmas\u0131 i\u00e7in gerekli t\u00fcm \u00f6nlemlerin al\u0131nmas\u0131n\u0131 sa\u011flayaca\u011f\u0131m\u0131z\u0131, Ba\u015fvuru sahipleri, adaylar ve belgelendirilmi\u015f ki\u015filerin belgelendirme hizmetlerine ula\u015fmas\u0131n\u0131n herhangi bir y\u00f6ntemle engellemeyece\u011fimizi, haks\u0131z rekabet olu\u015fmas\u0131n\u0131 \u00f6nleyece\u011fimizi ve tarafs\u0131zl\u0131\u011f\u0131n garantiye al\u0131nmas\u0131n\u0131 sa\u011flayaca\u011f\u0131m\u0131z\u0131, [&hellip;]<\/p>\n","protected":false},"author":1,"featured_media":0,"parent":0,"menu_order":0,"comment_status":"closed","ping_status":"closed","template":"","meta":{"_acf_changed":false,"footnotes":""},"class_list":["post-17461","page","type-page","status-publish","hentry"],"acf":[],"yoast_head":"<!-- This site is optimized with the Yoast SEO plugin v27.4 - https:\/\/yoast.com\/product\/yoast-seo-wordpress\/ -->\n<title>Tarafs\u0131zl\u0131k ve Gizlilik Beyan\u0131 - Turkish Testing Board<\/title>\n<meta name=\"robots\" content=\"index, follow, max-snippet:-1, max-image-preview:large, max-video-preview:-1\" \/>\n<link rel=\"canonical\" href=\"https:\/\/www.turkishtestingboard.org\/en\/tarafsizlik-ve-gizlilik-beyani\/\" \/>\n<meta property=\"og:locale\" content=\"en_US\" \/>\n<meta property=\"og:type\" content=\"article\" \/>\n<meta property=\"og:title\" content=\"Tarafs\u0131zl\u0131k ve Gizlilik Beyan\u0131 - Turkish Testing Board\" \/>\n<meta property=\"og:description\" content=\"Personel Belgelendirme Mevzuatlar\u0131 kapsam\u0131nda ger\u00e7ekle\u015ftirilen faaliyetler kapsam\u0131nda; Ba\u015fvuru sahipleri, adaylar ve belgelendirilmi\u015f ki\u015filere kar\u015f\u0131 din, dil, \u0131rk ve cinsiyet fark\u0131 g\u00f6zetmeksizin tarafs\u0131z, adil ve e\u015fit hizmet sunulmas\u0131 i\u00e7in gerekli t\u00fcm \u00f6nlemlerin al\u0131nmas\u0131n\u0131 sa\u011flayaca\u011f\u0131m\u0131z\u0131, Ba\u015fvuru sahipleri, adaylar ve belgelendirilmi\u015f ki\u015filerin belgelendirme hizmetlerine ula\u015fmas\u0131n\u0131n herhangi bir y\u00f6ntemle engellemeyece\u011fimizi, haks\u0131z rekabet olu\u015fmas\u0131n\u0131 \u00f6nleyece\u011fimizi ve tarafs\u0131zl\u0131\u011f\u0131n garantiye al\u0131nmas\u0131n\u0131 sa\u011flayaca\u011f\u0131m\u0131z\u0131, [&hellip;]\" \/>\n<meta property=\"og:url\" content=\"https:\/\/www.turkishtestingboard.org\/en\/tarafsizlik-ve-gizlilik-beyani\/\" \/>\n<meta property=\"og:site_name\" content=\"Turkish Testing Board\" \/>\n<meta property=\"article:modified_time\" content=\"2024-05-24T01:03:24+00:00\" \/>\n<meta name=\"twitter:card\" content=\"summary_large_image\" \/>\n<meta name=\"twitter:label1\" content=\"Est. reading time\" \/>\n\t<meta name=\"twitter:data1\" content=\"2 minutes\" \/>\n<script type=\"application\/ld+json\" class=\"yoast-schema-graph\">{\"@context\":\"https:\\\/\\\/schema.org\",\"@graph\":[{\"@type\":\"WebPage\",\"@id\":\"https:\\\/\\\/www.turkishtestingboard.org\\\/tarafsizlik-ve-gizlilik-beyani\\\/\",\"url\":\"https:\\\/\\\/www.turkishtestingboard.org\\\/tarafsizlik-ve-gizlilik-beyani\\\/\",\"name\":\"Tarafs\u0131zl\u0131k ve Gizlilik Beyan\u0131 - Turkish Testing Board\",\"isPartOf\":{\"@id\":\"https:\\\/\\\/www.turkishtestingboard.org\\\/#website\"},\"datePublished\":\"2024-05-24T01:02:47+00:00\",\"dateModified\":\"2024-05-24T01:03:24+00:00\",\"breadcrumb\":{\"@id\":\"https:\\\/\\\/www.turkishtestingboard.org\\\/tarafsizlik-ve-gizlilik-beyani\\\/#breadcrumb\"},\"inLanguage\":\"en-US\",\"potentialAction\":[{\"@type\":\"ReadAction\",\"target\":[\"https:\\\/\\\/www.turkishtestingboard.org\\\/tarafsizlik-ve-gizlilik-beyani\\\/\"]}]},{\"@type\":\"BreadcrumbList\",\"@id\":\"https:\\\/\\\/www.turkishtestingboard.org\\\/tarafsizlik-ve-gizlilik-beyani\\\/#breadcrumb\",\"itemListElement\":[{\"@type\":\"ListItem\",\"position\":1,\"name\":\"Anasayfa\",\"item\":\"https:\\\/\\\/www.turkishtestingboard.org\\\/\"},{\"@type\":\"ListItem\",\"position\":2,\"name\":\"Tarafs\u0131zl\u0131k ve Gizlilik Beyan\u0131\"}]},{\"@type\":\"WebSite\",\"@id\":\"https:\\\/\\\/www.turkishtestingboard.org\\\/#website\",\"url\":\"https:\\\/\\\/www.turkishtestingboard.org\\\/\",\"name\":\"Turkish Testing Board\",\"description\":\"Your gateway to global Software Testing community\",\"publisher\":{\"@id\":\"https:\\\/\\\/www.turkishtestingboard.org\\\/#organization\"},\"potentialAction\":[{\"@type\":\"SearchAction\",\"target\":{\"@type\":\"EntryPoint\",\"urlTemplate\":\"https:\\\/\\\/www.turkishtestingboard.org\\\/?s={search_term_string}\"},\"query-input\":{\"@type\":\"PropertyValueSpecification\",\"valueRequired\":true,\"valueName\":\"search_term_string\"}}],\"inLanguage\":\"en-US\"},{\"@type\":\"Organization\",\"@id\":\"https:\\\/\\\/www.turkishtestingboard.org\\\/#organization\",\"name\":\"Turkish Testing Board\",\"url\":\"https:\\\/\\\/www.turkishtestingboard.org\\\/\",\"logo\":{\"@type\":\"ImageObject\",\"inLanguage\":\"en-US\",\"@id\":\"https:\\\/\\\/www.turkishtestingboard.org\\\/#\\\/schema\\\/logo\\\/image\\\/\",\"url\":\"https:\\\/\\\/fikadigital.com\\\/ttb2021\\\/wp-content\\\/uploads\\\/2021\\\/08\\\/ttblogo2021.png\",\"contentUrl\":\"https:\\\/\\\/fikadigital.com\\\/ttb2021\\\/wp-content\\\/uploads\\\/2021\\\/08\\\/ttblogo2021.png\",\"width\":133,\"height\":100,\"caption\":\"Turkish Testing Board\"},\"image\":{\"@id\":\"https:\\\/\\\/www.turkishtestingboard.org\\\/#\\\/schema\\\/logo\\\/image\\\/\"}}]}<\/script>\n<!-- \/ Yoast SEO plugin. -->","yoast_head_json":{"title":"Declaration of Impartiality and Confidentiality - Turkish Testing Board","robots":{"index":"index","follow":"follow","max-snippet":"max-snippet:-1","max-image-preview":"max-image-preview:large","max-video-preview":"max-video-preview:-1"},"canonical":"https:\/\/www.turkishtestingboard.org\/en\/tarafsizlik-ve-gizlilik-beyani\/","og_locale":"en_US","og_type":"article","og_title":"Tarafs\u0131zl\u0131k ve Gizlilik Beyan\u0131 - Turkish Testing Board","og_description":"Personel Belgelendirme Mevzuatlar\u0131 kapsam\u0131nda ger\u00e7ekle\u015ftirilen faaliyetler kapsam\u0131nda; Ba\u015fvuru sahipleri, adaylar ve belgelendirilmi\u015f ki\u015filere kar\u015f\u0131 din, dil, \u0131rk ve cinsiyet fark\u0131 g\u00f6zetmeksizin tarafs\u0131z, adil ve e\u015fit hizmet sunulmas\u0131 i\u00e7in gerekli t\u00fcm \u00f6nlemlerin al\u0131nmas\u0131n\u0131 sa\u011flayaca\u011f\u0131m\u0131z\u0131, Ba\u015fvuru sahipleri, adaylar ve belgelendirilmi\u015f ki\u015filerin belgelendirme hizmetlerine ula\u015fmas\u0131n\u0131n herhangi bir y\u00f6ntemle engellemeyece\u011fimizi, haks\u0131z rekabet olu\u015fmas\u0131n\u0131 \u00f6nleyece\u011fimizi ve tarafs\u0131zl\u0131\u011f\u0131n garantiye al\u0131nmas\u0131n\u0131 sa\u011flayaca\u011f\u0131m\u0131z\u0131, [&hellip;]","og_url":"https:\/\/www.turkishtestingboard.org\/en\/tarafsizlik-ve-gizlilik-beyani\/","og_site_name":"Turkish Testing Board","article_modified_time":"2024-05-24T01:03:24+00:00","twitter_card":"summary_large_image","twitter_misc":{"Est. reading time":"2 minutes"},"schema":{"@context":"https:\/\/schema.org","@graph":[{"@type":"WebPage","@id":"https:\/\/www.turkishtestingboard.org\/tarafsizlik-ve-gizlilik-beyani\/","url":"https:\/\/www.turkishtestingboard.org\/tarafsizlik-ve-gizlilik-beyani\/","name":"Declaration of Impartiality and Confidentiality - Turkish Testing Board","isPartOf":{"@id":"https:\/\/www.turkishtestingboard.org\/#website"},"datePublished":"2024-05-24T01:02:47+00:00","dateModified":"2024-05-24T01:03:24+00:00","breadcrumb":{"@id":"https:\/\/www.turkishtestingboard.org\/tarafsizlik-ve-gizlilik-beyani\/#breadcrumb"},"inLanguage":"en-US","potentialAction":[{"@type":"ReadAction","target":["https:\/\/www.turkishtestingboard.org\/tarafsizlik-ve-gizlilik-beyani\/"]}]},{"@type":"BreadcrumbList","@id":"https:\/\/www.turkishtestingboard.org\/tarafsizlik-ve-gizlilik-beyani\/#breadcrumb","itemListElement":[{"@type":"ListItem","position":1,"name":"Anasayfa","item":"https:\/\/www.turkishtestingboard.org\/"},{"@type":"ListItem","position":2,"name":"Tarafs\u0131zl\u0131k ve Gizlilik Beyan\u0131"}]},{"@type":"WebSite","@id":"https:\/\/www.turkishtestingboard.org\/#website","url":"https:\/\/www.turkishtestingboard.org\/","name":"Turkish Testing Board","description":"Your gateway to global Software Testing community","publisher":{"@id":"https:\/\/www.turkishtestingboard.org\/#organization"},"potentialAction":[{"@type":"SearchAction","target":{"@type":"EntryPoint","urlTemplate":"https:\/\/www.turkishtestingboard.org\/?s={search_term_string}"},"query-input":{"@type":"PropertyValueSpecification","valueRequired":true,"valueName":"search_term_string"}}],"inLanguage":"en-US"},{"@type":"Organization","@id":"https:\/\/www.turkishtestingboard.org\/#organization","name":"Turkish Testing Board","url":"https:\/\/www.turkishtestingboard.org\/","logo":{"@type":"ImageObject","inLanguage":"en-US","@id":"https:\/\/www.turkishtestingboard.org\/#\/schema\/logo\/image\/","url":"https:\/\/fikadigital.com\/ttb2021\/wp-content\/uploads\/2021\/08\/ttblogo2021.png","contentUrl":"https:\/\/fikadigital.com\/ttb2021\/wp-content\/uploads\/2021\/08\/ttblogo2021.png","width":133,"height":100,"caption":"Turkish Testing Board"},"image":{"@id":"https:\/\/www.turkishtestingboard.org\/#\/schema\/logo\/image\/"}}]}},"_links":{"self":[{"href":"https:\/\/www.turkishtestingboard.org\/en\/wp-json\/wp\/v2\/pages\/17461","targetHints":{"allow":["GET"]}}],"collection":[{"href":"https:\/\/www.turkishtestingboard.org\/en\/wp-json\/wp\/v2\/pages"}],"about":[{"href":"https:\/\/www.turkishtestingboard.org\/en\/wp-json\/wp\/v2\/types\/page"}],"author":[{"embeddable":true,"href":"https:\/\/www.turkishtestingboard.org\/en\/wp-json\/wp\/v2\/users\/1"}],"replies":[{"embeddable":true,"href":"https:\/\/www.turkishtestingboard.org\/en\/wp-json\/wp\/v2\/comments?post=17461"}],"version-history":[{"count":0,"href":"https:\/\/www.turkishtestingboard.org\/en\/wp-json\/wp\/v2\/pages\/17461\/revisions"}],"wp:attachment":[{"href":"https:\/\/www.turkishtestingboard.org\/en\/wp-json\/wp\/v2\/media?parent=17461"}],"curies":[{"name":"wp","href":"https:\/\/api.w.org\/{rel}","templated":true}]}}