{"id":17053,"date":"2024-03-29T12:49:04","date_gmt":"2024-03-29T09:49:04","guid":{"rendered":"https:\/\/www.turkishtestingboard.org\/?page_id=17053"},"modified":"2024-03-29T12:51:40","modified_gmt":"2024-03-29T09:51:40","slug":"politikamiz","status":"publish","type":"page","link":"https:\/\/www.turkishtestingboard.org\/en\/politikamiz\/","title":{"rendered":"Our Policy"},"content":{"rendered":"\t\t<div data-elementor-type=\"wp-page\" data-elementor-id=\"17053\" class=\"elementor elementor-17053\">\n\t\t\t\t\t\t<section class=\"elementor-section elementor-top-section elementor-element elementor-element-c57c444 elementor-section-stretched elementor-section-boxed elementor-section-height-default elementor-section-height-default\" data-id=\"c57c444\" data-element_type=\"section\" data-e-type=\"section\" data-settings=\"{&quot;jet_parallax_layout_list&quot;:[{&quot;jet_parallax_layout_image&quot;:{&quot;url&quot;:&quot;&quot;,&quot;id&quot;:&quot;&quot;,&quot;size&quot;:&quot;&quot;},&quot;_id&quot;:&quot;aca7df7&quot;,&quot;jet_parallax_layout_image_tablet&quot;:{&quot;url&quot;:&quot;&quot;,&quot;id&quot;:&quot;&quot;,&quot;size&quot;:&quot;&quot;},&quot;jet_parallax_layout_image_mobile&quot;:{&quot;url&quot;:&quot;&quot;,&quot;id&quot;:&quot;&quot;,&quot;size&quot;:&quot;&quot;},&quot;jet_parallax_layout_speed&quot;:{&quot;unit&quot;:&quot;%&quot;,&quot;size&quot;:50,&quot;sizes&quot;:[]},&quot;jet_parallax_layout_type&quot;:&quot;scroll&quot;,&quot;jet_parallax_layout_direction&quot;:&quot;1&quot;,&quot;jet_parallax_layout_fx_direction&quot;:null,&quot;jet_parallax_layout_z_index&quot;:&quot;&quot;,&quot;jet_parallax_layout_bg_x&quot;:50,&quot;jet_parallax_layout_bg_x_tablet&quot;:&quot;&quot;,&quot;jet_parallax_layout_bg_x_mobile&quot;:&quot;&quot;,&quot;jet_parallax_layout_bg_y&quot;:50,&quot;jet_parallax_layout_bg_y_tablet&quot;:&quot;&quot;,&quot;jet_parallax_layout_bg_y_mobile&quot;:&quot;&quot;,&quot;jet_parallax_layout_bg_size&quot;:&quot;auto&quot;,&quot;jet_parallax_layout_bg_size_tablet&quot;:&quot;&quot;,&quot;jet_parallax_layout_bg_size_mobile&quot;:&quot;&quot;,&quot;jet_parallax_layout_animation_prop&quot;:&quot;transform&quot;,&quot;jet_parallax_layout_on&quot;:[&quot;desktop&quot;,&quot;tablet&quot;]}],&quot;stretch_section&quot;:&quot;section-stretched&quot;}\">\n\t\t\t\t\t\t<div class=\"elementor-container elementor-column-gap-default\">\n\t\t\t\t\t<div class=\"elementor-column elementor-col-100 elementor-top-column elementor-element elementor-element-ec23737\" data-id=\"ec23737\" data-element_type=\"column\" data-e-type=\"column\">\n\t\t\t<div class=\"elementor-widget-wrap elementor-element-populated\">\n\t\t\t\t\t\t<div class=\"elementor-element elementor-element-af44597 elementor-widget elementor-widget-text-editor\" data-id=\"af44597\" data-element_type=\"widget\" data-e-type=\"widget\" data-widget_type=\"text-editor.default\">\n\t\t\t\t<div class=\"elementor-widget-container\">\n\t\t\t\t\t\t\t\t\t<p>Bili\u015fim personellerinin yaz\u0131l\u0131m test ve kalitesi alan\u0131nda uluslararas\u0131 standartlarda sertifikalanmas\u0131n\u0131n sa\u011flanmas\u0131, sekt\u00f6r\u00fc bilin\u00e7lendirmek i\u00e7in konferans organizasyonu ve \u00e7eviri faaliyetleri, e\u011fitim kurumlar\u0131n\u0131n akreditasyon faaliyetleri ger\u00e7ekle\u015ftirmeyi ama\u00e7layan <strong>Yaz\u0131l\u0131m Test ve Kalite Derne\u011fi \u0130ktisadi \u0130\u015fletmesi <\/strong>olarak firmam\u0131z\u0131n kalite politikas\u0131; kat\u0131l\u0131mc\u0131lar\u0131m\u0131z\u0131n ihtiya\u00e7lar\u0131n\u0131 ve beklentilerini s\u00fcrekli kar\u015f\u0131layarak, ilgili yasal ve g\u00fcvenlik \u015fartlar\u0131na uygunlu\u011funu sa\u011flamak ve s\u00fcrekli geli\u015fme ve iyile\u015fme prensibini olarak benimsemeyi ama\u00e7 edinmi\u015ftir,<\/p><p>Y\u00f6netim sisteminin ama\u00e7lar\u0131 a\u015fa\u011f\u0131daki maddeler halindedir;<\/p><ol><li>T\u00fcrkiye Bili\u015fim Sekt\u00f6r\u00fcn\u00fcn uluslararas\u0131 pazarlarda rekabet edebilmesi i\u00e7in sekt\u00f6r\u00fc yaz\u0131l\u0131m testi ve kalitesi konusunda bilgilendirmek, dernek faaliyetlerinin etkinle\u015ftirilmesi ve geli\u015ftirilmesi amac\u0131yla kurs, seminer, sempozyum, konferans ve panel gibi e\u011fitim \u00e7al\u0131\u015fmalar\u0131 yapmak,<\/li><li>Yaz\u0131l\u0131m test ve kalitesi konusunda derne\u011fin belirledi\u011fi standartlarda e\u011fitim verebilecek \u015firketlerin akreditasyonunu yapmak,<\/li><li>Yaz\u0131l\u0131m test ve kalitesi sertifikasyonlar\u0131n\u0131 almak i\u00e7in yap\u0131lacak s\u0131navlar\u0131n d\u00fczenlenmesi ve organizasyonu hususunda akredite \u015firketlerle i\u015f birli\u011fi yapmak,<\/li><li>Yaz\u0131l\u0131m test ve kalitesi konusunda yap\u0131lacak s\u0131navlar\u0131 de\u011ferlendirmek ve kazanan adaylar\u0131n sertifikasyonunu ger\u00e7ekle\u015ftirmek,<\/li><li>Yaz\u0131l\u0131m test ve kalitesi sertifikasyonlar\u0131n\u0131 almak i\u00e7in d\u00fczenlenecek s\u0131navlara s\u0131nav sorular\u0131 haz\u0131rlamak,<\/li><li>Yaz\u0131l\u0131m testi konusunda uluslararas\u0131 kabul g\u00f6rm\u00fc\u015f terimleri T\u00fcrk\u00e7ele\u015ftirmek,<\/li><li>Amac\u0131n ger\u00e7ekle\u015ftirilmesi i\u00e7in gerekli olan her t\u00fcrl\u00fc bilgi, belge, dok\u00fcman ve yay\u0131nlar\u0131 temin etmek, dok\u00fcmantasyon merkezi olu\u015fturmak, \u00e7al\u0131\u015fmalar\u0131n\u0131 duyurmak i\u00e7in ama\u00e7lar\u0131 do\u011frultusunda gazete, dergi, kitap gibi yay\u0131nlar ile \u00fcyelerine da\u011f\u0131tmak \u00fczere \u00e7al\u0131\u015fma ve bilgilendirme b\u00fcltenleri \u00e7\u0131karmak,<\/li><li>Amac\u0131n ger\u00e7ekle\u015ftirilmesi i\u00e7in sa\u011fl\u0131kl\u0131 bir \u00e7al\u0131\u015fma ortam\u0131n\u0131 sa\u011flamak, her t\u00fcrl\u00fc teknik ara\u00e7 ve gereci, demirba\u015f ve k\u0131rtasiye malzemelerini temin etmek ,<\/li><li>Amac\u0131n ger\u00e7ekle\u015ftirilmesi i\u00e7in gerek g\u00f6r\u00fclmesi halinde, 5072 say\u0131l\u0131 Dernek ve Vak\u0131flar\u0131n Kamu Kurum ve Kurulu\u015flar\u0131 ile \u0130li\u015fkilerine Dair Kanun h\u00fck\u00fcmleri sakl\u0131 kalmak \u00fczere, kamu kurum ve kurulu\u015flar\u0131 ile g\u00f6rev alanlar\u0131na giren konularda ortak projeler y\u00fcr\u00fctmek,<\/li><li>Amac\u0131n ger\u00e7ekle\u015ftirilmesi i\u00e7in gerek g\u00f6r\u00fclmesi halinde yaz\u0131l\u0131m test ve kalitesi alan\u0131nda faaliyet g\u00f6steren uluslararas\u0131 ve\/veya yabanc\u0131 kurulu\u015flar ile g\u00f6rev alanlar\u0131na giren konularda ortak projeler y\u00fcr\u00fctmek ve\/veya yurt d\u0131\u015f\u0131nda kurulmu\u015f dernek veya kurulu\u015flara kat\u0131lmak.<\/li><\/ol>\t\t\t\t\t\t\t\t<\/div>\n\t\t\t\t<\/div>\n\t\t\t\t\t<\/div>\n\t\t<\/div>\n\t\t\t\t\t<\/div>\n\t\t<\/section>\n\t\t\t\t<\/div>\n\t\t","protected":false},"excerpt":{"rendered":"<p>Bili\u015fim personellerinin yaz\u0131l\u0131m test ve kalitesi alan\u0131nda uluslararas\u0131 standartlarda sertifikalanmas\u0131n\u0131n sa\u011flanmas\u0131, sekt\u00f6r\u00fc bilin\u00e7lendirmek i\u00e7in konferans organizasyonu ve \u00e7eviri faaliyetleri, e\u011fitim kurumlar\u0131n\u0131n akreditasyon faaliyetleri ger\u00e7ekle\u015ftirmeyi ama\u00e7layan Yaz\u0131l\u0131m Test ve Kalite Derne\u011fi \u0130ktisadi \u0130\u015fletmesi olarak firmam\u0131z\u0131n kalite politikas\u0131; kat\u0131l\u0131mc\u0131lar\u0131m\u0131z\u0131n ihtiya\u00e7lar\u0131n\u0131 ve beklentilerini s\u00fcrekli kar\u015f\u0131layarak, ilgili yasal ve g\u00fcvenlik \u015fartlar\u0131na uygunlu\u011funu sa\u011flamak ve s\u00fcrekli geli\u015fme ve iyile\u015fme prensibini [&hellip;]<\/p>\n","protected":false},"author":1,"featured_media":0,"parent":0,"menu_order":0,"comment_status":"closed","ping_status":"closed","template":"","meta":{"_acf_changed":false,"footnotes":""},"class_list":["post-17053","page","type-page","status-publish","hentry"],"acf":[],"yoast_head":"<!-- This site is optimized with the Yoast SEO plugin v27.4 - https:\/\/yoast.com\/product\/yoast-seo-wordpress\/ -->\n<title>Politikam\u0131z - Turkish Testing Board<\/title>\n<meta name=\"robots\" content=\"index, follow, max-snippet:-1, max-image-preview:large, max-video-preview:-1\" \/>\n<link rel=\"canonical\" href=\"https:\/\/www.turkishtestingboard.org\/en\/politikamiz\/\" \/>\n<meta property=\"og:locale\" content=\"en_US\" \/>\n<meta property=\"og:type\" content=\"article\" \/>\n<meta property=\"og:title\" content=\"Politikam\u0131z - Turkish Testing Board\" \/>\n<meta property=\"og:description\" content=\"Bili\u015fim personellerinin yaz\u0131l\u0131m test ve kalitesi alan\u0131nda uluslararas\u0131 standartlarda sertifikalanmas\u0131n\u0131n sa\u011flanmas\u0131, sekt\u00f6r\u00fc bilin\u00e7lendirmek i\u00e7in konferans organizasyonu ve \u00e7eviri faaliyetleri, e\u011fitim kurumlar\u0131n\u0131n akreditasyon faaliyetleri ger\u00e7ekle\u015ftirmeyi ama\u00e7layan Yaz\u0131l\u0131m Test ve Kalite Derne\u011fi \u0130ktisadi \u0130\u015fletmesi olarak firmam\u0131z\u0131n kalite politikas\u0131; kat\u0131l\u0131mc\u0131lar\u0131m\u0131z\u0131n ihtiya\u00e7lar\u0131n\u0131 ve beklentilerini s\u00fcrekli kar\u015f\u0131layarak, ilgili yasal ve g\u00fcvenlik \u015fartlar\u0131na uygunlu\u011funu sa\u011flamak ve s\u00fcrekli geli\u015fme ve iyile\u015fme prensibini [&hellip;]\" \/>\n<meta property=\"og:url\" content=\"https:\/\/www.turkishtestingboard.org\/en\/politikamiz\/\" \/>\n<meta property=\"og:site_name\" content=\"Turkish Testing Board\" \/>\n<meta property=\"article:modified_time\" content=\"2024-03-29T09:51:40+00:00\" \/>\n<meta name=\"twitter:card\" content=\"summary_large_image\" \/>\n<meta name=\"twitter:label1\" content=\"Est. reading time\" \/>\n\t<meta name=\"twitter:data1\" content=\"2 minutes\" \/>\n<script type=\"application\/ld+json\" class=\"yoast-schema-graph\">{\"@context\":\"https:\\\/\\\/schema.org\",\"@graph\":[{\"@type\":\"WebPage\",\"@id\":\"https:\\\/\\\/www.turkishtestingboard.org\\\/politikamiz\\\/\",\"url\":\"https:\\\/\\\/www.turkishtestingboard.org\\\/politikamiz\\\/\",\"name\":\"Politikam\u0131z - Turkish Testing Board\",\"isPartOf\":{\"@id\":\"https:\\\/\\\/www.turkishtestingboard.org\\\/#website\"},\"datePublished\":\"2024-03-29T09:49:04+00:00\",\"dateModified\":\"2024-03-29T09:51:40+00:00\",\"breadcrumb\":{\"@id\":\"https:\\\/\\\/www.turkishtestingboard.org\\\/politikamiz\\\/#breadcrumb\"},\"inLanguage\":\"en-US\",\"potentialAction\":[{\"@type\":\"ReadAction\",\"target\":[\"https:\\\/\\\/www.turkishtestingboard.org\\\/politikamiz\\\/\"]}]},{\"@type\":\"BreadcrumbList\",\"@id\":\"https:\\\/\\\/www.turkishtestingboard.org\\\/politikamiz\\\/#breadcrumb\",\"itemListElement\":[{\"@type\":\"ListItem\",\"position\":1,\"name\":\"Anasayfa\",\"item\":\"https:\\\/\\\/www.turkishtestingboard.org\\\/\"},{\"@type\":\"ListItem\",\"position\":2,\"name\":\"Politikam\u0131z\"}]},{\"@type\":\"WebSite\",\"@id\":\"https:\\\/\\\/www.turkishtestingboard.org\\\/#website\",\"url\":\"https:\\\/\\\/www.turkishtestingboard.org\\\/\",\"name\":\"Turkish Testing Board\",\"description\":\"Your gateway to global Software Testing community\",\"publisher\":{\"@id\":\"https:\\\/\\\/www.turkishtestingboard.org\\\/#organization\"},\"potentialAction\":[{\"@type\":\"SearchAction\",\"target\":{\"@type\":\"EntryPoint\",\"urlTemplate\":\"https:\\\/\\\/www.turkishtestingboard.org\\\/?s={search_term_string}\"},\"query-input\":{\"@type\":\"PropertyValueSpecification\",\"valueRequired\":true,\"valueName\":\"search_term_string\"}}],\"inLanguage\":\"en-US\"},{\"@type\":\"Organization\",\"@id\":\"https:\\\/\\\/www.turkishtestingboard.org\\\/#organization\",\"name\":\"Turkish Testing Board\",\"url\":\"https:\\\/\\\/www.turkishtestingboard.org\\\/\",\"logo\":{\"@type\":\"ImageObject\",\"inLanguage\":\"en-US\",\"@id\":\"https:\\\/\\\/www.turkishtestingboard.org\\\/#\\\/schema\\\/logo\\\/image\\\/\",\"url\":\"https:\\\/\\\/fikadigital.com\\\/ttb2021\\\/wp-content\\\/uploads\\\/2021\\\/08\\\/ttblogo2021.png\",\"contentUrl\":\"https:\\\/\\\/fikadigital.com\\\/ttb2021\\\/wp-content\\\/uploads\\\/2021\\\/08\\\/ttblogo2021.png\",\"width\":133,\"height\":100,\"caption\":\"Turkish Testing Board\"},\"image\":{\"@id\":\"https:\\\/\\\/www.turkishtestingboard.org\\\/#\\\/schema\\\/logo\\\/image\\\/\"}}]}<\/script>\n<!-- \/ Yoast SEO plugin. -->","yoast_head_json":{"title":"Policy - Turkish Testing Board","robots":{"index":"index","follow":"follow","max-snippet":"max-snippet:-1","max-image-preview":"max-image-preview:large","max-video-preview":"max-video-preview:-1"},"canonical":"https:\/\/www.turkishtestingboard.org\/en\/politikamiz\/","og_locale":"en_US","og_type":"article","og_title":"Politikam\u0131z - Turkish Testing Board","og_description":"Bili\u015fim personellerinin yaz\u0131l\u0131m test ve kalitesi alan\u0131nda uluslararas\u0131 standartlarda sertifikalanmas\u0131n\u0131n sa\u011flanmas\u0131, sekt\u00f6r\u00fc bilin\u00e7lendirmek i\u00e7in konferans organizasyonu ve \u00e7eviri faaliyetleri, e\u011fitim kurumlar\u0131n\u0131n akreditasyon faaliyetleri ger\u00e7ekle\u015ftirmeyi ama\u00e7layan Yaz\u0131l\u0131m Test ve Kalite Derne\u011fi \u0130ktisadi \u0130\u015fletmesi olarak firmam\u0131z\u0131n kalite politikas\u0131; kat\u0131l\u0131mc\u0131lar\u0131m\u0131z\u0131n ihtiya\u00e7lar\u0131n\u0131 ve beklentilerini s\u00fcrekli kar\u015f\u0131layarak, ilgili yasal ve g\u00fcvenlik \u015fartlar\u0131na uygunlu\u011funu sa\u011flamak ve s\u00fcrekli geli\u015fme ve iyile\u015fme prensibini [&hellip;]","og_url":"https:\/\/www.turkishtestingboard.org\/en\/politikamiz\/","og_site_name":"Turkish Testing Board","article_modified_time":"2024-03-29T09:51:40+00:00","twitter_card":"summary_large_image","twitter_misc":{"Est. reading time":"2 minutes"},"schema":{"@context":"https:\/\/schema.org","@graph":[{"@type":"WebPage","@id":"https:\/\/www.turkishtestingboard.org\/politikamiz\/","url":"https:\/\/www.turkishtestingboard.org\/politikamiz\/","name":"Policy - Turkish Testing Board","isPartOf":{"@id":"https:\/\/www.turkishtestingboard.org\/#website"},"datePublished":"2024-03-29T09:49:04+00:00","dateModified":"2024-03-29T09:51:40+00:00","breadcrumb":{"@id":"https:\/\/www.turkishtestingboard.org\/politikamiz\/#breadcrumb"},"inLanguage":"en-US","potentialAction":[{"@type":"ReadAction","target":["https:\/\/www.turkishtestingboard.org\/politikamiz\/"]}]},{"@type":"BreadcrumbList","@id":"https:\/\/www.turkishtestingboard.org\/politikamiz\/#breadcrumb","itemListElement":[{"@type":"ListItem","position":1,"name":"Anasayfa","item":"https:\/\/www.turkishtestingboard.org\/"},{"@type":"ListItem","position":2,"name":"Politikam\u0131z"}]},{"@type":"WebSite","@id":"https:\/\/www.turkishtestingboard.org\/#website","url":"https:\/\/www.turkishtestingboard.org\/","name":"Turkish Testing Board","description":"Your gateway to global Software Testing community","publisher":{"@id":"https:\/\/www.turkishtestingboard.org\/#organization"},"potentialAction":[{"@type":"SearchAction","target":{"@type":"EntryPoint","urlTemplate":"https:\/\/www.turkishtestingboard.org\/?s={search_term_string}"},"query-input":{"@type":"PropertyValueSpecification","valueRequired":true,"valueName":"search_term_string"}}],"inLanguage":"en-US"},{"@type":"Organization","@id":"https:\/\/www.turkishtestingboard.org\/#organization","name":"Turkish Testing Board","url":"https:\/\/www.turkishtestingboard.org\/","logo":{"@type":"ImageObject","inLanguage":"en-US","@id":"https:\/\/www.turkishtestingboard.org\/#\/schema\/logo\/image\/","url":"https:\/\/fikadigital.com\/ttb2021\/wp-content\/uploads\/2021\/08\/ttblogo2021.png","contentUrl":"https:\/\/fikadigital.com\/ttb2021\/wp-content\/uploads\/2021\/08\/ttblogo2021.png","width":133,"height":100,"caption":"Turkish Testing Board"},"image":{"@id":"https:\/\/www.turkishtestingboard.org\/#\/schema\/logo\/image\/"}}]}},"_links":{"self":[{"href":"https:\/\/www.turkishtestingboard.org\/en\/wp-json\/wp\/v2\/pages\/17053","targetHints":{"allow":["GET"]}}],"collection":[{"href":"https:\/\/www.turkishtestingboard.org\/en\/wp-json\/wp\/v2\/pages"}],"about":[{"href":"https:\/\/www.turkishtestingboard.org\/en\/wp-json\/wp\/v2\/types\/page"}],"author":[{"embeddable":true,"href":"https:\/\/www.turkishtestingboard.org\/en\/wp-json\/wp\/v2\/users\/1"}],"replies":[{"embeddable":true,"href":"https:\/\/www.turkishtestingboard.org\/en\/wp-json\/wp\/v2\/comments?post=17053"}],"version-history":[{"count":0,"href":"https:\/\/www.turkishtestingboard.org\/en\/wp-json\/wp\/v2\/pages\/17053\/revisions"}],"wp:attachment":[{"href":"https:\/\/www.turkishtestingboard.org\/en\/wp-json\/wp\/v2\/media?parent=17053"}],"curies":[{"name":"wp","href":"https:\/\/api.w.org\/{rel}","templated":true}]}}