{"id":16089,"date":"2024-01-04T08:26:30","date_gmt":"2024-01-04T05:26:30","guid":{"rendered":"https:\/\/www.turkishtestingboard.org\/?page_id=16089"},"modified":"2025-04-23T07:27:02","modified_gmt":"2025-04-23T04:27:02","slug":"otomotiv-yazilim-testi-ders-programi-v1-0-ingilizce","status":"publish","type":"page","link":"https:\/\/www.turkishtestingboard.org\/en\/automotive-software-tester-syllabus-english\/","title":{"rendered":"Certified Tester Automotive Software Tester (CT-AuT) Syllabus - English"},"content":{"rendered":"\t\t<div data-elementor-type=\"wp-page\" data-elementor-id=\"16089\" class=\"elementor elementor-16089\">\n\t\t\t\t\t\t<section class=\"elementor-section elementor-top-section elementor-element elementor-element-d84cf5a elementor-section-boxed elementor-section-height-default elementor-section-height-default\" data-id=\"d84cf5a\" data-element_type=\"section\" data-e-type=\"section\" data-settings=\"{&quot;jet_parallax_layout_list&quot;:[{&quot;jet_parallax_layout_image&quot;:{&quot;url&quot;:&quot;&quot;,&quot;id&quot;:&quot;&quot;,&quot;size&quot;:&quot;&quot;},&quot;_id&quot;:&quot;9f44894&quot;,&quot;jet_parallax_layout_image_tablet&quot;:{&quot;url&quot;:&quot;&quot;,&quot;id&quot;:&quot;&quot;,&quot;size&quot;:&quot;&quot;},&quot;jet_parallax_layout_image_mobile&quot;:{&quot;url&quot;:&quot;&quot;,&quot;id&quot;:&quot;&quot;,&quot;size&quot;:&quot;&quot;},&quot;jet_parallax_layout_speed&quot;:{&quot;unit&quot;:&quot;%&quot;,&quot;size&quot;:50,&quot;sizes&quot;:[]},&quot;jet_parallax_layout_type&quot;:&quot;scroll&quot;,&quot;jet_parallax_layout_direction&quot;:&quot;1&quot;,&quot;jet_parallax_layout_fx_direction&quot;:null,&quot;jet_parallax_layout_z_index&quot;:&quot;&quot;,&quot;jet_parallax_layout_bg_x&quot;:50,&quot;jet_parallax_layout_bg_x_tablet&quot;:&quot;&quot;,&quot;jet_parallax_layout_bg_x_mobile&quot;:&quot;&quot;,&quot;jet_parallax_layout_bg_y&quot;:50,&quot;jet_parallax_layout_bg_y_tablet&quot;:&quot;&quot;,&quot;jet_parallax_layout_bg_y_mobile&quot;:&quot;&quot;,&quot;jet_parallax_layout_bg_size&quot;:&quot;auto&quot;,&quot;jet_parallax_layout_bg_size_tablet&quot;:&quot;&quot;,&quot;jet_parallax_layout_bg_size_mobile&quot;:&quot;&quot;,&quot;jet_parallax_layout_animation_prop&quot;:&quot;transform&quot;,&quot;jet_parallax_layout_on&quot;:[&quot;desktop&quot;,&quot;tablet&quot;]}]}\">\n\t\t\t\t\t\t<div class=\"elementor-container elementor-column-gap-default\">\n\t\t\t\t\t<div class=\"elementor-column elementor-col-100 elementor-top-column elementor-element elementor-element-29960ad\" data-id=\"29960ad\" data-element_type=\"column\" data-e-type=\"column\">\n\t\t\t<div class=\"elementor-widget-wrap elementor-element-populated\">\n\t\t\t\t\t\t<div class=\"elementor-element elementor-element-3797169 elementor-widget elementor-widget-text-editor\" data-id=\"3797169\" data-element_type=\"widget\" data-e-type=\"widget\" data-widget_type=\"text-editor.default\">\n\t\t\t\t<div class=\"elementor-widget-container\">\n\t\t\t\t\t\t\t\t\t<p>ISTQB\u00ae Otomotiv Yaz\u0131l\u0131m Testi (CT-AuT) sertifikas\u0131, otomotiv ortam\u0131nda yerle\u015fik standartlar (Automotive SPICE\u00ae, ISO 26262, AUTOSAR\u00ae, vb.) temelinde &#8220;E\/E sistemlerinin test edilmesine&#8221; y\u00f6nelik \u00f6zel gereksinimlere odaklan\u0131r. Ayn\u0131 zamanda sanal ortamlardaki testleri (XiL dahil) ve otomotive \u00f6zg\u00fc statik ve dinamik test tekniklerini de kapsar.<\/p><p>Otomotiv Yaz\u0131l\u0131m Testi sertifikasyonu, test uzmanlar\u0131, test analistleri, test m\u00fchendisleri, test dan\u0131\u015fmanlar\u0131, test y\u00f6neticileri, s\u00fcr\u00fcm test uzmanlar\u0131 ve yaz\u0131l\u0131m geli\u015ftiricileri de dahil olmak \u00fczere otomotiv alan\u0131nda yaz\u0131l\u0131m testiyle ilgilenen herkese y\u00f6neliktir. Ayr\u0131ca otomat\u0131n alan\u0131nda \u00e7al\u0131\u015fan proje y\u00f6neticisi, kalite y\u00f6neticisi, yaz\u0131l\u0131m geli\u015ftirme y\u00f6neticisi, sistem analisti (i\u015f analistleri), BT y\u00f6neticisi veya y\u00f6netim dan\u0131\u015fmanlar\u0131 rol\u00fcndeki, yaz\u0131l\u0131m testi konusuna ili\u015fkin temel bilgi ve temel anlay\u0131\u015f kazanmak isteyen ki\u015filer i\u00e7in de yararl\u0131 olabilir.<\/p><p>Dok\u00fcmana a\u015fa\u011f\u0131daki butondan ula\u015fabilirsiniz.<\/p>\t\t\t\t\t\t\t\t<\/div>\n\t\t\t\t<\/div>\n\t\t\t\t<div class=\"elementor-element elementor-element-608bc03 elementor-align-center elementor-widget elementor-widget-raven-button\" data-id=\"608bc03\" data-element_type=\"widget\" data-e-type=\"widget\" data-settings=\"{&quot;turn_to_popup_action_button&quot;:&quot;no&quot;}\" data-widget_type=\"raven-button.default\">\n\t\t\t\t<div class=\"elementor-widget-container\">\n\t\t\t\t\t\t\t<div class=\"raven-widget-wrapper\">\n\t\t\t<a class=\"raven-button raven-button-widget-normal-effect-none  raven-button-text-align-center raven-button-link elementor-animation-grow\" href=\"https:\/\/turkishtestingboard.org\/files\/ISTQB-CT-AuT_Syllabus_v10_2018.pdf\" target=\"_blank\">\t\t\t\t<div class=\"raven-button-overlay\" ><\/div>\n\t\t\t\t<span class=\"raven-button-content\">\n\t\t\t\t\t\n\t\t\t\t\t<div class=\"button-text-container\">\n\t\t\t\t\t\t\t\t\t<span class=\"raven-button-icon raven-button-icon-position-left\">\n\t\t\t\t<i aria-hidden=\"true\" class=\"far fa-check-circle\"><\/i>\t\t\t<\/span>\n\t\t\t\t\t\t\t\t<div class=\"raven-button-texts-wrapper\">\n\t\t\t\t\t\t\t<div class=\"button-text\">\n\t\t\t\t\t\t\t\t<span class=\"raven-button-text\">\n\t\t\t\t\t\t\t\t\tSyllabus\t\t\t\t\t\t\t\t<\/span>\n\t\t\t\t\t\t\t<\/div>\n\t\t\t\t\t\t\t\t\t\t\t\t\t<\/div>\n\t\t\t\t\t\t\t\t\t\t\t<\/div>\n\t\t\t\t\t\n\t\t\t\t\t\t\t\t\t<\/span>\n\t\t\t<\/a>\t\t<\/div>\n\t\t\t\t\t\t<\/div>\n\t\t\t\t<\/div>\n\t\t\t\t<div class=\"elementor-element elementor-element-6d12909 elementor-widget elementor-widget-image\" data-id=\"6d12909\" data-element_type=\"widget\" data-e-type=\"widget\" data-widget_type=\"image.default\">\n\t\t\t\t<div class=\"elementor-widget-container\">\n\t\t\t\t\t\t\t\t\t\t\t\t\t\t\t<img fetchpriority=\"high\" decoding=\"async\" width=\"1251\" height=\"497\" src=\"https:\/\/www.turkishtestingboard.org\/wp-content\/uploads\/2024\/01\/CT-AuT_czzqtmA.png\" class=\"attachment-full size-full wp-image-16091\" alt=\"\" srcset=\"https:\/\/www.turkishtestingboard.org\/wp-content\/uploads\/2024\/01\/CT-AuT_czzqtmA.png 1251w, https:\/\/www.turkishtestingboard.org\/wp-content\/uploads\/2024\/01\/CT-AuT_czzqtmA-300x119.png 300w, https:\/\/www.turkishtestingboard.org\/wp-content\/uploads\/2024\/01\/CT-AuT_czzqtmA-1024x407.png 1024w, https:\/\/www.turkishtestingboard.org\/wp-content\/uploads\/2024\/01\/CT-AuT_czzqtmA-768x305.png 768w, https:\/\/www.turkishtestingboard.org\/wp-content\/uploads\/2024\/01\/CT-AuT_czzqtmA-18x7.png 18w, https:\/\/www.turkishtestingboard.org\/wp-content\/uploads\/2024\/01\/CT-AuT_czzqtmA-350x139.png 350w, https:\/\/www.turkishtestingboard.org\/wp-content\/uploads\/2024\/01\/CT-AuT_czzqtmA-551x219.png 551w\" sizes=\"(max-width: 1251px) 100vw, 1251px\" \/>\t\t\t\t\t\t\t\t\t\t\t\t\t\t\t<\/div>\n\t\t\t\t<\/div>\n\t\t\t\t\t<\/div>\n\t\t<\/div>\n\t\t\t\t\t<\/div>\n\t\t<\/section>\n\t\t\t\t<\/div>\n\t\t","protected":false},"excerpt":{"rendered":"<p>ISTQB\u00ae Otomotiv Yaz\u0131l\u0131m Testi (CT-AuT) sertifikas\u0131, otomotiv ortam\u0131nda yerle\u015fik standartlar (Automotive SPICE\u00ae, ISO 26262, AUTOSAR\u00ae, vb.) temelinde &#8220;E\/E sistemlerinin test edilmesine&#8221; y\u00f6nelik \u00f6zel gereksinimlere odaklan\u0131r. Ayn\u0131 zamanda sanal ortamlardaki testleri (XiL dahil) ve otomotive \u00f6zg\u00fc statik ve dinamik test tekniklerini de kapsar. Otomotiv Yaz\u0131l\u0131m Testi sertifikasyonu, test uzmanlar\u0131, test analistleri, test m\u00fchendisleri, test dan\u0131\u015fmanlar\u0131, test [&hellip;]<\/p>\n","protected":false},"author":1,"featured_media":0,"parent":0,"menu_order":0,"comment_status":"closed","ping_status":"closed","template":"","meta":{"_acf_changed":false,"footnotes":""},"class_list":["post-16089","page","type-page","status-publish","hentry"],"acf":[],"yoast_head":"<!-- This site is optimized with the Yoast SEO plugin v27.4 - https:\/\/yoast.com\/product\/yoast-seo-wordpress\/ -->\n<title>Sertifikal\u0131 Test Uzman\u0131 Otomotiv Yaz\u0131l\u0131m\u0131 Test Uzman\u0131 (CT-AuT) M\u00fcfredat\u0131- \u0130ngilizce - Turkish Testing Board<\/title>\n<meta name=\"robots\" content=\"index, follow, max-snippet:-1, max-image-preview:large, max-video-preview:-1\" \/>\n<link rel=\"canonical\" href=\"https:\/\/www.turkishtestingboard.org\/en\/automotive-software-tester-syllabus-english\/\" \/>\n<meta property=\"og:locale\" content=\"en_US\" \/>\n<meta property=\"og:type\" content=\"article\" \/>\n<meta property=\"og:title\" content=\"Sertifikal\u0131 Test Uzman\u0131 Otomotiv Yaz\u0131l\u0131m\u0131 Test Uzman\u0131 (CT-AuT) M\u00fcfredat\u0131- \u0130ngilizce - Turkish Testing Board\" \/>\n<meta property=\"og:description\" content=\"ISTQB\u00ae Otomotiv Yaz\u0131l\u0131m Testi (CT-AuT) sertifikas\u0131, otomotiv ortam\u0131nda yerle\u015fik standartlar (Automotive SPICE\u00ae, ISO 26262, AUTOSAR\u00ae, vb.) temelinde &#8220;E\/E sistemlerinin test edilmesine&#8221; y\u00f6nelik \u00f6zel gereksinimlere odaklan\u0131r. Ayn\u0131 zamanda sanal ortamlardaki testleri (XiL dahil) ve otomotive \u00f6zg\u00fc statik ve dinamik test tekniklerini de kapsar. Otomotiv Yaz\u0131l\u0131m Testi sertifikasyonu, test uzmanlar\u0131, test analistleri, test m\u00fchendisleri, test dan\u0131\u015fmanlar\u0131, test [&hellip;]\" \/>\n<meta property=\"og:url\" content=\"https:\/\/www.turkishtestingboard.org\/en\/automotive-software-tester-syllabus-english\/\" \/>\n<meta property=\"og:site_name\" content=\"Turkish Testing Board\" \/>\n<meta property=\"article:modified_time\" content=\"2025-04-23T04:27:02+00:00\" \/>\n<meta property=\"og:image\" content=\"https:\/\/www.turkishtestingboard.org\/wp-content\/uploads\/2024\/01\/CT-AuT_czzqtmA.png\" \/>\n<meta name=\"twitter:card\" content=\"summary_large_image\" \/>\n<meta name=\"twitter:label1\" content=\"Est. reading time\" \/>\n\t<meta name=\"twitter:data1\" content=\"1 minute\" \/>\n<script type=\"application\/ld+json\" class=\"yoast-schema-graph\">{\"@context\":\"https:\\\/\\\/schema.org\",\"@graph\":[{\"@type\":\"WebPage\",\"@id\":\"https:\\\/\\\/www.turkishtestingboard.org\\\/otomotiv-yazilim-testi-ders-programi-v1-0-ingilizce\\\/\",\"url\":\"https:\\\/\\\/www.turkishtestingboard.org\\\/otomotiv-yazilim-testi-ders-programi-v1-0-ingilizce\\\/\",\"name\":\"Sertifikal\u0131 Test Uzman\u0131 Otomotiv Yaz\u0131l\u0131m\u0131 Test Uzman\u0131 (CT-AuT) M\u00fcfredat\u0131- \u0130ngilizce - Turkish Testing Board\",\"isPartOf\":{\"@id\":\"https:\\\/\\\/www.turkishtestingboard.org\\\/#website\"},\"primaryImageOfPage\":{\"@id\":\"https:\\\/\\\/www.turkishtestingboard.org\\\/otomotiv-yazilim-testi-ders-programi-v1-0-ingilizce\\\/#primaryimage\"},\"image\":{\"@id\":\"https:\\\/\\\/www.turkishtestingboard.org\\\/otomotiv-yazilim-testi-ders-programi-v1-0-ingilizce\\\/#primaryimage\"},\"thumbnailUrl\":\"https:\\\/\\\/www.turkishtestingboard.org\\\/wp-content\\\/uploads\\\/2024\\\/01\\\/CT-AuT_czzqtmA.png\",\"datePublished\":\"2024-01-04T05:26:30+00:00\",\"dateModified\":\"2025-04-23T04:27:02+00:00\",\"breadcrumb\":{\"@id\":\"https:\\\/\\\/www.turkishtestingboard.org\\\/otomotiv-yazilim-testi-ders-programi-v1-0-ingilizce\\\/#breadcrumb\"},\"inLanguage\":\"en-US\",\"potentialAction\":[{\"@type\":\"ReadAction\",\"target\":[\"https:\\\/\\\/www.turkishtestingboard.org\\\/otomotiv-yazilim-testi-ders-programi-v1-0-ingilizce\\\/\"]}]},{\"@type\":\"ImageObject\",\"inLanguage\":\"en-US\",\"@id\":\"https:\\\/\\\/www.turkishtestingboard.org\\\/otomotiv-yazilim-testi-ders-programi-v1-0-ingilizce\\\/#primaryimage\",\"url\":\"https:\\\/\\\/www.turkishtestingboard.org\\\/wp-content\\\/uploads\\\/2024\\\/01\\\/CT-AuT_czzqtmA.png\",\"contentUrl\":\"https:\\\/\\\/www.turkishtestingboard.org\\\/wp-content\\\/uploads\\\/2024\\\/01\\\/CT-AuT_czzqtmA.png\"},{\"@type\":\"BreadcrumbList\",\"@id\":\"https:\\\/\\\/www.turkishtestingboard.org\\\/otomotiv-yazilim-testi-ders-programi-v1-0-ingilizce\\\/#breadcrumb\",\"itemListElement\":[{\"@type\":\"ListItem\",\"position\":1,\"name\":\"Anasayfa\",\"item\":\"https:\\\/\\\/www.turkishtestingboard.org\\\/\"},{\"@type\":\"ListItem\",\"position\":2,\"name\":\"Sertifikal\u0131 Test Uzman\u0131 Otomotiv Yaz\u0131l\u0131m\u0131 Test Uzman\u0131 (CT-AuT) M\u00fcfredat\u0131- \u0130ngilizce\"}]},{\"@type\":\"WebSite\",\"@id\":\"https:\\\/\\\/www.turkishtestingboard.org\\\/#website\",\"url\":\"https:\\\/\\\/www.turkishtestingboard.org\\\/\",\"name\":\"Turkish Testing Board\",\"description\":\"Your gateway to global Software Testing community\",\"publisher\":{\"@id\":\"https:\\\/\\\/www.turkishtestingboard.org\\\/#organization\"},\"potentialAction\":[{\"@type\":\"SearchAction\",\"target\":{\"@type\":\"EntryPoint\",\"urlTemplate\":\"https:\\\/\\\/www.turkishtestingboard.org\\\/?s={search_term_string}\"},\"query-input\":{\"@type\":\"PropertyValueSpecification\",\"valueRequired\":true,\"valueName\":\"search_term_string\"}}],\"inLanguage\":\"en-US\"},{\"@type\":\"Organization\",\"@id\":\"https:\\\/\\\/www.turkishtestingboard.org\\\/#organization\",\"name\":\"Turkish Testing Board\",\"url\":\"https:\\\/\\\/www.turkishtestingboard.org\\\/\",\"logo\":{\"@type\":\"ImageObject\",\"inLanguage\":\"en-US\",\"@id\":\"https:\\\/\\\/www.turkishtestingboard.org\\\/#\\\/schema\\\/logo\\\/image\\\/\",\"url\":\"https:\\\/\\\/fikadigital.com\\\/ttb2021\\\/wp-content\\\/uploads\\\/2021\\\/08\\\/ttblogo2021.png\",\"contentUrl\":\"https:\\\/\\\/fikadigital.com\\\/ttb2021\\\/wp-content\\\/uploads\\\/2021\\\/08\\\/ttblogo2021.png\",\"width\":133,\"height\":100,\"caption\":\"Turkish Testing Board\"},\"image\":{\"@id\":\"https:\\\/\\\/www.turkishtestingboard.org\\\/#\\\/schema\\\/logo\\\/image\\\/\"}}]}<\/script>\n<!-- \/ Yoast SEO plugin. -->","yoast_head_json":{"title":"Sertifikal\u0131 Test Uzman\u0131 Otomotiv Yaz\u0131l\u0131m\u0131 Test Uzman\u0131 (CT-AuT) M\u00fcfredat\u0131- \u0130ngilizce - Turkish Testing Board","robots":{"index":"index","follow":"follow","max-snippet":"max-snippet:-1","max-image-preview":"max-image-preview:large","max-video-preview":"max-video-preview:-1"},"canonical":"https:\/\/www.turkishtestingboard.org\/en\/automotive-software-tester-syllabus-english\/","og_locale":"en_US","og_type":"article","og_title":"Sertifikal\u0131 Test Uzman\u0131 Otomotiv Yaz\u0131l\u0131m\u0131 Test Uzman\u0131 (CT-AuT) M\u00fcfredat\u0131- \u0130ngilizce - Turkish Testing Board","og_description":"ISTQB\u00ae Otomotiv Yaz\u0131l\u0131m Testi (CT-AuT) sertifikas\u0131, otomotiv ortam\u0131nda yerle\u015fik standartlar (Automotive SPICE\u00ae, ISO 26262, AUTOSAR\u00ae, vb.) temelinde &#8220;E\/E sistemlerinin test edilmesine&#8221; y\u00f6nelik \u00f6zel gereksinimlere odaklan\u0131r. Ayn\u0131 zamanda sanal ortamlardaki testleri (XiL dahil) ve otomotive \u00f6zg\u00fc statik ve dinamik test tekniklerini de kapsar. Otomotiv Yaz\u0131l\u0131m Testi sertifikasyonu, test uzmanlar\u0131, test analistleri, test m\u00fchendisleri, test dan\u0131\u015fmanlar\u0131, test [&hellip;]","og_url":"https:\/\/www.turkishtestingboard.org\/en\/automotive-software-tester-syllabus-english\/","og_site_name":"Turkish Testing Board","article_modified_time":"2025-04-23T04:27:02+00:00","og_image":[{"url":"https:\/\/www.turkishtestingboard.org\/wp-content\/uploads\/2024\/01\/CT-AuT_czzqtmA.png","type":"","width":"","height":""}],"twitter_card":"summary_large_image","twitter_misc":{"Est. reading time":"1 minute"},"schema":{"@context":"https:\/\/schema.org","@graph":[{"@type":"WebPage","@id":"https:\/\/www.turkishtestingboard.org\/otomotiv-yazilim-testi-ders-programi-v1-0-ingilizce\/","url":"https:\/\/www.turkishtestingboard.org\/otomotiv-yazilim-testi-ders-programi-v1-0-ingilizce\/","name":"Sertifikal\u0131 Test Uzman\u0131 Otomotiv Yaz\u0131l\u0131m\u0131 Test Uzman\u0131 (CT-AuT) M\u00fcfredat\u0131- \u0130ngilizce - Turkish Testing Board","isPartOf":{"@id":"https:\/\/www.turkishtestingboard.org\/#website"},"primaryImageOfPage":{"@id":"https:\/\/www.turkishtestingboard.org\/otomotiv-yazilim-testi-ders-programi-v1-0-ingilizce\/#primaryimage"},"image":{"@id":"https:\/\/www.turkishtestingboard.org\/otomotiv-yazilim-testi-ders-programi-v1-0-ingilizce\/#primaryimage"},"thumbnailUrl":"https:\/\/www.turkishtestingboard.org\/wp-content\/uploads\/2024\/01\/CT-AuT_czzqtmA.png","datePublished":"2024-01-04T05:26:30+00:00","dateModified":"2025-04-23T04:27:02+00:00","breadcrumb":{"@id":"https:\/\/www.turkishtestingboard.org\/otomotiv-yazilim-testi-ders-programi-v1-0-ingilizce\/#breadcrumb"},"inLanguage":"en-US","potentialAction":[{"@type":"ReadAction","target":["https:\/\/www.turkishtestingboard.org\/otomotiv-yazilim-testi-ders-programi-v1-0-ingilizce\/"]}]},{"@type":"ImageObject","inLanguage":"en-US","@id":"https:\/\/www.turkishtestingboard.org\/otomotiv-yazilim-testi-ders-programi-v1-0-ingilizce\/#primaryimage","url":"https:\/\/www.turkishtestingboard.org\/wp-content\/uploads\/2024\/01\/CT-AuT_czzqtmA.png","contentUrl":"https:\/\/www.turkishtestingboard.org\/wp-content\/uploads\/2024\/01\/CT-AuT_czzqtmA.png"},{"@type":"BreadcrumbList","@id":"https:\/\/www.turkishtestingboard.org\/otomotiv-yazilim-testi-ders-programi-v1-0-ingilizce\/#breadcrumb","itemListElement":[{"@type":"ListItem","position":1,"name":"Anasayfa","item":"https:\/\/www.turkishtestingboard.org\/"},{"@type":"ListItem","position":2,"name":"Sertifikal\u0131 Test Uzman\u0131 Otomotiv Yaz\u0131l\u0131m\u0131 Test Uzman\u0131 (CT-AuT) M\u00fcfredat\u0131- \u0130ngilizce"}]},{"@type":"WebSite","@id":"https:\/\/www.turkishtestingboard.org\/#website","url":"https:\/\/www.turkishtestingboard.org\/","name":"Turkish Testing Board","description":"Your gateway to global Software Testing community","publisher":{"@id":"https:\/\/www.turkishtestingboard.org\/#organization"},"potentialAction":[{"@type":"SearchAction","target":{"@type":"EntryPoint","urlTemplate":"https:\/\/www.turkishtestingboard.org\/?s={search_term_string}"},"query-input":{"@type":"PropertyValueSpecification","valueRequired":true,"valueName":"search_term_string"}}],"inLanguage":"en-US"},{"@type":"Organization","@id":"https:\/\/www.turkishtestingboard.org\/#organization","name":"Turkish Testing Board","url":"https:\/\/www.turkishtestingboard.org\/","logo":{"@type":"ImageObject","inLanguage":"en-US","@id":"https:\/\/www.turkishtestingboard.org\/#\/schema\/logo\/image\/","url":"https:\/\/fikadigital.com\/ttb2021\/wp-content\/uploads\/2021\/08\/ttblogo2021.png","contentUrl":"https:\/\/fikadigital.com\/ttb2021\/wp-content\/uploads\/2021\/08\/ttblogo2021.png","width":133,"height":100,"caption":"Turkish Testing Board"},"image":{"@id":"https:\/\/www.turkishtestingboard.org\/#\/schema\/logo\/image\/"}}]}},"_links":{"self":[{"href":"https:\/\/www.turkishtestingboard.org\/en\/wp-json\/wp\/v2\/pages\/16089","targetHints":{"allow":["GET"]}}],"collection":[{"href":"https:\/\/www.turkishtestingboard.org\/en\/wp-json\/wp\/v2\/pages"}],"about":[{"href":"https:\/\/www.turkishtestingboard.org\/en\/wp-json\/wp\/v2\/types\/page"}],"author":[{"embeddable":true,"href":"https:\/\/www.turkishtestingboard.org\/en\/wp-json\/wp\/v2\/users\/1"}],"replies":[{"embeddable":true,"href":"https:\/\/www.turkishtestingboard.org\/en\/wp-json\/wp\/v2\/comments?post=16089"}],"version-history":[{"count":0,"href":"https:\/\/www.turkishtestingboard.org\/en\/wp-json\/wp\/v2\/pages\/16089\/revisions"}],"wp:attachment":[{"href":"https:\/\/www.turkishtestingboard.org\/en\/wp-json\/wp\/v2\/media?parent=16089"}],"curies":[{"name":"wp","href":"https:\/\/api.w.org\/{rel}","templated":true}]}}