{"id":10527,"date":"2023-01-12T12:54:43","date_gmt":"2023-01-12T09:54:43","guid":{"rendered":"https:\/\/www.turkishtestingboard.org\/?page_id=10527"},"modified":"2023-01-12T12:55:14","modified_gmt":"2023-01-12T09:55:14","slug":"e-bulten-bilgilendirme-metni","status":"publish","type":"page","link":"https:\/\/www.turkishtestingboard.org\/en\/e-bulten-bilgilendirme-metni\/","title":{"rendered":"E-B\u00fclten Bilgilendirme Metni"},"content":{"rendered":"\n<p>Yaz\u0131l\u0131m Test ve Kalite Derne\u011fi (\u201c<strong>Derne\u011fimiz<\/strong>\u201d veya \u201c<strong>TTB<\/strong>\u201d) olarak, \u201c<a href=\"https:\/\/www.turkishtestingboard.org\"><em>https:\/\/www.turkishtestingboard.org<\/em><\/a>\u201d (\u201c<strong>Sitemiz<\/strong>\u201d) \u00fczerinden <strong><em>\u2018E-B\u00fcltene \u00dcye Olun\u2019<\/em><\/strong> sekmesinden isim-soyisim ve elektronik posta bilgilerinizi bize bildirmeniz durumunda bildirmi\u015f oldu\u011funuz ki\u015fisel verilerin 6698 say\u0131l\u0131 Ki\u015fisel Verilerin Korunmas\u0131 Kanunu (\u201c<strong>KVKK<\/strong>\u201d) ve ikincil d\u00fczenlemelerine uygun olarak i\u015flenmesi ve korunmas\u0131 i\u00e7in azami hassasiyeti g\u00f6stermekteyiz.<\/p>\n\n\n\n<p>Derne\u011fimiz\u2019in KVKK\u2019dan do\u011fan ayd\u0131nlatma y\u00fck\u00fcml\u00fcl\u00fc\u011f\u00fc kapsam\u0131nda siz E-B\u00fclten \u00dcyelerimize i\u015fbu Yaz\u0131l\u0131m Test ve Kalite Derne\u011fi E-B\u00fclten \u00dcyelerine Y\u00f6nelik KVK Bilgilendirme Metni (\u201c<strong>Bilgilendirme Metni<\/strong>\u201d) arac\u0131l\u0131\u011f\u0131yla bilgilendirmek isteriz.<\/p>\n\n\n\n<p><strong>Ki\u015fisel verilerinizi hangi ama\u00e7larla ve hangi yollarla elde ediyor ve i\u015fliyoruz?<\/strong><\/p>\n\n\n\n<p>Derne\u011fimiz, \u201c<a href=\"https:\/\/www.turkishtestingboard.org\"><em>https:\/\/www.turkishtestingboard.org<\/em><\/a>\u201d adresini ziyaret ettikten sonra yukar\u0131da belirtildi\u011fi gibi <strong><em>\u2018E-B\u00fcltene \u00dcye Olun\u2019<\/em><\/strong> sekmesinden bizlere isim-soyisim ve elektronik posta adresinizi bildirmenizle beraber bu bilgileriniz veritaban\u0131m\u0131za i\u015flenmekte ve sizlere d\u00fczenli\/d\u00fczensiz aral\u0131klarla Derne\u011fimiz\u2019in faaliyetleri ve g\u00fcncel meselelere ili\u015fkin b\u00fclten g\u00f6nderilmektedir. A\u015fa\u011f\u0131da belirtti\u011fimiz di\u011fer ki\u015fisel verileriniz yine a\u015fa\u011f\u0131da a\u00e7\u0131klanan ama\u00e7larla ba\u011flant\u0131l\u0131, s\u0131n\u0131rl\u0131 ve \u00f6l\u00e7\u00fcl\u00fc bir \u015fekilde elektronik ve fiziki ortamlarda yaz\u0131l\u0131 olarak, otomatik ve otomatik olmayan y\u00f6ntemlerle KVKK\u2019ya uygun olarak TTB taraf\u0131ndan i\u015flenmektedir.<\/p>\n\n\n\n<figure class=\"wp-block-table\"><table><tbody><tr><td><strong>Ki\u015fisel Veriniz<\/strong><\/td><td><strong>Derne\u011fimize Ula\u015ft\u0131\u011f\u0131 Ortam<\/strong><\/td><td><strong>\u0130\u015fleme Amac\u0131m\u0131z\/Ama\u00e7lar\u0131m\u0131z<\/strong><\/td><\/tr><tr><td>Ad\/Soyad\u0131<\/td><td><a href=\"https:\/\/www.turkishtestingboard.org\"><em>https:\/\/www.turkishtestingboard.org<\/em><\/a><\/td><td>Siz E-B\u00fclten \u00fcyelerimize hitap edilebilmesi, istek, talep ve \u015fik\u00e2yet s\u00fcre\u00e7lerinin y\u00f6netimi.&nbsp;<\/td><\/tr><tr><td>E-Posta<\/td><td>&nbsp; <em>https:\/\/www.turkishtestingboard.org<\/em><\/td><td>E-B\u00fclten g\u00f6nderimini ve a\u00e7\u0131k r\u0131zan\u0131z dahilinde TTB ad\u0131na di\u011fer ticari elektronik iletilerin iletilmesi ve kurumsal ileti\u015fim s\u00fcre\u00e7lerinin y\u00f6netilmesi.<\/td><\/tr><\/tbody><\/table><\/figure>\n\n\n\n<p><strong>Ki\u015fisel verileriniz hangi hukuki sebebe dayanarak i\u015flenmektedir?<\/strong><\/p>\n\n\n\n<p>Ki\u015fisel verileriniz, ba\u015fta 6102 say\u0131l\u0131 T\u00fcrk Ticaret Kanunu, 5651 say\u0131l\u0131 \u0130nternet Ortam\u0131nda Yap\u0131lan Yay\u0131nlar\u0131n D\u00fczenlenmesi ve Bu Yay\u0131nlar Yoluyla \u0130\u015flenen Su\u00e7larla M\u00fccadele Edilmesi Hakk\u0131nda Kanun ve di\u011fer mevzuat\u0131n gereklilikleri olmak \u00fczere ilgili di\u011fer kanun maddeleri do\u011frultusunda ve KVKK\u2019n\u0131n 5. Maddesi 2. F\u0131kras\u0131nda yer alan a\u015fa\u011f\u0131daki hukuki sebepler \u00e7er\u00e7evesinde i\u015flenmektedir:<\/p>\n\n\n\n<ul class=\"wp-block-list\">\n<li>kanunlarda a\u00e7\u0131k\u00e7a \u00f6ng\u00f6r\u00fclmesi,<\/li>\n\n\n\n<li>s\u00f6zle\u015fmenin taraflar\u0131na ait ki\u015fisel verilerin i\u015flenmesinin gerekli olmas\u0131,<\/li>\n\n\n\n<li>hukuki y\u00fck\u00fcml\u00fcl\u00fcklerimizin yerine getirilebilmesi i\u00e7in zorunlu olmas\u0131,<\/li>\n\n\n\n<li>ilgili ki\u015fi taraf\u0131ndan alenile\u015ftirilmesi,<\/li>\n\n\n\n<li>bir hakk\u0131n tesisi, kullan\u0131lmas\u0131 veya korunmas\u0131 i\u00e7in veri i\u015flemenin zorunlu olmas\u0131,<\/li>\n\n\n\n<li>ilgili ki\u015finin temel hak ve \u00f6zg\u00fcrl\u00fcklerine zarar vermemek kayd\u0131yla,veri sorumlusu olan TTB\u2019nin me\u015fru menfaatleri i\u00e7in veri i\u015flemenin zorunlu olmas\u0131<\/li>\n<\/ul>\n\n\n\n<p><strong>Ki\u015fisel verileriniz kimlerle, hangi ama\u00e7larla payla\u015f\u0131lmaktad\u0131r?<\/strong><\/p>\n\n\n\n<p>\u0130\u015fbu Bilgilendirme Metni\u2019nde say\u0131lan ki\u015fisel verileriniz, yine bu metinde belirtilen ama\u00e7lar\u0131n yan\u0131 s\u0131ra Derne\u011fimiz\u2019in ticari ve i\u015f faaliyetlerinin y\u00fcr\u00fct\u00fclebilmesi amac\u0131yla ba\u011flant\u0131l\u0131, s\u0131n\u0131rl\u0131 ve \u00f6l\u00e7\u00fcl\u00fc olarak d\u0131\u015f hizmet sa\u011flay\u0131c\u0131lar\u0131 (IT uzmanlar\u0131, veri taban\u0131 sa\u011flay\u0131c\u0131lar\u0131, yedekleme ve kurtarma uzmanlar\u0131 vb.) ile KVKK\u2019ya uygun olarak payla\u015f\u0131lmaktad\u0131r.<\/p>\n\n\n\n<p>Ki\u015fisel verilerinizi payla\u015ft\u0131\u011f\u0131m\u0131z \u00fc\u00e7\u00fcnc\u00fc ki\u015filer KVKK\u2019da aksi \u00f6ng\u00f6r\u00fclmedik\u00e7e payla\u015f\u0131m amac\u0131yla ba\u011fl\u0131 ve s\u0131n\u0131rl\u0131 olarak ki\u015fisel verilerinizi i\u015flemek ve korumakla s\u00f6zle\u015fme ili\u015fkimiz kapsam\u0131nda y\u00fck\u00fcml\u00fc olup bu husus TTB denetimindedir.<\/p>\n\n\n\n<p>Ki\u015fisel verilerinizi son olarak hukuki sorumluluk ve y\u00fck\u00fcml\u00fcl\u00fcklerimizi yerine getirmek amac\u0131yla resmi kurum ve kurulu\u015flar ve yarg\u0131 makamlar\u0131 ile KVKK\u2019ya uygun olarak payla\u015fmaktay\u0131z.<\/p>\n\n\n\n<p><strong>Ki\u015fisel verileriniz yurtd\u0131\u015f\u0131na aktar\u0131l\u0131yor mu?<\/strong><\/p>\n\n\n\n<p>Derne\u011fimiz\u2019e elektronik posta arac\u0131l\u0131\u011f\u0131yla ile ula\u015fman\u0131z durumunda, Derne\u011fimiz ki\u015fisel verilerinizi i\u015f s\u00fcreklili\u011finin sa\u011flanmas\u0131 ve sizinle ileti\u015fime ge\u00e7ebilmek ama\u00e7lar\u0131yla a\u00e7\u0131k r\u0131zan\u0131z dahilinde yurtd\u0131\u015f\u0131nda mukim hizmet sa\u011flay\u0131c\u0131s\u0131na (Google vb.) aktarmaktad\u0131r.<\/p>\n\n\n\n<p><strong>Ki\u015fisel Verilerinizin Korunmas\u0131, Muhafazas\u0131 ve \u0130mhas\u0131<\/strong><\/p>\n\n\n\n<p>Derne\u011fimiz, ki\u015fisel veri g\u00fcvenli\u011fi ve mahremiyetinin korunmas\u0131 konusunda olduk\u00e7a y\u00fcksek bir fark\u0131ndal\u0131\u011fa sahiptir. Derne\u011fimiz bu do\u011frultuda sizlere ait ki\u015fisel verileri ba\u015fta KVKK olmak \u00fczere, Derne\u011fimiz\u2019in KVK Prosed\u00fcr\u00fc ile Ki\u015fisel Veri Saklama ve \u0130mha Politikas\u0131\u2019na uygun \u015fekilde g\u00fcvenli\u011fini sa\u011flayarak korumakta, muhafaza etmekte ve sonras\u0131nda imha etmektedir.<strong><\/strong><\/p>\n\n\n\n<p>Ki\u015fisel verileriniz <strong><em>(i) <\/em><\/strong><em>Elektronik ortamda:<\/em> TTB\u2019nin yukar\u0131da an\u0131lan ama\u00e7lar kapsam\u0131nda ger\u00e7ekle\u015ftirece\u011fi faaliyete g\u00f6re yetkilendirece\u011fi ki\u015filerce eri\u015fim sa\u011flanabilen dernek veri taban\u0131 ve s\u00f6z konusu ki\u015filerin e-posta kutular\u0131nda muhafaza edilmektedir.<\/p>\n\n\n\n<p>TTB\u2019nin fiziki ar\u015fivine ve\/veya sunucular\u0131na ve\/veya di\u011fer sistemlerine yap\u0131lan sald\u0131r\u0131lar sonucunda ki\u015fisel verilerinizin zarar g\u00f6rmesi ve\/veya \u00fc\u00e7\u00fcnc\u00fc ki\u015filer taraf\u0131ndan ele ge\u00e7irilmesi\/if\u015fas\u0131 durumunda, Derne\u011fimiz sizleri ve Ki\u015fisel Verileri Koruma Kurulu\u2019nu derhal bilgilendirir.<\/p>\n\n\n\n<p><strong>Bilgi Edinme Hakk\u0131n\u0131z<\/strong><\/p>\n\n\n\n<p>KVKK\u2019n\u0131n 11. maddesi kapsam\u0131nda Derne\u011fimiz\u2019e ba\u015fvurarak ki\u015fisel verilerinizin; <strong><em>(i)<\/em><\/strong> i\u015flenip i\u015flenmedi\u011fini \u00f6\u011frenme, <strong><em>(ii)<\/em><\/strong> i\u015flenmi\u015fse buna ili\u015fkin bilgi talep etme, i\u015flenme amac\u0131n\u0131 ve amac\u0131na uygun kullan\u0131l\u0131p kullan\u0131lmad\u0131\u011f\u0131n\u0131 \u00f6\u011frenme, <strong><em>(iii)<\/em><\/strong> yurt i\u00e7inde\/yurt d\u0131\u015f\u0131nda aktar\u0131ld\u0131\u011f\u0131 3. ki\u015fileri bilme, eksik\/yanl\u0131\u015f i\u015flenmi\u015fse d\u00fczeltilmesini isteme, <strong><em>(iv)<\/em><\/strong> KVKK\u2019n\u0131n 7. maddesinde \u00f6ng\u00f6r\u00fclen \u015fartlar \u00e7er\u00e7evesinde silinmesini\/yok edilmesini isteme, <strong><em>(v)<\/em><\/strong> ki\u015fisel verilerinizin KVKK\u2019n\u0131n 7. maddesi kapsam\u0131nda silinmesi ve yok edilmesi ve eksik\/yanl\u0131\u015f i\u015flenmi\u015f ki\u015fisel verilerinin d\u00fczeltilmesi taleplerinin, ki\u015fisel verilerin aktar\u0131ld\u0131\u011f\u0131 \u00fc\u00e7\u00fcnc\u00fc ki\u015filere bildirilmesini isteme, <strong><em>(vi)<\/em><\/strong> m\u00fcnhas\u0131ran otomatik sistemler ile analiz edilmesi nedeniyle aleyhinize bir sonucun ortaya \u00e7\u0131kmas\u0131na itiraz etme, <strong><em>(vii)<\/em><\/strong> kanuna ayk\u0131r\u0131 olarak i\u015flenmesi sebebiyle zarara u\u011framan\u0131z h\u00e2linde zarar\u0131n giderilmesini talep etme haklar\u0131na sahip oldu\u011funuzu bildiririz.&nbsp;&nbsp;<\/p>\n\n\n\n<p><a><\/a>Bilgi edinme formunu Derne\u011fimiz\u2019in KVK Yetkilisi\u2019nden temin edebilirsiniz<\/p>\n\n\n\n<p>&nbsp;&nbsp;&nbsp;&nbsp; <strong>KVK Yetkilisi:<\/strong><\/p>\n\n\n\n<figure class=\"wp-block-table\"><table><tbody><tr><td><strong>Meltem Ayda\u015f<\/strong><\/td><td><strong>[meltem.aydas@turkishtestingboard.org]<\/strong><\/td><td><strong>+90 212 276 06 48<\/strong><\/td><\/tr><\/tbody><\/table><\/figure>\n\n\n\n<p>\u0130\u015fbu Ayd\u0131nlatma Beyan\u0131, de\u011fi\u015fen \u015fartlara ve yasal d\u00fczenlemelere uyum sa\u011flamak amac\u0131yla g\u00fcncellenebilecektir.<\/p>\n\n\n\n<p><strong>Yaz\u0131l\u0131m Test ve Kalite Derne\u011fi<\/strong><\/p>\n\n\n\n<p>Yaz\u0131l\u0131m Test ve Kalite Derne\u011fi E-B\u00fclten \u00dcyelerine Y\u00f6nelik KVK Bilgilendirme Metni \u2018ni okudu\u011fumu, 6698 say\u0131l\u0131 Ki\u015fisel Verilerin Korunmas\u0131 Kanunu (\u201c<strong>Kanun<\/strong>\u201d) kapsam\u0131nda, ki\u015fisel verilerimin TTB taraf\u0131ndan ba\u015fta kanunlardaki esaslar ve y\u00fck\u00fcml\u00fcl\u00fckler \u00e7er\u00e7evesinde olmak \u00fczere Bilgilendirme Metnin\u2019nde belirtilen ama\u00e7lar, y\u00f6ntemler ve hukuki sebepler dahilinde toplanmas\u0131na, kaydedilmesine, i\u015flenmesine, aktar\u0131lmas\u0131na ve saklanmas\u0131na y\u00f6nelik bilgilendirildi\u011fimi ve Kanun\u2019un 11. maddesinde say\u0131lan haklar\u0131m ile bu haklar\u0131m\u0131 nas\u0131l kullanaca\u011f\u0131ma ili\u015fkin a\u00e7\u0131k ve anla\u015f\u0131l\u0131r \u015fekilde ayd\u0131nlat\u0131ld\u0131\u011f\u0131m\u0131 kabul ve beyan ederim.<\/p>\n","protected":false},"excerpt":{"rendered":"<p>Yaz\u0131l\u0131m Test ve Kalite Derne\u011fi (\u201cDerne\u011fimiz\u201d veya \u201cTTB\u201d) olarak, \u201chttps:\/\/www.turkishtestingboard.org\u201d (\u201cSitemiz\u201d) \u00fczerinden \u2018E-B\u00fcltene \u00dcye Olun\u2019 sekmesinden isim-soyisim ve elektronik posta bilgilerinizi bize bildirmeniz durumunda bildirmi\u015f oldu\u011funuz ki\u015fisel verilerin 6698 say\u0131l\u0131 Ki\u015fisel Verilerin Korunmas\u0131 Kanunu (\u201cKVKK\u201d) ve ikincil d\u00fczenlemelerine uygun olarak i\u015flenmesi ve korunmas\u0131 i\u00e7in azami hassasiyeti g\u00f6stermekteyiz. Derne\u011fimiz\u2019in KVKK\u2019dan do\u011fan ayd\u0131nlatma y\u00fck\u00fcml\u00fcl\u00fc\u011f\u00fc kapsam\u0131nda siz E-B\u00fclten [&hellip;]<\/p>\n","protected":false},"author":1,"featured_media":0,"parent":0,"menu_order":0,"comment_status":"closed","ping_status":"closed","template":"","meta":{"_acf_changed":false,"footnotes":""},"class_list":["post-10527","page","type-page","status-publish","hentry"],"acf":[],"yoast_head":"<!-- This site is optimized with the Yoast SEO plugin v27.4 - https:\/\/yoast.com\/product\/yoast-seo-wordpress\/ -->\n<title>E-B\u00fclten Bilgilendirme Metni - Turkish Testing Board<\/title>\n<meta name=\"robots\" content=\"index, follow, max-snippet:-1, max-image-preview:large, max-video-preview:-1\" \/>\n<link rel=\"canonical\" href=\"https:\/\/www.turkishtestingboard.org\/en\/e-bulten-bilgilendirme-metni\/\" \/>\n<meta property=\"og:locale\" content=\"en_US\" \/>\n<meta property=\"og:type\" content=\"article\" \/>\n<meta property=\"og:title\" content=\"E-B\u00fclten Bilgilendirme Metni - Turkish Testing Board\" \/>\n<meta property=\"og:description\" content=\"Yaz\u0131l\u0131m Test ve Kalite Derne\u011fi (\u201cDerne\u011fimiz\u201d veya \u201cTTB\u201d) olarak, \u201chttps:\/\/www.turkishtestingboard.org\u201d (\u201cSitemiz\u201d) \u00fczerinden \u2018E-B\u00fcltene \u00dcye Olun\u2019 sekmesinden isim-soyisim ve elektronik posta bilgilerinizi bize bildirmeniz durumunda bildirmi\u015f oldu\u011funuz ki\u015fisel verilerin 6698 say\u0131l\u0131 Ki\u015fisel Verilerin Korunmas\u0131 Kanunu (\u201cKVKK\u201d) ve ikincil d\u00fczenlemelerine uygun olarak i\u015flenmesi ve korunmas\u0131 i\u00e7in azami hassasiyeti g\u00f6stermekteyiz. Derne\u011fimiz\u2019in KVKK\u2019dan do\u011fan ayd\u0131nlatma y\u00fck\u00fcml\u00fcl\u00fc\u011f\u00fc kapsam\u0131nda siz E-B\u00fclten [&hellip;]\" \/>\n<meta property=\"og:url\" content=\"https:\/\/www.turkishtestingboard.org\/en\/e-bulten-bilgilendirme-metni\/\" \/>\n<meta property=\"og:site_name\" content=\"Turkish Testing Board\" \/>\n<meta property=\"article:modified_time\" content=\"2023-01-12T09:55:14+00:00\" \/>\n<meta name=\"twitter:card\" content=\"summary_large_image\" \/>\n<meta name=\"twitter:label1\" content=\"Est. reading time\" \/>\n\t<meta name=\"twitter:data1\" content=\"5 minutes\" \/>\n<script type=\"application\/ld+json\" class=\"yoast-schema-graph\">{\"@context\":\"https:\\\/\\\/schema.org\",\"@graph\":[{\"@type\":\"WebPage\",\"@id\":\"https:\\\/\\\/www.turkishtestingboard.org\\\/e-bulten-bilgilendirme-metni\\\/\",\"url\":\"https:\\\/\\\/www.turkishtestingboard.org\\\/e-bulten-bilgilendirme-metni\\\/\",\"name\":\"E-B\u00fclten Bilgilendirme Metni - Turkish Testing Board\",\"isPartOf\":{\"@id\":\"https:\\\/\\\/www.turkishtestingboard.org\\\/#website\"},\"datePublished\":\"2023-01-12T09:54:43+00:00\",\"dateModified\":\"2023-01-12T09:55:14+00:00\",\"breadcrumb\":{\"@id\":\"https:\\\/\\\/www.turkishtestingboard.org\\\/e-bulten-bilgilendirme-metni\\\/#breadcrumb\"},\"inLanguage\":\"en-US\",\"potentialAction\":[{\"@type\":\"ReadAction\",\"target\":[\"https:\\\/\\\/www.turkishtestingboard.org\\\/e-bulten-bilgilendirme-metni\\\/\"]}]},{\"@type\":\"BreadcrumbList\",\"@id\":\"https:\\\/\\\/www.turkishtestingboard.org\\\/e-bulten-bilgilendirme-metni\\\/#breadcrumb\",\"itemListElement\":[{\"@type\":\"ListItem\",\"position\":1,\"name\":\"Anasayfa\",\"item\":\"https:\\\/\\\/www.turkishtestingboard.org\\\/\"},{\"@type\":\"ListItem\",\"position\":2,\"name\":\"E-B\u00fclten Bilgilendirme Metni\"}]},{\"@type\":\"WebSite\",\"@id\":\"https:\\\/\\\/www.turkishtestingboard.org\\\/#website\",\"url\":\"https:\\\/\\\/www.turkishtestingboard.org\\\/\",\"name\":\"Turkish Testing Board\",\"description\":\"Your gateway to global Software Testing community\",\"publisher\":{\"@id\":\"https:\\\/\\\/www.turkishtestingboard.org\\\/#organization\"},\"potentialAction\":[{\"@type\":\"SearchAction\",\"target\":{\"@type\":\"EntryPoint\",\"urlTemplate\":\"https:\\\/\\\/www.turkishtestingboard.org\\\/?s={search_term_string}\"},\"query-input\":{\"@type\":\"PropertyValueSpecification\",\"valueRequired\":true,\"valueName\":\"search_term_string\"}}],\"inLanguage\":\"en-US\"},{\"@type\":\"Organization\",\"@id\":\"https:\\\/\\\/www.turkishtestingboard.org\\\/#organization\",\"name\":\"Turkish Testing Board\",\"url\":\"https:\\\/\\\/www.turkishtestingboard.org\\\/\",\"logo\":{\"@type\":\"ImageObject\",\"inLanguage\":\"en-US\",\"@id\":\"https:\\\/\\\/www.turkishtestingboard.org\\\/#\\\/schema\\\/logo\\\/image\\\/\",\"url\":\"https:\\\/\\\/fikadigital.com\\\/ttb2021\\\/wp-content\\\/uploads\\\/2021\\\/08\\\/ttblogo2021.png\",\"contentUrl\":\"https:\\\/\\\/fikadigital.com\\\/ttb2021\\\/wp-content\\\/uploads\\\/2021\\\/08\\\/ttblogo2021.png\",\"width\":133,\"height\":100,\"caption\":\"Turkish Testing Board\"},\"image\":{\"@id\":\"https:\\\/\\\/www.turkishtestingboard.org\\\/#\\\/schema\\\/logo\\\/image\\\/\"}}]}<\/script>\n<!-- \/ Yoast SEO plugin. -->","yoast_head_json":{"title":"E-B\u00fclten Bilgilendirme Metni - Turkish Testing Board","robots":{"index":"index","follow":"follow","max-snippet":"max-snippet:-1","max-image-preview":"max-image-preview:large","max-video-preview":"max-video-preview:-1"},"canonical":"https:\/\/www.turkishtestingboard.org\/en\/e-bulten-bilgilendirme-metni\/","og_locale":"en_US","og_type":"article","og_title":"E-B\u00fclten Bilgilendirme Metni - Turkish Testing Board","og_description":"Yaz\u0131l\u0131m Test ve Kalite Derne\u011fi (\u201cDerne\u011fimiz\u201d veya \u201cTTB\u201d) olarak, \u201chttps:\/\/www.turkishtestingboard.org\u201d (\u201cSitemiz\u201d) \u00fczerinden \u2018E-B\u00fcltene \u00dcye Olun\u2019 sekmesinden isim-soyisim ve elektronik posta bilgilerinizi bize bildirmeniz durumunda bildirmi\u015f oldu\u011funuz ki\u015fisel verilerin 6698 say\u0131l\u0131 Ki\u015fisel Verilerin Korunmas\u0131 Kanunu (\u201cKVKK\u201d) ve ikincil d\u00fczenlemelerine uygun olarak i\u015flenmesi ve korunmas\u0131 i\u00e7in azami hassasiyeti g\u00f6stermekteyiz. Derne\u011fimiz\u2019in KVKK\u2019dan do\u011fan ayd\u0131nlatma y\u00fck\u00fcml\u00fcl\u00fc\u011f\u00fc kapsam\u0131nda siz E-B\u00fclten [&hellip;]","og_url":"https:\/\/www.turkishtestingboard.org\/en\/e-bulten-bilgilendirme-metni\/","og_site_name":"Turkish Testing Board","article_modified_time":"2023-01-12T09:55:14+00:00","twitter_card":"summary_large_image","twitter_misc":{"Est. reading time":"5 minutes"},"schema":{"@context":"https:\/\/schema.org","@graph":[{"@type":"WebPage","@id":"https:\/\/www.turkishtestingboard.org\/e-bulten-bilgilendirme-metni\/","url":"https:\/\/www.turkishtestingboard.org\/e-bulten-bilgilendirme-metni\/","name":"E-B\u00fclten Bilgilendirme Metni - Turkish Testing Board","isPartOf":{"@id":"https:\/\/www.turkishtestingboard.org\/#website"},"datePublished":"2023-01-12T09:54:43+00:00","dateModified":"2023-01-12T09:55:14+00:00","breadcrumb":{"@id":"https:\/\/www.turkishtestingboard.org\/e-bulten-bilgilendirme-metni\/#breadcrumb"},"inLanguage":"en-US","potentialAction":[{"@type":"ReadAction","target":["https:\/\/www.turkishtestingboard.org\/e-bulten-bilgilendirme-metni\/"]}]},{"@type":"BreadcrumbList","@id":"https:\/\/www.turkishtestingboard.org\/e-bulten-bilgilendirme-metni\/#breadcrumb","itemListElement":[{"@type":"ListItem","position":1,"name":"Anasayfa","item":"https:\/\/www.turkishtestingboard.org\/"},{"@type":"ListItem","position":2,"name":"E-B\u00fclten Bilgilendirme Metni"}]},{"@type":"WebSite","@id":"https:\/\/www.turkishtestingboard.org\/#website","url":"https:\/\/www.turkishtestingboard.org\/","name":"Turkish Testing Board","description":"Your gateway to global Software Testing community","publisher":{"@id":"https:\/\/www.turkishtestingboard.org\/#organization"},"potentialAction":[{"@type":"SearchAction","target":{"@type":"EntryPoint","urlTemplate":"https:\/\/www.turkishtestingboard.org\/?s={search_term_string}"},"query-input":{"@type":"PropertyValueSpecification","valueRequired":true,"valueName":"search_term_string"}}],"inLanguage":"en-US"},{"@type":"Organization","@id":"https:\/\/www.turkishtestingboard.org\/#organization","name":"Turkish Testing Board","url":"https:\/\/www.turkishtestingboard.org\/","logo":{"@type":"ImageObject","inLanguage":"en-US","@id":"https:\/\/www.turkishtestingboard.org\/#\/schema\/logo\/image\/","url":"https:\/\/fikadigital.com\/ttb2021\/wp-content\/uploads\/2021\/08\/ttblogo2021.png","contentUrl":"https:\/\/fikadigital.com\/ttb2021\/wp-content\/uploads\/2021\/08\/ttblogo2021.png","width":133,"height":100,"caption":"Turkish Testing Board"},"image":{"@id":"https:\/\/www.turkishtestingboard.org\/#\/schema\/logo\/image\/"}}]}},"_links":{"self":[{"href":"https:\/\/www.turkishtestingboard.org\/en\/wp-json\/wp\/v2\/pages\/10527","targetHints":{"allow":["GET"]}}],"collection":[{"href":"https:\/\/www.turkishtestingboard.org\/en\/wp-json\/wp\/v2\/pages"}],"about":[{"href":"https:\/\/www.turkishtestingboard.org\/en\/wp-json\/wp\/v2\/types\/page"}],"author":[{"embeddable":true,"href":"https:\/\/www.turkishtestingboard.org\/en\/wp-json\/wp\/v2\/users\/1"}],"replies":[{"embeddable":true,"href":"https:\/\/www.turkishtestingboard.org\/en\/wp-json\/wp\/v2\/comments?post=10527"}],"version-history":[{"count":0,"href":"https:\/\/www.turkishtestingboard.org\/en\/wp-json\/wp\/v2\/pages\/10527\/revisions"}],"wp:attachment":[{"href":"https:\/\/www.turkishtestingboard.org\/en\/wp-json\/wp\/v2\/media?parent=10527"}],"curies":[{"name":"wp","href":"https:\/\/api.w.org\/{rel}","templated":true}]}}